{"id":11396,"date":"2024-12-10T08:48:00","date_gmt":"2024-12-10T00:48:00","guid":{"rendered":"https:\/\/www.wonfulity.com\/?post_type=product&#038;p=11396"},"modified":"2024-12-10T08:48:00","modified_gmt":"2024-12-10T00:48:00","slug":"montessori-blue-floor-bed-for-kids","status":"publish","type":"product","link":"https:\/\/www.wonfulity.com\/de\/produkt\/montessori-blaues-bodenbett-fur-kinder\/","title":{"rendered":"Superior Montessori Blue Floor Bed f\u00fcr Kinder - sicher, bequem und in 1 Gr\u00f6\u00dfe erh\u00e4ltlich"},"content":{"rendered":"<div class=\"wp-block-uagb-container uagb-block-d15b9ca3 alignfull uagb-is-root-container\"><div class=\"uagb-container-inner-blocks-wrap\">\n<div class=\"wp-block-uagb-container uagb-block-f7df6427\">\n<div class=\"wp-block-uagb-container uagb-block-9455ef5b\">\n<div class=\"wp-block-uagb-info-box uagb-block-d4df3463 uagb-infobox__content-wrap  uagb-infobox-icon-above-title uagb-infobox-image-valign-top\"><div class=\"uagb-ifb-content\"><div class=\"uagb-ifb-title-wrap\"><h4 class=\"uagb-ifb-title\">Produktvorteile<\/h4><\/div><p class=\"uagb-ifb-desc\">Das Montessori Blue Floor Bed wurde so konzipiert, dass sowohl die Sicherheit als auch die Funktionalit\u00e4t im Vordergrund stehen. Seine niedrige Struktur, die nur 2,5 cm \u00fcber dem Boden liegt, erm\u00f6glicht es Kleinkindern, leicht hinein- und herauszuklettern und f\u00f6rdert so ihre Unabh\u00e4ngigkeit und Selbstst\u00e4ndigkeit. Das aus Birkensperrholz 100% gefertigte und mit ungiftiger Farbe auf Wasserbasis lackierte Bett ist sowohl langlebig als auch sicher f\u00fcr kleine Kinder. Das minimalistische Design steht im Einklang mit den Montessori-Prinzipien und f\u00fcgt sich nahtlos in verschiedene Raum\u00e4sthetiken ein, w\u00e4hrend es gleichzeitig ein Gef\u00fchl von Ruhe und Ordnung f\u00f6rdert. Das Bett wurde aus umweltfreundlichen Materialien hergestellt, die den strengen US-amerikanischen und europ\u00e4ischen Sicherheitsstandards entsprechen, und ist damit eine nachhaltige und langlebige Wahl f\u00fcr das Kinderzimmer.<\/p><\/div><\/div>\n<\/div>\n\n\n\n<div class=\"wp-block-uagb-info-box uagb-block-845cd917 uagb-infobox__content-wrap  uagb-infobox-icon-above-title uagb-infobox-image-valign-top\"><div class=\"uagb-ifb-content\"><div class=\"uagb-ifb-title-wrap\"><h4 class=\"uagb-ifb-title\"><strong>Produktfunktionen<\/strong><\/h4><\/div><p class=\"uagb-ifb-desc\">Dieses blaue Montessori-Bodenbett unterst\u00fctzt die Entwicklung von Selbstst\u00e4ndigkeit, indem es Kleinkindern erm\u00f6glicht, das Bett selbstst\u00e4ndig zu betreten, wodurch der Bedarf an elterlicher Hilfe verringert wird. Sein bodennahes Design minimiert das Risiko von St\u00fcrzen und bietet gleichzeitig einen gem\u00fctlichen und sicheren Schlafplatz. Der robuste Rahmen aus Birkensperrholz sorgt f\u00fcr Langlebigkeit, w\u00e4hrend der minimalistische Stil jede Schlafzimmereinrichtung aufwertet. Das mit kindersicherer Farbe auf Wasserbasis lackierte Bett ist in einem beruhigenden Blau erh\u00e4ltlich, das zu verschiedenen Themen passt. Die einfache Montage mit dem mitgelieferten Werkzeug und die unkomplizierte Wartung machen es zu einer funktionalen und stilvollen Erg\u00e4nzung f\u00fcr Ihr Kinderzimmer.<\/p><\/div><\/div>\n\n\n\n<div class=\"wp-block-uagb-container uagb-block-a256468b\">\n<div class=\"wp-block-uagb-info-box uagb-block-28834539 uagb-infobox__content-wrap  uagb-infobox-icon-above-title uagb-infobox-image-valign-top\"><div class=\"uagb-ifb-content\"><div class=\"uagb-ifb-title-wrap\"><h4 class=\"uagb-ifb-title\"><br><strong><strong>Produktverwendungsszenarien<\/strong><\/strong><\/h4><\/div><p class=\"uagb-ifb-desc\">Das Montessori Blue Floor Bed ist vielseitig einsetzbar und eignet sich f\u00fcr eine Reihe von Umgebungen, von der Familie zu Hause bis hin zu fr\u00fchkindlichen Bildungseinrichtungen wie Montessori-Schulen und Kindertagesst\u00e4tten. Zu Hause bietet es Kleinkindern einen sicheren und ermutigenden Platz zum Schlafen und Entspannen und unterst\u00fctzt den \u00dcbergang vom Kinderbett zum Bett f\u00fcr \"gro\u00dfe Kinder\". In Bildungs- und Kinderbetreuungseinrichtungen bieten die robuste Konstruktion und das kindgerechte Design des Bettes zuverl\u00e4ssige und praktische Schlafm\u00f6glichkeiten. Seine kompakte Gr\u00f6\u00dfe passt gut in kleine Schlafzimmer, Kinderzimmer oder Gemeinschaftsr\u00e4ume und gew\u00e4hrleistet eine komfortable und \u00e4sthetisch ansprechende L\u00f6sung f\u00fcr Familien und Einrichtungen gleicherma\u00dfen.<\/p><\/div><\/div>\n<\/div>\n<\/div>\n\n\n\n<div class=\"wp-block-uagb-container uagb-block-07bfc131\">\n<div class=\"wp-block-uagb-image uagb-block-b4bb948c wp-block-uagb-image--layout-default wp-block-uagb-image--effect-static wp-block-uagb-image--align-none alignleft\"><figure class=\"wp-block-uagb-image__figure\"><img decoding=\"async\" src=\"https:\/\/www.wonfulity.com\/wp-content\/uploads\/1-7.png\" alt=\"Montessori Blaues Bodenbett f\u00fcr Kleinkinder\" class=\"uag-image-11397\" width=\"600\" height=\"700\" title=\"Montessori Blaues Bodenbett f\u00fcr Kleinkinder\" loading=\"lazy\" role=\"img\" \/><\/figure><\/div>\n<\/div>\n<\/div><\/div>\n\n\n\n<div class=\"wp-block-uagb-container uagb-block-942c266d alignfull uagb-is-root-container\"><div class=\"uagb-container-inner-blocks-wrap\">\n<div class=\"wp-block-uagb-container uagb-block-cdfbwk39\">\n<div class=\"wp-block-uagb-container uagb-block-taa9jvn9\"><\/div>\n\n\n\n<div class=\"wp-block-uagb-container uagb-block-e6uqhnjy\">\n<div class=\"wp-block-uagb-info-box uagb-block-sm9wy83a uagb-infobox__content-wrap  uagb-infobox-icon-above-title uagb-infobox-image-valign-top\"><div class=\"uagb-ifb-content\"><div class=\"uagb-ifb-title-wrap\"><h4 class=\"uagb-ifb-title\">Artikel<\/h4><\/div><\/div><\/div>\n<\/div>\n\n\n\n<div class=\"wp-block-uagb-container uagb-block-xdtgxgj6\">\n<div class=\"wp-block-uagb-info-box uagb-block-c04bcb41 uagb-infobox__content-wrap  uagb-infobox-icon-above-title uagb-infobox-image-valign-top\"><div class=\"uagb-ifb-content\"><div class=\"uagb-ifb-title-wrap\"><h4 class=\"uagb-ifb-title\">Desc<\/h4><\/div><\/div><\/div>\n<\/div>\n<\/div>\n\n\n\n<div class=\"wp-block-uagb-container uagb-block-720573f4\">\n<div class=\"wp-block-uagb-container uagb-block-d006e6eb\">\n<div class=\"wp-block-uagb-info-box uagb-block-a92ede72 uagb-infobox__content-wrap  uagb-infobox-icon-above-title uagb-infobox-image-valign-top\"><div class=\"uagb-ifb-content\"><div class=\"uagb-ifb-title-wrap\"><p class=\"uagb-ifb-title-prefix\">01<\/p><\/div><\/div><\/div>\n<\/div>\n\n\n\n<div class=\"wp-block-uagb-container uagb-block-32771033\">\n<div class=\"wp-block-uagb-info-box uagb-block-aaee5390 uagb-infobox__content-wrap  uagb-infobox-icon-above-title uagb-infobox-image-valign-top\"><div class=\"uagb-ifb-content\"><div class=\"uagb-ifb-title-wrap\"><h4 class=\"uagb-ifb-title\"><strong>Niedrig-Profil-Design<\/strong><\/h4><\/div><\/div><\/div>\n<\/div>\n\n\n\n<div class=\"wp-block-uagb-container uagb-block-d985a046\">\n<div class=\"wp-block-uagb-info-box uagb-block-2b0922dc uagb-infobox__content-wrap  uagb-infobox-icon-above-title uagb-infobox-image-valign-top\"><div class=\"uagb-ifb-content\"><div class=\"uagb-ifb-title-wrap\"><p class=\"uagb-ifb-title\">Die H\u00f6he des Bettes erm\u00f6glicht es den Kindern, sicher und selbst\u00e4ndig darauf zuzugreifen, was den Montessori-Fokus auf Autonomie unterst\u00fctzt.<\/p><\/div><\/div><\/div>\n<\/div>\n<\/div>\n\n\n\n<div class=\"wp-block-uagb-container uagb-block-95a6e317\">\n<div class=\"wp-block-uagb-container uagb-block-2e70f36a\">\n<div class=\"wp-block-uagb-info-box uagb-block-8efb1163 uagb-infobox__content-wrap  uagb-infobox-icon-above-title uagb-infobox-image-valign-top\"><div class=\"uagb-ifb-content\"><div class=\"uagb-ifb-title-wrap\"><p class=\"uagb-ifb-title-prefix\">02<\/p><\/div><\/div><\/div>\n<\/div>\n\n\n\n<div class=\"wp-block-uagb-container uagb-block-c25bc4e9\">\n<div class=\"wp-block-uagb-info-box uagb-block-8e5653f6 uagb-infobox__content-wrap  uagb-infobox-icon-above-title uagb-infobox-image-valign-top\"><div class=\"uagb-ifb-content\"><div class=\"uagb-ifb-title-wrap\"><h4 class=\"uagb-ifb-title\"><strong>Nachhaltige Materialien<\/strong><\/h4><\/div><\/div><\/div>\n<\/div>\n\n\n\n<div class=\"wp-block-uagb-container uagb-block-e4b73fff\">\n<div class=\"wp-block-uagb-info-box uagb-block-257d2f01 uagb-infobox__content-wrap  uagb-infobox-icon-above-title uagb-infobox-image-valign-top\"><div class=\"uagb-ifb-content\"><div class=\"uagb-ifb-title-wrap\"><p class=\"uagb-ifb-title\">Hergestellt aus umweltfreundlichen und ungiftigen Materialien, die eine sichere Umgebung f\u00fcr Kinder gew\u00e4hrleisten und kommerziellen Qualit\u00e4tsstandards entsprechen.<\/p><\/div><\/div><\/div>\n<\/div>\n<\/div>\n\n\n\n<div class=\"wp-block-uagb-container uagb-block-00d46b71\">\n<div class=\"wp-block-uagb-container uagb-block-63be2ee0\">\n<div class=\"wp-block-uagb-info-box uagb-block-86f40bc4 uagb-infobox__content-wrap  uagb-infobox-icon-above-title uagb-infobox-image-valign-top\"><div class=\"uagb-ifb-content\"><div class=\"uagb-ifb-title-wrap\"><p class=\"uagb-ifb-title-prefix\">03<\/p><\/div><\/div><\/div>\n<\/div>\n\n\n\n<div class=\"wp-block-uagb-container uagb-block-f9a9ed48\">\n<div class=\"wp-block-uagb-info-box uagb-block-a01a3038 uagb-infobox__content-wrap  uagb-infobox-icon-above-title uagb-infobox-image-valign-top\"><div class=\"uagb-ifb-content\"><div class=\"uagb-ifb-title-wrap\"><h4 class=\"uagb-ifb-title\"><strong>Anpassbare Optionen<\/strong><\/h4><\/div><\/div><\/div>\n<\/div>\n\n\n\n<div class=\"wp-block-uagb-container uagb-block-ea615933\">\n<div class=\"wp-block-uagb-info-box uagb-block-6f5b8a81 uagb-infobox__content-wrap  uagb-infobox-icon-above-title uagb-infobox-image-valign-top\"><div class=\"uagb-ifb-content\"><div class=\"uagb-ifb-title-wrap\"><p class=\"uagb-ifb-title\">Dieses Bett ist in verschiedenen Ausf\u00fchrungen und Gr\u00f6\u00dfen erh\u00e4ltlich und kann auf die \u00c4sthetik der Marke oder die spezifischen Anforderungen an die Raumgestaltung zugeschnitten werden, was die Vielseitigkeit f\u00fcr B2B-Kunden erh\u00f6ht.<\/p><\/div><\/div><\/div>\n<\/div>\n<\/div>\n<\/div><\/div>\n\n\n\n<div class=\"wp-block-uagb-container uagb-block-10733882 alignfull uagb-is-root-container\"><div class=\"uagb-container-inner-blocks-wrap\">\n<div class=\"wp-block-uagb-container uagb-block-a3ecce27\">\n<div class=\"wp-block-uagb-image uagb-block-a9f8ab9c wp-block-uagb-image--layout-default wp-block-uagb-image--effect-static wp-block-uagb-image--align-none\"><figure class=\"wp-block-uagb-image__figure\"><img decoding=\"async\" src=\"https:\/\/www.wonfulity.com\/wp-content\/uploads\/Cao-County-Runwan-Crafts-Co-Ltd-1.webp\" alt=\"Holzfabrik\" class=\"uag-image-11115\" width=\"400\" height=\"300\" title=\"Holzfabrik\" loading=\"lazy\" role=\"img\" \/><\/figure><\/div>\n\n\n\n<div class=\"wp-block-uagb-image uagb-block-e21af5fb wp-block-uagb-image--layout-default wp-block-uagb-image--effect-static wp-block-uagb-image--align-none\"><figure class=\"wp-block-uagb-image__figure\"><img decoding=\"async\" src=\"https:\/\/www.wonfulity.com\/wp-content\/uploads\/10-3-1024x640.png\" alt=\"Holzfabrik\" class=\"uag-image-10974\" width=\"400\" height=\"300\" title=\"Holzfabrik\" loading=\"lazy\" role=\"img\" \/><\/figure><\/div>\n<\/div>\n\n\n\n<div class=\"wp-block-uagb-container uagb-block-1c90d097\">\n<div class=\"wp-block-uagb-image uagb-block-e676099f wp-block-uagb-image--layout-default wp-block-uagb-image--effect-static wp-block-uagb-image--align-none\"><figure class=\"wp-block-uagb-image__figure\"><img decoding=\"async\" src=\"https:\/\/www.wonfulity.com\/wp-content\/uploads\/13.png\" alt=\"Holzfabrik\" class=\"uag-image-10941\" width=\"400\" height=\"300\" title=\"Holzfabrik\" loading=\"lazy\" role=\"img\" \/><\/figure><\/div>\n\n\n\n<div class=\"wp-block-uagb-image uagb-block-8f557fa6 wp-block-uagb-image--layout-default wp-block-uagb-image--effect-static wp-block-uagb-image--align-none\"><figure class=\"wp-block-uagb-image__figure\"><img decoding=\"async\" src=\"https:\/\/www.wonfulity.com\/wp-content\/uploads\/Cao-County-Runwan-Crafts-Co-Ltd-.webp\" alt=\"Holzfabrik\" class=\"uag-image-11116\" width=\"400\" height=\"300\" title=\"Holzfabrik\" loading=\"lazy\" role=\"img\" \/><\/figure><\/div>\n<\/div>\n\n\n\n<div class=\"wp-block-uagb-container uagb-block-5ed9251a\">\n<div class=\"wp-block-uagb-image uagb-block-ab006938 wp-block-uagb-image--layout-default wp-block-uagb-image--effect-static wp-block-uagb-image--align-none\"><figure class=\"wp-block-uagb-image__figure\"><img decoding=\"async\" src=\"https:\/\/www.wonfulity.com\/wp-content\/uploads\/19.png\" alt=\"Holzfabrik\" class=\"uag-image-10947\" width=\"400\" height=\"300\" title=\"Holzfabrik\" loading=\"lazy\" role=\"img\" \/><\/figure><\/div>\n\n\n\n<div class=\"wp-block-uagb-image uagb-block-3382ec21 wp-block-uagb-image--layout-default wp-block-uagb-image--effect-static wp-block-uagb-image--align-none\"><figure class=\"wp-block-uagb-image__figure\"><img decoding=\"async\" src=\"https:\/\/www.wonfulity.com\/wp-content\/uploads\/\u672a\u547d\u540d\u7684\u8bbe\u8ba1-21.png\" alt=\"Holzfabrik\" class=\"uag-image-11118\" width=\"400\" height=\"300\" title=\"Holzfabrik\" loading=\"lazy\" role=\"img\" \/><\/figure><\/div>\n<\/div>\n<\/div><\/div>","protected":false},"excerpt":{"rendered":"<p>Das Montessori Blue Floor Bed wurde entwickelt, um die Unabh\u00e4ngigkeit und Sicherheit von Kleinkindern beim \u00dcbergang von der Krippe zu unterst\u00fctzen. Mit seinem bodennahen Design erm\u00f6glicht dieses Bett den Kindern ein leichtes Hinein- und Herausklettern und f\u00f6rdert so ihre Selbstst\u00e4ndigkeit und ihr Vertrauen. Das aus Birkensperrholz 100% gefertigte und mit ungiftigem Lack auf Wasserbasis lackierte Bett ist eine sichere und verl\u00e4ssliche Wahl f\u00fcr jedes Kinderzimmer, denn es verbindet Langlebigkeit mit Sicherheit.<\/p>\n<p>Mit seinem minimalistischen und offenen Design f\u00fcgt sich das Montessori Blue Floor Bed nahtlos in verschiedene Raumstile ein und eignet sich daher sowohl f\u00fcr den privaten Bereich als auch f\u00fcr gewerbliche Einrichtungen wie Kindertagesst\u00e4tten oder Fr\u00fchf\u00f6rderstellen. Die beruhigende blaue Oberfl\u00e4che und das kompakte Design passen perfekt in kleine Schlafzimmer oder gemeinsam genutzte R\u00e4ume und gew\u00e4hrleisten Komfort und Funktionalit\u00e4t, ohne Kompromisse beim Stil einzugehen. Die umweltfreundliche Konstruktion und die Wachstums\u00e4ste verleihen dem Bett einen nat\u00fcrlichen Charme, der seine \u00c4sthetik unterstreicht. Das Design des Bettes unterstreicht nicht nur Sicherheit und Unabh\u00e4ngigkeit, sondern f\u00f6rdert auch Kreativit\u00e4t und Erkundung. Dank des offenen Rahmens k\u00f6nnen Kinder ihren Platz individuell gestalten, indem sie ihre Lieblingskissen, -decken oder -kuscheltiere hinzuf\u00fcgen und so eine gem\u00fctliche und einladende Umgebung schaffen. Eltern und Betreuer werden es zu sch\u00e4tzen wissen, dass das Bett mit dem Kind mitw\u00e4chst und sich von einem sicheren Schlafplatz in einen Bereich verwandelt, in dem das Kind sitzen, spielen und lesen kann, wenn es \u00e4lter wird.<\/p>\n<p>Das Montessori Blue Floor Bed ist eine hervorragende L\u00f6sung f\u00fcr Eltern und Unternehmen, die eine n\u00e4hrende, funktionale und zug\u00e4ngliche Schlafumgebung f\u00fcr Kleinkinder schaffen m\u00f6chten. Sein durchdachtes Design steht im Einklang mit den Montessori-Prinzipien, die Autonomie, Sicherheit und Einfachheit in den Vordergrund stellen. Mit einem Bett, das Kindern hilft, ihre Unabh\u00e4ngigkeit in einem sicheren und komfortablen Raum zu entwickeln, unterst\u00fctzt dieses Produkt die kindliche Entwicklung und wertet gleichzeitig den Stil und die Funktionalit\u00e4t jedes Zimmers auf. Es ist ein Muss f\u00fcr Haushalte, Kindertagesst\u00e4tten und Bildungseinrichtungen, die sich auf die fr\u00fchkindliche Entwicklung und das Wohlbefinden des Kindes konzentrieren.<\/p>\n<p>Suchen Sie nach passenden Produkten? Sehen Sie unser<strong> <a href=\"https:\/\/www.wonfulity.com\/de\/produkt\/\">Produkte f\u00fcr Kinderm\u00f6bel<\/a><\/strong><br \/>Ben\u00f6tigen Sie mehr Optionen oder ein schnelles Angebot? In unserem internationalen Shop finden Sie die neuesten Kollektionen\uff1a.<\/p>\n<ul>\n<li><strong><a href=\"https:\/\/zhizhenmei.en.alibaba.com\/?spm=a2700.29482153.0.0.71d571d2UuhFW4\" target=\"_blank\" rel=\"noopener sponsored\">Internationales Gesch\u00e4ft 1<\/a><\/strong><\/li>\n<li><strong><a href=\"https:\/\/caoxianaoyi.en.alibaba.com\/?spm=a2700.29482153.0.0.427c71d26Wtq4L\" target=\"_blank\" rel=\"noopener sponsored\">Internationales Gesch\u00e4ft 2<\/a><\/strong><\/li>\n<\/ul>","protected":false},"featured_media":11401,"template":"","meta":{"_uag_custom_page_level_css":"","site-sidebar-layout":"default","site-content-layout":"","ast-site-content-layout":"default","site-content-style":"default","site-sidebar-style":"default","ast-global-header-display":"","ast-banner-title-visibility":"","ast-main-header-display":"","ast-hfb-above-header-display":"","ast-hfb-below-header-display":"","ast-hfb-mobile-header-display":"","site-post-title":"","ast-breadcrumbs-content":"","ast-featured-img":"","footer-sml-layout":"","ast-disable-related-posts":"","theme-transparent-header-meta":"","adv-header-id-meta":"","stick-header-meta":"","header-above-stick-meta":"","header-main-stick-meta":"","header-below-stick-meta":"","astra-migrate-meta-layouts":"default","ast-page-background-enabled":"default","ast-page-background-meta":{"desktop":{"background-color":"var(--ast-global-color-4)","background-image":"","background-repeat":"repeat","background-position":"center center","background-size":"auto","background-attachment":"scroll","background-type":"","background-media":"","overlay-type":"","overlay-color":"","overlay-opacity":"","overlay-gradient":""},"tablet":{"background-color":"","background-image":"","background-repeat":"repeat","background-position":"center center","background-size":"auto","background-attachment":"scroll","background-type":"","background-media":"","overlay-type":"","overlay-color":"","overlay-opacity":"","overlay-gradient":""},"mobile":{"background-color":"","background-image":"","background-repeat":"repeat","background-position":"center center","background-size":"auto","background-attachment":"scroll","background-type":"","background-media":"","overlay-type":"","overlay-color":"","overlay-opacity":"","overlay-gradient":""}},"ast-content-background-meta":{"desktop":{"background-color":"var(--ast-global-color-5)","background-image":"","background-repeat":"repeat","background-position":"center center","background-size":"auto","background-attachment":"scroll","background-type":"","background-media":"","overlay-type":"","overlay-color":"","overlay-opacity":"","overlay-gradient":""},"tablet":{"background-color":"var(--ast-global-color-5)","background-image":"","background-repeat":"repeat","background-position":"center center","background-size":"auto","background-attachment":"scroll","background-type":"","background-media":"","overlay-type":"","overlay-color":"","overlay-opacity":"","overlay-gradient":""},"mobile":{"background-color":"var(--ast-global-color-5)","background-image":"","background-repeat":"repeat","background-position":"center center","background-size":"auto","background-attachment":"scroll","background-type":"","background-media":"","overlay-type":"","overlay-color":"","overlay-opacity":"","overlay-gradient":""}}},"product_brand":[],"product_cat":[380,389,15],"product_tag":[],"class_list":{"0":"post-11396","1":"product","2":"type-product","3":"status-publish","4":"has-post-thumbnail","6":"product_cat-custom-kids-beds","7":"product_cat-montessori-beds","8":"product_cat-all","9":"desktop-align-left","10":"tablet-align-left","11":"mobile-align-left","12":"ast-product-gallery-layout-horizontal-slider","13":"ast-product-tabs-layout-horizontal","15":"first","16":"instock","17":"shipping-taxable","18":"product-type-simple"},"uagb_featured_image_src":{"full":["https:\/\/www.wonfulity.com\/wp-content\/uploads\/5-13.png",600,700,false],"thumbnail":["https:\/\/www.wonfulity.com\/wp-content\/uploads\/5-13-150x150.png",150,150,true],"medium":["https:\/\/www.wonfulity.com\/wp-content\/uploads\/5-13-257x300.png",257,300,true],"medium_large":["https:\/\/www.wonfulity.com\/wp-content\/uploads\/5-13.png",600,700,false],"large":["https:\/\/www.wonfulity.com\/wp-content\/uploads\/5-13.png",600,700,false],"1536x1536":["https:\/\/www.wonfulity.com\/wp-content\/uploads\/5-13.png",600,700,false],"2048x2048":["https:\/\/www.wonfulity.com\/wp-content\/uploads\/5-13.png",600,700,false],"trp-custom-language-flag":["https:\/\/www.wonfulity.com\/wp-content\/uploads\/5-13-10x12.png",10,12,true],"woocommerce_thumbnail":["https:\/\/www.wonfulity.com\/wp-content\/uploads\/5-13-450x570.png",450,570,true],"woocommerce_single":["https:\/\/www.wonfulity.com\/wp-content\/uploads\/5-13.png",600,700,false],"woocommerce_gallery_thumbnail":["https:\/\/www.wonfulity.com\/wp-content\/uploads\/5-13-100x100.png",100,100,true]},"uagb_author_info":{"display_name":"Bob","author_link":"https:\/\/www.wonfulity.com\/de\/blogs\/author\/"},"uagb_comment_info":0,"uagb_excerpt":"The Montessori Blue Floor Bed is thoughtfully designed to support toddlers' independence and safety as they transition from cribs. With its low-to-the-floor design, this bed enables children to easily climb in and out on their own, fostering autonomy and confidence. Crafted from 100% birch plywood and finished with non-toxic, water-based paint, the bed combines durability&hellip;","_links":{"self":[{"href":"https:\/\/www.wonfulity.com\/de\/wp-json\/wp\/v2\/product\/11396","targetHints":{"allow":["GET"]}}],"collection":[{"href":"https:\/\/www.wonfulity.com\/de\/wp-json\/wp\/v2\/product"}],"about":[{"href":"https:\/\/www.wonfulity.com\/de\/wp-json\/wp\/v2\/types\/product"}],"wp:featuredmedia":[{"embeddable":true,"href":"https:\/\/www.wonfulity.com\/de\/wp-json\/wp\/v2\/media\/11401"}],"wp:attachment":[{"href":"https:\/\/www.wonfulity.com\/de\/wp-json\/wp\/v2\/media?parent=11396"}],"wp:term":[{"taxonomy":"product_brand","embeddable":true,"href":"https:\/\/www.wonfulity.com\/de\/wp-json\/wp\/v2\/product_brand?post=11396"},{"taxonomy":"product_cat","embeddable":true,"href":"https:\/\/www.wonfulity.com\/de\/wp-json\/wp\/v2\/product_cat?post=11396"},{"taxonomy":"product_tag","embeddable":true,"href":"https:\/\/www.wonfulity.com\/de\/wp-json\/wp\/v2\/product_tag?post=11396"}],"curies":[{"name":"wp","href":"https:\/\/api.w.org\/{rel}","templated":true}]}}