{"id":11440,"date":"2024-12-10T08:48:17","date_gmt":"2024-12-10T00:48:17","guid":{"rendered":"https:\/\/www.wonfulity.com\/?post_type=product&#038;p=11440"},"modified":"2024-12-10T08:48:17","modified_gmt":"2024-12-10T00:48:17","slug":"montessori-pink-floor-bed-for-kids","status":"publish","type":"product","link":"https:\/\/www.wonfulity.com\/de\/produkt\/montessori-rosa-bodenbett-fur-kinder\/","title":{"rendered":"Luxuri\u00f6ses, kuscheliges Montessori Rosa Bodenbett f\u00fcr Kinder - sicher, bequem und in 1 Gr\u00f6\u00dfe erh\u00e4ltlich"},"content":{"rendered":"<div class=\"wp-block-uagb-container uagb-block-d15b9ca3 alignfull uagb-is-root-container\"><div class=\"uagb-container-inner-blocks-wrap\">\n<div class=\"wp-block-uagb-container uagb-block-f7df6427\">\n<div class=\"wp-block-uagb-container uagb-block-9455ef5b\">\n<div class=\"wp-block-uagb-info-box uagb-block-d4df3463 uagb-infobox__content-wrap  uagb-infobox-icon-above-title uagb-infobox-image-valign-top\"><div class=\"uagb-ifb-content\"><div class=\"uagb-ifb-title-wrap\"><h4 class=\"uagb-ifb-title\">Produktvorteile<\/h4><\/div><p class=\"uagb-ifb-desc\">Das Montessori Pink Floor Bed wurde mit dem Schwerpunkt auf Funktionalit\u00e4t, Sicherheit und Unabh\u00e4ngigkeit entwickelt. Seine niedrige Struktur erm\u00f6glicht es Kleinkindern, leicht hinein- und herauszuklettern und f\u00f6rdert so die Selbstst\u00e4ndigkeit und das Vertrauen beim \u00dcbergang vom Kinderbett zum Bett. Das aus hochwertigem Birkensperrholz gefertigte und mit ungiftiger Farbe auf Wasserbasis lackierte Bett garantiert Langlebigkeit und Sicherheit f\u00fcr die Eltern. Sein minimalistisches und charmantes rosa Design erg\u00e4nzt m\u00fchelos verschiedene Raum\u00e4sthetiken, w\u00e4hrend seine umweltfreundlichen Materialien und seine robuste Konstruktion es zu einer nachhaltigen und langlebigen Erg\u00e4nzung f\u00fcr jedes Kinderzimmer machen.<\/p><\/div><\/div>\n<\/div>\n\n\n\n<div class=\"wp-block-uagb-info-box uagb-block-845cd917 uagb-infobox__content-wrap  uagb-infobox-icon-above-title uagb-infobox-image-valign-top\"><div class=\"uagb-ifb-content\"><div class=\"uagb-ifb-title-wrap\"><h4 class=\"uagb-ifb-title\"><strong>Produktfunktionen<\/strong><\/h4><\/div><p class=\"uagb-ifb-desc\">Das Montessori Pink Floor Bed wurde entwickelt, um die Selbstst\u00e4ndigkeit von Kleinkindern zu f\u00f6rdern, indem es ihnen erm\u00f6glicht, das Bett sicher und ohne Hilfe zu betreten und zu verlassen. Das bodennahe Design minimiert das Risiko von St\u00fcrzen und sorgt f\u00fcr eine sichere Schlafumgebung. Der robuste Rahmen sorgt f\u00fcr ein komfortables Schlaferlebnis, w\u00e4hrend das fr\u00f6hliche rosa Finish jedem Schlafzimmer einen Hauch von Pers\u00f6nlichkeit verleiht. Dieses Bett l\u00e4sst sich mit dem mitgelieferten Werkzeug leicht zusammenbauen und verbindet Funktionalit\u00e4t mit Stil, was es zu einer praktischen und attraktiven Wahl f\u00fcr Eltern macht.<\/p><\/div><\/div>\n\n\n\n<div class=\"wp-block-uagb-container uagb-block-a256468b\">\n<div class=\"wp-block-uagb-info-box uagb-block-28834539 uagb-infobox__content-wrap  uagb-infobox-icon-above-title uagb-infobox-image-valign-top\"><div class=\"uagb-ifb-content\"><div class=\"uagb-ifb-title-wrap\"><h4 class=\"uagb-ifb-title\"><br><strong><strong>Produktverwendungsszenarien<\/strong><\/strong><\/h4><\/div><p class=\"uagb-ifb-desc\">Das Montessori Pink Floor Bed eignet sich perfekt f\u00fcr eine Reihe von Umgebungen, von Familienhaushalten bis hin zu Bildungseinrichtungen wie Kindertagesst\u00e4tten und Montessori-Schulen. Zu Hause bietet es einen sicheren und ermutigenden Schlafplatz f\u00fcr Kleinkinder und f\u00f6rdert Unabh\u00e4ngigkeit und Verantwortung. In gewerblichen Einrichtungen ist es dank seines robusten und kinderfreundlichen Designs eine hervorragende Option, um einladende Schlafpl\u00e4tze f\u00fcr Kleinkinder zu schaffen. Sein kompaktes und vielseitiges Design sorgt daf\u00fcr, dass es in R\u00e4ume jeder Gr\u00f6\u00dfe passt, auch in kleine Wohnungen, Kinderg\u00e4rten und Gemeinschaftsr\u00e4ume, ohne Kompromisse bei Komfort und Stil einzugehen.<\/p><\/div><\/div>\n<\/div>\n<\/div>\n\n\n\n<div class=\"wp-block-uagb-container uagb-block-07bfc131\">\n<div class=\"wp-block-uagb-image uagb-block-b4bb948c wp-block-uagb-image--layout-default wp-block-uagb-image--effect-static wp-block-uagb-image--align-none alignleft\"><figure class=\"wp-block-uagb-image__figure\"><img decoding=\"async\" src=\"https:\/\/www.wonfulity.com\/wp-content\/uploads\/1-10.png\" alt=\"Kompaktes und stilvolles Montessori-Bett in Rosa f\u00fcr kleine R\u00e4ume\" class=\"uag-image-11441\" width=\"600\" height=\"700\" title=\"Kompaktes und stilvolles Montessori-Bett in Rosa f\u00fcr kleine R\u00e4ume\" loading=\"lazy\" role=\"img\" \/><\/figure><\/div>\n<\/div>\n<\/div><\/div>\n\n\n\n<div class=\"wp-block-uagb-container uagb-block-942c266d alignfull uagb-is-root-container\"><div class=\"uagb-container-inner-blocks-wrap\">\n<div class=\"wp-block-uagb-container uagb-block-cdfbwk39\">\n<div class=\"wp-block-uagb-container uagb-block-taa9jvn9\"><\/div>\n\n\n\n<div class=\"wp-block-uagb-container uagb-block-e6uqhnjy\">\n<div class=\"wp-block-uagb-info-box uagb-block-sm9wy83a uagb-infobox__content-wrap  uagb-infobox-icon-above-title uagb-infobox-image-valign-top\"><div class=\"uagb-ifb-content\"><div class=\"uagb-ifb-title-wrap\"><h4 class=\"uagb-ifb-title\">Artikel<\/h4><\/div><\/div><\/div>\n<\/div>\n\n\n\n<div class=\"wp-block-uagb-container uagb-block-xdtgxgj6\">\n<div class=\"wp-block-uagb-info-box uagb-block-c04bcb41 uagb-infobox__content-wrap  uagb-infobox-icon-above-title uagb-infobox-image-valign-top\"><div class=\"uagb-ifb-content\"><div class=\"uagb-ifb-title-wrap\"><h4 class=\"uagb-ifb-title\">Desc<\/h4><\/div><\/div><\/div>\n<\/div>\n<\/div>\n\n\n\n<div class=\"wp-block-uagb-container uagb-block-720573f4\">\n<div class=\"wp-block-uagb-container uagb-block-d006e6eb\">\n<div class=\"wp-block-uagb-info-box uagb-block-a92ede72 uagb-infobox__content-wrap  uagb-infobox-icon-above-title uagb-infobox-image-valign-top\"><div class=\"uagb-ifb-content\"><div class=\"uagb-ifb-title-wrap\"><p class=\"uagb-ifb-title-prefix\">01<\/p><\/div><\/div><\/div>\n<\/div>\n\n\n\n<div class=\"wp-block-uagb-container uagb-block-32771033\">\n<div class=\"wp-block-uagb-info-box uagb-block-aaee5390 uagb-infobox__content-wrap  uagb-infobox-icon-above-title uagb-infobox-image-valign-top\"><div class=\"uagb-ifb-content\"><div class=\"uagb-ifb-title-wrap\"><h4 class=\"uagb-ifb-title\"><strong>Niedrig-Profil-Design<\/strong><\/h4><\/div><\/div><\/div>\n<\/div>\n\n\n\n<div class=\"wp-block-uagb-container uagb-block-d985a046\">\n<div class=\"wp-block-uagb-info-box uagb-block-2b0922dc uagb-infobox__content-wrap  uagb-infobox-icon-above-title uagb-infobox-image-valign-top\"><div class=\"uagb-ifb-content\"><div class=\"uagb-ifb-title-wrap\"><p class=\"uagb-ifb-title\">Die H\u00f6he des Bettes erm\u00f6glicht es den Kindern, sicher und selbst\u00e4ndig darauf zuzugreifen, was den Montessori-Fokus auf Autonomie unterst\u00fctzt.<\/p><\/div><\/div><\/div>\n<\/div>\n<\/div>\n\n\n\n<div class=\"wp-block-uagb-container uagb-block-95a6e317\">\n<div class=\"wp-block-uagb-container uagb-block-2e70f36a\">\n<div class=\"wp-block-uagb-info-box uagb-block-8efb1163 uagb-infobox__content-wrap  uagb-infobox-icon-above-title uagb-infobox-image-valign-top\"><div class=\"uagb-ifb-content\"><div class=\"uagb-ifb-title-wrap\"><p class=\"uagb-ifb-title-prefix\">02<\/p><\/div><\/div><\/div>\n<\/div>\n\n\n\n<div class=\"wp-block-uagb-container uagb-block-c25bc4e9\">\n<div class=\"wp-block-uagb-info-box uagb-block-8e5653f6 uagb-infobox__content-wrap  uagb-infobox-icon-above-title uagb-infobox-image-valign-top\"><div class=\"uagb-ifb-content\"><div class=\"uagb-ifb-title-wrap\"><h4 class=\"uagb-ifb-title\"><strong>Nachhaltige Materialien<\/strong><\/h4><\/div><\/div><\/div>\n<\/div>\n\n\n\n<div class=\"wp-block-uagb-container uagb-block-e4b73fff\">\n<div class=\"wp-block-uagb-info-box uagb-block-257d2f01 uagb-infobox__content-wrap  uagb-infobox-icon-above-title uagb-infobox-image-valign-top\"><div class=\"uagb-ifb-content\"><div class=\"uagb-ifb-title-wrap\"><p class=\"uagb-ifb-title\">Hergestellt aus umweltfreundlichen und ungiftigen Materialien, die eine sichere Umgebung f\u00fcr Kinder gew\u00e4hrleisten und kommerziellen Qualit\u00e4tsstandards entsprechen.<\/p><\/div><\/div><\/div>\n<\/div>\n<\/div>\n\n\n\n<div class=\"wp-block-uagb-container uagb-block-00d46b71\">\n<div class=\"wp-block-uagb-container uagb-block-63be2ee0\">\n<div class=\"wp-block-uagb-info-box uagb-block-86f40bc4 uagb-infobox__content-wrap  uagb-infobox-icon-above-title uagb-infobox-image-valign-top\"><div class=\"uagb-ifb-content\"><div class=\"uagb-ifb-title-wrap\"><p class=\"uagb-ifb-title-prefix\">03<\/p><\/div><\/div><\/div>\n<\/div>\n\n\n\n<div class=\"wp-block-uagb-container uagb-block-f9a9ed48\">\n<div class=\"wp-block-uagb-info-box uagb-block-a01a3038 uagb-infobox__content-wrap  uagb-infobox-icon-above-title uagb-infobox-image-valign-top\"><div class=\"uagb-ifb-content\"><div class=\"uagb-ifb-title-wrap\"><h4 class=\"uagb-ifb-title\"><strong>Anpassbare Optionen<\/strong><\/h4><\/div><\/div><\/div>\n<\/div>\n\n\n\n<div class=\"wp-block-uagb-container uagb-block-ea615933\">\n<div class=\"wp-block-uagb-info-box uagb-block-6f5b8a81 uagb-infobox__content-wrap  uagb-infobox-icon-above-title uagb-infobox-image-valign-top\"><div class=\"uagb-ifb-content\"><div class=\"uagb-ifb-title-wrap\"><p class=\"uagb-ifb-title\">Dieses Bett ist in verschiedenen Ausf\u00fchrungen und Gr\u00f6\u00dfen erh\u00e4ltlich und kann auf die \u00c4sthetik der Marke oder die spezifischen Anforderungen an die Raumgestaltung zugeschnitten werden, was die Vielseitigkeit f\u00fcr B2B-Kunden erh\u00f6ht.<\/p><\/div><\/div><\/div>\n<\/div>\n<\/div>\n<\/div><\/div>\n\n\n\n<div class=\"wp-block-uagb-container uagb-block-10733882 alignfull uagb-is-root-container\"><div class=\"uagb-container-inner-blocks-wrap\">\n<div class=\"wp-block-uagb-container uagb-block-a3ecce27\">\n<div class=\"wp-block-uagb-image uagb-block-a9f8ab9c wp-block-uagb-image--layout-default wp-block-uagb-image--effect-static wp-block-uagb-image--align-none\"><figure class=\"wp-block-uagb-image__figure\"><img decoding=\"async\" src=\"https:\/\/www.wonfulity.com\/wp-content\/uploads\/Cao-County-Runwan-Crafts-Co-Ltd-1.webp\" alt=\"Holzfabrik\" class=\"uag-image-11115\" width=\"400\" height=\"300\" title=\"Holzfabrik\" loading=\"lazy\" role=\"img\" \/><\/figure><\/div>\n\n\n\n<div class=\"wp-block-uagb-image uagb-block-e21af5fb wp-block-uagb-image--layout-default wp-block-uagb-image--effect-static wp-block-uagb-image--align-none\"><figure class=\"wp-block-uagb-image__figure\"><img decoding=\"async\" src=\"https:\/\/www.wonfulity.com\/wp-content\/uploads\/10-3-1024x640.png\" alt=\"Holzfabrik\" class=\"uag-image-10974\" width=\"400\" height=\"300\" title=\"Holzfabrik\" loading=\"lazy\" role=\"img\" \/><\/figure><\/div>\n<\/div>\n\n\n\n<div class=\"wp-block-uagb-container uagb-block-1c90d097\">\n<div class=\"wp-block-uagb-image uagb-block-e676099f wp-block-uagb-image--layout-default wp-block-uagb-image--effect-static wp-block-uagb-image--align-none\"><figure class=\"wp-block-uagb-image__figure\"><img decoding=\"async\" src=\"https:\/\/www.wonfulity.com\/wp-content\/uploads\/13.png\" alt=\"Holzfabrik\" class=\"uag-image-10941\" width=\"400\" height=\"300\" title=\"Holzfabrik\" loading=\"lazy\" role=\"img\" \/><\/figure><\/div>\n\n\n\n<div class=\"wp-block-uagb-image uagb-block-8f557fa6 wp-block-uagb-image--layout-default wp-block-uagb-image--effect-static wp-block-uagb-image--align-none\"><figure class=\"wp-block-uagb-image__figure\"><img decoding=\"async\" src=\"https:\/\/www.wonfulity.com\/wp-content\/uploads\/Cao-County-Runwan-Crafts-Co-Ltd-.webp\" alt=\"Holzfabrik\" class=\"uag-image-11116\" width=\"400\" height=\"300\" title=\"Holzfabrik\" loading=\"lazy\" role=\"img\" \/><\/figure><\/div>\n<\/div>\n\n\n\n<div class=\"wp-block-uagb-container uagb-block-5ed9251a\">\n<div class=\"wp-block-uagb-image uagb-block-ab006938 wp-block-uagb-image--layout-default wp-block-uagb-image--effect-static wp-block-uagb-image--align-none\"><figure class=\"wp-block-uagb-image__figure\"><img decoding=\"async\" src=\"https:\/\/www.wonfulity.com\/wp-content\/uploads\/19.png\" alt=\"Holzfabrik\" class=\"uag-image-10947\" width=\"400\" height=\"300\" title=\"Holzfabrik\" loading=\"lazy\" role=\"img\" \/><\/figure><\/div>\n\n\n\n<div class=\"wp-block-uagb-image uagb-block-3382ec21 wp-block-uagb-image--layout-default wp-block-uagb-image--effect-static wp-block-uagb-image--align-none\"><figure class=\"wp-block-uagb-image__figure\"><img decoding=\"async\" src=\"https:\/\/www.wonfulity.com\/wp-content\/uploads\/\u672a\u547d\u540d\u7684\u8bbe\u8ba1-21.png\" alt=\"Holzfabrik\" class=\"uag-image-11118\" width=\"400\" height=\"300\" title=\"Holzfabrik\" loading=\"lazy\" role=\"img\" \/><\/figure><\/div>\n<\/div>\n<\/div><\/div>","protected":false},"excerpt":{"rendered":"<p>Das Montessori Pink Floor Bed wurde sorgf\u00e4ltig entwickelt, um die Unabh\u00e4ngigkeit von Kleinkindern zu f\u00f6rdern und ihre Sicherheit beim \u00dcbergang von der Krippe zu gew\u00e4hrleisten. Sein niedriges Design erm\u00f6glicht es Kleinkindern, m\u00fchelos hinein- und herauszuklettern und f\u00f6rdert so ihr Selbstvertrauen und ihre Selbstst\u00e4ndigkeit. Das Bett ist aus hochwertigem Birkensperrholz mit ungiftiger Farbe auf Wasserbasis gefertigt und bietet eine dauerhafte und sichere Schlafl\u00f6sung, die den Eltern ein sicheres und f\u00f6rderliches Umfeld bietet.<\/p>\n<p>Mit seinem charmanten rosa Finish und seiner minimalistischen \u00c4sthetik f\u00fcgt sich das Montessori Pink Floor Bed nahtlos in verschiedene Raumstile ein. Ob in einem gem\u00fctlichen Kinderzimmer zu Hause oder in einer professionellen Umgebung wie einer Kindertagesst\u00e4tte oder Montessori-Schule, dieses Bett wertet die Einrichtung auf und bleibt dabei funktional. Sein kompaktes, platzsparendes Design passt perfekt in kleinere R\u00e4ume, und seine nat\u00fcrlichen Materialien und fr\u00f6hlichen Farboptionen machen es zu einem herausragenden St\u00fcck in jedem kinderfreundlichen Raum.<\/p>\n<p>Das Montessori Pink Floor Bed bietet die perfekte Mischung aus Funktionalit\u00e4t, Sicherheit und optischer Attraktivit\u00e4t. Es wurde entwickelt, um Unabh\u00e4ngigkeit und Komfort zu f\u00f6rdern, und ist ideal f\u00fcr Eltern und Unternehmen, die eine warme und zug\u00e4ngliche Schlafumgebung schaffen m\u00f6chten. Seine langlebige Konstruktion, die umweltfreundlichen Materialien und das durchdachte Design machen es zu einer zuverl\u00e4ssigen Wahl f\u00fcr die F\u00f6rderung der kindlichen Entwicklung und des Wohlbefindens.<\/p>\n<p>Suchen Sie nach passenden Produkten? Sehen Sie unser<strong> <a href=\"https:\/\/www.wonfulity.com\/de\/produkt\/\">Produkte f\u00fcr Kinderm\u00f6bel<\/a><\/strong><br \/>Ben\u00f6tigen Sie mehr Optionen oder ein schnelles Angebot? In unserem internationalen Shop finden Sie die neuesten Kollektionen\uff1a.<\/p>\n<ul>\n<li><strong><a href=\"https:\/\/zhizhenmei.en.alibaba.com\/?spm=a2700.29482153.0.0.71d571d2UuhFW4\" target=\"_blank\" rel=\"noopener sponsored\">Internationales Gesch\u00e4ft 1<\/a><\/strong><\/li>\n<li><strong><a href=\"https:\/\/caoxianaoyi.en.alibaba.com\/?spm=a2700.29482153.0.0.427c71d26Wtq4L\" target=\"_blank\" rel=\"noopener sponsored\">Internationales Gesch\u00e4ft 2<\/a><\/strong><\/li>\n<\/ul>","protected":false},"featured_media":11446,"template":"","meta":{"_uag_custom_page_level_css":"","site-sidebar-layout":"default","site-content-layout":"","ast-site-content-layout":"default","site-content-style":"default","site-sidebar-style":"default","ast-global-header-display":"","ast-banner-title-visibility":"","ast-main-header-display":"","ast-hfb-above-header-display":"","ast-hfb-below-header-display":"","ast-hfb-mobile-header-display":"","site-post-title":"","ast-breadcrumbs-content":"","ast-featured-img":"","footer-sml-layout":"","ast-disable-related-posts":"","theme-transparent-header-meta":"","adv-header-id-meta":"","stick-header-meta":"","header-above-stick-meta":"","header-main-stick-meta":"","header-below-stick-meta":"","astra-migrate-meta-layouts":"default","ast-page-background-enabled":"default","ast-page-background-meta":{"desktop":{"background-color":"var(--ast-global-color-4)","background-image":"","background-repeat":"repeat","background-position":"center center","background-size":"auto","background-attachment":"scroll","background-type":"","background-media":"","overlay-type":"","overlay-color":"","overlay-opacity":"","overlay-gradient":""},"tablet":{"background-color":"","background-image":"","background-repeat":"repeat","background-position":"center center","background-size":"auto","background-attachment":"scroll","background-type":"","background-media":"","overlay-type":"","overlay-color":"","overlay-opacity":"","overlay-gradient":""},"mobile":{"background-color":"","background-image":"","background-repeat":"repeat","background-position":"center center","background-size":"auto","background-attachment":"scroll","background-type":"","background-media":"","overlay-type":"","overlay-color":"","overlay-opacity":"","overlay-gradient":""}},"ast-content-background-meta":{"desktop":{"background-color":"var(--ast-global-color-5)","background-image":"","background-repeat":"repeat","background-position":"center center","background-size":"auto","background-attachment":"scroll","background-type":"","background-media":"","overlay-type":"","overlay-color":"","overlay-opacity":"","overlay-gradient":""},"tablet":{"background-color":"var(--ast-global-color-5)","background-image":"","background-repeat":"repeat","background-position":"center center","background-size":"auto","background-attachment":"scroll","background-type":"","background-media":"","overlay-type":"","overlay-color":"","overlay-opacity":"","overlay-gradient":""},"mobile":{"background-color":"var(--ast-global-color-5)","background-image":"","background-repeat":"repeat","background-position":"center center","background-size":"auto","background-attachment":"scroll","background-type":"","background-media":"","overlay-type":"","overlay-color":"","overlay-opacity":"","overlay-gradient":""}}},"product_brand":[],"product_cat":[380,389,15],"product_tag":[],"class_list":{"0":"post-11440","1":"product","2":"type-product","3":"status-publish","4":"has-post-thumbnail","6":"product_cat-custom-kids-beds","7":"product_cat-montessori-beds","8":"product_cat-all","9":"desktop-align-left","10":"tablet-align-left","11":"mobile-align-left","12":"ast-product-gallery-layout-horizontal-slider","13":"ast-product-tabs-layout-horizontal","15":"first","16":"instock","17":"shipping-taxable","18":"product-type-simple"},"uagb_featured_image_src":{"full":["https:\/\/www.wonfulity.com\/wp-content\/uploads\/6-10.png",600,700,false],"thumbnail":["https:\/\/www.wonfulity.com\/wp-content\/uploads\/6-10-150x150.png",150,150,true],"medium":["https:\/\/www.wonfulity.com\/wp-content\/uploads\/6-10-257x300.png",257,300,true],"medium_large":["https:\/\/www.wonfulity.com\/wp-content\/uploads\/6-10.png",600,700,false],"large":["https:\/\/www.wonfulity.com\/wp-content\/uploads\/6-10.png",600,700,false],"1536x1536":["https:\/\/www.wonfulity.com\/wp-content\/uploads\/6-10.png",600,700,false],"2048x2048":["https:\/\/www.wonfulity.com\/wp-content\/uploads\/6-10.png",600,700,false],"trp-custom-language-flag":["https:\/\/www.wonfulity.com\/wp-content\/uploads\/6-10-10x12.png",10,12,true],"woocommerce_thumbnail":["https:\/\/www.wonfulity.com\/wp-content\/uploads\/6-10-450x570.png",450,570,true],"woocommerce_single":["https:\/\/www.wonfulity.com\/wp-content\/uploads\/6-10.png",600,700,false],"woocommerce_gallery_thumbnail":["https:\/\/www.wonfulity.com\/wp-content\/uploads\/6-10-100x100.png",100,100,true]},"uagb_author_info":{"display_name":"Bob","author_link":"https:\/\/www.wonfulity.com\/de\/blogs\/author\/"},"uagb_comment_info":0,"uagb_excerpt":"The Montessori Pink Floor Bed is carefully crafted to foster toddlers' independence and ensure their safety as they transition from cribs. Its low-profile design allows young children to climb in and out effortlessly, promoting confidence and autonomy. Made from premium birch plywood with non-toxic, water-based paint, this bed provides a durable and secure sleeping solution,&hellip;","_links":{"self":[{"href":"https:\/\/www.wonfulity.com\/de\/wp-json\/wp\/v2\/product\/11440","targetHints":{"allow":["GET"]}}],"collection":[{"href":"https:\/\/www.wonfulity.com\/de\/wp-json\/wp\/v2\/product"}],"about":[{"href":"https:\/\/www.wonfulity.com\/de\/wp-json\/wp\/v2\/types\/product"}],"wp:featuredmedia":[{"embeddable":true,"href":"https:\/\/www.wonfulity.com\/de\/wp-json\/wp\/v2\/media\/11446"}],"wp:attachment":[{"href":"https:\/\/www.wonfulity.com\/de\/wp-json\/wp\/v2\/media?parent=11440"}],"wp:term":[{"taxonomy":"product_brand","embeddable":true,"href":"https:\/\/www.wonfulity.com\/de\/wp-json\/wp\/v2\/product_brand?post=11440"},{"taxonomy":"product_cat","embeddable":true,"href":"https:\/\/www.wonfulity.com\/de\/wp-json\/wp\/v2\/product_cat?post=11440"},{"taxonomy":"product_tag","embeddable":true,"href":"https:\/\/www.wonfulity.com\/de\/wp-json\/wp\/v2\/product_tag?post=11440"}],"curies":[{"name":"wp","href":"https:\/\/api.w.org\/{rel}","templated":true}]}}