{"id":11473,"date":"2024-12-10T08:46:11","date_gmt":"2024-12-10T00:46:11","guid":{"rendered":"https:\/\/www.wonfulity.com\/?post_type=product&#038;p=11473"},"modified":"2024-12-24T16:59:37","modified_gmt":"2024-12-24T08:59:37","slug":"learning-tower-toddler-for-children-safe","status":"publish","type":"product","link":"https:\/\/www.wonfulity.com\/de\/produkt\/lernturm-kleinkind-fur-kinder-sicher\/","title":{"rendered":"Lernturm Little Partners Tritthocker Montessori-Helfer-Turm f\u00fcr Kleinkinder"},"content":{"rendered":"<div class=\"wp-block-uagb-container uagb-block-d15b9ca3 alignfull uagb-is-root-container\"><div class=\"uagb-container-inner-blocks-wrap\">\n<div class=\"wp-block-uagb-container uagb-block-f7df6427\">\n<div class=\"wp-block-uagb-container uagb-block-9455ef5b\">\n<div class=\"wp-block-uagb-info-box uagb-block-d4df3463 uagb-infobox__content-wrap  uagb-infobox-icon-above-title uagb-infobox-image-valign-top\"><div class=\"uagb-ifb-content\"><div class=\"uagb-ifb-title-wrap\"><h4 class=\"uagb-ifb-title\"><strong>Sicher und robust<\/strong><\/h4><\/div><p class=\"uagb-ifb-desc\">Der Lernturm mit Tafel erm\u00f6glicht es den Kindern, allt\u00e4gliche Aufgaben im Haushalt sicher zu erledigen und f\u00f6rdert so ihr Selbstvertrauen und ihre Unabh\u00e4ngigkeit. Vom H\u00e4ndewaschen bis zur Mithilfe bei einfachen Kochaufgaben k\u00f6nnen die Kinder auf sinnvolle Weise mit ihrer Umgebung interagieren, was ein wesentlicher Bestandteil der fr\u00fchkindlichen Bildung ist. Diese Interaktion f\u00f6rdert die Unabh\u00e4ngigkeit und das Selbstvertrauen der Kinder und zeigt ihnen, dass ihr Beitrag gesch\u00e4tzt wird. Unser Lernturm ist aus langlebigen, ungiftigen Materialien hergestellt und so konzipiert, dass die Kinder sicher sind, und er ist sicher und stabil.<\/p><\/div><\/div>\n<\/div>\n\n\n\n<div class=\"wp-block-uagb-info-box uagb-block-845cd917 uagb-infobox__content-wrap  uagb-infobox-icon-above-title uagb-infobox-image-valign-top\"><div class=\"uagb-ifb-content\"><div class=\"uagb-ifb-title-wrap\"><h4 class=\"uagb-ifb-title\"><strong>Langlebig &amp; anpassungsf\u00e4hig<\/strong><\/h4><\/div><p class=\"uagb-ifb-desc\">Der Low Price Learning Tower f\u00fcr Kleinkinder mit Tafel macht diesen Lernturm ideal f\u00fcr kleine R\u00e4ume, besonders in Wohnungen oder Klassenzimmern, wo der Platz knapp ist. In nur wenigen Sekunden l\u00e4sst er sich von einem stabilen Stehturm in einen funktionalen Tisch und Stuhl verwandeln. Das macht ihn zur ersten Wahl f\u00fcr Eltern, Erzieher und Kinderbetreuer, die nach effizienten, anpassungsf\u00e4higen L\u00f6sungen suchen. Seine Doppelfunktion maximiert den Nutzen und minimiert die Unordnung, so dass er f\u00fcr eine Reihe von Verwendungszwecken geeignet ist, die sich an die Bed\u00fcrfnisse des Kindes anpassen, w\u00e4hrend es w\u00e4chst. Der faltbare Lernturm w\u00e4chst mit Ihrem Kind mit und kann bis zu einem Alter von 2 Jahren verwendet werden.<\/p><\/div><\/div>\n\n\n\n<div class=\"wp-block-uagb-container uagb-block-a256468b\">\n<div class=\"wp-block-uagb-info-box uagb-block-28834539 uagb-infobox__content-wrap  uagb-infobox-icon-above-title uagb-infobox-image-valign-top\"><div class=\"uagb-ifb-content\"><div class=\"uagb-ifb-title-wrap\"><h4 class=\"uagb-ifb-title\"><br>Mehrzweck<\/h4><\/div><p class=\"uagb-ifb-desc\">Der Hot Sale Lernturm f\u00fcr Kleinkinder mit Tafel ist so gebaut, dass er dem aktiven Lebensstil von Kleinkindern standh\u00e4lt. Die hochwertige Oberfl\u00e4che ist sowohl glatt als auch verschlei\u00dffest und gew\u00e4hrleistet ein langlebiges Produkt, das weitergegeben oder wiederverwendet werden kann, wenn das Kind w\u00e4chst. Die Whiteboard-Oberfl\u00e4che ist eine nachhaltige Eigenschaft, die es Kindern erm\u00f6glicht, zu zeichnen, zu schreiben und zu radieren, ohne st\u00e4ndig Papier zu ben\u00f6tigen, was umweltfreundliche Praktiken in Haushalten und Bildungseinrichtungen unterst\u00fctzt. Unser K\u00fcchenhelfer ist perfekt f\u00fcr Aufgaben in der K\u00fcche wie Backen, Kochen und die Zubereitung von Mahlzeiten. Ermutigen Sie Ihr Kind, sich an der Zubereitung von Mahlzeiten zu beteiligen und F\u00e4higkeiten zu entwickeln, die ein Leben lang halten.<\/p><\/div><\/div>\n<\/div>\n<\/div>\n\n\n\n<div class=\"wp-block-uagb-container uagb-block-07bfc131\">\n<figure class=\"wp-block-image size-full\"><img loading=\"lazy\" decoding=\"async\" width=\"800\" height=\"800\" src=\"https:\/\/www.wonfulity.com\/wp-content\/uploads\/\u5b66\u4e60\u5854-5-1.png\" alt=\"Lernturm f\u00fcr Kleinkinder mit Blackboard\" class=\"wp-image-11479\" title=\"\" srcset=\"https:\/\/www.wonfulity.com\/wp-content\/uploads\/\u5b66\u4e60\u5854-5-1.png 800w, https:\/\/www.wonfulity.com\/wp-content\/uploads\/\u5b66\u4e60\u5854-5-1-300x300.png 300w, https:\/\/www.wonfulity.com\/wp-content\/uploads\/\u5b66\u4e60\u5854-5-1-150x150.png 150w, https:\/\/www.wonfulity.com\/wp-content\/uploads\/\u5b66\u4e60\u5854-5-1-768x768.png 768w, https:\/\/www.wonfulity.com\/wp-content\/uploads\/\u5b66\u4e60\u5854-5-1-12x12.png 12w, https:\/\/www.wonfulity.com\/wp-content\/uploads\/\u5b66\u4e60\u5854-5-1-100x100.png 100w\" sizes=\"auto, (max-width: 800px) 100vw, 800px\" \/><\/figure>\n<\/div>\n<\/div><\/div>\n\n\n\n<div class=\"wp-block-uagb-container uagb-block-942c266d alignfull uagb-is-root-container\"><div class=\"uagb-container-inner-blocks-wrap\">\n<div class=\"wp-block-uagb-container uagb-block-cdfbwk39\">\n<div class=\"wp-block-uagb-container uagb-block-taa9jvn9\"><\/div>\n\n\n\n<div class=\"wp-block-uagb-container uagb-block-e6uqhnjy\">\n<div class=\"wp-block-uagb-info-box uagb-block-sm9wy83a uagb-infobox__content-wrap  uagb-infobox-icon-above-title uagb-infobox-image-valign-top\"><div class=\"uagb-ifb-content\"><div class=\"uagb-ifb-title-wrap\"><h4 class=\"uagb-ifb-title\">Artikel<\/h4><\/div><\/div><\/div>\n<\/div>\n\n\n\n<div class=\"wp-block-uagb-container uagb-block-xdtgxgj6\">\n<div class=\"wp-block-uagb-info-box uagb-block-c04bcb41 uagb-infobox__content-wrap  uagb-infobox-icon-above-title uagb-infobox-image-valign-top\"><div class=\"uagb-ifb-content\"><div class=\"uagb-ifb-title-wrap\"><h4 class=\"uagb-ifb-title\">Desc<\/h4><\/div><\/div><\/div>\n<\/div>\n<\/div>\n\n\n\n<div class=\"wp-block-uagb-container uagb-block-720573f4\">\n<div class=\"wp-block-uagb-container uagb-block-d006e6eb\">\n<div class=\"wp-block-uagb-info-box uagb-block-a92ede72 uagb-infobox__content-wrap  uagb-infobox-icon-above-title uagb-infobox-image-valign-top\"><div class=\"uagb-ifb-content\"><div class=\"uagb-ifb-title-wrap\"><p class=\"uagb-ifb-title-prefix\">01<\/p><\/div><\/div><\/div>\n<\/div>\n\n\n\n<div class=\"wp-block-uagb-container uagb-block-32771033\">\n<div class=\"wp-block-uagb-info-box uagb-block-aaee5390 uagb-infobox__content-wrap  uagb-infobox-icon-above-title uagb-infobox-image-valign-top\"><div class=\"uagb-ifb-content\"><div class=\"uagb-ifb-title-wrap\"><h4 class=\"uagb-ifb-title\"><strong>Umwandelbares 2-in-1-Design<\/strong><\/h4><\/div><\/div><\/div>\n<\/div>\n\n\n\n<div class=\"wp-block-uagb-container uagb-block-d985a046\">\n<div class=\"wp-block-uagb-info-box uagb-block-2b0922dc uagb-infobox__content-wrap  uagb-infobox-icon-above-title uagb-infobox-image-valign-top\"><div class=\"uagb-ifb-content\"><div class=\"uagb-ifb-title-wrap\"><p class=\"uagb-ifb-title\">L\u00e4sst sich von einem Stehturm in ein Tisch- und Stuhlset umwandeln, das f\u00fcr verschiedene Zwecke verwendet werden kann.<\/p><\/div><\/div><\/div>\n<\/div>\n<\/div>\n\n\n\n<div class=\"wp-block-uagb-container uagb-block-95a6e317\">\n<div class=\"wp-block-uagb-container uagb-block-2e70f36a\">\n<div class=\"wp-block-uagb-info-box uagb-block-8efb1163 uagb-infobox__content-wrap  uagb-infobox-icon-above-title uagb-infobox-image-valign-top\"><div class=\"uagb-ifb-content\"><div class=\"uagb-ifb-title-wrap\"><p class=\"uagb-ifb-title-prefix\">02<\/p><\/div><\/div><\/div>\n<\/div>\n\n\n\n<div class=\"wp-block-uagb-container uagb-block-c25bc4e9\">\n<div class=\"wp-block-uagb-info-box uagb-block-8e5653f6 uagb-infobox__content-wrap  uagb-infobox-icon-above-title uagb-infobox-image-valign-top\"><div class=\"uagb-ifb-content\"><div class=\"uagb-ifb-title-wrap\"><h4 class=\"uagb-ifb-title\"><strong>Eingebautes Whiteboard<\/strong><\/h4><\/div><\/div><\/div>\n<\/div>\n\n\n\n<div class=\"wp-block-uagb-container uagb-block-e4b73fff\">\n<div class=\"wp-block-uagb-info-box uagb-block-257d2f01 uagb-infobox__content-wrap  uagb-infobox-icon-above-title uagb-infobox-image-valign-top\"><div class=\"uagb-ifb-content\"><div class=\"uagb-ifb-title-wrap\"><p class=\"uagb-ifb-title\">Mit einer Whiteboard-Oberfl\u00e4che f\u00fcr kreative Aktivit\u00e4ten, die das fr\u00fche Lernen und die Feinmotorik f\u00f6rdern.<\/p><\/div><\/div><\/div>\n<\/div>\n<\/div>\n\n\n\n<div class=\"wp-block-uagb-container uagb-block-00d46b71\">\n<div class=\"wp-block-uagb-container uagb-block-63be2ee0\">\n<div class=\"wp-block-uagb-info-box uagb-block-86f40bc4 uagb-infobox__content-wrap  uagb-infobox-icon-above-title uagb-infobox-image-valign-top\"><div class=\"uagb-ifb-content\"><div class=\"uagb-ifb-title-wrap\"><p class=\"uagb-ifb-title-prefix\">03<\/p><\/div><\/div><\/div>\n<\/div>\n\n\n\n<div class=\"wp-block-uagb-container uagb-block-f9a9ed48\">\n<div class=\"wp-block-uagb-info-box uagb-block-a01a3038 uagb-infobox__content-wrap  uagb-infobox-icon-above-title uagb-infobox-image-valign-top\"><div class=\"uagb-ifb-content\"><div class=\"uagb-ifb-title-wrap\"><h4 class=\"uagb-ifb-title\"><strong>Robuste, kindersichere Materialien<\/strong><\/h4><\/div><\/div><\/div>\n<\/div>\n\n\n\n<div class=\"wp-block-uagb-container uagb-block-ea615933\">\n<div class=\"wp-block-uagb-info-box uagb-block-6f5b8a81 uagb-infobox__content-wrap  uagb-infobox-icon-above-title uagb-infobox-image-valign-top\"><div class=\"uagb-ifb-content\"><div class=\"uagb-ifb-title-wrap\"><p class=\"uagb-ifb-title\">Hergestellt aus haltbaren, ungiftigen Materialien, die sowohl Sicherheit als auch Langlebigkeit bei h\u00e4ufigem Gebrauch gew\u00e4hrleisten.<\/p><\/div><\/div><\/div>\n<\/div>\n<\/div>\n<\/div><\/div>\n\n\n\n<div class=\"wp-block-uagb-container uagb-block-10733882 alignfull uagb-is-root-container\"><div class=\"uagb-container-inner-blocks-wrap\">\n<div class=\"wp-block-uagb-container uagb-block-a3ecce27\">\n<div class=\"wp-block-uagb-image uagb-block-a9f8ab9c wp-block-uagb-image--layout-default wp-block-uagb-image--effect-static wp-block-uagb-image--align-none\"><figure class=\"wp-block-uagb-image__figure\"><img decoding=\"async\" srcset=\"https:\/\/www.wonfulity.com\/wp-content\/uploads\/Cao-County-Runwan-Crafts-Co-Ltd-1.webp ,https:\/\/www.wonfulity.com\/wp-content\/uploads\/Cao-County-Runwan-Crafts-Co-Ltd-1.webp 780w, https:\/\/www.wonfulity.com\/wp-content\/uploads\/Cao-County-Runwan-Crafts-Co-Ltd-1.webp 360w\" sizes=\"auto, (max-width: 480px) 150px\" src=\"https:\/\/www.wonfulity.com\/wp-content\/uploads\/Cao-County-Runwan-Crafts-Co-Ltd-1.webp\" alt=\"Holzfabrik\" class=\"uag-image-11115\" width=\"400\" height=\"300\" title=\"Holzfabrik\" loading=\"lazy\" role=\"img\"\/><\/figure><\/div>\n\n\n\n<div class=\"wp-block-uagb-image uagb-block-e21af5fb wp-block-uagb-image--layout-default wp-block-uagb-image--effect-static wp-block-uagb-image--align-none\"><figure class=\"wp-block-uagb-image__figure\"><img decoding=\"async\" srcset=\"https:\/\/www.wonfulity.com\/wp-content\/uploads\/10-3-1024x640.png ,https:\/\/www.wonfulity.com\/wp-content\/uploads\/10-3.png 780w, https:\/\/www.wonfulity.com\/wp-content\/uploads\/10-3.png 360w\" sizes=\"auto, (max-width: 480px) 150px\" src=\"https:\/\/www.wonfulity.com\/wp-content\/uploads\/10-3-1024x640.png\" alt=\"Holzfabrik\" class=\"uag-image-10974\" width=\"400\" height=\"300\" title=\"Holzfabrik\" loading=\"lazy\" role=\"img\"\/><\/figure><\/div>\n<\/div>\n\n\n\n<div class=\"wp-block-uagb-container uagb-block-1c90d097\">\n<div class=\"wp-block-uagb-image uagb-block-e676099f wp-block-uagb-image--layout-default wp-block-uagb-image--effect-static wp-block-uagb-image--align-none\"><figure class=\"wp-block-uagb-image__figure\"><img decoding=\"async\" srcset=\"https:\/\/www.wonfulity.com\/wp-content\/uploads\/13.png ,https:\/\/www.wonfulity.com\/wp-content\/uploads\/13.png 780w, https:\/\/www.wonfulity.com\/wp-content\/uploads\/13.png 360w\" sizes=\"auto, (max-width: 480px) 150px\" src=\"https:\/\/www.wonfulity.com\/wp-content\/uploads\/13.png\" alt=\"Holzfabrik\" class=\"uag-image-10941\" width=\"400\" height=\"300\" title=\"Holzfabrik\" loading=\"lazy\" role=\"img\"\/><\/figure><\/div>\n\n\n\n<div class=\"wp-block-uagb-image uagb-block-8f557fa6 wp-block-uagb-image--layout-default wp-block-uagb-image--effect-static wp-block-uagb-image--align-none\"><figure class=\"wp-block-uagb-image__figure\"><img decoding=\"async\" srcset=\"https:\/\/www.wonfulity.com\/wp-content\/uploads\/Cao-County-Runwan-Crafts-Co-Ltd-.webp ,https:\/\/www.wonfulity.com\/wp-content\/uploads\/Cao-County-Runwan-Crafts-Co-Ltd-.webp 780w, https:\/\/www.wonfulity.com\/wp-content\/uploads\/Cao-County-Runwan-Crafts-Co-Ltd-.webp 360w\" sizes=\"auto, (max-width: 480px) 150px\" src=\"https:\/\/www.wonfulity.com\/wp-content\/uploads\/Cao-County-Runwan-Crafts-Co-Ltd-.webp\" alt=\"Holzfabrik\" class=\"uag-image-11116\" width=\"400\" height=\"300\" title=\"Holzfabrik\" loading=\"lazy\" role=\"img\"\/><\/figure><\/div>\n<\/div>\n\n\n\n<div class=\"wp-block-uagb-container uagb-block-5ed9251a\">\n<div class=\"wp-block-uagb-image uagb-block-ab006938 wp-block-uagb-image--layout-default wp-block-uagb-image--effect-static wp-block-uagb-image--align-none\"><figure class=\"wp-block-uagb-image__figure\"><img decoding=\"async\" srcset=\"https:\/\/www.wonfulity.com\/wp-content\/uploads\/19.png ,https:\/\/www.wonfulity.com\/wp-content\/uploads\/19.png 780w, https:\/\/www.wonfulity.com\/wp-content\/uploads\/19.png 360w\" sizes=\"auto, (max-width: 480px) 150px\" src=\"https:\/\/www.wonfulity.com\/wp-content\/uploads\/19.png\" alt=\"Holzfabrik\" class=\"uag-image-10947\" width=\"400\" height=\"300\" title=\"Holzfabrik\" loading=\"lazy\" role=\"img\"\/><\/figure><\/div>\n\n\n\n<div class=\"wp-block-uagb-image uagb-block-3382ec21 wp-block-uagb-image--layout-default wp-block-uagb-image--effect-static wp-block-uagb-image--align-none\"><figure class=\"wp-block-uagb-image__figure\"><img decoding=\"async\" srcset=\"https:\/\/www.wonfulity.com\/wp-content\/uploads\/\u672a\u547d\u540d\u7684\u8bbe\u8ba1-21.png ,https:\/\/www.wonfulity.com\/wp-content\/uploads\/\u672a\u547d\u540d\u7684\u8bbe\u8ba1-21.png 780w, https:\/\/www.wonfulity.com\/wp-content\/uploads\/\u672a\u547d\u540d\u7684\u8bbe\u8ba1-21.png 360w\" sizes=\"auto, (max-width: 480px) 150px\" src=\"https:\/\/www.wonfulity.com\/wp-content\/uploads\/\u672a\u547d\u540d\u7684\u8bbe\u8ba1-21.png\" alt=\"Holzfabrik\" class=\"uag-image-11118\" width=\"400\" height=\"300\" title=\"Holzfabrik\" loading=\"lazy\" role=\"img\"\/><\/figure><\/div>\n<\/div>\n<\/div><\/div>","protected":false},"excerpt":{"rendered":"<p class=\"p1\">Die <strong>Lernturm f\u00fcr Kleinkinder mit Blackboard<\/strong>\u00a0wurde entwickelt, um die nat\u00fcrliche Neugierde, Unabh\u00e4ngigkeit und Kreativit\u00e4t von Kleinkindern zu f\u00f6rdern. Es ist ein multifunktionales M\u00f6belst\u00fcck, das sich nahtlos von einem Lernturm in einen Tisch und einen Stuhl mit einer Whiteboard-Oberfl\u00e4che verwandeln l\u00e4sst. Dieses einzigartige Design erm\u00f6glicht es Kindern, erh\u00f6hte Fl\u00e4chen wie K\u00fcchentheken sicher zu erreichen, und hilft ihnen, an t\u00e4glichen Routinearbeiten wie Kochen, H\u00e4ndewaschen oder Hausarbeit teilzunehmen. Diese aktive Beteiligung f\u00f6rdert das Selbstvertrauen, die Unabh\u00e4ngigkeit und die praktischen F\u00e4higkeiten im Leben und bietet Eltern und Betreuern ein vielseitiges Werkzeug f\u00fcr die Entwicklung des Kindes.<\/p>\n<p class=\"p1\">Im umgebauten Zustand verwandelt sich der Lernturm in ein Tisch- und Stuhlset mit einem glatten Whiteboard, das Kinder dazu einl\u00e4dt, ihre k\u00fcnstlerischen und kognitiven F\u00e4higkeiten zu erkunden. Das Whiteboard bietet eine langlebige, leicht zu reinigende Oberfl\u00e4che, die sich perfekt zum Zeichnen, Schreiben und f\u00fcr interaktive Lernaktivit\u00e4ten eignet. Dieses 2-in-1-Design spart wertvollen Platz und ist damit eine praktische L\u00f6sung f\u00fcr kleine Haushalte, Vorschulen oder Kindertagesst\u00e4tten, in denen Flexibilit\u00e4t gefragt ist. Die Funktionalit\u00e4t dieses Ger\u00e4ts wird durch seine Langlebigkeit erg\u00e4nzt, da es aus ungiftigen, hochwertigen Materialien hergestellt ist, die den Sicherheitsstandards entsprechen, so dass es den Strapazen des t\u00e4glichen Gebrauchs standh\u00e4lt.<\/p>\n<p class=\"p1\">Die <strong>Lernturm f\u00fcr Kleinkinder mit Blackboard<\/strong>\u00a0bietet eine einzigartige Mischung aus Lernen, Spielen und Umweltverantwortung. Sein multifunktionales Design, seine hochwertigen Materialien und seine p\u00e4dagogischen Vorteile machen es zu einer au\u00dfergew\u00f6hnlichen Wahl f\u00fcr B2B-Kunden, die anpassungsf\u00e4hige und kinderfreundliche M\u00f6bel suchen.<\/p>\n<p>Suchen Sie nach passenden Produkten? Sehen Sie unser<strong> <a href=\"https:\/\/www.wonfulity.com\/de\/produkt\/\">Produkte f\u00fcr Kinderm\u00f6bel<\/a><\/strong><br \/>Ben\u00f6tigen Sie mehr Optionen oder ein schnelles Angebot? In unserem internationalen Shop finden Sie die neuesten Kollektionen\uff1a.<\/p>\n<ul>\n<li><strong><a href=\"https:\/\/zhizhenmei.en.alibaba.com\/?spm=a2700.29482153.0.0.71d571d2UuhFW4\" target=\"_blank\" rel=\"noopener sponsored\">Internationales Gesch\u00e4ft 1<\/a><\/strong><\/li>\n<li><strong><a href=\"https:\/\/caoxianaoyi.en.alibaba.com\/?spm=a2700.29482153.0.0.427c71d26Wtq4L\" target=\"_blank\" rel=\"noopener sponsored\">Internationales Gesch\u00e4ft 2<\/a><\/strong><\/li>\n<\/ul>","protected":false},"featured_media":12041,"template":"","meta":{"_uag_custom_page_level_css":"","site-sidebar-layout":"default","site-content-layout":"","ast-site-content-layout":"default","site-content-style":"default","site-sidebar-style":"default","ast-global-header-display":"","ast-banner-title-visibility":"","ast-main-header-display":"","ast-hfb-above-header-display":"","ast-hfb-below-header-display":"","ast-hfb-mobile-header-display":"","site-post-title":"","ast-breadcrumbs-content":"","ast-featured-img":"","footer-sml-layout":"","ast-disable-related-posts":"","theme-transparent-header-meta":"","adv-header-id-meta":"","stick-header-meta":"","header-above-stick-meta":"","header-main-stick-meta":"","header-below-stick-meta":"","astra-migrate-meta-layouts":"default","ast-page-background-enabled":"default","ast-page-background-meta":{"desktop":{"background-color":"var(--ast-global-color-4)","background-image":"","background-repeat":"repeat","background-position":"center center","background-size":"auto","background-attachment":"scroll","background-type":"","background-media":"","overlay-type":"","overlay-color":"","overlay-opacity":"","overlay-gradient":""},"tablet":{"background-color":"","background-image":"","background-repeat":"repeat","background-position":"center center","background-size":"auto","background-attachment":"scroll","background-type":"","background-media":"","overlay-type":"","overlay-color":"","overlay-opacity":"","overlay-gradient":""},"mobile":{"background-color":"","background-image":"","background-repeat":"repeat","background-position":"center center","background-size":"auto","background-attachment":"scroll","background-type":"","background-media":"","overlay-type":"","overlay-color":"","overlay-opacity":"","overlay-gradient":""}},"ast-content-background-meta":{"desktop":{"background-color":"var(--ast-global-color-5)","background-image":"","background-repeat":"repeat","background-position":"center center","background-size":"auto","background-attachment":"scroll","background-type":"","background-media":"","overlay-type":"","overlay-color":"","overlay-opacity":"","overlay-gradient":""},"tablet":{"background-color":"var(--ast-global-color-5)","background-image":"","background-repeat":"repeat","background-position":"center center","background-size":"auto","background-attachment":"scroll","background-type":"","background-media":"","overlay-type":"","overlay-color":"","overlay-opacity":"","overlay-gradient":""},"mobile":{"background-color":"var(--ast-global-color-5)","background-image":"","background-repeat":"repeat","background-position":"center center","background-size":"auto","background-attachment":"scroll","background-type":"","background-media":"","overlay-type":"","overlay-color":"","overlay-opacity":"","overlay-gradient":""}}},"product_brand":[],"product_cat":[383],"product_tag":[],"class_list":{"0":"post-11473","1":"product","2":"type-product","3":"status-publish","4":"has-post-thumbnail","6":"product_cat-custom-learning-towers","7":"desktop-align-left","8":"tablet-align-left","9":"mobile-align-left","10":"ast-product-gallery-layout-horizontal-slider","11":"ast-product-tabs-layout-horizontal","13":"first","14":"instock","15":"shipping-taxable","16":"product-type-simple"},"uagb_featured_image_src":{"full":["https:\/\/www.wonfulity.com\/wp-content\/uploads\/5-33.png",600,700,false],"thumbnail":["https:\/\/www.wonfulity.com\/wp-content\/uploads\/5-33-150x150.png",150,150,true],"medium":["https:\/\/www.wonfulity.com\/wp-content\/uploads\/5-33-257x300.png",257,300,true],"medium_large":["https:\/\/www.wonfulity.com\/wp-content\/uploads\/5-33.png",600,700,false],"large":["https:\/\/www.wonfulity.com\/wp-content\/uploads\/5-33.png",600,700,false],"1536x1536":["https:\/\/www.wonfulity.com\/wp-content\/uploads\/5-33.png",600,700,false],"2048x2048":["https:\/\/www.wonfulity.com\/wp-content\/uploads\/5-33.png",600,700,false],"trp-custom-language-flag":["https:\/\/www.wonfulity.com\/wp-content\/uploads\/5-33-10x12.png",10,12,true],"woocommerce_thumbnail":["https:\/\/www.wonfulity.com\/wp-content\/uploads\/5-33-450x570.png",450,570,true],"woocommerce_single":["https:\/\/www.wonfulity.com\/wp-content\/uploads\/5-33.png",600,700,false],"woocommerce_gallery_thumbnail":["https:\/\/www.wonfulity.com\/wp-content\/uploads\/5-33-100x100.png",100,100,true]},"uagb_author_info":{"display_name":"caijinyue","author_link":"https:\/\/www.wonfulity.com\/de\/blogs\/author\/"},"uagb_comment_info":0,"uagb_excerpt":"The Learning Tower for Toddler with Blackboard\u00a0is designed to foster a toddler\u2019s natural curiosity, independence, and creativity. It serves as a multi-functional piece of furniture that seamlessly transitions from a learning tower to a table and chair with a whiteboard surface. This unique design empowers children to safely reach elevated surfaces like kitchen counters, helping&hellip;","_links":{"self":[{"href":"https:\/\/www.wonfulity.com\/de\/wp-json\/wp\/v2\/product\/11473","targetHints":{"allow":["GET"]}}],"collection":[{"href":"https:\/\/www.wonfulity.com\/de\/wp-json\/wp\/v2\/product"}],"about":[{"href":"https:\/\/www.wonfulity.com\/de\/wp-json\/wp\/v2\/types\/product"}],"wp:featuredmedia":[{"embeddable":true,"href":"https:\/\/www.wonfulity.com\/de\/wp-json\/wp\/v2\/media\/12041"}],"wp:attachment":[{"href":"https:\/\/www.wonfulity.com\/de\/wp-json\/wp\/v2\/media?parent=11473"}],"wp:term":[{"taxonomy":"product_brand","embeddable":true,"href":"https:\/\/www.wonfulity.com\/de\/wp-json\/wp\/v2\/product_brand?post=11473"},{"taxonomy":"product_cat","embeddable":true,"href":"https:\/\/www.wonfulity.com\/de\/wp-json\/wp\/v2\/product_cat?post=11473"},{"taxonomy":"product_tag","embeddable":true,"href":"https:\/\/www.wonfulity.com\/de\/wp-json\/wp\/v2\/product_tag?post=11473"}],"curies":[{"name":"wp","href":"https:\/\/api.w.org\/{rel}","templated":true}]}}