{"id":11728,"date":"2024-12-10T08:47:59","date_gmt":"2024-12-10T00:47:59","guid":{"rendered":"https:\/\/www.wonfulity.com\/?post_type=product&#038;p=11728"},"modified":"2024-12-10T15:10:53","modified_gmt":"2024-12-10T07:10:53","slug":"great-1-wooden-study-table-for-kids","status":"publish","type":"product","link":"https:\/\/www.wonfulity.com\/de\/produkt\/1-groser-holztisch-fur-kinder\/","title":{"rendered":"Great 1 Holztisch f\u00fcr Kinder"},"content":{"rendered":"<div class=\"wp-block-uagb-container uagb-block-d15b9ca3 alignfull uagb-is-root-container\"><div class=\"uagb-container-inner-blocks-wrap\">\n<div class=\"wp-block-uagb-container uagb-block-f7df6427\">\n<div class=\"wp-block-uagb-container uagb-block-9455ef5b\">\n<div class=\"wp-block-uagb-info-box uagb-block-d4df3463 uagb-infobox__content-wrap  uagb-infobox-icon-above-title uagb-infobox-image-valign-top\"><div class=\"uagb-ifb-content\"><div class=\"uagb-ifb-title-wrap\"><h4 class=\"uagb-ifb-title\">Personalisierter Kinderschreibtisch<\/h4><\/div><p class=\"uagb-ifb-desc\">Der in der Abbildung gezeigte Kinderschreibtisch aus Holz ist ein sch\u00f6nes Beispiel f\u00fcr fachm\u00e4nnische Handwerkskunst, die \u00c4sthetik, Sicherheit und Funktionalit\u00e4t zu einem perfekten Arbeitsbereich f\u00fcr Kinder vereint. Der klappbare Kindertisch und -stuhl aus Massivholz bietet ein Gleichgewicht aus Haltbarkeit und Eleganz, das ihn zu einem unverzichtbaren M\u00f6belst\u00fcck in jedem Kinderzimmer macht.<\/p><\/div><\/div>\n<\/div>\n\n\n\n<div class=\"wp-block-uagb-container uagb-block-7da49d73\">\n<div class=\"wp-block-uagb-info-box uagb-block-845cd917 uagb-infobox__content-wrap  uagb-infobox-icon-above-title uagb-infobox-image-valign-top\"><div class=\"uagb-ifb-content\"><div class=\"uagb-ifb-title-wrap\"><h4 class=\"uagb-ifb-title\">Hochwertige Materialien f\u00fcr St\u00e4rke und Stil<\/h4><\/div><p class=\"uagb-ifb-desc\">Das f\u00fcr seine warmen T\u00f6ne und seine nat\u00fcrliche Sch\u00f6nheit bekannte Erlenholz verleiht dem Holztisch f\u00fcr Kinder einen Hauch von Raffinesse. Das Set aus Kindertisch und 2 St\u00fchlen hat eine glatte Oberfl\u00e4che und eine reiche Maserung, die den \u00e4sthetischen Reiz erh\u00f6ht und sicherstellt, dass es nahtlos in jeden Einrichtungsstil passt. Das f\u00fcr seine Festigkeit und Stabilit\u00e4t ausgew\u00e4hlte Sperrholz sorgt daf\u00fcr, dass der Tisch nicht nur leicht, sondern auch stabil genug ist, um jahrelangem Gebrauch standzuhalten, was ihn zu einer dauerhaften Investition in den Raum Ihres Kindes macht.<\/p><\/div><\/div>\n<\/div>\n\n\n\n<div class=\"wp-block-uagb-container uagb-block-a256468b\">\n<div class=\"wp-block-uagb-info-box uagb-block-28834539 uagb-infobox__content-wrap  uagb-infobox-icon-above-title uagb-infobox-image-valign-top\"><div class=\"uagb-ifb-content\"><div class=\"uagb-ifb-title-wrap\"><h4 class=\"uagb-ifb-title\">Sicherheit und Komfort \u00fcber alles<\/h4><\/div><p class=\"uagb-ifb-desc\">Glatte Kanten und Oberfl\u00e4chen, die mit Blick auf die Sicherheit Ihres Kindes entworfen wurden. Der h\u00f6lzerne Lerntisch f\u00fcr Kinder verf\u00fcgt \u00fcber abgerundete Kanten und eine glatte Oberfl\u00e4che, um versehentliche St\u00f6\u00dfe oder Verletzungen zu vermeiden. Der Schreibtisch f\u00f6rdert eine gute K\u00f6rperhaltung durch seine durchdachte H\u00f6he und Beinfreiheit, so dass Kinder \u00fcber l\u00e4ngere Zeit bequem sitzen k\u00f6nnen, egal ob sie lernen, zeichnen oder basteln.<\/p><\/div><\/div>\n<\/div>\n<\/div>\n\n\n\n<div class=\"wp-block-uagb-container uagb-block-07bfc131\">\n<figure class=\"wp-block-image size-full alignleft\"><img loading=\"lazy\" decoding=\"async\" width=\"600\" height=\"750\" src=\"https:\/\/www.wonfulity.com\/wp-content\/uploads\/kids-wooden-table-chair-set.jpg\" alt=\"Holzlerntisch f\u00fcr Kinder\" class=\"wp-image-11732\" title=\"\" srcset=\"https:\/\/www.wonfulity.com\/wp-content\/uploads\/kids-wooden-table-chair-set.jpg 600w, https:\/\/www.wonfulity.com\/wp-content\/uploads\/kids-wooden-table-chair-set-240x300.jpg 240w, https:\/\/www.wonfulity.com\/wp-content\/uploads\/kids-wooden-table-chair-set-10x12.jpg 10w\" sizes=\"auto, (max-width: 600px) 100vw, 600px\" \/><\/figure>\n<\/div>\n<\/div><\/div>\n\n\n\n<div class=\"wp-block-uagb-container uagb-block-942c266d alignfull uagb-is-root-container\"><div class=\"uagb-container-inner-blocks-wrap\">\n<div class=\"wp-block-uagb-container uagb-block-cdfbwk39\">\n<div class=\"wp-block-uagb-container uagb-block-taa9jvn9\"><\/div>\n\n\n\n<div class=\"wp-block-uagb-container uagb-block-e6uqhnjy\">\n<div class=\"wp-block-uagb-info-box uagb-block-sm9wy83a uagb-infobox__content-wrap  uagb-infobox-icon-above-title uagb-infobox-image-valign-top\"><div class=\"uagb-ifb-content\"><div class=\"uagb-ifb-title-wrap\"><h4 class=\"uagb-ifb-title\">Artikel<\/h4><\/div><\/div><\/div>\n<\/div>\n\n\n\n<div class=\"wp-block-uagb-container uagb-block-xdtgxgj6\">\n<div class=\"wp-block-uagb-info-box uagb-block-c04bcb41 uagb-infobox__content-wrap  uagb-infobox-icon-above-title uagb-infobox-image-valign-top\"><div class=\"uagb-ifb-content\"><div class=\"uagb-ifb-title-wrap\"><h4 class=\"uagb-ifb-title\">Desc<\/h4><\/div><\/div><\/div>\n<\/div>\n<\/div>\n\n\n\n<div class=\"wp-block-uagb-container uagb-block-720573f4\">\n<div class=\"wp-block-uagb-container uagb-block-d006e6eb\">\n<div class=\"wp-block-uagb-info-box uagb-block-a92ede72 uagb-infobox__content-wrap  uagb-infobox-icon-above-title uagb-infobox-image-valign-top\"><div class=\"uagb-ifb-content\"><div class=\"uagb-ifb-title-wrap\"><p class=\"uagb-ifb-title-prefix\">01<\/p><\/div><\/div><\/div>\n<\/div>\n\n\n\n<div class=\"wp-block-uagb-container uagb-block-32771033\">\n<div class=\"wp-block-uagb-info-box uagb-block-aaee5390 uagb-infobox__content-wrap  uagb-infobox-icon-above-title uagb-infobox-image-valign-top\"><div class=\"uagb-ifb-content\"><div class=\"uagb-ifb-title-wrap\"><h4 class=\"uagb-ifb-title\"><strong>Niedrig-Profil-Design<\/strong><\/h4><\/div><\/div><\/div>\n<\/div>\n\n\n\n<div class=\"wp-block-uagb-container uagb-block-d985a046\">\n<div class=\"wp-block-uagb-info-box uagb-block-2b0922dc uagb-infobox__content-wrap  uagb-infobox-icon-above-title uagb-infobox-image-valign-top\"><div class=\"uagb-ifb-content\"><div class=\"uagb-ifb-title-wrap\"><p class=\"uagb-ifb-title\">Jeder Holztisch f\u00fcr Kinder ist ein Unikat, das die nat\u00fcrlichen Eigenschaften des Holzes, wie Maserung und \u00c4ste, zur Geltung bringt und dem St\u00fcck Charme und Individualit\u00e4t verleiht.<\/p><\/div><\/div><\/div>\n<\/div>\n<\/div>\n\n\n\n<div class=\"wp-block-uagb-container uagb-block-95a6e317\">\n<div class=\"wp-block-uagb-container uagb-block-2e70f36a\">\n<div class=\"wp-block-uagb-info-box uagb-block-8efb1163 uagb-infobox__content-wrap  uagb-infobox-icon-above-title uagb-infobox-image-valign-top\"><div class=\"uagb-ifb-content\"><div class=\"uagb-ifb-title-wrap\"><p class=\"uagb-ifb-title-prefix\">02<\/p><\/div><\/div><\/div>\n<\/div>\n\n\n\n<div class=\"wp-block-uagb-container uagb-block-c25bc4e9\">\n<div class=\"wp-block-uagb-info-box uagb-block-8e5653f6 uagb-infobox__content-wrap  uagb-infobox-icon-above-title uagb-infobox-image-valign-top\"><div class=\"uagb-ifb-content\"><div class=\"uagb-ifb-title-wrap\"><h4 class=\"uagb-ifb-title\">Vielseitiger Stil<\/h4><\/div><\/div><\/div>\n<\/div>\n\n\n\n<div class=\"wp-block-uagb-container uagb-block-e4b73fff\">\n<div class=\"wp-block-uagb-info-box uagb-block-257d2f01 uagb-infobox__content-wrap  uagb-infobox-icon-above-title uagb-infobox-image-valign-top\"><div class=\"uagb-ifb-content\"><div class=\"uagb-ifb-title-wrap\"><p class=\"uagb-ifb-title\">Das minimalistische und doch elegante Design sorgt daf\u00fcr, dass der Schreibtisch zu einer Vielzahl von Einrichtungsstilen passt, von modern bis rustikal, und macht ihn zu einer zeitlosen Erg\u00e4nzung des Kinderzimmers.<\/p><\/div><\/div><\/div>\n<\/div>\n<\/div>\n\n\n\n<div class=\"wp-block-uagb-container uagb-block-00d46b71\">\n<div class=\"wp-block-uagb-container uagb-block-63be2ee0\">\n<div class=\"wp-block-uagb-info-box uagb-block-86f40bc4 uagb-infobox__content-wrap  uagb-infobox-icon-above-title uagb-infobox-image-valign-top\"><div class=\"uagb-ifb-content\"><div class=\"uagb-ifb-title-wrap\"><p class=\"uagb-ifb-title-prefix\">03<\/p><\/div><\/div><\/div>\n<\/div>\n\n\n\n<div class=\"wp-block-uagb-container uagb-block-f9a9ed48\">\n<div class=\"wp-block-uagb-info-box uagb-block-a01a3038 uagb-infobox__content-wrap  uagb-infobox-icon-above-title uagb-infobox-image-valign-top\"><div class=\"uagb-ifb-content\"><div class=\"uagb-ifb-title-wrap\"><h4 class=\"uagb-ifb-title\">Einzigartiges Design<\/h4><\/div><\/div><\/div>\n<\/div>\n\n\n\n<div class=\"wp-block-uagb-container uagb-block-ea615933\">\n<div class=\"wp-block-uagb-info-box uagb-block-6f5b8a81 uagb-infobox__content-wrap  uagb-infobox-icon-above-title uagb-infobox-image-valign-top\"><div class=\"uagb-ifb-content\"><div class=\"uagb-ifb-title-wrap\"><p class=\"uagb-ifb-title\">Holzlerntisch f\u00fcr Kinder mit einzigartigem und visuell ansprechendem Design.<\/p><\/div><\/div><\/div>\n<\/div>\n<\/div>\n<\/div><\/div>\n\n\n\n<div class=\"wp-block-uagb-container uagb-block-10733882 alignfull uagb-is-root-container\"><div class=\"uagb-container-inner-blocks-wrap\">\n<div class=\"wp-block-uagb-container uagb-block-a3ecce27\">\n<div class=\"wp-block-uagb-image uagb-block-a9f8ab9c wp-block-uagb-image--layout-default wp-block-uagb-image--effect-static wp-block-uagb-image--align-none\"><figure class=\"wp-block-uagb-image__figure\"><img decoding=\"async\" srcset=\"https:\/\/www.wonfulity.com\/wp-content\/uploads\/Cao-County-Runwan-Crafts-Co-Ltd-1.webp ,https:\/\/www.wonfulity.com\/wp-content\/uploads\/Cao-County-Runwan-Crafts-Co-Ltd-1.webp 780w, https:\/\/www.wonfulity.com\/wp-content\/uploads\/Cao-County-Runwan-Crafts-Co-Ltd-1.webp 360w\" sizes=\"auto, (max-width: 480px) 150px\" src=\"https:\/\/www.wonfulity.com\/wp-content\/uploads\/Cao-County-Runwan-Crafts-Co-Ltd-1.webp\" alt=\"Holzfabrik\" class=\"uag-image-11115\" width=\"400\" height=\"300\" title=\"Holzfabrik\" loading=\"lazy\" role=\"img\"\/><\/figure><\/div>\n\n\n\n<div class=\"wp-block-uagb-image uagb-block-e21af5fb wp-block-uagb-image--layout-default wp-block-uagb-image--effect-static wp-block-uagb-image--align-none\"><figure class=\"wp-block-uagb-image__figure\"><img decoding=\"async\" srcset=\"https:\/\/www.wonfulity.com\/wp-content\/uploads\/10-3-1024x640.png ,https:\/\/www.wonfulity.com\/wp-content\/uploads\/10-3.png 780w, https:\/\/www.wonfulity.com\/wp-content\/uploads\/10-3.png 360w\" sizes=\"auto, (max-width: 480px) 150px\" src=\"https:\/\/www.wonfulity.com\/wp-content\/uploads\/10-3-1024x640.png\" alt=\"Holzfabrik\" class=\"uag-image-10974\" width=\"400\" height=\"300\" title=\"Holzfabrik\" loading=\"lazy\" role=\"img\"\/><\/figure><\/div>\n<\/div>\n\n\n\n<div class=\"wp-block-uagb-container uagb-block-1c90d097\">\n<div class=\"wp-block-uagb-image uagb-block-e676099f wp-block-uagb-image--layout-default wp-block-uagb-image--effect-static wp-block-uagb-image--align-none\"><figure class=\"wp-block-uagb-image__figure\"><img decoding=\"async\" srcset=\"https:\/\/www.wonfulity.com\/wp-content\/uploads\/13.png ,https:\/\/www.wonfulity.com\/wp-content\/uploads\/13.png 780w, https:\/\/www.wonfulity.com\/wp-content\/uploads\/13.png 360w\" sizes=\"auto, (max-width: 480px) 150px\" src=\"https:\/\/www.wonfulity.com\/wp-content\/uploads\/13.png\" alt=\"Holzfabrik\" class=\"uag-image-10941\" width=\"400\" height=\"300\" title=\"Holzfabrik\" loading=\"lazy\" role=\"img\"\/><\/figure><\/div>\n\n\n\n<div class=\"wp-block-uagb-image uagb-block-8f557fa6 wp-block-uagb-image--layout-default wp-block-uagb-image--effect-static wp-block-uagb-image--align-none\"><figure class=\"wp-block-uagb-image__figure\"><img decoding=\"async\" srcset=\"https:\/\/www.wonfulity.com\/wp-content\/uploads\/Cao-County-Runwan-Crafts-Co-Ltd-.webp ,https:\/\/www.wonfulity.com\/wp-content\/uploads\/Cao-County-Runwan-Crafts-Co-Ltd-.webp 780w, https:\/\/www.wonfulity.com\/wp-content\/uploads\/Cao-County-Runwan-Crafts-Co-Ltd-.webp 360w\" sizes=\"auto, (max-width: 480px) 150px\" src=\"https:\/\/www.wonfulity.com\/wp-content\/uploads\/Cao-County-Runwan-Crafts-Co-Ltd-.webp\" alt=\"Holzfabrik\" class=\"uag-image-11116\" width=\"400\" height=\"300\" title=\"Holzfabrik\" loading=\"lazy\" role=\"img\"\/><\/figure><\/div>\n<\/div>\n\n\n\n<div class=\"wp-block-uagb-container uagb-block-5ed9251a\">\n<div class=\"wp-block-uagb-image uagb-block-ab006938 wp-block-uagb-image--layout-default wp-block-uagb-image--effect-static wp-block-uagb-image--align-none\"><figure class=\"wp-block-uagb-image__figure\"><img decoding=\"async\" srcset=\"https:\/\/www.wonfulity.com\/wp-content\/uploads\/19.png ,https:\/\/www.wonfulity.com\/wp-content\/uploads\/19.png 780w, https:\/\/www.wonfulity.com\/wp-content\/uploads\/19.png 360w\" sizes=\"auto, (max-width: 480px) 150px\" src=\"https:\/\/www.wonfulity.com\/wp-content\/uploads\/19.png\" alt=\"Holzfabrik\" class=\"uag-image-10947\" width=\"400\" height=\"300\" title=\"Holzfabrik\" loading=\"lazy\" role=\"img\"\/><\/figure><\/div>\n\n\n\n<div class=\"wp-block-uagb-image uagb-block-3382ec21 wp-block-uagb-image--layout-default wp-block-uagb-image--effect-static wp-block-uagb-image--align-none\"><figure class=\"wp-block-uagb-image__figure\"><img decoding=\"async\" srcset=\"https:\/\/www.wonfulity.com\/wp-content\/uploads\/\u672a\u547d\u540d\u7684\u8bbe\u8ba1-21.png ,https:\/\/www.wonfulity.com\/wp-content\/uploads\/\u672a\u547d\u540d\u7684\u8bbe\u8ba1-21.png 780w, https:\/\/www.wonfulity.com\/wp-content\/uploads\/\u672a\u547d\u540d\u7684\u8bbe\u8ba1-21.png 360w\" sizes=\"auto, (max-width: 480px) 150px\" src=\"https:\/\/www.wonfulity.com\/wp-content\/uploads\/\u672a\u547d\u540d\u7684\u8bbe\u8ba1-21.png\" alt=\"Holzfabrik\" class=\"uag-image-11118\" width=\"400\" height=\"300\" title=\"Holzfabrik\" loading=\"lazy\" role=\"img\"\/><\/figure><\/div>\n<\/div>\n<\/div><\/div>\n\n\n\n<p><\/p>","protected":false},"excerpt":{"rendered":"<p>Dieser h\u00f6lzerne Lerntisch f\u00fcr Kinder ist mehr als nur ein M\u00f6belst\u00fcck; er ist ein Raum, der Kreativit\u00e4t, Produktivit\u00e4t und die Liebe zum Lernen f\u00f6rdern soll. Egal, ob er zum Lernen, Lesen oder f\u00fcr k\u00fcnstlerische Aktivit\u00e4ten genutzt wird, er bietet eine bequeme und inspirierende Umgebung, in der sich Ihr Kind entfalten kann.<\/p>\n<p>Holztisch f\u00fcr Kinder, hergestellt aus einer Kombination von Erle und Sperrholz f\u00fcr Langlebigkeit und Eleganz, kinderfreundliches Design, glatte Kanten, abgerundete Ecken und ergonomische Merkmale, die Sicherheit und Komfort in den Vordergrund stellen. Der Tisch f\u00fcgt sich m\u00fchelos in jede Zimmereinrichtung ein und unterstreicht die nat\u00fcrliche Sch\u00f6nheit des Holzes. Er ist so gebaut, dass er jahrelangem Gebrauch standh\u00e4lt, was ihn zu einer praktischen und dauerhaften Investition f\u00fcr Ihr Kind macht.<\/p>\n<p>Dieser Holztisch f\u00fcr Kinder ist nicht nur ein Arbeitsplatz, sondern ein sorgf\u00e4ltig gestalteter Begleiter f\u00fcr das Wachstum und die Entwicklung Ihres Kindes. Durch die Kombination von Funktionalit\u00e4t und visueller Attraktivit\u00e4t schafft er eine Umgebung, die Kreativit\u00e4t, Konzentration und Freude an den t\u00e4glichen Aktivit\u00e4ten f\u00f6rdert. Dieser Kindertisch mit St\u00fchlen passt perfekt in jedes Kinderzimmer und ist ein Beweis f\u00fcr durchdachtes Design und hochwertige Handwerkskunst.<\/p>\n<p>Suchen Sie nach passenden Produkten? Sehen Sie unser<strong> <a href=\"https:\/\/www.wonfulity.com\/de\/produkt\/\">Produkte f\u00fcr Kinderm\u00f6bel<\/a><\/strong><br \/>Ben\u00f6tigen Sie mehr Optionen oder ein schnelles Angebot? In unserem internationalen Shop finden Sie die neuesten Kollektionen\uff1a.<\/p>\n<ul>\n<li><strong><a href=\"https:\/\/zhizhenmei.en.alibaba.com\/?spm=a2700.29482153.0.0.71d571d2UuhFW4\" target=\"_blank\" rel=\"noopener sponsored\">Internationales Gesch\u00e4ft 1<\/a><\/strong><\/li>\n<li><strong><a href=\"https:\/\/caoxianaoyi.en.alibaba.com\/?spm=a2700.29482153.0.0.427c71d26Wtq4L\" target=\"_blank\" rel=\"noopener sponsored\">Internationales Gesch\u00e4ft 2<\/a><\/strong><\/li>\n<\/ul>","protected":false},"featured_media":12063,"template":"","meta":{"_uag_custom_page_level_css":"","site-sidebar-layout":"default","site-content-layout":"","ast-site-content-layout":"default","site-content-style":"default","site-sidebar-style":"default","ast-global-header-display":"","ast-banner-title-visibility":"","ast-main-header-display":"","ast-hfb-above-header-display":"","ast-hfb-below-header-display":"","ast-hfb-mobile-header-display":"","site-post-title":"","ast-breadcrumbs-content":"","ast-featured-img":"","footer-sml-layout":"","ast-disable-related-posts":"","theme-transparent-header-meta":"","adv-header-id-meta":"","stick-header-meta":"","header-above-stick-meta":"","header-main-stick-meta":"","header-below-stick-meta":"","astra-migrate-meta-layouts":"default","ast-page-background-enabled":"default","ast-page-background-meta":{"desktop":{"background-color":"var(--ast-global-color-4)","background-image":"","background-repeat":"repeat","background-position":"center center","background-size":"auto","background-attachment":"scroll","background-type":"","background-media":"","overlay-type":"","overlay-color":"","overlay-opacity":"","overlay-gradient":""},"tablet":{"background-color":"","background-image":"","background-repeat":"repeat","background-position":"center center","background-size":"auto","background-attachment":"scroll","background-type":"","background-media":"","overlay-type":"","overlay-color":"","overlay-opacity":"","overlay-gradient":""},"mobile":{"background-color":"","background-image":"","background-repeat":"repeat","background-position":"center center","background-size":"auto","background-attachment":"scroll","background-type":"","background-media":"","overlay-type":"","overlay-color":"","overlay-opacity":"","overlay-gradient":""}},"ast-content-background-meta":{"desktop":{"background-color":"var(--ast-global-color-5)","background-image":"","background-repeat":"repeat","background-position":"center center","background-size":"auto","background-attachment":"scroll","background-type":"","background-media":"","overlay-type":"","overlay-color":"","overlay-opacity":"","overlay-gradient":""},"tablet":{"background-color":"var(--ast-global-color-5)","background-image":"","background-repeat":"repeat","background-position":"center center","background-size":"auto","background-attachment":"scroll","background-type":"","background-media":"","overlay-type":"","overlay-color":"","overlay-opacity":"","overlay-gradient":""},"mobile":{"background-color":"var(--ast-global-color-5)","background-image":"","background-repeat":"repeat","background-position":"center center","background-size":"auto","background-attachment":"scroll","background-type":"","background-media":"","overlay-type":"","overlay-color":"","overlay-opacity":"","overlay-gradient":""}}},"product_brand":[],"product_cat":[382,15],"product_tag":[],"class_list":{"0":"post-11728","1":"product","2":"type-product","3":"status-publish","4":"has-post-thumbnail","6":"product_cat-custom-kids-tables-chair","7":"product_cat-all","8":"desktop-align-left","9":"tablet-align-left","10":"mobile-align-left","11":"ast-product-gallery-layout-horizontal-slider","12":"ast-product-tabs-layout-horizontal","14":"first","15":"instock","16":"shipping-taxable","17":"product-type-simple"},"uagb_featured_image_src":{"full":["https:\/\/www.wonfulity.com\/wp-content\/uploads\/BOB\u72ec\u7acb\u7ad9\u4e3b\u9898\u8c03\u6574-\u526f\u672c-9.png",600,700,false],"thumbnail":["https:\/\/www.wonfulity.com\/wp-content\/uploads\/BOB\u72ec\u7acb\u7ad9\u4e3b\u9898\u8c03\u6574-\u526f\u672c-9-150x150.png",150,150,true],"medium":["https:\/\/www.wonfulity.com\/wp-content\/uploads\/BOB\u72ec\u7acb\u7ad9\u4e3b\u9898\u8c03\u6574-\u526f\u672c-9-257x300.png",257,300,true],"medium_large":["https:\/\/www.wonfulity.com\/wp-content\/uploads\/BOB\u72ec\u7acb\u7ad9\u4e3b\u9898\u8c03\u6574-\u526f\u672c-9.png",600,700,false],"large":["https:\/\/www.wonfulity.com\/wp-content\/uploads\/BOB\u72ec\u7acb\u7ad9\u4e3b\u9898\u8c03\u6574-\u526f\u672c-9.png",600,700,false],"1536x1536":["https:\/\/www.wonfulity.com\/wp-content\/uploads\/BOB\u72ec\u7acb\u7ad9\u4e3b\u9898\u8c03\u6574-\u526f\u672c-9.png",600,700,false],"2048x2048":["https:\/\/www.wonfulity.com\/wp-content\/uploads\/BOB\u72ec\u7acb\u7ad9\u4e3b\u9898\u8c03\u6574-\u526f\u672c-9.png",600,700,false],"trp-custom-language-flag":["https:\/\/www.wonfulity.com\/wp-content\/uploads\/BOB\u72ec\u7acb\u7ad9\u4e3b\u9898\u8c03\u6574-\u526f\u672c-9-10x12.png",10,12,true],"woocommerce_thumbnail":["https:\/\/www.wonfulity.com\/wp-content\/uploads\/BOB\u72ec\u7acb\u7ad9\u4e3b\u9898\u8c03\u6574-\u526f\u672c-9-450x570.png",450,570,true],"woocommerce_single":["https:\/\/www.wonfulity.com\/wp-content\/uploads\/BOB\u72ec\u7acb\u7ad9\u4e3b\u9898\u8c03\u6574-\u526f\u672c-9.png",600,700,false],"woocommerce_gallery_thumbnail":["https:\/\/www.wonfulity.com\/wp-content\/uploads\/BOB\u72ec\u7acb\u7ad9\u4e3b\u9898\u8c03\u6574-\u526f\u672c-9-100x100.png",100,100,true]},"uagb_author_info":{"display_name":"caijinyue","author_link":"https:\/\/www.wonfulity.com\/de\/blogs\/author\/"},"uagb_comment_info":0,"uagb_excerpt":"This wooden study table for kids is more than just a piece of furniture; it\u2019s a space designed to foster creativity, productivity, and a love for learning. Whether it\u2019s used for studying, reading, or engaging in artistic pursuits, it provides a comfortable and inspiring environment for your child to thrive. Wooden study table for kids&hellip;","_links":{"self":[{"href":"https:\/\/www.wonfulity.com\/de\/wp-json\/wp\/v2\/product\/11728","targetHints":{"allow":["GET"]}}],"collection":[{"href":"https:\/\/www.wonfulity.com\/de\/wp-json\/wp\/v2\/product"}],"about":[{"href":"https:\/\/www.wonfulity.com\/de\/wp-json\/wp\/v2\/types\/product"}],"wp:featuredmedia":[{"embeddable":true,"href":"https:\/\/www.wonfulity.com\/de\/wp-json\/wp\/v2\/media\/12063"}],"wp:attachment":[{"href":"https:\/\/www.wonfulity.com\/de\/wp-json\/wp\/v2\/media?parent=11728"}],"wp:term":[{"taxonomy":"product_brand","embeddable":true,"href":"https:\/\/www.wonfulity.com\/de\/wp-json\/wp\/v2\/product_brand?post=11728"},{"taxonomy":"product_cat","embeddable":true,"href":"https:\/\/www.wonfulity.com\/de\/wp-json\/wp\/v2\/product_cat?post=11728"},{"taxonomy":"product_tag","embeddable":true,"href":"https:\/\/www.wonfulity.com\/de\/wp-json\/wp\/v2\/product_tag?post=11728"}],"curies":[{"name":"wp","href":"https:\/\/api.w.org\/{rel}","templated":true}]}}