{"id":11759,"date":"2024-12-10T08:48:17","date_gmt":"2024-12-10T00:48:17","guid":{"rendered":"https:\/\/www.wonfulity.com\/?post_type=product&#038;p=11759"},"modified":"2024-12-10T11:25:25","modified_gmt":"2024-12-10T03:25:25","slug":"wooden-toy-digital-clock","status":"publish","type":"product","link":"https:\/\/www.wonfulity.com\/de\/produkt\/holzspielzeug-digitaluhr\/","title":{"rendered":"Spielzeug-Digitaluhr aus Holz"},"content":{"rendered":"<div class=\"wp-block-uagb-container uagb-block-d15b9ca3 alignfull uagb-is-root-container\"><div class=\"uagb-container-inner-blocks-wrap\">\n<div class=\"wp-block-uagb-container uagb-block-f7df6427\">\n<div class=\"wp-block-uagb-container uagb-block-9455ef5b\">\n<div class=\"wp-block-uagb-info-box uagb-block-d4df3463 uagb-infobox__content-wrap  uagb-infobox-icon-above-title uagb-infobox-image-valign-top\"><div class=\"uagb-ifb-content\"><div class=\"uagb-ifb-title-wrap\"><h4 class=\"uagb-ifb-title\"><strong>P\u00e4dagogische Funktion<\/strong><\/h4><\/div><p class=\"uagb-ifb-desc\">Diese Holzspielzeug-Digitaluhr entspricht den p\u00e4dagogischen Grunds\u00e4tzen von Montessori. Sie f\u00f6rdert das praktische Lernen und erm\u00f6glicht es Kindern, den Lauf der Zeit selbstst\u00e4ndig zu erforschen und zu verstehen. Dieser Ansatz des selbstgesteuerten Lernens ist entscheidend f\u00fcr die kognitive Entwicklung eines Kindes.<\/p><\/div><\/div>\n<\/div>\n\n\n\n<div class=\"wp-block-uagb-info-box uagb-block-845cd917 uagb-infobox__content-wrap  uagb-infobox-icon-above-title uagb-infobox-image-valign-top\"><div class=\"uagb-ifb-content\"><div class=\"uagb-ifb-title-wrap\"><h4 class=\"uagb-ifb-title\"><strong>Spiel und Interaktion<\/strong><\/h4><\/div><p class=\"uagb-ifb-desc\">Unsere h\u00f6lzerne Wanduhr f\u00fcr Kinder ist ein perfektes Lernspielzeug f\u00fcr Kinder, mit dem sie ihre t\u00e4glichen Abl\u00e4ufe wie Aufwachen, zur Schule gehen, Essen und Schlafengehen simulieren k\u00f6nnen. Montessori-Lernspielzeug f\u00f6rdert ihre Kreativit\u00e4t und sozialen F\u00e4higkeiten.<\/p><\/div><\/div>\n\n\n\n<div class=\"wp-block-uagb-container uagb-block-a256468b\">\n<div class=\"wp-block-uagb-info-box uagb-block-28834539 uagb-infobox__content-wrap  uagb-infobox-icon-above-title uagb-infobox-image-valign-top\"><div class=\"uagb-ifb-content\"><div class=\"uagb-ifb-title-wrap\"><h4 class=\"uagb-ifb-title\"><br><strong><strong>Perfekt f\u00fcr B2B-Fertigung und kundenspezifische Anpassung<\/strong><\/strong><\/h4><\/div><p class=\"uagb-ifb-desc\">Unsere Holzspielzeug-Digitaluhr ist ein hervorragendes Produkt. Sie ist aus hochwertigem, umweltfreundlichem Holz gefertigt und garantiert Sicherheit und Langlebigkeit. Es ist ein ausgezeichnetes p\u00e4dagogisches Werkzeug f\u00fcr Kinder. Diese Holzspielzeuguhr ist eine umweltfreundliche Wahl und ein vielseitiges, anpassbares p\u00e4dagogisches Werkzeug.  Gro\u00dfbestellungen sind m\u00f6glich, und unser optimierter Versand und unsere strengen Qualit\u00e4tskontrollverfahren stellen sicher, dass die Nachfrage effektiv erf\u00fcllt wird.<\/p><\/div><\/div>\n<\/div>\n<\/div>\n\n\n\n<div class=\"wp-block-uagb-container uagb-block-07bfc131\">\n<div class=\"wp-block-uagb-image uagb-block-b4bb948c wp-block-uagb-image--layout-default wp-block-uagb-image--effect-static wp-block-uagb-image--align-none alignleft\"><figure class=\"wp-block-uagb-image__figure\"><img decoding=\"async\" srcset=\"https:\/\/www.wonfulity.com\/wp-content\/uploads\/il_794xN.2000361064_1ao8.jpg ,https:\/\/www.wonfulity.com\/wp-content\/uploads\/il_794xN.2000361064_1ao8.jpg 780w, https:\/\/www.wonfulity.com\/wp-content\/uploads\/il_794xN.2000361064_1ao8.jpg 360w\" sizes=\"auto, (max-width: 480px) 150px\" src=\"https:\/\/www.wonfulity.com\/wp-content\/uploads\/il_794xN.2000361064_1ao8.jpg\" alt=\"Spielzeug-Digitaluhr aus Holz\" class=\"uag-image-11762\" width=\"600\" height=\"700\" title=\"il_794xN.2000361064_1ao8\" loading=\"lazy\" role=\"img\"\/><\/figure><\/div>\n<\/div>\n<\/div><\/div>\n\n\n\n<div class=\"wp-block-uagb-container uagb-block-942c266d alignfull uagb-is-root-container\"><div class=\"uagb-container-inner-blocks-wrap\">\n<div class=\"wp-block-uagb-container uagb-block-cdfbwk39\">\n<div class=\"wp-block-uagb-container uagb-block-taa9jvn9\"><\/div>\n\n\n\n<div class=\"wp-block-uagb-container uagb-block-e6uqhnjy\">\n<div class=\"wp-block-uagb-info-box uagb-block-sm9wy83a uagb-infobox__content-wrap  uagb-infobox-icon-above-title uagb-infobox-image-valign-top\"><div class=\"uagb-ifb-content\"><div class=\"uagb-ifb-title-wrap\"><h4 class=\"uagb-ifb-title\">Artikel<\/h4><\/div><\/div><\/div>\n<\/div>\n\n\n\n<div class=\"wp-block-uagb-container uagb-block-xdtgxgj6\">\n<div class=\"wp-block-uagb-info-box uagb-block-c04bcb41 uagb-infobox__content-wrap  uagb-infobox-icon-above-title uagb-infobox-image-valign-top\"><div class=\"uagb-ifb-content\"><div class=\"uagb-ifb-title-wrap\"><h4 class=\"uagb-ifb-title\">Desc<\/h4><\/div><\/div><\/div>\n<\/div>\n<\/div>\n\n\n\n<div class=\"wp-block-uagb-container uagb-block-720573f4\">\n<div class=\"wp-block-uagb-container uagb-block-d006e6eb\">\n<div class=\"wp-block-uagb-info-box uagb-block-a92ede72 uagb-infobox__content-wrap  uagb-infobox-icon-above-title uagb-infobox-image-valign-top\"><div class=\"uagb-ifb-content\"><div class=\"uagb-ifb-title-wrap\"><p class=\"uagb-ifb-title-prefix\">01<\/p><\/div><\/div><\/div>\n<\/div>\n\n\n\n<div class=\"wp-block-uagb-container uagb-block-32771033\">\n<div class=\"wp-block-uagb-info-box uagb-block-aaee5390 uagb-infobox__content-wrap  uagb-infobox-icon-above-title uagb-infobox-image-valign-top\"><div class=\"uagb-ifb-content\"><div class=\"uagb-ifb-title-wrap\"><h4 class=\"uagb-ifb-title\"><strong>Langlebiges und umweltfreundliches Holz<\/strong><\/h4><\/div><\/div><\/div>\n<\/div>\n\n\n\n<div class=\"wp-block-uagb-container uagb-block-d985a046\">\n<div class=\"wp-block-uagb-info-box uagb-block-2b0922dc uagb-infobox__content-wrap  uagb-infobox-icon-above-title uagb-infobox-image-valign-top\"><div class=\"uagb-ifb-content\"><div class=\"uagb-ifb-title-wrap\"><p class=\"uagb-ifb-title\">Die Dorf-Digitaluhr besteht aus reinem, nat\u00fcrlichem und umweltfreundlichem Holz, um die Sicherheit der Kinder zu gew\u00e4hrleisten: Erstens ist Holz eine nat\u00fcrliche und umweltfreundliche Ressource, die f\u00fcr Kinder sicher ist. Zweitens verleiht es der Uhr ein warmes und rustikales Aussehen. Au\u00dferdem sorgen die abgerundeten Ecken f\u00fcr die Sicherheit der Kinder und verhindern versehentliche Verletzungen.<\/p><\/div><\/div><\/div>\n<\/div>\n<\/div>\n\n\n\n<div class=\"wp-block-uagb-container uagb-block-95a6e317\">\n<div class=\"wp-block-uagb-container uagb-block-2e70f36a\">\n<div class=\"wp-block-uagb-info-box uagb-block-8efb1163 uagb-infobox__content-wrap  uagb-infobox-icon-above-title uagb-infobox-image-valign-top\"><div class=\"uagb-ifb-content\"><div class=\"uagb-ifb-title-wrap\"><p class=\"uagb-ifb-title-prefix\">02<\/p><\/div><\/div><\/div>\n<\/div>\n\n\n\n<div class=\"wp-block-uagb-container uagb-block-c25bc4e9\">\n<div class=\"wp-block-uagb-info-box uagb-block-8e5653f6 uagb-infobox__content-wrap  uagb-infobox-icon-above-title uagb-infobox-image-valign-top\"><div class=\"uagb-ifb-content\"><div class=\"uagb-ifb-title-wrap\"><h4 class=\"uagb-ifb-title\"><strong>Anpassungsf\u00e4higkeit<\/strong><p class=\"MsoNormal\" style=\"margin-top:6.0000pt;margin-right:0.0000pt;margin-bottom:0.0000pt;margin-left:36.0000pt;text-indent:-18.0000pt;padding:0pt 0pt 0pt 0pt\"><span style=\"font-family:Calibri;font-size:10.5000pt\"><\/span><\/p><\/h4><\/div><\/div><\/div>\n<\/div>\n\n\n\n<div class=\"wp-block-uagb-container uagb-block-e4b73fff\">\n<p>Wir verstehen, dass verschiedene p\u00e4dagogische Einstellungen unterschiedliche Platzanforderungen haben. Daher bieten wir die M\u00f6glichkeit, die Gr\u00f6\u00dfe des Holzspielzeugs Digitaluhr, um Ihre spezifischen Bed\u00fcrfnisse anzupassen.einschlie\u00dflich Produktgr\u00f6\u00dfe Farbe und digitale Verh\u00e4ltnis Anpassung, ob Sie eine 12 - Stunde oder 24 - Stunden-Format ben\u00f6tigen.<\/p>\n<\/div>\n<\/div>\n\n\n\n<div class=\"wp-block-uagb-container uagb-block-00d46b71\">\n<div class=\"wp-block-uagb-container uagb-block-63be2ee0\">\n<div class=\"wp-block-uagb-info-box uagb-block-86f40bc4 uagb-infobox__content-wrap  uagb-infobox-icon-above-title uagb-infobox-image-valign-top\"><div class=\"uagb-ifb-content\"><div class=\"uagb-ifb-title-wrap\"><p class=\"uagb-ifb-title-prefix\">03<\/p><\/div><\/div><\/div>\n<\/div>\n\n\n\n<div class=\"wp-block-uagb-container uagb-block-f9a9ed48\">\n<div class=\"wp-block-uagb-info-box uagb-block-a01a3038 uagb-infobox__content-wrap  uagb-infobox-icon-above-title uagb-infobox-image-valign-top\"><div class=\"uagb-ifb-content\"><div class=\"uagb-ifb-title-wrap\"><h4 class=\"uagb-ifb-title\"><strong>Einfache Montage und Wartung<\/strong><\/h4><\/div><\/div><\/div>\n<\/div>\n\n\n\n<div class=\"wp-block-uagb-container uagb-block-ea615933\">\n<p>Unsere Montessori Lernspielzeug Kinder Wanduhr ist unglaublich einfach zu installieren. Sie wird mit einfachen, klaren Anweisungen geliefert, denen jeder folgen kann. Es sind keine komplizierten Werkzeuge oder Verfahren erforderlich. Nur ein paar Minuten Ihrer Zeit, und Sie k\u00f6nnen diese charmante Uhr an der Wand montiert haben, bereit, Ihr Haus zu schm\u00fccken und helfen Sie Ihrem Kind \u00fcber die Zeit zu lernen.<\/p>\n<\/div>\n<\/div>\n<\/div><\/div>\n\n\n\n<div class=\"wp-block-uagb-container uagb-block-10733882 alignfull uagb-is-root-container\"><div class=\"uagb-container-inner-blocks-wrap\">\n<div class=\"wp-block-uagb-container uagb-block-a3ecce27\">\n<div class=\"wp-block-uagb-image uagb-block-a9f8ab9c wp-block-uagb-image--layout-default wp-block-uagb-image--effect-static wp-block-uagb-image--align-none\"><figure class=\"wp-block-uagb-image__figure\"><img decoding=\"async\" srcset=\"https:\/\/www.wonfulity.com\/wp-content\/uploads\/Cao-County-Runwan-Crafts-Co-Ltd-1.webp ,https:\/\/www.wonfulity.com\/wp-content\/uploads\/Cao-County-Runwan-Crafts-Co-Ltd-1.webp 780w, https:\/\/www.wonfulity.com\/wp-content\/uploads\/Cao-County-Runwan-Crafts-Co-Ltd-1.webp 360w\" sizes=\"auto, (max-width: 480px) 150px\" src=\"https:\/\/www.wonfulity.com\/wp-content\/uploads\/Cao-County-Runwan-Crafts-Co-Ltd-1.webp\" alt=\"Holzfabrik\" class=\"uag-image-11115\" width=\"400\" height=\"300\" title=\"Holzfabrik\" loading=\"lazy\" role=\"img\"\/><\/figure><\/div>\n\n\n\n<div class=\"wp-block-uagb-image uagb-block-e21af5fb wp-block-uagb-image--layout-default wp-block-uagb-image--effect-static wp-block-uagb-image--align-none\"><figure class=\"wp-block-uagb-image__figure\"><img decoding=\"async\" srcset=\"https:\/\/www.wonfulity.com\/wp-content\/uploads\/10-3-1024x640.png ,https:\/\/www.wonfulity.com\/wp-content\/uploads\/10-3.png 780w, https:\/\/www.wonfulity.com\/wp-content\/uploads\/10-3.png 360w\" sizes=\"auto, (max-width: 480px) 150px\" src=\"https:\/\/www.wonfulity.com\/wp-content\/uploads\/10-3-1024x640.png\" alt=\"Holzfabrik\" class=\"uag-image-10974\" width=\"400\" height=\"300\" title=\"Holzfabrik\" loading=\"lazy\" role=\"img\"\/><\/figure><\/div>\n<\/div>\n\n\n\n<div class=\"wp-block-uagb-container uagb-block-1c90d097\">\n<div class=\"wp-block-uagb-image uagb-block-e676099f wp-block-uagb-image--layout-default wp-block-uagb-image--effect-static wp-block-uagb-image--align-none\"><figure class=\"wp-block-uagb-image__figure\"><img decoding=\"async\" srcset=\"https:\/\/www.wonfulity.com\/wp-content\/uploads\/13.png ,https:\/\/www.wonfulity.com\/wp-content\/uploads\/13.png 780w, https:\/\/www.wonfulity.com\/wp-content\/uploads\/13.png 360w\" sizes=\"auto, (max-width: 480px) 150px\" src=\"https:\/\/www.wonfulity.com\/wp-content\/uploads\/13.png\" alt=\"Holzfabrik\" class=\"uag-image-10941\" width=\"400\" height=\"300\" title=\"Holzfabrik\" loading=\"lazy\" role=\"img\"\/><\/figure><\/div>\n\n\n\n<div class=\"wp-block-uagb-image uagb-block-8f557fa6 wp-block-uagb-image--layout-default wp-block-uagb-image--effect-static wp-block-uagb-image--align-none\"><figure class=\"wp-block-uagb-image__figure\"><img decoding=\"async\" srcset=\"https:\/\/www.wonfulity.com\/wp-content\/uploads\/Cao-County-Runwan-Crafts-Co-Ltd-.webp ,https:\/\/www.wonfulity.com\/wp-content\/uploads\/Cao-County-Runwan-Crafts-Co-Ltd-.webp 780w, https:\/\/www.wonfulity.com\/wp-content\/uploads\/Cao-County-Runwan-Crafts-Co-Ltd-.webp 360w\" sizes=\"auto, (max-width: 480px) 150px\" src=\"https:\/\/www.wonfulity.com\/wp-content\/uploads\/Cao-County-Runwan-Crafts-Co-Ltd-.webp\" alt=\"Holzfabrik\" class=\"uag-image-11116\" width=\"400\" height=\"300\" title=\"Holzfabrik\" loading=\"lazy\" role=\"img\"\/><\/figure><\/div>\n<\/div>\n\n\n\n<div class=\"wp-block-uagb-container uagb-block-5ed9251a\">\n<div class=\"wp-block-uagb-image uagb-block-ab006938 wp-block-uagb-image--layout-default wp-block-uagb-image--effect-static wp-block-uagb-image--align-none\"><figure class=\"wp-block-uagb-image__figure\"><img decoding=\"async\" srcset=\"https:\/\/www.wonfulity.com\/wp-content\/uploads\/19.png ,https:\/\/www.wonfulity.com\/wp-content\/uploads\/19.png 780w, https:\/\/www.wonfulity.com\/wp-content\/uploads\/19.png 360w\" sizes=\"auto, (max-width: 480px) 150px\" src=\"https:\/\/www.wonfulity.com\/wp-content\/uploads\/19.png\" alt=\"Holzfabrik\" class=\"uag-image-10947\" width=\"400\" height=\"300\" title=\"Holzfabrik\" loading=\"lazy\" role=\"img\"\/><\/figure><\/div>\n\n\n\n<div class=\"wp-block-uagb-image uagb-block-3382ec21 wp-block-uagb-image--layout-default wp-block-uagb-image--effect-static wp-block-uagb-image--align-none\"><figure class=\"wp-block-uagb-image__figure\"><img decoding=\"async\" srcset=\"https:\/\/www.wonfulity.com\/wp-content\/uploads\/\u672a\u547d\u540d\u7684\u8bbe\u8ba1-21.png ,https:\/\/www.wonfulity.com\/wp-content\/uploads\/\u672a\u547d\u540d\u7684\u8bbe\u8ba1-21.png 780w, https:\/\/www.wonfulity.com\/wp-content\/uploads\/\u672a\u547d\u540d\u7684\u8bbe\u8ba1-21.png 360w\" sizes=\"auto, (max-width: 480px) 150px\" src=\"https:\/\/www.wonfulity.com\/wp-content\/uploads\/\u672a\u547d\u540d\u7684\u8bbe\u8ba1-21.png\" alt=\"Holzfabrik\" class=\"uag-image-11118\" width=\"400\" height=\"300\" title=\"Holzfabrik\" loading=\"lazy\" role=\"img\"\/><\/figure><\/div>\n<\/div>\n<\/div><\/div>\n\n\n\n<p><font><\/font><\/p>\n\n\n\n<p><font><\/font><\/p>\n\n\n\n<p><\/p>","protected":false},"excerpt":{"rendered":"<p>Die Spielzeug-Digitaluhr verf\u00fcgt \u00fcber klare Zahlenmarkierungen, mit denen Kinder lernen, die Zeit abzulesen. Durch das Bewegen der Stunden- und Minutenzeiger k\u00f6nnen Kinder \u00fcben, verschiedene Zeiten einzustellen und so ihr Verst\u00e4ndnis f\u00fcr Stunden, Minuten und das Konzept der Zeit zu entwickeln.Montessori-Lernspielzeug-Uhr richtet sich nach den p\u00e4dagogischen Prinzipien von Montessori. Sie f\u00f6rdert das praktische Lernen und erm\u00f6glicht es Kindern, den Lauf der Zeit selbst\u00e4ndig zu erforschen und zu verstehen. Die Kinder k\u00f6nnen so tun, als ob sie spielen w\u00fcrden, und so t\u00e4gliche Abl\u00e4ufe wie Aufwachen, zur Schule gehen, Mahlzeiten einnehmen und ins Bett gehen simulieren. Die Spielzeuguhr ist auch ein hervorragendes Instrument f\u00fcr Eltern oder Erzieher, um mit den Kindern zu interagieren. Sie k\u00f6nnen Spiele wie \"Wie sp\u00e4t ist es?\" spielen, damit das Lernen Spa\u00df macht und sich lohnt.<\/p>\n<p>Um verschiedenen Lehrmethoden und Vorlieben gerecht zu werden, bieten wir die Flexibilit\u00e4t, die Zahlenskala auf der Uhr anzupassen. Egal, ob Sie ein 12-Stunden- oder 24-Stunden-Format oder spezielle Nummerierungsarten ben\u00f6tigen, wir k\u00f6nnen Ihre W\u00fcnsche erf\u00fcllen. Daher bieten wir die M\u00f6glichkeit, die Gr\u00f6\u00dfe der h\u00f6lzernen Spielzeug-Uhr, um Ihre spezifischen Bed\u00fcrfnisse anzupassen, einschlie\u00dflich Produktgr\u00f6\u00dfe Farbe und digitale Verh\u00e4ltnis Anpassung.<\/p>\n<p>Einzelh\u00e4ndler k\u00f6nnen dieses Produkt vorr\u00e4tig halten, um ihren Kunden ein hochwertiges, p\u00e4dagogisches Spielzeug anzubieten, das das Lernen und die Entwicklung von Kindern unterst\u00fctzt. Kindertagesst\u00e4tten k\u00f6nnen die Spielzeuguhr in ihren Tagesablauf integrieren, um Kindern zu helfen, ein Gef\u00fchl f\u00fcr Zeit und Zeitplan zu entwickeln.<\/p>\n<p>Suchen Sie nach passenden Produkten? Sehen Sie unser<strong> <a href=\"https:\/\/www.wonfulity.com\/de\/produkt\/\">Produkte f\u00fcr Kinderm\u00f6bel<\/a><\/strong><br \/>Ben\u00f6tigen Sie mehr Optionen oder ein schnelles Angebot? In unserem internationalen Shop finden Sie die neuesten Kollektionen\uff1a.<\/p>\n<ul>\n<li><strong><a href=\"https:\/\/zhizhenmei.en.alibaba.com\/?spm=a2700.29482153.0.0.71d571d2UuhFW4\" target=\"_blank\" rel=\"noopener sponsored\">Internationales Gesch\u00e4ft 1<\/a><\/strong><\/li>\n<li><strong><a href=\"https:\/\/caoxianaoyi.en.alibaba.com\/?spm=a2700.29482153.0.0.427c71d26Wtq4L\" target=\"_blank\" rel=\"noopener sponsored\">Internationales Gesch\u00e4ft 2<\/a><\/strong><\/li>\n<\/ul>","protected":false},"featured_media":11990,"template":"","meta":{"_uag_custom_page_level_css":"","site-sidebar-layout":"default","site-content-layout":"","ast-site-content-layout":"default","site-content-style":"default","site-sidebar-style":"default","ast-global-header-display":"","ast-banner-title-visibility":"","ast-main-header-display":"","ast-hfb-above-header-display":"","ast-hfb-below-header-display":"","ast-hfb-mobile-header-display":"","site-post-title":"","ast-breadcrumbs-content":"","ast-featured-img":"","footer-sml-layout":"","ast-disable-related-posts":"","theme-transparent-header-meta":"","adv-header-id-meta":"","stick-header-meta":"","header-above-stick-meta":"","header-main-stick-meta":"","header-below-stick-meta":"","astra-migrate-meta-layouts":"default","ast-page-background-enabled":"default","ast-page-background-meta":{"desktop":{"background-color":"var(--ast-global-color-4)","background-image":"","background-repeat":"repeat","background-position":"center center","background-size":"auto","background-attachment":"scroll","background-type":"","background-media":"","overlay-type":"","overlay-color":"","overlay-opacity":"","overlay-gradient":""},"tablet":{"background-color":"","background-image":"","background-repeat":"repeat","background-position":"center center","background-size":"auto","background-attachment":"scroll","background-type":"","background-media":"","overlay-type":"","overlay-color":"","overlay-opacity":"","overlay-gradient":""},"mobile":{"background-color":"","background-image":"","background-repeat":"repeat","background-position":"center center","background-size":"auto","background-attachment":"scroll","background-type":"","background-media":"","overlay-type":"","overlay-color":"","overlay-opacity":"","overlay-gradient":""}},"ast-content-background-meta":{"desktop":{"background-color":"var(--ast-global-color-5)","background-image":"","background-repeat":"repeat","background-position":"center center","background-size":"auto","background-attachment":"scroll","background-type":"","background-media":"","overlay-type":"","overlay-color":"","overlay-opacity":"","overlay-gradient":""},"tablet":{"background-color":"var(--ast-global-color-5)","background-image":"","background-repeat":"repeat","background-position":"center center","background-size":"auto","background-attachment":"scroll","background-type":"","background-media":"","overlay-type":"","overlay-color":"","overlay-opacity":"","overlay-gradient":""},"mobile":{"background-color":"var(--ast-global-color-5)","background-image":"","background-repeat":"repeat","background-position":"center center","background-size":"auto","background-attachment":"scroll","background-type":"","background-media":"","overlay-type":"","overlay-color":"","overlay-opacity":"","overlay-gradient":""}}},"product_brand":[],"product_cat":[15,388,411],"product_tag":[],"class_list":{"0":"post-11759","1":"product","2":"type-product","3":"status-publish","4":"has-post-thumbnail","6":"product_cat-all","7":"product_cat-custom-educational-montessori-toys","8":"product_cat-wooden-learning-toys","9":"desktop-align-left","10":"tablet-align-left","11":"mobile-align-left","12":"ast-product-gallery-layout-horizontal-slider","13":"ast-product-tabs-layout-horizontal","15":"first","16":"instock","17":"shipping-taxable","18":"product-type-simple"},"uagb_featured_image_src":{"full":["https:\/\/www.wonfulity.com\/wp-content\/uploads\/13-3.png",600,700,false],"thumbnail":["https:\/\/www.wonfulity.com\/wp-content\/uploads\/13-3-150x150.png",150,150,true],"medium":["https:\/\/www.wonfulity.com\/wp-content\/uploads\/13-3-257x300.png",257,300,true],"medium_large":["https:\/\/www.wonfulity.com\/wp-content\/uploads\/13-3.png",600,700,false],"large":["https:\/\/www.wonfulity.com\/wp-content\/uploads\/13-3.png",600,700,false],"1536x1536":["https:\/\/www.wonfulity.com\/wp-content\/uploads\/13-3.png",600,700,false],"2048x2048":["https:\/\/www.wonfulity.com\/wp-content\/uploads\/13-3.png",600,700,false],"trp-custom-language-flag":["https:\/\/www.wonfulity.com\/wp-content\/uploads\/13-3-10x12.png",10,12,true],"woocommerce_thumbnail":["https:\/\/www.wonfulity.com\/wp-content\/uploads\/13-3-450x570.png",450,570,true],"woocommerce_single":["https:\/\/www.wonfulity.com\/wp-content\/uploads\/13-3.png",600,700,false],"woocommerce_gallery_thumbnail":["https:\/\/www.wonfulity.com\/wp-content\/uploads\/13-3-100x100.png",100,100,true]},"uagb_author_info":{"display_name":"caijinyue","author_link":"https:\/\/www.wonfulity.com\/de\/blogs\/author\/"},"uagb_comment_info":0,"uagb_excerpt":"The toy digital clock features clear number markings, which help children learn to tell time. By moving the hour and minute hands, children can practice setting different times, thus developing their understanding of hours, minutes, and the concept of time.Montessori learning educational toys clock aligns with Montessori educational principles. It promotes hands - on learning,&hellip;","_links":{"self":[{"href":"https:\/\/www.wonfulity.com\/de\/wp-json\/wp\/v2\/product\/11759","targetHints":{"allow":["GET"]}}],"collection":[{"href":"https:\/\/www.wonfulity.com\/de\/wp-json\/wp\/v2\/product"}],"about":[{"href":"https:\/\/www.wonfulity.com\/de\/wp-json\/wp\/v2\/types\/product"}],"wp:featuredmedia":[{"embeddable":true,"href":"https:\/\/www.wonfulity.com\/de\/wp-json\/wp\/v2\/media\/11990"}],"wp:attachment":[{"href":"https:\/\/www.wonfulity.com\/de\/wp-json\/wp\/v2\/media?parent=11759"}],"wp:term":[{"taxonomy":"product_brand","embeddable":true,"href":"https:\/\/www.wonfulity.com\/de\/wp-json\/wp\/v2\/product_brand?post=11759"},{"taxonomy":"product_cat","embeddable":true,"href":"https:\/\/www.wonfulity.com\/de\/wp-json\/wp\/v2\/product_cat?post=11759"},{"taxonomy":"product_tag","embeddable":true,"href":"https:\/\/www.wonfulity.com\/de\/wp-json\/wp\/v2\/product_tag?post=11759"}],"curies":[{"name":"wp","href":"https:\/\/api.w.org\/{rel}","templated":true}]}}