{"id":6988,"date":"2024-04-18T11:05:37","date_gmt":"2024-04-18T03:05:37","guid":{"rendered":"https:\/\/wonfulity.com\/?post_type=product&#038;p=6988"},"modified":"2024-12-03T14:20:31","modified_gmt":"2024-12-03T06:20:31","slug":"2-in-1-learning-tower","status":"publish","type":"product","link":"https:\/\/www.wonfulity.com\/de\/produkt\/2-in-1-lernturm\/","title":{"rendered":"Montessori K\u00fcchenhelfer Lernturm - 2-in-1 verstellbarer Lernturm f\u00fcr Kinder"},"content":{"rendered":"<div class=\"wp-block-uagb-container uagb-block-d15b9ca3 alignfull uagb-is-root-container\"><div class=\"uagb-container-inner-blocks-wrap\">\n<div class=\"wp-block-uagb-container uagb-block-f7df6427\">\n<div class=\"wp-block-uagb-container uagb-block-9455ef5b\">\n<div class=\"wp-block-uagb-info-box uagb-block-d4df3463 uagb-infobox__content-wrap  uagb-infobox-icon-above-title uagb-infobox-image-valign-top\"><div class=\"uagb-ifb-content\"><div class=\"uagb-ifb-title-wrap\"><h4 class=\"uagb-ifb-title\"><strong>Langlebige und sichere Konstruktion<\/strong><\/h4><\/div><p class=\"uagb-ifb-desc\">Der aus hochwertigen, kindersicheren Materialien gefertigte Montessori-K\u00fcchenhelfer-Lernturm gew\u00e4hrleistet Stabilit\u00e4t und Sicherheit und bietet Kleinkindern zuverl\u00e4ssige Unterst\u00fctzung. Der Turm verf\u00fcgt \u00fcber abgerundete Kanten, ungiftige Oberfl\u00e4chen und einen stabilen Sockel und ist somit ideal f\u00fcr den Einsatz zu Hause und in der Schule, wo Sicherheit oberste Priorit\u00e4t hat.<\/p><\/div><\/div>\n<\/div>\n\n\n\n<div class=\"wp-block-uagb-container uagb-block-7da49d73\">\n<div class=\"wp-block-uagb-info-box uagb-block-845cd917 uagb-infobox__content-wrap  uagb-infobox-icon-above-title uagb-infobox-image-valign-top\"><div class=\"uagb-ifb-content\"><div class=\"uagb-ifb-title-wrap\"><h4 class=\"uagb-ifb-title\">Verstellbares Design f\u00fcr wachsende Kinder<\/h4><\/div><p class=\"uagb-ifb-desc\">Dieser 2-in-1-Lernturm l\u00e4sst sich leicht in zwei H\u00f6heneinstellungen verstellen und kann so mit Ihrem Kind mitwachsen. Egal, ob es an der Theke steht, um in der K\u00fcche zu helfen, oder andere Aktivit\u00e4ten aus\u00fcbt, das verstellbare Design stellt sicher, dass der Turm mehrere Jahre lang verwendet werden kann, und f\u00f6rdert die Unabh\u00e4ngigkeit und das Lernen in verschiedenen Entwicklungsstadien.<\/p><\/div><\/div>\n<\/div>\n\n\n\n<div class=\"wp-block-uagb-container uagb-block-a256468b\">\n<div class=\"wp-block-uagb-info-box uagb-block-28834539 uagb-infobox__content-wrap  uagb-infobox-icon-above-title uagb-infobox-image-valign-top\"><div class=\"uagb-ifb-content\"><div class=\"uagb-ifb-title-wrap\"><h4 class=\"uagb-ifb-title\">Anpassbar f\u00fcr Gro\u00dfbestellungen<\/h4><\/div><p class=\"uagb-ifb-desc\">Als Hersteller bieten wir individuelle Anpassungsm\u00f6glichkeiten in Bezug auf Farbe, Gr\u00f6\u00dfe und Design, um spezifische Anforderungen f\u00fcr Gro\u00dfhandelsauftr\u00e4ge zu erf\u00fcllen. Ganz gleich, ob Sie Kindertagesst\u00e4tten, Schulen oder Einzelhandelsgesch\u00e4fte beliefern m\u00f6chten, unser Lernturm bietet eine qualitativ hochwertige, anpassbare L\u00f6sung, die perfekt in jeden Raum und jede Umgebung passt. Au\u00dferdem bieten wir einen hervorragenden Kundendienst, um die Zufriedenheit unserer Kunden zu gew\u00e4hrleisten.<\/p><\/div><\/div>\n<\/div>\n<\/div>\n\n\n\n<div class=\"wp-block-uagb-container uagb-block-07bfc131\">\n<div class=\"wp-block-uagb-image aligncenter uagb-block-b335808d wp-block-uagb-image--layout-default wp-block-uagb-image--effect-static wp-block-uagb-image--align-center alignleft\"><figure class=\"wp-block-uagb-image__figure\"><img decoding=\"async\" src=\"https:\/\/www.wonfulity.com\/wp-content\/uploads\/9-6.png\" alt=\"Lernturm f\u00fcr Kinder - f\u00f6rdert die Selbstst\u00e4ndigkeit und den Zugang zu K\u00fcchenarbeitspl\u00e4tzen\" class=\"uag-image-11906\" width=\"600\" height=\"698\" title=\"Lernturm f\u00fcr Kinder - f\u00f6rdert die Selbstst\u00e4ndigkeit und den Zugang zu K\u00fcchenarbeitspl\u00e4tzen\" loading=\"lazy\" role=\"img\" \/><\/figure><\/div>\n<\/div>\n<\/div><\/div>\n\n\n\n<div class=\"wp-block-uagb-container uagb-block-942c266d alignfull uagb-is-root-container\"><div class=\"uagb-container-inner-blocks-wrap\">\n<div class=\"wp-block-uagb-container uagb-block-cdfbwk39\">\n<div class=\"wp-block-uagb-container uagb-block-taa9jvn9\"><\/div>\n\n\n\n<div class=\"wp-block-uagb-container uagb-block-e6uqhnjy\">\n<div class=\"wp-block-uagb-info-box uagb-block-sm9wy83a uagb-infobox__content-wrap  uagb-infobox-icon-above-title uagb-infobox-image-valign-top\"><div class=\"uagb-ifb-content\"><div class=\"uagb-ifb-title-wrap\"><h4 class=\"uagb-ifb-title\">Artikel<\/h4><\/div><\/div><\/div>\n<\/div>\n\n\n\n<div class=\"wp-block-uagb-container uagb-block-xdtgxgj6\">\n<div class=\"wp-block-uagb-info-box uagb-block-c04bcb41 uagb-infobox__content-wrap  uagb-infobox-icon-above-title uagb-infobox-image-valign-top\"><div class=\"uagb-ifb-content\"><div class=\"uagb-ifb-title-wrap\"><h4 class=\"uagb-ifb-title\">Desc<\/h4><\/div><\/div><\/div>\n<\/div>\n<\/div>\n\n\n\n<div class=\"wp-block-uagb-container uagb-block-720573f4\">\n<div class=\"wp-block-uagb-container uagb-block-d006e6eb\">\n<div class=\"wp-block-uagb-info-box uagb-block-a92ede72 uagb-infobox__content-wrap  uagb-infobox-icon-above-title uagb-infobox-image-valign-top\"><div class=\"uagb-ifb-content\"><div class=\"uagb-ifb-title-wrap\"><p class=\"uagb-ifb-title-prefix\">01<\/p><\/div><\/div><\/div>\n<\/div>\n\n\n\n<div class=\"wp-block-uagb-container uagb-block-32771033\">\n<div class=\"wp-block-uagb-info-box uagb-block-aaee5390 uagb-infobox__content-wrap  uagb-infobox-icon-above-title uagb-infobox-image-valign-top\"><div class=\"uagb-ifb-content\"><div class=\"uagb-ifb-title-wrap\"><h4 class=\"uagb-ifb-title\"><strong>Robuste Konstruktion<\/strong><\/h4><\/div><\/div><\/div>\n<\/div>\n\n\n\n<div class=\"wp-block-uagb-container uagb-block-d985a046\">\n<div class=\"wp-block-uagb-info-box uagb-block-2b0922dc uagb-infobox__content-wrap  uagb-infobox-icon-above-title uagb-infobox-image-valign-top\"><div class=\"uagb-ifb-content\"><div class=\"uagb-ifb-title-wrap\"><p class=\"uagb-ifb-title\">Hergestellt aus hochwertigen Materialien, die eine aktive Nutzung unterst\u00fctzen und gleichzeitig eine lange Lebensdauer gew\u00e4hrleisten.<\/p><\/div><\/div><\/div>\n<\/div>\n<\/div>\n\n\n\n<div class=\"wp-block-uagb-container uagb-block-95a6e317\">\n<div class=\"wp-block-uagb-container uagb-block-2e70f36a\">\n<div class=\"wp-block-uagb-info-box uagb-block-8efb1163 uagb-infobox__content-wrap  uagb-infobox-icon-above-title uagb-infobox-image-valign-top\"><div class=\"uagb-ifb-content\"><div class=\"uagb-ifb-title-wrap\"><p class=\"uagb-ifb-title-prefix\">02<\/p><\/div><\/div><\/div>\n<\/div>\n\n\n\n<div class=\"wp-block-uagb-container uagb-block-c25bc4e9\">\n<div class=\"wp-block-uagb-info-box uagb-block-8e5653f6 uagb-infobox__content-wrap  uagb-infobox-icon-above-title uagb-infobox-image-valign-top\"><div class=\"uagb-ifb-content\"><div class=\"uagb-ifb-title-wrap\"><h4 class=\"uagb-ifb-title\"><strong>Kompakte Bauweise<\/strong><\/h4><\/div><\/div><\/div>\n<\/div>\n\n\n\n<div class=\"wp-block-uagb-container uagb-block-e4b73fff\">\n<div class=\"wp-block-uagb-info-box uagb-block-257d2f01 uagb-infobox__content-wrap  uagb-infobox-icon-above-title uagb-infobox-image-valign-top\"><div class=\"uagb-ifb-content\"><div class=\"uagb-ifb-title-wrap\"><p class=\"uagb-ifb-title\">Das platzsparende Design passt gut in verschiedene Umgebungen, so dass es sowohl zu Hause als auch in Bildungseinrichtungen eingesetzt werden kann.<\/p><\/div><\/div><\/div>\n<\/div>\n<\/div>\n\n\n\n<div class=\"wp-block-uagb-container uagb-block-00d46b71\">\n<div class=\"wp-block-uagb-container uagb-block-63be2ee0\">\n<div class=\"wp-block-uagb-info-box uagb-block-86f40bc4 uagb-infobox__content-wrap  uagb-infobox-icon-above-title uagb-infobox-image-valign-top\"><div class=\"uagb-ifb-content\"><div class=\"uagb-ifb-title-wrap\"><p class=\"uagb-ifb-title-prefix\">03<\/p><\/div><\/div><\/div>\n<\/div>\n\n\n\n<div class=\"wp-block-uagb-container uagb-block-f9a9ed48\">\n<div class=\"wp-block-uagb-info-box uagb-block-a01a3038 uagb-infobox__content-wrap  uagb-infobox-icon-above-title uagb-infobox-image-valign-top\"><div class=\"uagb-ifb-content\"><div class=\"uagb-ifb-title-wrap\"><h4 class=\"uagb-ifb-title\"><strong>Anpassbare Oberfl\u00e4chen<\/strong><\/h4><\/div><\/div><\/div>\n<\/div>\n\n\n\n<div class=\"wp-block-uagb-container uagb-block-ea615933\">\n<div class=\"wp-block-uagb-info-box uagb-block-6f5b8a81 uagb-infobox__content-wrap  uagb-infobox-icon-above-title uagb-infobox-image-valign-top\"><div class=\"uagb-ifb-content\"><div class=\"uagb-ifb-title-wrap\"><p class=\"uagb-ifb-title\">Erh\u00e4ltlich in verschiedenen Farben und Ausf\u00fchrungen, so dass Unternehmen das Erscheinungsbild an ihre spezifischen Markenanforderungen anpassen k\u00f6nnen.<\/p><\/div><\/div><\/div>\n<\/div>\n<\/div>\n<\/div><\/div>\n\n\n\n<p><\/p>","protected":false},"excerpt":{"rendered":"<p>Der 2-in-1-Lernturm wurde entwickelt, um kleine Kinder zum Entdecken und Lernen anzuregen, indem er eine sichere, erh\u00f6hte Plattform zum Erreichen von K\u00fcchentheken, Tischen oder Arbeitspl\u00e4tzen bietet. Er eignet sich perfekt f\u00fcr Aktivit\u00e4ten wie Kochen, Malen, Basteln und vieles mehr und f\u00f6rdert die Unabh\u00e4ngigkeit und Neugierde. Sein vielseitiges Design l\u00e4sst sich leicht von einem Lernturm in einen Tritthocker umwandeln, was ihn zu einer anpassungsf\u00e4higen L\u00f6sung f\u00fcr verschiedene Haushalts- und Bildungsbed\u00fcrfnisse macht.<\/p>\n<p>Beim Montessori K\u00fcchenhelfer Lernturm steht die Sicherheit an erster Stelle. Mit sicheren Gel\u00e4ndern, einem stabilen Sockel und einer leichten Struktur sorgt dieser Turm daf\u00fcr, dass Kinder sicher und ohne Risiko an Aktivit\u00e4ten teilnehmen k\u00f6nnen. Sein kindgerechtes Design f\u00f6rdert sicheres Klettern und Stehen, so dass Eltern beruhigt sein k\u00f6nnen, w\u00e4hrend ihre Kinder aktiv in die t\u00e4glichen Abl\u00e4ufe eingebunden sind. Er l\u00e4sst sich leicht verschieben und umstellen und f\u00fcgt sich nahtlos in jeden Raum ein, so dass er sich flexibel an verschiedene R\u00e4umlichkeiten anpassen l\u00e4sst.<\/p>\n<p>Mit seiner schlanken und modernen \u00c4sthetik f\u00fcgt sich der 2-in-1-Lernturm m\u00fchelos in die Wohnungseinrichtung ein und bietet gleichzeitig au\u00dfergew\u00f6hnliche Funktionalit\u00e4t. Er besteht aus langlebigen Materialien und ist f\u00fcr den dauerhaften Einsatz konzipiert und kann Kinder bis zu einem bestimmten Gewicht tragen. Ganz gleich, ob Sie ihn in der K\u00fcche, im Klassenzimmer oder im Spielzimmer verwenden, dieser Turm unterst\u00fctzt sowohl das selbstst\u00e4ndige Spielen als auch das Lernen und ist somit ein Muss f\u00fcr Eltern und Erzieher, die die Kreativit\u00e4t und das Wachstum von Kleinkindern f\u00f6rdern m\u00f6chten.<\/p>\n<p>Suchen Sie nach passenden Produkten? Sehen Sie unser<strong> <a href=\"https:\/\/www.wonfulity.com\/de\/produkt\/\">Produkte f\u00fcr Kinderm\u00f6bel<\/a><\/strong><br \/>Ben\u00f6tigen Sie mehr Optionen oder ein schnelles Angebot? In unserem internationalen Shop finden Sie die neuesten Kollektionen\uff1a.<\/p>\n<ul>\n<li><strong><a href=\"https:\/\/zhizhenmei.en.alibaba.com\/?spm=a2700.29482153.0.0.71d571d2UuhFW4\" target=\"_blank\" rel=\"noopener sponsored\">Internationales Gesch\u00e4ft 1<\/a><\/strong><\/li>\n<li><strong><a href=\"https:\/\/caoxianaoyi.en.alibaba.com\/?spm=a2700.29482153.0.0.427c71d26Wtq4L\" target=\"_blank\" rel=\"noopener sponsored\">Internationales Gesch\u00e4ft 2<\/a><\/strong><\/li>\n<\/ul>","protected":false},"featured_media":11907,"template":"","meta":{"_uag_custom_page_level_css":"","site-sidebar-layout":"default","site-content-layout":"","ast-site-content-layout":"default","site-content-style":"default","site-sidebar-style":"default","ast-global-header-display":"","ast-banner-title-visibility":"","ast-main-header-display":"","ast-hfb-above-header-display":"","ast-hfb-below-header-display":"","ast-hfb-mobile-header-display":"","site-post-title":"","ast-breadcrumbs-content":"","ast-featured-img":"","footer-sml-layout":"","ast-disable-related-posts":"","theme-transparent-header-meta":"","adv-header-id-meta":"","stick-header-meta":"","header-above-stick-meta":"","header-main-stick-meta":"","header-below-stick-meta":"","astra-migrate-meta-layouts":"default","ast-page-background-enabled":"default","ast-page-background-meta":{"desktop":{"background-color":"var(--ast-global-color-4)","background-image":"","background-repeat":"repeat","background-position":"center center","background-size":"auto","background-attachment":"scroll","background-type":"","background-media":"","overlay-type":"","overlay-color":"","overlay-opacity":"","overlay-gradient":""},"tablet":{"background-color":"","background-image":"","background-repeat":"repeat","background-position":"center center","background-size":"auto","background-attachment":"scroll","background-type":"","background-media":"","overlay-type":"","overlay-color":"","overlay-opacity":"","overlay-gradient":""},"mobile":{"background-color":"","background-image":"","background-repeat":"repeat","background-position":"center center","background-size":"auto","background-attachment":"scroll","background-type":"","background-media":"","overlay-type":"","overlay-color":"","overlay-opacity":"","overlay-gradient":""}},"ast-content-background-meta":{"desktop":{"background-color":"var(--ast-global-color-5)","background-image":"","background-repeat":"repeat","background-position":"center center","background-size":"auto","background-attachment":"scroll","background-type":"","background-media":"","overlay-type":"","overlay-color":"","overlay-opacity":"","overlay-gradient":""},"tablet":{"background-color":"var(--ast-global-color-5)","background-image":"","background-repeat":"repeat","background-position":"center center","background-size":"auto","background-attachment":"scroll","background-type":"","background-media":"","overlay-type":"","overlay-color":"","overlay-opacity":"","overlay-gradient":""},"mobile":{"background-color":"var(--ast-global-color-5)","background-image":"","background-repeat":"repeat","background-position":"center center","background-size":"auto","background-attachment":"scroll","background-type":"","background-media":"","overlay-type":"","overlay-color":"","overlay-opacity":"","overlay-gradient":""}}},"product_brand":[],"product_cat":[383],"product_tag":[269,341],"class_list":{"0":"post-6988","1":"product","2":"type-product","3":"status-publish","4":"has-post-thumbnail","6":"product_cat-custom-learning-towers","7":"product_tag-indoor-safe-childrens-learning-tower","8":"product_tag-kids-learning-tower","9":"desktop-align-left","10":"tablet-align-left","11":"mobile-align-left","12":"ast-product-gallery-layout-horizontal-slider","13":"ast-product-tabs-layout-horizontal","15":"first","16":"instock","17":"shipping-taxable","18":"product-type-simple"},"uagb_featured_image_src":{"full":["https:\/\/www.wonfulity.com\/wp-content\/uploads\/7-21.png",600,700,false],"thumbnail":["https:\/\/www.wonfulity.com\/wp-content\/uploads\/7-21-150x150.png",150,150,true],"medium":["https:\/\/www.wonfulity.com\/wp-content\/uploads\/7-21-257x300.png",257,300,true],"medium_large":["https:\/\/www.wonfulity.com\/wp-content\/uploads\/7-21.png",600,700,false],"large":["https:\/\/www.wonfulity.com\/wp-content\/uploads\/7-21.png",600,700,false],"1536x1536":["https:\/\/www.wonfulity.com\/wp-content\/uploads\/7-21.png",600,700,false],"2048x2048":["https:\/\/www.wonfulity.com\/wp-content\/uploads\/7-21.png",600,700,false],"trp-custom-language-flag":["https:\/\/www.wonfulity.com\/wp-content\/uploads\/7-21-10x12.png",10,12,true],"woocommerce_thumbnail":["https:\/\/www.wonfulity.com\/wp-content\/uploads\/7-21-450x570.png",450,570,true],"woocommerce_single":["https:\/\/www.wonfulity.com\/wp-content\/uploads\/7-21.png",600,700,false],"woocommerce_gallery_thumbnail":["https:\/\/www.wonfulity.com\/wp-content\/uploads\/7-21-100x100.png",100,100,true]},"uagb_author_info":{"display_name":"Bob","author_link":"https:\/\/www.wonfulity.com\/de\/blogs\/author\/"},"uagb_comment_info":0,"uagb_excerpt":"The 2-in-1 Learning Tower is designed to empower young children to explore and learn by providing a safe, elevated platform to reach kitchen counters, tables, or workstations. Perfect for activities such as cooking, arts, crafts, and more, it encourages independence and fosters curiosity. Its versatile design easily converts from a learning tower to a step&hellip;","_links":{"self":[{"href":"https:\/\/www.wonfulity.com\/de\/wp-json\/wp\/v2\/product\/6988","targetHints":{"allow":["GET"]}}],"collection":[{"href":"https:\/\/www.wonfulity.com\/de\/wp-json\/wp\/v2\/product"}],"about":[{"href":"https:\/\/www.wonfulity.com\/de\/wp-json\/wp\/v2\/types\/product"}],"wp:featuredmedia":[{"embeddable":true,"href":"https:\/\/www.wonfulity.com\/de\/wp-json\/wp\/v2\/media\/11907"}],"wp:attachment":[{"href":"https:\/\/www.wonfulity.com\/de\/wp-json\/wp\/v2\/media?parent=6988"}],"wp:term":[{"taxonomy":"product_brand","embeddable":true,"href":"https:\/\/www.wonfulity.com\/de\/wp-json\/wp\/v2\/product_brand?post=6988"},{"taxonomy":"product_cat","embeddable":true,"href":"https:\/\/www.wonfulity.com\/de\/wp-json\/wp\/v2\/product_cat?post=6988"},{"taxonomy":"product_tag","embeddable":true,"href":"https:\/\/www.wonfulity.com\/de\/wp-json\/wp\/v2\/product_tag?post=6988"}],"curies":[{"name":"wp","href":"https:\/\/api.w.org\/{rel}","templated":true}]}}