{"id":11120,"date":"2024-10-17T20:22:55","date_gmt":"2024-10-17T12:22:55","guid":{"rendered":"https:\/\/www.wonfulity.com\/?post_type=product&#038;p=11120"},"modified":"2024-12-04T10:34:40","modified_gmt":"2024-12-04T02:34:40","slug":"bookcases-shelves","status":"publish","type":"product","link":"https:\/\/www.wonfulity.com\/es\/producto\/estanterias-librerias\/","title":{"rendered":"Librer\u00edas y estanter\u00edas de alta calidad para un almacenamiento con estilo - Disponibles en 3 tama\u00f1os"},"content":{"rendered":"<div class=\"wp-block-uagb-container uagb-block-d15b9ca3 alignfull uagb-is-root-container\"><div class=\"uagb-container-inner-blocks-wrap\">\n<div class=\"wp-block-uagb-container uagb-block-f7df6427\">\n<div class=\"wp-block-uagb-container uagb-block-9455ef5b\">\n<div class=\"wp-block-uagb-info-box uagb-block-d4df3463 uagb-infobox__content-wrap  uagb-infobox-icon-above-title uagb-infobox-image-valign-top\"><div class=\"uagb-ifb-content\"><div class=\"uagb-ifb-title-wrap\"><h4 class=\"uagb-ifb-title\">Escenarios de uso vers\u00e1tiles para librer\u00edas y estanter\u00edas<\/h4><\/div><p class=\"uagb-ifb-desc\">Nuestra <strong>Librer\u00edas y estanter\u00edas<\/strong> son perfectos para una gran variedad de entornos, como aulas, bibliotecas, oficinas y espacios comerciales. Estas vers\u00e1tiles unidades de almacenamiento ofrecen soluciones flexibles para satisfacer diferentes necesidades organizativas. Ya se trate de organizar recursos educativos, exponer productos o crear un espacio de trabajo eficiente, estas <strong>librer\u00edas y estanter\u00edas<\/strong> puede adaptarse a cualquier entorno.<\/p><\/div><\/div>\n<\/div>\n\n\n\n<div class=\"wp-block-uagb-container uagb-block-7da49d73\">\n<div class=\"wp-block-uagb-info-box uagb-block-845cd917 uagb-infobox__content-wrap  uagb-infobox-icon-above-title uagb-infobox-image-valign-top\"><div class=\"uagb-ifb-content\"><div class=\"uagb-ifb-title-wrap\"><h4 class=\"uagb-ifb-title\">Materiales ecol\u00f3gicos<\/h4><\/div><p class=\"uagb-ifb-desc\">Fabricadas con madera procedente de fuentes sostenibles, nuestras librer\u00edas y estanter\u00edas no s\u00f3lo proporcionan un almacenamiento fiable, sino que tambi\u00e9n promueven la responsabilidad medioambiental. Los materiales ecol\u00f3gicos contribuyen a una calidad del aire interior m\u00e1s saludable, en l\u00ednea con los valores de las empresas comprometidas con la sostenibilidad. Estas estanter\u00edas ofrecen una soluci\u00f3n pr\u00e1ctica y respetuosa con el medio ambiente para cualquier entorno comercial.<\/p><\/div><\/div>\n<\/div>\n\n\n\n<div class=\"wp-block-uagb-container uagb-block-a256468b\">\n<div class=\"wp-block-uagb-info-box uagb-block-28834539 uagb-infobox__content-wrap  uagb-infobox-icon-above-title uagb-infobox-image-valign-top\"><div class=\"uagb-ifb-content\"><div class=\"uagb-ifb-title-wrap\"><h4 class=\"uagb-ifb-title\">Est\u00e9tica personalizable<\/h4><\/div><p class=\"uagb-ifb-desc\">Con una amplia gama de acabados y opciones de grabado, nuestras estanter\u00edas y librer\u00edas pueden personalizarse para reflejar la identidad de su marca. Tanto si busca un aspecto elegante y moderno como una est\u00e9tica m\u00e1s tradicional, estas opciones personalizables ayudan a mejorar su imagen profesional al tiempo que proporcionan soluciones de almacenamiento funcionales y con estilo.<\/p><\/div><\/div>\n<\/div>\n<\/div>\n\n\n\n<div class=\"wp-block-uagb-container uagb-block-07bfc131\">\n<div class=\"wp-block-uagb-image aligncenter uagb-block-b335808d wp-block-uagb-image--layout-default wp-block-uagb-image--effect-static wp-block-uagb-image--align-center alignleft\"><figure class=\"wp-block-uagb-image__figure\"><img decoding=\"async\" src=\"https:\/\/www.wonfulity.com\/wp-content\/uploads\/Wooden-and-Canvas-Sling-Corner-Kids-Bookshelf-Bookcase-3-1024x1024.webp\" alt=\"Estanter\u00eda-Librer\u00eda\" class=\"uag-image-11124\" width=\"600\" height=\"700\" title=\"Estanter\u00eda-Librer\u00eda\" loading=\"lazy\" role=\"img\" \/><\/figure><\/div>\n<\/div>\n<\/div><\/div>\n\n\n\n<div class=\"wp-block-uagb-container uagb-block-942c266d alignfull uagb-is-root-container\"><div class=\"uagb-container-inner-blocks-wrap\">\n<div class=\"wp-block-uagb-container uagb-block-cdfbwk39\">\n<div class=\"wp-block-uagb-container uagb-block-taa9jvn9\"><\/div>\n\n\n\n<div class=\"wp-block-uagb-container uagb-block-e6uqhnjy\">\n<div class=\"wp-block-uagb-info-box uagb-block-sm9wy83a uagb-infobox__content-wrap  uagb-infobox-icon-above-title uagb-infobox-image-valign-top\"><div class=\"uagb-ifb-content\"><div class=\"uagb-ifb-title-wrap\"><h4 class=\"uagb-ifb-title\">Art\u00edculo<\/h4><\/div><\/div><\/div>\n<\/div>\n\n\n\n<div class=\"wp-block-uagb-container uagb-block-xdtgxgj6\">\n<div class=\"wp-block-uagb-info-box uagb-block-c04bcb41 uagb-infobox__content-wrap  uagb-infobox-icon-above-title uagb-infobox-image-valign-top\"><div class=\"uagb-ifb-content\"><div class=\"uagb-ifb-title-wrap\"><h4 class=\"uagb-ifb-title\">Desc<\/h4><\/div><\/div><\/div>\n<\/div>\n<\/div>\n\n\n\n<div class=\"wp-block-uagb-container uagb-block-720573f4\">\n<div class=\"wp-block-uagb-container uagb-block-d006e6eb\">\n<div class=\"wp-block-uagb-info-box uagb-block-a92ede72 uagb-infobox__content-wrap  uagb-infobox-icon-above-title uagb-infobox-image-valign-top\"><div class=\"uagb-ifb-content\"><div class=\"uagb-ifb-title-wrap\"><p class=\"uagb-ifb-title-prefix\">01<\/p><\/div><\/div><\/div>\n<\/div>\n\n\n\n<div class=\"wp-block-uagb-container uagb-block-32771033\">\n<div class=\"wp-block-uagb-info-box uagb-block-aaee5390 uagb-infobox__content-wrap  uagb-infobox-icon-above-title uagb-infobox-image-valign-top\"><div class=\"uagb-ifb-content\"><div class=\"uagb-ifb-title-wrap\"><h4 class=\"uagb-ifb-title\"><strong>Configuraciones vers\u00e1tiles<\/strong><\/h4><\/div><\/div><\/div>\n<\/div>\n\n\n\n<div class=\"wp-block-uagb-container uagb-block-d985a046\">\n<div class=\"wp-block-uagb-info-box uagb-block-2b0922dc uagb-infobox__content-wrap  uagb-infobox-icon-above-title uagb-infobox-image-valign-top\"><div class=\"uagb-ifb-content\"><div class=\"uagb-ifb-title-wrap\"><p class=\"uagb-ifb-title\">Disponibles en varios tama\u00f1os y estilos, permiten a las empresas adaptarlas a diferentes espacios y dise\u00f1os de interior.<\/p><\/div><\/div><\/div>\n<\/div>\n<\/div>\n\n\n\n<div class=\"wp-block-uagb-container uagb-block-95a6e317\">\n<div class=\"wp-block-uagb-container uagb-block-2e70f36a\">\n<div class=\"wp-block-uagb-info-box uagb-block-8efb1163 uagb-infobox__content-wrap  uagb-infobox-icon-above-title uagb-infobox-image-valign-top\"><div class=\"uagb-ifb-content\"><div class=\"uagb-ifb-title-wrap\"><p class=\"uagb-ifb-title-prefix\">02<\/p><\/div><\/div><\/div>\n<\/div>\n\n\n\n<div class=\"wp-block-uagb-container uagb-block-c25bc4e9\">\n<div class=\"wp-block-uagb-info-box uagb-block-8e5653f6 uagb-infobox__content-wrap  uagb-infobox-icon-above-title uagb-infobox-image-valign-top\"><div class=\"uagb-ifb-content\"><div class=\"uagb-ifb-title-wrap\"><h4 class=\"uagb-ifb-title\"><strong>Acabados personalizables<\/strong><\/h4><\/div><\/div><\/div>\n<\/div>\n\n\n\n<div class=\"wp-block-uagb-container uagb-block-e4b73fff\">\n<div class=\"wp-block-uagb-info-box uagb-block-257d2f01 uagb-infobox__content-wrap  uagb-infobox-icon-above-title uagb-infobox-image-valign-top\"><div class=\"uagb-ifb-content\"><div class=\"uagb-ifb-title-wrap\"><p class=\"uagb-ifb-title\">Ofrece m\u00faltiples opciones de colores y materiales para adaptarse a la est\u00e9tica de la marca o a las preferencias espec\u00edficas de los clientes.<\/p><\/div><\/div><\/div>\n<\/div>\n<\/div>\n\n\n\n<div class=\"wp-block-uagb-container uagb-block-00d46b71\">\n<div class=\"wp-block-uagb-container uagb-block-63be2ee0\">\n<div class=\"wp-block-uagb-info-box uagb-block-86f40bc4 uagb-infobox__content-wrap  uagb-infobox-icon-above-title uagb-infobox-image-valign-top\"><div class=\"uagb-ifb-content\"><div class=\"uagb-ifb-title-wrap\"><p class=\"uagb-ifb-title-prefix\">03<\/p><\/div><\/div><\/div>\n<\/div>\n\n\n\n<div class=\"wp-block-uagb-container uagb-block-f9a9ed48\">\n<div class=\"wp-block-uagb-info-box uagb-block-a01a3038 uagb-infobox__content-wrap  uagb-infobox-icon-above-title uagb-infobox-image-valign-top\"><div class=\"uagb-ifb-content\"><div class=\"uagb-ifb-title-wrap\"><h4 class=\"uagb-ifb-title\"><strong>Construcci\u00f3n duradera<\/strong><\/h4><\/div><\/div><\/div>\n<\/div>\n\n\n\n<div class=\"wp-block-uagb-container uagb-block-ea615933\">\n<div class=\"wp-block-uagb-info-box uagb-block-6f5b8a81 uagb-infobox__content-wrap  uagb-infobox-icon-above-title uagb-infobox-image-valign-top\"><div class=\"uagb-ifb-content\"><div class=\"uagb-ifb-title-wrap\"><p class=\"uagb-ifb-title\">Construidas con materiales de alta calidad para una mayor durabilidad, estas estanter\u00edas resisten el uso diario en entornos comerciales como escuelas o bibliotecas.<\/p><\/div><\/div><\/div>\n<\/div>\n<\/div>\n<\/div><\/div>\n\n\n\n<div class=\"wp-block-uagb-container uagb-block-10733882 alignfull uagb-is-root-container\"><div class=\"uagb-container-inner-blocks-wrap\">\n<div class=\"wp-block-uagb-container uagb-block-a3ecce27\">\n<div class=\"wp-block-uagb-image uagb-block-a9f8ab9c wp-block-uagb-image--layout-default wp-block-uagb-image--effect-static wp-block-uagb-image--align-none\"><figure class=\"wp-block-uagb-image__figure\"><img decoding=\"async\" src=\"https:\/\/www.wonfulity.com\/wp-content\/uploads\/Cao-County-Runwan-Crafts-Co-Ltd-1.webp\" alt=\"f\u00e1brica de madera\" class=\"uag-image-11115\" width=\"400\" height=\"300\" title=\"f\u00e1brica de madera\" loading=\"lazy\" role=\"img\" \/><\/figure><\/div>\n\n\n\n<div class=\"wp-block-uagb-image uagb-block-e21af5fb wp-block-uagb-image--layout-default wp-block-uagb-image--effect-static wp-block-uagb-image--align-none\"><figure class=\"wp-block-uagb-image__figure\"><img decoding=\"async\" src=\"https:\/\/www.wonfulity.com\/wp-content\/uploads\/10-3-1024x640.png\" alt=\"f\u00e1brica de madera\" class=\"uag-image-10974\" width=\"400\" height=\"300\" title=\"f\u00e1brica de madera\" loading=\"lazy\" role=\"img\" \/><\/figure><\/div>\n<\/div>\n\n\n\n<div class=\"wp-block-uagb-container uagb-block-1c90d097\">\n<div class=\"wp-block-uagb-image uagb-block-e676099f wp-block-uagb-image--layout-default wp-block-uagb-image--effect-static wp-block-uagb-image--align-none\"><figure class=\"wp-block-uagb-image__figure\"><img decoding=\"async\" src=\"https:\/\/www.wonfulity.com\/wp-content\/uploads\/13.png\" alt=\"f\u00e1brica de madera\" class=\"uag-image-10941\" width=\"400\" height=\"300\" title=\"f\u00e1brica de madera\" loading=\"lazy\" role=\"img\" \/><\/figure><\/div>\n\n\n\n<div class=\"wp-block-uagb-image uagb-block-8f557fa6 wp-block-uagb-image--layout-default wp-block-uagb-image--effect-static wp-block-uagb-image--align-none\"><figure class=\"wp-block-uagb-image__figure\"><img decoding=\"async\" src=\"https:\/\/www.wonfulity.com\/wp-content\/uploads\/Cao-County-Runwan-Crafts-Co-Ltd-.webp\" alt=\"f\u00e1brica de madera\" class=\"uag-image-11116\" width=\"400\" height=\"300\" title=\"f\u00e1brica de madera\" loading=\"lazy\" role=\"img\" \/><\/figure><\/div>\n<\/div>\n\n\n\n<div class=\"wp-block-uagb-container uagb-block-5ed9251a\">\n<div class=\"wp-block-uagb-image uagb-block-ab006938 wp-block-uagb-image--layout-default wp-block-uagb-image--effect-static wp-block-uagb-image--align-none\"><figure class=\"wp-block-uagb-image__figure\"><img decoding=\"async\" src=\"https:\/\/www.wonfulity.com\/wp-content\/uploads\/19.png\" alt=\"f\u00e1brica de madera\" class=\"uag-image-10947\" width=\"400\" height=\"300\" title=\"f\u00e1brica de madera\" loading=\"lazy\" role=\"img\" \/><\/figure><\/div>\n\n\n\n<div class=\"wp-block-uagb-image uagb-block-3382ec21 wp-block-uagb-image--layout-default wp-block-uagb-image--effect-static wp-block-uagb-image--align-none\"><figure class=\"wp-block-uagb-image__figure\"><img decoding=\"async\" src=\"https:\/\/www.wonfulity.com\/wp-content\/uploads\/\u672a\u547d\u540d\u7684\u8bbe\u8ba1-21.png\" alt=\"f\u00e1brica de madera\" class=\"uag-image-11118\" width=\"400\" height=\"300\" title=\"f\u00e1brica de madera\" loading=\"lazy\" role=\"img\" \/><\/figure><\/div>\n<\/div>\n<\/div><\/div>\n\n\n\n<p><\/p>","protected":false},"excerpt":{"rendered":"<p>Nuestras librer\u00edas y estanter\u00edas est\u00e1n fabricadas con madera de alta calidad obtenida de forma sostenible, lo que las hace ideales para entornos comerciales como escuelas, bibliotecas, oficinas y comercios. Construidas para soportar las exigencias del uso diario, estas estanter\u00edas ofrecen un equilibrio perfecto entre funcionalidad y estilo. Su moderno dise\u00f1o complementa varios estilos de interior, garantizando que encajen a la perfecci\u00f3n en cualquier espacio. Disponibles en tama\u00f1os y configuraciones personalizables, estas estanter\u00edas pueden adaptarse a sus necesidades espec\u00edficas de almacenamiento.<\/p>\n<p>Dise\u00f1adas para optimizar el espacio, estas estanter\u00edas ofrecen un amplio espacio de almacenamiento, manteniendo al mismo tiempo un aspecto elegante y minimalista. Su dise\u00f1o modular permite a las empresas reorganizar o ampliar las estanter\u00edas seg\u00fan sea necesario, proporcionando flexibilidad a largo plazo para el crecimiento futuro. Tanto si desea organizar materiales educativos en un aula, exponer productos en un comercio minorista o crear un espacio de trabajo ordenado y organizado, estas estanter\u00edas ofrecen una soluci\u00f3n eficaz para cualquier entorno.<\/p>\n<p>Adem\u00e1s de sus ventajas pr\u00e1cticas, nuestras librer\u00edas y estanter\u00edas ofrecen oportunidades de personalizaci\u00f3n y branding. Elija entre una variedad de acabados y colores para complementar su decoraci\u00f3n actual, y opte por grabados personalizados para mejorar la visibilidad de su marca. Estas estanter\u00edas no s\u00f3lo sirven como soluciones de almacenamiento funcionales, sino que tambi\u00e9n act\u00faan como representaci\u00f3n de la identidad de su empresa, lo que las convierte en un complemento esencial para cualquier espacio comercial.<\/p>\n<p>\u00bfBusca productos a juego? Vea nuestros<strong> <a href=\"https:\/\/www.wonfulity.com\/es\/producto\/\">productos de mobiliario infantil<\/a><\/strong><br \/>Necesitas m\u00e1s opciones o un presupuesto r\u00e1pido? Echa un vistazo a nuestra Tienda Internacional para ver las \u00faltimas colecciones\uff1a.<\/p>\n<ul>\n<li><strong><a href=\"https:\/\/zhizhenmei.en.alibaba.com\/?spm=a2700.29482153.0.0.71d571d2UuhFW4\" target=\"_blank\" rel=\"noopener sponsored\">Tienda internacional 1<\/a><\/strong><\/li>\n<li><strong><a href=\"https:\/\/caoxianaoyi.en.alibaba.com\/?spm=a2700.29482153.0.0.427c71d26Wtq4L\" target=\"_blank\" rel=\"noopener sponsored\">Tienda internacional 2<\/a><\/strong><\/li>\n<\/ul>\n<p>&nbsp;<\/p>","protected":false},"featured_media":11923,"template":"","meta":{"_uag_custom_page_level_css":"","site-sidebar-layout":"default","site-content-layout":"","ast-site-content-layout":"","site-content-style":"default","site-sidebar-style":"default","ast-global-header-display":"","ast-banner-title-visibility":"","ast-main-header-display":"","ast-hfb-above-header-display":"","ast-hfb-below-header-display":"","ast-hfb-mobile-header-display":"","site-post-title":"","ast-breadcrumbs-content":"","ast-featured-img":"","footer-sml-layout":"","theme-transparent-header-meta":"","adv-header-id-meta":"","stick-header-meta":"","header-above-stick-meta":"","header-main-stick-meta":"","header-below-stick-meta":"","astra-migrate-meta-layouts":"default","ast-page-background-enabled":"default","ast-page-background-meta":{"desktop":{"background-color":"var(--ast-global-color-4)","background-image":"","background-repeat":"repeat","background-position":"center center","background-size":"auto","background-attachment":"scroll","background-type":"","background-media":"","overlay-type":"","overlay-color":"","overlay-opacity":"","overlay-gradient":""},"tablet":{"background-color":"","background-image":"","background-repeat":"repeat","background-position":"center center","background-size":"auto","background-attachment":"scroll","background-type":"","background-media":"","overlay-type":"","overlay-color":"","overlay-opacity":"","overlay-gradient":""},"mobile":{"background-color":"","background-image":"","background-repeat":"repeat","background-position":"center center","background-size":"auto","background-attachment":"scroll","background-type":"","background-media":"","overlay-type":"","overlay-color":"","overlay-opacity":"","overlay-gradient":""}},"ast-content-background-meta":{"desktop":{"background-color":"var(--ast-global-color-5)","background-image":"","background-repeat":"repeat","background-position":"center center","background-size":"auto","background-attachment":"scroll","background-type":"","background-media":"","overlay-type":"","overlay-color":"","overlay-opacity":"","overlay-gradient":""},"tablet":{"background-color":"var(--ast-global-color-5)","background-image":"","background-repeat":"repeat","background-position":"center center","background-size":"auto","background-attachment":"scroll","background-type":"","background-media":"","overlay-type":"","overlay-color":"","overlay-opacity":"","overlay-gradient":""},"mobile":{"background-color":"var(--ast-global-color-5)","background-image":"","background-repeat":"repeat","background-position":"center center","background-size":"auto","background-attachment":"scroll","background-type":"","background-media":"","overlay-type":"","overlay-color":"","overlay-opacity":"","overlay-gradient":""}}},"product_brand":[],"product_cat":[15],"product_tag":[],"class_list":{"0":"post-11120","1":"product","2":"type-product","3":"status-publish","4":"has-post-thumbnail","6":"product_cat-all","7":"desktop-align-left","8":"tablet-align-left","9":"mobile-align-left","10":"ast-product-gallery-layout-horizontal-slider","11":"ast-product-tabs-layout-horizontal","13":"first","14":"instock","15":"shipping-taxable","16":"product-type-simple"},"uagb_featured_image_src":{"full":["https:\/\/www.wonfulity.com\/wp-content\/uploads\/\u672a\u547d\u540d-\u526f\u672c.png",600,700,false],"thumbnail":["https:\/\/www.wonfulity.com\/wp-content\/uploads\/\u672a\u547d\u540d-\u526f\u672c-150x150.png",150,150,true],"medium":["https:\/\/www.wonfulity.com\/wp-content\/uploads\/\u672a\u547d\u540d-\u526f\u672c-257x300.png",257,300,true],"medium_large":["https:\/\/www.wonfulity.com\/wp-content\/uploads\/\u672a\u547d\u540d-\u526f\u672c.png",600,700,false],"large":["https:\/\/www.wonfulity.com\/wp-content\/uploads\/\u672a\u547d\u540d-\u526f\u672c.png",600,700,false],"1536x1536":["https:\/\/www.wonfulity.com\/wp-content\/uploads\/\u672a\u547d\u540d-\u526f\u672c.png",600,700,false],"2048x2048":["https:\/\/www.wonfulity.com\/wp-content\/uploads\/\u672a\u547d\u540d-\u526f\u672c.png",600,700,false],"trp-custom-language-flag":["https:\/\/www.wonfulity.com\/wp-content\/uploads\/\u672a\u547d\u540d-\u526f\u672c-10x12.png",10,12,true],"woocommerce_thumbnail":["https:\/\/www.wonfulity.com\/wp-content\/uploads\/\u672a\u547d\u540d-\u526f\u672c-450x570.png",450,570,true],"woocommerce_single":["https:\/\/www.wonfulity.com\/wp-content\/uploads\/\u672a\u547d\u540d-\u526f\u672c.png",600,700,false],"woocommerce_gallery_thumbnail":["https:\/\/www.wonfulity.com\/wp-content\/uploads\/\u672a\u547d\u540d-\u526f\u672c-100x100.png",100,100,true]},"uagb_author_info":{"display_name":"Bob","author_link":"https:\/\/www.wonfulity.com\/es\/blogs\/author\/"},"uagb_comment_info":0,"uagb_excerpt":"Our Bookcases &amp; Shelves are crafted from high-quality, sustainably sourced wood, making them ideal for commercial environments such as schools, libraries, offices, and retail spaces. Built to withstand the demands of daily use, these shelving units offer a perfect balance of functionality and style. The modern design complements various interior styles, ensuring they fit seamlessly&hellip;","_links":{"self":[{"href":"https:\/\/www.wonfulity.com\/es\/wp-json\/wp\/v2\/product\/11120","targetHints":{"allow":["GET"]}}],"collection":[{"href":"https:\/\/www.wonfulity.com\/es\/wp-json\/wp\/v2\/product"}],"about":[{"href":"https:\/\/www.wonfulity.com\/es\/wp-json\/wp\/v2\/types\/product"}],"wp:featuredmedia":[{"embeddable":true,"href":"https:\/\/www.wonfulity.com\/es\/wp-json\/wp\/v2\/media\/11923"}],"wp:attachment":[{"href":"https:\/\/www.wonfulity.com\/es\/wp-json\/wp\/v2\/media?parent=11120"}],"wp:term":[{"taxonomy":"product_brand","embeddable":true,"href":"https:\/\/www.wonfulity.com\/es\/wp-json\/wp\/v2\/product_brand?post=11120"},{"taxonomy":"product_cat","embeddable":true,"href":"https:\/\/www.wonfulity.com\/es\/wp-json\/wp\/v2\/product_cat?post=11120"},{"taxonomy":"product_tag","embeddable":true,"href":"https:\/\/www.wonfulity.com\/es\/wp-json\/wp\/v2\/product_tag?post=11120"}],"curies":[{"name":"wp","href":"https:\/\/api.w.org\/{rel}","templated":true}]}}