{"id":11236,"date":"2024-12-10T08:46:11","date_gmt":"2024-12-10T00:46:11","guid":{"rendered":"https:\/\/www.wonfulity.com\/?post_type=product&#038;p=11236"},"modified":"2024-12-10T13:16:45","modified_gmt":"2024-12-10T05:16:45","slug":"wooden-kids-table-and-chair-set","status":"publish","type":"product","link":"https:\/\/www.wonfulity.com\/es\/producto\/juego-de-mesa-y-silla-de-madera-para-ninos\/","title":{"rendered":"Juego de mesa y silla Montessori para ni\u00f1os de 1 a 3 a\u00f1os"},"content":{"rendered":"<div class=\"wp-block-uagb-container uagb-block-d15b9ca3 alignfull uagb-is-root-container\"><div class=\"uagb-container-inner-blocks-wrap\">\n<div class=\"wp-block-uagb-container uagb-block-f7df6427\">\n<div class=\"wp-block-uagb-container uagb-block-9455ef5b\">\n<div class=\"wp-block-uagb-info-box uagb-block-d4df3463 uagb-infobox__content-wrap  uagb-infobox-icon-above-title uagb-infobox-image-valign-top\"><div class=\"uagb-ifb-content\"><div class=\"uagb-ifb-title-wrap\"><h4 class=\"uagb-ifb-title\"><strong>Altura ajustable para ni\u00f1os en edad de crecimiento<\/strong><\/h4><\/div><p class=\"uagb-ifb-desc\">Fabricado con madera sostenible de alta calidad, este conjunto de mesa y silla Montessori est\u00e1 hecho para durar. Los materiales ecol\u00f3gicos utilizados en su fabricaci\u00f3n lo convierten en una opci\u00f3n segura y sostenible tanto para su hijo como para el medio ambiente. Los acabados no t\u00f3xicos aseguran que su peque\u00f1o pueda disfrutar de sus muebles sin el riesgo de productos qu\u00edmicos nocivos, proporcionando tranquilidad a los padres y cuidadores.<\/p><\/div><\/div>\n<\/div>\n\n\n\n<div class=\"wp-block-uagb-info-box uagb-block-845cd917 uagb-infobox__content-wrap  uagb-infobox-icon-above-title uagb-infobox-image-valign-top\"><div class=\"uagb-ifb-content\"><div class=\"uagb-ifb-title-wrap\"><h4 class=\"uagb-ifb-title\">Multifuncional y vers\u00e1til<\/h4><\/div><p class=\"uagb-ifb-desc\">Este conjunto de mesa y silla Montessori en forma de cubo es perfecto para una gran variedad de actividades, como leer, comer y jugar. La mesa ofrece un amplio espacio para que los ni\u00f1os exploren su creatividad con manualidades o participen en actividades educativas, mientras que el dise\u00f1o ergon\u00f3mico de la silla garantiza la comodidad durante un uso prolongado. No es s\u00f3lo un mueble, es una herramienta que fomenta la independencia y mejora el aprendizaje en un entorno divertido y seguro.<\/p><\/div><\/div>\n\n\n\n<div class=\"wp-block-uagb-container uagb-block-a256468b\">\n<div class=\"wp-block-uagb-info-box uagb-block-28834539 uagb-infobox__content-wrap  uagb-infobox-icon-above-title uagb-infobox-image-valign-top\"><div class=\"uagb-ifb-content\"><div class=\"uagb-ifb-title-wrap\"><h4 class=\"uagb-ifb-title\"><br><strong><strong>Perfecto para la fabricaci\u00f3n y personalizaci\u00f3n B2B<\/strong><\/strong><\/h4><\/div><p class=\"uagb-ifb-desc\">Este conjunto de mesa y silla Montessori es una excelente opci\u00f3n para clientes B2B que buscan invertir en mobiliario infantil para instituciones educativas, espacios comerciales o guarder\u00edas. Con opciones de personalizaci\u00f3n disponibles, este conjunto se puede adaptar para satisfacer las necesidades espec\u00edficas del negocio, incluyendo el color, la marca y el embalaje. Las empresas pueden hacer pedidos al por mayor y aprovechar nuestros eficaces procesos de env\u00edo y control de calidad para satisfacer la demanda.<\/p><\/div><\/div>\n<\/div>\n<\/div>\n\n\n\n<div class=\"wp-block-uagb-container uagb-block-07bfc131\">\n<div class=\"wp-block-uagb-image uagb-block-b4bb948c wp-block-uagb-image--layout-default wp-block-uagb-image--effect-static wp-block-uagb-image--align-none alignleft\"><figure class=\"wp-block-uagb-image__figure\"><img decoding=\"async\" srcset=\"https:\/\/www.wonfulity.com\/wp-content\/uploads\/71hbqRapK7L._AC_-1024x1024.jpg ,https:\/\/www.wonfulity.com\/wp-content\/uploads\/71hbqRapK7L._AC_.jpg 780w, https:\/\/www.wonfulity.com\/wp-content\/uploads\/71hbqRapK7L._AC_.jpg 360w\" sizes=\"auto, (max-width: 480px) 150px\" src=\"https:\/\/www.wonfulity.com\/wp-content\/uploads\/71hbqRapK7L._AC_-1024x1024.jpg\" alt=\"Juego de Mesa y Silla Montessori para Ni\u00f1os de 1 a 3 A\u00f1os, Juego de Mesa y Silla para Ni\u00f1os de Altura Ajustable, Cubo Silla de Mesa para Ni\u00f1os para Leer\/Comer\/Jugar, F\u00e1cil de Montar\" class=\"uag-image-11241\" width=\"600\" height=\"700\" title=\"silla de mesa a medida\" loading=\"lazy\" role=\"img\"\/><\/figure><\/div>\n<\/div>\n<\/div><\/div>\n\n\n\n<div class=\"wp-block-uagb-container uagb-block-942c266d alignfull uagb-is-root-container\"><div class=\"uagb-container-inner-blocks-wrap\">\n<div class=\"wp-block-uagb-container uagb-block-cdfbwk39\">\n<div class=\"wp-block-uagb-container uagb-block-taa9jvn9\"><\/div>\n\n\n\n<div class=\"wp-block-uagb-container uagb-block-e6uqhnjy\">\n<div class=\"wp-block-uagb-info-box uagb-block-sm9wy83a uagb-infobox__content-wrap  uagb-infobox-icon-above-title uagb-infobox-image-valign-top\"><div class=\"uagb-ifb-content\"><div class=\"uagb-ifb-title-wrap\"><h4 class=\"uagb-ifb-title\">Art\u00edculo<\/h4><\/div><\/div><\/div>\n<\/div>\n\n\n\n<div class=\"wp-block-uagb-container uagb-block-xdtgxgj6\">\n<div class=\"wp-block-uagb-info-box uagb-block-c04bcb41 uagb-infobox__content-wrap  uagb-infobox-icon-above-title uagb-infobox-image-valign-top\"><div class=\"uagb-ifb-content\"><div class=\"uagb-ifb-title-wrap\"><h4 class=\"uagb-ifb-title\">Desc<\/h4><\/div><\/div><\/div>\n<\/div>\n<\/div>\n\n\n\n<div class=\"wp-block-uagb-container uagb-block-720573f4\">\n<div class=\"wp-block-uagb-container uagb-block-d006e6eb\">\n<div class=\"wp-block-uagb-info-box uagb-block-a92ede72 uagb-infobox__content-wrap  uagb-infobox-icon-above-title uagb-infobox-image-valign-top\"><div class=\"uagb-ifb-content\"><div class=\"uagb-ifb-title-wrap\"><p class=\"uagb-ifb-title-prefix\">01<\/p><\/div><\/div><\/div>\n<\/div>\n\n\n\n<div class=\"wp-block-uagb-container uagb-block-32771033\">\n<div class=\"wp-block-uagb-info-box uagb-block-aaee5390 uagb-infobox__content-wrap  uagb-infobox-icon-above-title uagb-infobox-image-valign-top\"><div class=\"uagb-ifb-content\"><div class=\"uagb-ifb-title-wrap\"><h4 class=\"uagb-ifb-title\"><strong>Madera duradera y respetuosa con el medio ambiente<\/strong><\/h4><\/div><\/div><\/div>\n<\/div>\n\n\n\n<div class=\"wp-block-uagb-container uagb-block-d985a046\">\n<div class=\"wp-block-uagb-info-box uagb-block-2b0922dc uagb-infobox__content-wrap  uagb-infobox-icon-above-title uagb-infobox-image-valign-top\"><div class=\"uagb-ifb-content\"><div class=\"uagb-ifb-title-wrap\"><p class=\"uagb-ifb-title\">Fabricado con madera duradera y respetuosa con el medio ambiente, este juego est\u00e1 dise\u00f1ado para resistir el desgaste del uso diario de los ni\u00f1os peque\u00f1os. Los materiales utilizados son seguros y no t\u00f3xicos, lo que garantiza la tranquilidad de padres y empresarios. Su robusta construcci\u00f3n garantiza un uso duradero, lo que lo convierte en una gran inversi\u00f3n tanto para el hogar como para espacios comerciales.<\/p><\/div><\/div><\/div>\n<\/div>\n<\/div>\n\n\n\n<div class=\"wp-block-uagb-container uagb-block-95a6e317\">\n<div class=\"wp-block-uagb-container uagb-block-2e70f36a\">\n<div class=\"wp-block-uagb-info-box uagb-block-8efb1163 uagb-infobox__content-wrap  uagb-infobox-icon-above-title uagb-infobox-image-valign-top\"><div class=\"uagb-ifb-content\"><div class=\"uagb-ifb-title-wrap\"><p class=\"uagb-ifb-title-prefix\">02<\/p><\/div><\/div><\/div>\n<\/div>\n\n\n\n<div class=\"wp-block-uagb-container uagb-block-c25bc4e9\">\n<div class=\"wp-block-uagb-info-box uagb-block-8e5653f6 uagb-infobox__content-wrap  uagb-infobox-icon-above-title uagb-infobox-image-valign-top\"><div class=\"uagb-ifb-content\"><div class=\"uagb-ifb-title-wrap\"><h4 class=\"uagb-ifb-title\"><strong>Tama\u00f1o perfecto para ni\u00f1os peque\u00f1os<\/strong><\/h4><\/div><\/div><\/div>\n<\/div>\n\n\n\n<div class=\"wp-block-uagb-container uagb-block-e4b73fff\">\n<p>Las dimensiones del conjunto de mesa y silla Montessori se adaptan perfectamente a ni\u00f1os de 1 a 5 a\u00f1os. La altura de la mesa es ajustable, ofreciendo la flexibilidad necesaria para adaptarse al tama\u00f1o actual de su hijo, y la silla est\u00e1 dise\u00f1ada para proporcionar apoyo para una postura correcta, al tiempo que fomenta el uso independiente. Estas proporciones hacen que el conjunto sea ideal para fomentar el desarrollo temprano y la autonom\u00eda en diversas actividades.<\/p>\n<\/div>\n<\/div>\n\n\n\n<div class=\"wp-block-uagb-container uagb-block-00d46b71\">\n<div class=\"wp-block-uagb-container uagb-block-63be2ee0\">\n<div class=\"wp-block-uagb-info-box uagb-block-86f40bc4 uagb-infobox__content-wrap  uagb-infobox-icon-above-title uagb-infobox-image-valign-top\"><div class=\"uagb-ifb-content\"><div class=\"uagb-ifb-title-wrap\"><p class=\"uagb-ifb-title-prefix\">03<\/p><\/div><\/div><\/div>\n<\/div>\n\n\n\n<div class=\"wp-block-uagb-container uagb-block-f9a9ed48\">\n<div class=\"wp-block-uagb-info-box uagb-block-a01a3038 uagb-infobox__content-wrap  uagb-infobox-icon-above-title uagb-infobox-image-valign-top\"><div class=\"uagb-ifb-content\"><div class=\"uagb-ifb-title-wrap\"><h4 class=\"uagb-ifb-title\"><strong>F\u00e1cil montaje y mantenimiento<\/strong><\/h4><\/div><\/div><\/div>\n<\/div>\n\n\n\n<div class=\"wp-block-uagb-container uagb-block-ea615933\">\n<p>Dise\u00f1ado para mayor comodidad, el conjunto de mesa y silla Montessori es f\u00e1cil de montar y requiere un m\u00ednimo de herramientas. Este proceso de montaje sin complicaciones es ideal para padres ocupados e instituciones educativas. Adem\u00e1s, el conjunto es f\u00e1cil de limpiar y mantener, lo que garantiza que se mantenga en buenas condiciones durante a\u00f1os de uso, por lo que es perfecto tanto para entornos dom\u00e9sticos como comerciales.<\/p>\n<\/div>\n<\/div>\n<\/div><\/div>\n\n\n\n<div class=\"wp-block-uagb-container uagb-block-10733882 alignfull uagb-is-root-container\"><div class=\"uagb-container-inner-blocks-wrap\">\n<div class=\"wp-block-uagb-container uagb-block-a3ecce27\">\n<div class=\"wp-block-uagb-image uagb-block-a9f8ab9c wp-block-uagb-image--layout-default wp-block-uagb-image--effect-static wp-block-uagb-image--align-none\"><figure class=\"wp-block-uagb-image__figure\"><img decoding=\"async\" srcset=\"https:\/\/www.wonfulity.com\/wp-content\/uploads\/Cao-County-Runwan-Crafts-Co-Ltd-1.webp ,https:\/\/www.wonfulity.com\/wp-content\/uploads\/Cao-County-Runwan-Crafts-Co-Ltd-1.webp 780w, https:\/\/www.wonfulity.com\/wp-content\/uploads\/Cao-County-Runwan-Crafts-Co-Ltd-1.webp 360w\" sizes=\"auto, (max-width: 480px) 150px\" src=\"https:\/\/www.wonfulity.com\/wp-content\/uploads\/Cao-County-Runwan-Crafts-Co-Ltd-1.webp\" alt=\"f\u00e1brica de madera\" class=\"uag-image-11115\" width=\"400\" height=\"300\" title=\"f\u00e1brica de madera\" loading=\"lazy\" role=\"img\"\/><\/figure><\/div>\n\n\n\n<div class=\"wp-block-uagb-image uagb-block-e21af5fb wp-block-uagb-image--layout-default wp-block-uagb-image--effect-static wp-block-uagb-image--align-none\"><figure class=\"wp-block-uagb-image__figure\"><img decoding=\"async\" srcset=\"https:\/\/www.wonfulity.com\/wp-content\/uploads\/10-3-1024x640.png ,https:\/\/www.wonfulity.com\/wp-content\/uploads\/10-3.png 780w, https:\/\/www.wonfulity.com\/wp-content\/uploads\/10-3.png 360w\" sizes=\"auto, (max-width: 480px) 150px\" src=\"https:\/\/www.wonfulity.com\/wp-content\/uploads\/10-3-1024x640.png\" alt=\"f\u00e1brica de madera\" class=\"uag-image-10974\" width=\"400\" height=\"300\" title=\"f\u00e1brica de madera\" loading=\"lazy\" role=\"img\"\/><\/figure><\/div>\n<\/div>\n\n\n\n<div class=\"wp-block-uagb-container uagb-block-1c90d097\">\n<div class=\"wp-block-uagb-image uagb-block-e676099f wp-block-uagb-image--layout-default wp-block-uagb-image--effect-static wp-block-uagb-image--align-none\"><figure class=\"wp-block-uagb-image__figure\"><img decoding=\"async\" srcset=\"https:\/\/www.wonfulity.com\/wp-content\/uploads\/13.png ,https:\/\/www.wonfulity.com\/wp-content\/uploads\/13.png 780w, https:\/\/www.wonfulity.com\/wp-content\/uploads\/13.png 360w\" sizes=\"auto, (max-width: 480px) 150px\" src=\"https:\/\/www.wonfulity.com\/wp-content\/uploads\/13.png\" alt=\"f\u00e1brica de madera\" class=\"uag-image-10941\" width=\"400\" height=\"300\" title=\"f\u00e1brica de madera\" loading=\"lazy\" role=\"img\"\/><\/figure><\/div>\n\n\n\n<div class=\"wp-block-uagb-image uagb-block-8f557fa6 wp-block-uagb-image--layout-default wp-block-uagb-image--effect-static wp-block-uagb-image--align-none\"><figure class=\"wp-block-uagb-image__figure\"><img decoding=\"async\" srcset=\"https:\/\/www.wonfulity.com\/wp-content\/uploads\/Cao-County-Runwan-Crafts-Co-Ltd-.webp ,https:\/\/www.wonfulity.com\/wp-content\/uploads\/Cao-County-Runwan-Crafts-Co-Ltd-.webp 780w, https:\/\/www.wonfulity.com\/wp-content\/uploads\/Cao-County-Runwan-Crafts-Co-Ltd-.webp 360w\" sizes=\"auto, (max-width: 480px) 150px\" src=\"https:\/\/www.wonfulity.com\/wp-content\/uploads\/Cao-County-Runwan-Crafts-Co-Ltd-.webp\" alt=\"f\u00e1brica de madera\" class=\"uag-image-11116\" width=\"400\" height=\"300\" title=\"f\u00e1brica de madera\" loading=\"lazy\" role=\"img\"\/><\/figure><\/div>\n<\/div>\n\n\n\n<div class=\"wp-block-uagb-container uagb-block-5ed9251a\">\n<div class=\"wp-block-uagb-image uagb-block-ab006938 wp-block-uagb-image--layout-default wp-block-uagb-image--effect-static wp-block-uagb-image--align-none\"><figure class=\"wp-block-uagb-image__figure\"><img decoding=\"async\" srcset=\"https:\/\/www.wonfulity.com\/wp-content\/uploads\/19.png ,https:\/\/www.wonfulity.com\/wp-content\/uploads\/19.png 780w, https:\/\/www.wonfulity.com\/wp-content\/uploads\/19.png 360w\" sizes=\"auto, (max-width: 480px) 150px\" src=\"https:\/\/www.wonfulity.com\/wp-content\/uploads\/19.png\" alt=\"f\u00e1brica de madera\" class=\"uag-image-10947\" width=\"400\" height=\"300\" title=\"f\u00e1brica de madera\" loading=\"lazy\" role=\"img\"\/><\/figure><\/div>\n\n\n\n<div class=\"wp-block-uagb-image uagb-block-3382ec21 wp-block-uagb-image--layout-default wp-block-uagb-image--effect-static wp-block-uagb-image--align-none\"><figure class=\"wp-block-uagb-image__figure\"><img decoding=\"async\" srcset=\"https:\/\/www.wonfulity.com\/wp-content\/uploads\/\u672a\u547d\u540d\u7684\u8bbe\u8ba1-21.png ,https:\/\/www.wonfulity.com\/wp-content\/uploads\/\u672a\u547d\u540d\u7684\u8bbe\u8ba1-21.png 780w, https:\/\/www.wonfulity.com\/wp-content\/uploads\/\u672a\u547d\u540d\u7684\u8bbe\u8ba1-21.png 360w\" sizes=\"auto, (max-width: 480px) 150px\" src=\"https:\/\/www.wonfulity.com\/wp-content\/uploads\/\u672a\u547d\u540d\u7684\u8bbe\u8ba1-21.png\" alt=\"f\u00e1brica de madera\" class=\"uag-image-11118\" width=\"400\" height=\"300\" title=\"f\u00e1brica de madera\" loading=\"lazy\" role=\"img\"\/><\/figure><\/div>\n<\/div>\n<\/div><\/div>","protected":false},"excerpt":{"rendered":"<p>El juego de mesa y silla Montessori est\u00e1 dise\u00f1ado para apoyar el desarrollo temprano de su hijo proporcion\u00e1ndole un espacio funcional y seguro para comer, leer y jugar. Espec\u00edficamente dise\u00f1ado para ni\u00f1os de 1 a 5 a\u00f1os, este conjunto de mesa y silla ajustable en altura fomenta la independencia de su hijo permiti\u00e9ndole participar en actividades a su propio nivel. El dise\u00f1o de inspiraci\u00f3n Montessori hace hincapi\u00e9 en el aprendizaje pr\u00e1ctico, y el tama\u00f1o compacto del conjunto lo hace ideal para espacios peque\u00f1os, hogares, guarder\u00edas y escuelas.<\/p>\n<p>Fabricado en madera de alta calidad, este conjunto no s\u00f3lo es resistente y duradero, sino tambi\u00e9n respetuoso con el medio ambiente, garantizando la seguridad de su hijo y minimizando el impacto medioambiental. La altura ajustable le permite modificar la mesa y la silla para adaptarlas al crecimiento de su hijo, lo que garantiza su uso a largo plazo. Ya sea para la merienda, las manualidades o la hora del cuento, el dise\u00f1o de la mesa y la silla permite realizar una gran variedad de actividades, fomentando la creatividad y la autosuficiencia en un entorno c\u00f3modo.<\/p>\n<p>El montaje de este conjunto de mesa y silla Montessori es r\u00e1pido y sencillo, lo que lo convierte en un complemento sin complicaciones para cualquier espacio infantil. El dise\u00f1o minimalista complementa cualquier decoraci\u00f3n, y los tonos neutros son adecuados tanto para ni\u00f1os como para ni\u00f1as. El conjunto es vers\u00e1til, pr\u00e1ctico y est\u00e1 dise\u00f1ado para crecer con su hijo, por lo que es una gran inversi\u00f3n tanto para los padres como para los entornos educativos.<\/p>\n<p>\u00bfBusca productos a juego? Vea nuestros<strong> <a href=\"https:\/\/www.wonfulity.com\/es\/producto\/\">productos de mobiliario infantil<\/a><\/strong><br \/>Necesitas m\u00e1s opciones o un presupuesto r\u00e1pido? Echa un vistazo a nuestra Tienda Internacional para ver las \u00faltimas colecciones\uff1a.<\/p>\n<ul>\n<li><strong><a href=\"https:\/\/zhizhenmei.en.alibaba.com\/?spm=a2700.29482153.0.0.71d571d2UuhFW4\" target=\"_blank\" rel=\"noopener sponsored\">Tienda internacional 1<\/a><\/strong><\/li>\n<li><strong><a href=\"https:\/\/caoxianaoyi.en.alibaba.com\/?spm=a2700.29482153.0.0.427c71d26Wtq4L\" target=\"_blank\" rel=\"noopener sponsored\">Tienda internacional 2<\/a><\/strong><\/li>\n<\/ul>","protected":false},"featured_media":12046,"template":"","meta":{"_uag_custom_page_level_css":"","site-sidebar-layout":"default","site-content-layout":"","ast-site-content-layout":"default","site-content-style":"default","site-sidebar-style":"default","ast-global-header-display":"","ast-banner-title-visibility":"","ast-main-header-display":"","ast-hfb-above-header-display":"","ast-hfb-below-header-display":"","ast-hfb-mobile-header-display":"","site-post-title":"","ast-breadcrumbs-content":"","ast-featured-img":"","footer-sml-layout":"","ast-disable-related-posts":"","theme-transparent-header-meta":"","adv-header-id-meta":"","stick-header-meta":"","header-above-stick-meta":"","header-main-stick-meta":"","header-below-stick-meta":"","astra-migrate-meta-layouts":"default","ast-page-background-enabled":"default","ast-page-background-meta":{"desktop":{"background-color":"var(--ast-global-color-4)","background-image":"","background-repeat":"repeat","background-position":"center center","background-size":"auto","background-attachment":"scroll","background-type":"","background-media":"","overlay-type":"","overlay-color":"","overlay-opacity":"","overlay-gradient":""},"tablet":{"background-color":"","background-image":"","background-repeat":"repeat","background-position":"center center","background-size":"auto","background-attachment":"scroll","background-type":"","background-media":"","overlay-type":"","overlay-color":"","overlay-opacity":"","overlay-gradient":""},"mobile":{"background-color":"","background-image":"","background-repeat":"repeat","background-position":"center center","background-size":"auto","background-attachment":"scroll","background-type":"","background-media":"","overlay-type":"","overlay-color":"","overlay-opacity":"","overlay-gradient":""}},"ast-content-background-meta":{"desktop":{"background-color":"var(--ast-global-color-5)","background-image":"","background-repeat":"repeat","background-position":"center center","background-size":"auto","background-attachment":"scroll","background-type":"","background-media":"","overlay-type":"","overlay-color":"","overlay-opacity":"","overlay-gradient":""},"tablet":{"background-color":"var(--ast-global-color-5)","background-image":"","background-repeat":"repeat","background-position":"center center","background-size":"auto","background-attachment":"scroll","background-type":"","background-media":"","overlay-type":"","overlay-color":"","overlay-opacity":"","overlay-gradient":""},"mobile":{"background-color":"var(--ast-global-color-5)","background-image":"","background-repeat":"repeat","background-position":"center center","background-size":"auto","background-attachment":"scroll","background-type":"","background-media":"","overlay-type":"","overlay-color":"","overlay-opacity":"","overlay-gradient":""}}},"product_brand":[],"product_cat":[382],"product_tag":[],"class_list":{"0":"post-11236","1":"product","2":"type-product","3":"status-publish","4":"has-post-thumbnail","6":"product_cat-custom-kids-tables-chair","7":"desktop-align-left","8":"tablet-align-left","9":"mobile-align-left","10":"ast-product-gallery-layout-horizontal-slider","11":"ast-product-tabs-layout-horizontal","13":"first","14":"instock","15":"shipping-taxable","16":"product-type-simple"},"uagb_featured_image_src":{"full":["https:\/\/www.wonfulity.com\/wp-content\/uploads\/BOB\u72ec\u7acb\u7ad9\u4e3b\u9898\u8c03\u6574-\u526f\u672c-1.png",600,700,false],"thumbnail":["https:\/\/www.wonfulity.com\/wp-content\/uploads\/BOB\u72ec\u7acb\u7ad9\u4e3b\u9898\u8c03\u6574-\u526f\u672c-1-150x150.png",150,150,true],"medium":["https:\/\/www.wonfulity.com\/wp-content\/uploads\/BOB\u72ec\u7acb\u7ad9\u4e3b\u9898\u8c03\u6574-\u526f\u672c-1-257x300.png",257,300,true],"medium_large":["https:\/\/www.wonfulity.com\/wp-content\/uploads\/BOB\u72ec\u7acb\u7ad9\u4e3b\u9898\u8c03\u6574-\u526f\u672c-1.png",600,700,false],"large":["https:\/\/www.wonfulity.com\/wp-content\/uploads\/BOB\u72ec\u7acb\u7ad9\u4e3b\u9898\u8c03\u6574-\u526f\u672c-1.png",600,700,false],"1536x1536":["https:\/\/www.wonfulity.com\/wp-content\/uploads\/BOB\u72ec\u7acb\u7ad9\u4e3b\u9898\u8c03\u6574-\u526f\u672c-1.png",600,700,false],"2048x2048":["https:\/\/www.wonfulity.com\/wp-content\/uploads\/BOB\u72ec\u7acb\u7ad9\u4e3b\u9898\u8c03\u6574-\u526f\u672c-1.png",600,700,false],"trp-custom-language-flag":["https:\/\/www.wonfulity.com\/wp-content\/uploads\/BOB\u72ec\u7acb\u7ad9\u4e3b\u9898\u8c03\u6574-\u526f\u672c-1-10x12.png",10,12,true],"woocommerce_thumbnail":["https:\/\/www.wonfulity.com\/wp-content\/uploads\/BOB\u72ec\u7acb\u7ad9\u4e3b\u9898\u8c03\u6574-\u526f\u672c-1-450x570.png",450,570,true],"woocommerce_single":["https:\/\/www.wonfulity.com\/wp-content\/uploads\/BOB\u72ec\u7acb\u7ad9\u4e3b\u9898\u8c03\u6574-\u526f\u672c-1.png",600,700,false],"woocommerce_gallery_thumbnail":["https:\/\/www.wonfulity.com\/wp-content\/uploads\/BOB\u72ec\u7acb\u7ad9\u4e3b\u9898\u8c03\u6574-\u526f\u672c-1-100x100.png",100,100,true]},"uagb_author_info":{"display_name":"caijinyue","author_link":"https:\/\/www.wonfulity.com\/es\/blogs\/author\/"},"uagb_comment_info":0,"uagb_excerpt":"The Montessori Table and Chair Set is designed to support your toddler\u2019s early development by providing a functional and safe space for eating, reading, and playing. Specifically tailored for toddlers aged 1 to 5 years, this height-adjustable toddler table and chair set encourages independence by allowing your child to engage in activities at their own&hellip;","_links":{"self":[{"href":"https:\/\/www.wonfulity.com\/es\/wp-json\/wp\/v2\/product\/11236","targetHints":{"allow":["GET"]}}],"collection":[{"href":"https:\/\/www.wonfulity.com\/es\/wp-json\/wp\/v2\/product"}],"about":[{"href":"https:\/\/www.wonfulity.com\/es\/wp-json\/wp\/v2\/types\/product"}],"wp:featuredmedia":[{"embeddable":true,"href":"https:\/\/www.wonfulity.com\/es\/wp-json\/wp\/v2\/media\/12046"}],"wp:attachment":[{"href":"https:\/\/www.wonfulity.com\/es\/wp-json\/wp\/v2\/media?parent=11236"}],"wp:term":[{"taxonomy":"product_brand","embeddable":true,"href":"https:\/\/www.wonfulity.com\/es\/wp-json\/wp\/v2\/product_brand?post=11236"},{"taxonomy":"product_cat","embeddable":true,"href":"https:\/\/www.wonfulity.com\/es\/wp-json\/wp\/v2\/product_cat?post=11236"},{"taxonomy":"product_tag","embeddable":true,"href":"https:\/\/www.wonfulity.com\/es\/wp-json\/wp\/v2\/product_tag?post=11236"}],"curies":[{"name":"wp","href":"https:\/\/api.w.org\/{rel}","templated":true}]}}