{"id":11365,"date":"2024-12-10T08:48:17","date_gmt":"2024-12-10T00:48:17","guid":{"rendered":"https:\/\/www.wonfulity.com\/?post_type=product&#038;p=11365"},"modified":"2024-12-10T11:36:25","modified_gmt":"2024-12-10T03:36:25","slug":"montessori-educational-toy-baby","status":"publish","type":"product","link":"https:\/\/www.wonfulity.com\/es\/producto\/juguete-educativo-montessori-bebe\/","title":{"rendered":"Top 5 de juguetes educativos Montessori para beb\u00e9s"},"content":{"rendered":"<div class=\"wp-block-uagb-container uagb-block-d15b9ca3 alignfull uagb-is-root-container\"><div class=\"uagb-container-inner-blocks-wrap\">\n<div class=\"wp-block-uagb-container uagb-block-f7df6427\">\n<div class=\"wp-block-uagb-container uagb-block-9455ef5b\">\n<div class=\"wp-block-uagb-info-box uagb-block-d4df3463 uagb-infobox__content-wrap  uagb-infobox-icon-above-title uagb-infobox-image-valign-top\"><div class=\"uagb-ifb-content\"><div class=\"uagb-ifb-title-wrap\"><h4 class=\"uagb-ifb-title\"><strong>F\u00e1cil de plegar y desmontar<\/strong><\/h4><\/div><p class=\"uagb-ifb-desc\">El gimnasio de juegos de madera Ligero y f\u00e1cil de plegar y guardar. con funci\u00f3n plegable proporciona un gran conveniente para almacenar cuando no est\u00e9 en uso o cuando el beb\u00e9 crece. Su tama\u00f1o compacto ahorrar\u00e1 espacio. Tambi\u00e9n es f\u00e1cil de desmontar, para que pueda cambiar o a\u00f1adir juguetes colgantes para el beb\u00e9 para jugar diferentes games.Montessori juguete educativo beb\u00e9<\/p><\/div><\/div>\n<\/div>\n\n\n\n<div class=\"wp-block-uagb-info-box uagb-block-845cd917 uagb-infobox__content-wrap  uagb-infobox-icon-above-title uagb-infobox-image-valign-top\"><div class=\"uagb-ifb-content\"><div class=\"uagb-ifb-title-wrap\"><h4 class=\"uagb-ifb-title\">Multifuncional y vers\u00e1til<\/h4><\/div><p class=\"uagb-ifb-desc\">El gimnasio de madera para beb\u00e9s funciona como una atractiva zona de juegos. La estructura de madera es robusta y segura. Los juguetes colgantes fijados al gimnasio ayudan a mejorar la coordinaci\u00f3n mano-ojo de los beb\u00e9s, ya que alcanzan y agarran. Tambi\u00e9n proporciona un espacio c\u00f3modo para que los beb\u00e9s se tumben y jueguen.<\/p><\/div><\/div>\n\n\n\n<div class=\"wp-block-uagb-container uagb-block-a256468b\">\n<div class=\"wp-block-uagb-info-box uagb-block-28834539 uagb-infobox__content-wrap  uagb-infobox-icon-above-title uagb-infobox-image-valign-top\"><div class=\"uagb-ifb-content\"><div class=\"uagb-ifb-title-wrap\"><h4 class=\"uagb-ifb-title\"><br><strong><strong>Perfecto para la fabricaci\u00f3n y personalizaci\u00f3n B2B<\/strong><\/strong><\/h4><\/div><p class=\"uagb-ifb-desc\">Este gimnasio de juegos de madera es una excelente opci\u00f3n para clientes B2B que buscan invertir en mobiliario infantil para centros educativos, espacios comerciales o guarder\u00edas. Gracias a las opciones de personalizaci\u00f3n disponibles, este conjunto puede adaptarse a las necesidades espec\u00edficas de su empresa, incluidos el color, la marca y el embalaje. Las empresas pueden hacer pedidos al por mayor y aprovechar nuestros eficaces procesos de env\u00edo y control de calidad para satisfacer la demanda.<\/p><\/div><\/div>\n<\/div>\n<\/div>\n\n\n\n<div class=\"wp-block-uagb-container uagb-block-07bfc131\">\n<div class=\"wp-block-uagb-image uagb-block-b4bb948c wp-block-uagb-image--layout-default wp-block-uagb-image--effect-static wp-block-uagb-image--align-none alignleft\"><figure class=\"wp-block-uagb-image__figure\"><img decoding=\"async\" srcset=\"https:\/\/www.wonfulity.com\/wp-content\/uploads\/61QQJNgFVQL._SL1000_.jpg ,https:\/\/www.wonfulity.com\/wp-content\/uploads\/61QQJNgFVQL._SL1000_.jpg 780w, https:\/\/www.wonfulity.com\/wp-content\/uploads\/61QQJNgFVQL._SL1000_.jpg 360w\" sizes=\"auto, (max-width: 480px) 150px\" src=\"https:\/\/www.wonfulity.com\/wp-content\/uploads\/61QQJNgFVQL._SL1000_.jpg\" alt=\"Juguete educativo Montessori para beb\u00e9s\" class=\"uag-image-11375\" width=\"600\" height=\"700\" title=\"Juguete educativo Montessori para beb\u00e9s\" loading=\"lazy\" role=\"img\"\/><\/figure><\/div>\n<\/div>\n<\/div><\/div>\n\n\n\n<div class=\"wp-block-uagb-container uagb-block-942c266d alignfull uagb-is-root-container\"><div class=\"uagb-container-inner-blocks-wrap\">\n<div class=\"wp-block-uagb-container uagb-block-cdfbwk39\">\n<div class=\"wp-block-uagb-container uagb-block-taa9jvn9\"><\/div>\n\n\n\n<div class=\"wp-block-uagb-container uagb-block-e6uqhnjy\">\n<div class=\"wp-block-uagb-info-box uagb-block-sm9wy83a uagb-infobox__content-wrap  uagb-infobox-icon-above-title uagb-infobox-image-valign-top\"><div class=\"uagb-ifb-content\"><div class=\"uagb-ifb-title-wrap\"><h4 class=\"uagb-ifb-title\">Art\u00edculo<\/h4><\/div><\/div><\/div>\n<\/div>\n\n\n\n<div class=\"wp-block-uagb-container uagb-block-xdtgxgj6\">\n<div class=\"wp-block-uagb-info-box uagb-block-c04bcb41 uagb-infobox__content-wrap  uagb-infobox-icon-above-title uagb-infobox-image-valign-top\"><div class=\"uagb-ifb-content\"><div class=\"uagb-ifb-title-wrap\"><h4 class=\"uagb-ifb-title\">Desc<\/h4><\/div><\/div><\/div>\n<\/div>\n<\/div>\n\n\n\n<div class=\"wp-block-uagb-container uagb-block-720573f4\">\n<div class=\"wp-block-uagb-container uagb-block-d006e6eb\">\n<div class=\"wp-block-uagb-info-box uagb-block-a92ede72 uagb-infobox__content-wrap  uagb-infobox-icon-above-title uagb-infobox-image-valign-top\"><div class=\"uagb-ifb-content\"><div class=\"uagb-ifb-title-wrap\"><p class=\"uagb-ifb-title-prefix\">01<\/p><\/div><\/div><\/div>\n<\/div>\n\n\n\n<div class=\"wp-block-uagb-container uagb-block-32771033\">\n<div class=\"wp-block-uagb-info-box uagb-block-aaee5390 uagb-infobox__content-wrap  uagb-infobox-icon-above-title uagb-infobox-image-valign-top\"><div class=\"uagb-ifb-content\"><div class=\"uagb-ifb-title-wrap\"><h4 class=\"uagb-ifb-title\"><strong>Madera duradera y respetuosa con el medio ambiente<\/strong><\/h4><\/div><\/div><\/div>\n<\/div>\n\n\n\n<div class=\"wp-block-uagb-container uagb-block-d985a046\">\n<div class=\"wp-block-uagb-info-box uagb-block-2b0922dc uagb-infobox__content-wrap  uagb-infobox-icon-above-title uagb-infobox-image-valign-top\"><div class=\"uagb-ifb-content\"><div class=\"uagb-ifb-title-wrap\"><p class=\"uagb-ifb-title\">Fabricado con madera duradera y respetuosa con el medio ambiente, este juego est\u00e1 dise\u00f1ado para resistir el desgaste del uso diario de los ni\u00f1os peque\u00f1os. Los materiales utilizados son seguros y no t\u00f3xicos, lo que garantiza la tranquilidad de padres y empresarios. Su robusta construcci\u00f3n garantiza un uso duradero, lo que lo convierte en una gran inversi\u00f3n tanto para el hogar como para espacios comerciales.<\/p><\/div><\/div><\/div>\n<\/div>\n<\/div>\n\n\n\n<div class=\"wp-block-uagb-container uagb-block-95a6e317\">\n<div class=\"wp-block-uagb-container uagb-block-2e70f36a\">\n<div class=\"wp-block-uagb-info-box uagb-block-8efb1163 uagb-infobox__content-wrap  uagb-infobox-icon-above-title uagb-infobox-image-valign-top\"><div class=\"uagb-ifb-content\"><div class=\"uagb-ifb-title-wrap\"><p class=\"uagb-ifb-title-prefix\">02<\/p><\/div><\/div><\/div>\n<\/div>\n\n\n\n<div class=\"wp-block-uagb-container uagb-block-c25bc4e9\">\n<div class=\"wp-block-uagb-info-box uagb-block-8e5653f6 uagb-infobox__content-wrap  uagb-infobox-icon-above-title uagb-infobox-image-valign-top\"><div class=\"uagb-ifb-content\"><div class=\"uagb-ifb-title-wrap\"><h4 class=\"uagb-ifb-title\"><strong>Tama\u00f1o perfecto para ni\u00f1os peque\u00f1os<\/strong><\/h4><\/div><\/div><\/div>\n<\/div>\n\n\n\n<div class=\"wp-block-uagb-container uagb-block-e4b73fff\">\n<p>Las dimensiones del Juego de Mesa y Silla para Destete Montessori se adaptan perfectamente a los ni\u00f1os de 1 a 3 a\u00f1os. La altura de la mesa es ajustable, ofreciendo la flexibilidad necesaria para adaptarse al tama\u00f1o actual de su hijo, y la silla est\u00e1 dise\u00f1ada para proporcionar apoyo para una postura correcta, al tiempo que fomenta el uso independiente. Estas proporciones hacen que el conjunto sea ideal para fomentar el desarrollo temprano y la autonom\u00eda en diversas actividades.<\/p>\n<\/div>\n<\/div>\n\n\n\n<div class=\"wp-block-uagb-container uagb-block-00d46b71\">\n<div class=\"wp-block-uagb-container uagb-block-63be2ee0\">\n<div class=\"wp-block-uagb-info-box uagb-block-86f40bc4 uagb-infobox__content-wrap  uagb-infobox-icon-above-title uagb-infobox-image-valign-top\"><div class=\"uagb-ifb-content\"><div class=\"uagb-ifb-title-wrap\"><p class=\"uagb-ifb-title-prefix\">03<\/p><\/div><\/div><\/div>\n<\/div>\n\n\n\n<div class=\"wp-block-uagb-container uagb-block-f9a9ed48\">\n<div class=\"wp-block-uagb-info-box uagb-block-a01a3038 uagb-infobox__content-wrap  uagb-infobox-icon-above-title uagb-infobox-image-valign-top\"><div class=\"uagb-ifb-content\"><div class=\"uagb-ifb-title-wrap\"><h4 class=\"uagb-ifb-title\"><strong>F\u00e1cil montaje y mantenimiento<\/strong><\/h4><\/div><\/div><\/div>\n<\/div>\n\n\n\n<div class=\"wp-block-uagb-container uagb-block-ea615933\">\n<p>Dise\u00f1ado para mayor comodidad, el conjunto de mesa y silla Montessori es f\u00e1cil de montar y requiere un m\u00ednimo de herramientas. Este proceso de montaje sin complicaciones es ideal para padres ocupados e instituciones educativas. Adem\u00e1s, el conjunto es f\u00e1cil de limpiar y mantener, lo que garantiza que se mantenga en buenas condiciones durante a\u00f1os de uso, por lo que es perfecto tanto para entornos dom\u00e9sticos como comerciales.<\/p>\n<\/div>\n<\/div>\n<\/div><\/div>\n\n\n\n<div class=\"wp-block-uagb-container uagb-block-10733882 alignfull uagb-is-root-container\"><div class=\"uagb-container-inner-blocks-wrap\">\n<div class=\"wp-block-uagb-container uagb-block-a3ecce27\">\n<div class=\"wp-block-uagb-image uagb-block-a9f8ab9c wp-block-uagb-image--layout-default wp-block-uagb-image--effect-static wp-block-uagb-image--align-none\"><figure class=\"wp-block-uagb-image__figure\"><img decoding=\"async\" srcset=\"https:\/\/www.wonfulity.com\/wp-content\/uploads\/Cao-County-Runwan-Crafts-Co-Ltd-1.webp ,https:\/\/www.wonfulity.com\/wp-content\/uploads\/Cao-County-Runwan-Crafts-Co-Ltd-1.webp 780w, https:\/\/www.wonfulity.com\/wp-content\/uploads\/Cao-County-Runwan-Crafts-Co-Ltd-1.webp 360w\" sizes=\"auto, (max-width: 480px) 150px\" src=\"https:\/\/www.wonfulity.com\/wp-content\/uploads\/Cao-County-Runwan-Crafts-Co-Ltd-1.webp\" alt=\"f\u00e1brica de madera\" class=\"uag-image-11115\" width=\"400\" height=\"300\" title=\"f\u00e1brica de madera\" loading=\"lazy\" role=\"img\"\/><\/figure><\/div>\n\n\n\n<div class=\"wp-block-uagb-image uagb-block-e21af5fb wp-block-uagb-image--layout-default wp-block-uagb-image--effect-static wp-block-uagb-image--align-none\"><figure class=\"wp-block-uagb-image__figure\"><img decoding=\"async\" srcset=\"https:\/\/www.wonfulity.com\/wp-content\/uploads\/10-3-1024x640.png ,https:\/\/www.wonfulity.com\/wp-content\/uploads\/10-3.png 780w, https:\/\/www.wonfulity.com\/wp-content\/uploads\/10-3.png 360w\" sizes=\"auto, (max-width: 480px) 150px\" src=\"https:\/\/www.wonfulity.com\/wp-content\/uploads\/10-3-1024x640.png\" alt=\"f\u00e1brica de madera\" class=\"uag-image-10974\" width=\"400\" height=\"300\" title=\"f\u00e1brica de madera\" loading=\"lazy\" role=\"img\"\/><\/figure><\/div>\n<\/div>\n\n\n\n<div class=\"wp-block-uagb-container uagb-block-1c90d097\">\n<div class=\"wp-block-uagb-image uagb-block-e676099f wp-block-uagb-image--layout-default wp-block-uagb-image--effect-static wp-block-uagb-image--align-none\"><figure class=\"wp-block-uagb-image__figure\"><img decoding=\"async\" srcset=\"https:\/\/www.wonfulity.com\/wp-content\/uploads\/13.png ,https:\/\/www.wonfulity.com\/wp-content\/uploads\/13.png 780w, https:\/\/www.wonfulity.com\/wp-content\/uploads\/13.png 360w\" sizes=\"auto, (max-width: 480px) 150px\" src=\"https:\/\/www.wonfulity.com\/wp-content\/uploads\/13.png\" alt=\"f\u00e1brica de madera\" class=\"uag-image-10941\" width=\"400\" height=\"300\" title=\"f\u00e1brica de madera\" loading=\"lazy\" role=\"img\"\/><\/figure><\/div>\n\n\n\n<div class=\"wp-block-uagb-image uagb-block-8f557fa6 wp-block-uagb-image--layout-default wp-block-uagb-image--effect-static wp-block-uagb-image--align-none\"><figure class=\"wp-block-uagb-image__figure\"><img decoding=\"async\" srcset=\"https:\/\/www.wonfulity.com\/wp-content\/uploads\/Cao-County-Runwan-Crafts-Co-Ltd-.webp ,https:\/\/www.wonfulity.com\/wp-content\/uploads\/Cao-County-Runwan-Crafts-Co-Ltd-.webp 780w, https:\/\/www.wonfulity.com\/wp-content\/uploads\/Cao-County-Runwan-Crafts-Co-Ltd-.webp 360w\" sizes=\"auto, (max-width: 480px) 150px\" src=\"https:\/\/www.wonfulity.com\/wp-content\/uploads\/Cao-County-Runwan-Crafts-Co-Ltd-.webp\" alt=\"f\u00e1brica de madera\" class=\"uag-image-11116\" width=\"400\" height=\"300\" title=\"f\u00e1brica de madera\" loading=\"lazy\" role=\"img\"\/><\/figure><\/div>\n<\/div>\n\n\n\n<div class=\"wp-block-uagb-container uagb-block-5ed9251a\">\n<div class=\"wp-block-uagb-image uagb-block-ab006938 wp-block-uagb-image--layout-default wp-block-uagb-image--effect-static wp-block-uagb-image--align-none\"><figure class=\"wp-block-uagb-image__figure\"><img decoding=\"async\" srcset=\"https:\/\/www.wonfulity.com\/wp-content\/uploads\/19.png ,https:\/\/www.wonfulity.com\/wp-content\/uploads\/19.png 780w, https:\/\/www.wonfulity.com\/wp-content\/uploads\/19.png 360w\" sizes=\"auto, (max-width: 480px) 150px\" src=\"https:\/\/www.wonfulity.com\/wp-content\/uploads\/19.png\" alt=\"f\u00e1brica de madera\" class=\"uag-image-10947\" width=\"400\" height=\"300\" title=\"f\u00e1brica de madera\" loading=\"lazy\" role=\"img\"\/><\/figure><\/div>\n\n\n\n<div class=\"wp-block-uagb-image uagb-block-3382ec21 wp-block-uagb-image--layout-default wp-block-uagb-image--effect-static wp-block-uagb-image--align-none\"><figure class=\"wp-block-uagb-image__figure\"><img decoding=\"async\" srcset=\"https:\/\/www.wonfulity.com\/wp-content\/uploads\/\u672a\u547d\u540d\u7684\u8bbe\u8ba1-21.png ,https:\/\/www.wonfulity.com\/wp-content\/uploads\/\u672a\u547d\u540d\u7684\u8bbe\u8ba1-21.png 780w, https:\/\/www.wonfulity.com\/wp-content\/uploads\/\u672a\u547d\u540d\u7684\u8bbe\u8ba1-21.png 360w\" sizes=\"auto, (max-width: 480px) 150px\" src=\"https:\/\/www.wonfulity.com\/wp-content\/uploads\/\u672a\u547d\u540d\u7684\u8bbe\u8ba1-21.png\" alt=\"f\u00e1brica de madera\" class=\"uag-image-11118\" width=\"400\" height=\"300\" title=\"f\u00e1brica de madera\" loading=\"lazy\" role=\"img\"\/><\/figure><\/div>\n<\/div>\n<\/div><\/div>\n\n\n\n<p><\/p>","protected":false},"excerpt":{"rendered":"<p>Los juguetes educativos Montessori para beb\u00e9s se han convertido en una categor\u00eda de productos muy solicitada, y el juguete que aparece en la imagen es una representaci\u00f3n ejemplar de este tipo de ofertas. La estructura principal suele ser de madera natural de alta calidad, que no s\u00f3lo se adhiere a la filosof\u00eda Montessori de utilizar materiales naturales, sino que tambi\u00e9n garantiza su durabilidad. Para las instituciones educativas, esta durabilidad es crucial, ya que reduce la necesidad de sustituciones frecuentes, mejorando as\u00ed la satisfacci\u00f3n del cliente.<\/p>\n<p>El juguete presenta una variedad de elementos colgantes, cada uno con una funci\u00f3n distinta.  Desde el punto de vista comercial, esta variedad resulta atractiva para los clientes porque proporciona una experiencia sensorial polifac\u00e9tica a los beb\u00e9s. Los minoristas o las guarder\u00edas, por ejemplo, pueden promocionar este juguete como una completa herramienta de desarrollo sensorial, atrayendo a padres deseosos de proporcionar experiencias enriquecedoras a sus hijos.  Contribuye al desarrollo de la coordinaci\u00f3n mano-ojo, ya que los beb\u00e9s intentan agarrar los objetos colgantes.  Para los centros educativos, este aspecto del desarrollo es un importante argumento de venta. \u00a0<\/p>\n<p>El gimnasio de madera para beb\u00e9s tambi\u00e9n favorece el desarrollo cognitivo. Los beb\u00e9s aprenden sobre causa y efecto cuando interact\u00faan con el juguete, descubriendo que sus acciones pueden producir resultados diferentes. Para las empresas, esto se traduce en un producto con caracter\u00edsticas de alto valor a\u00f1adido, lo que les permite posicionarlo como una opci\u00f3n inteligente para los padres y cuidadores que entienden la importancia del crecimiento cognitivo en los beb\u00e9s. Adem\u00e1s, el dise\u00f1o de inspiraci\u00f3n Montessori garantiza la simplicidad y la elegancia, y se destaca como un producto de primera calidad, atractivo para una base de clientes exigentes. En general, este juguete educativo Montessori para beb\u00e9s es un activo valioso para los clientes finales, ya que ofrece una combinaci\u00f3n de durabilidad, beneficios educativos y atractivo est\u00e9tico.<\/p>\n<p>\u00bfBusca productos a juego? Vea nuestros<strong> <a href=\"https:\/\/www.wonfulity.com\/es\/producto\/\">productos de mobiliario infantil<\/a><\/strong><br \/>Necesitas m\u00e1s opciones o un presupuesto r\u00e1pido? Echa un vistazo a nuestra Tienda Internacional para ver las \u00faltimas colecciones\uff1a.<\/p>\n<ul>\n<li><strong><a href=\"https:\/\/zhizhenmei.en.alibaba.com\/?spm=a2700.29482153.0.0.71d571d2UuhFW4\" target=\"_blank\" rel=\"noopener sponsored\">Tienda internacional 1<\/a><\/strong><\/li>\n<li><strong><a href=\"https:\/\/caoxianaoyi.en.alibaba.com\/?spm=a2700.29482153.0.0.427c71d26Wtq4L\" target=\"_blank\" rel=\"noopener sponsored\">Tienda internacional 2<\/a><\/strong><\/li>\n<\/ul>\n<p>&nbsp;<\/p>","protected":false},"featured_media":11986,"template":"","meta":{"_uag_custom_page_level_css":"","site-sidebar-layout":"default","site-content-layout":"","ast-site-content-layout":"default","site-content-style":"default","site-sidebar-style":"default","ast-global-header-display":"","ast-banner-title-visibility":"","ast-main-header-display":"","ast-hfb-above-header-display":"","ast-hfb-below-header-display":"","ast-hfb-mobile-header-display":"","site-post-title":"","ast-breadcrumbs-content":"","ast-featured-img":"","footer-sml-layout":"","ast-disable-related-posts":"","theme-transparent-header-meta":"","adv-header-id-meta":"","stick-header-meta":"","header-above-stick-meta":"","header-main-stick-meta":"","header-below-stick-meta":"","astra-migrate-meta-layouts":"default","ast-page-background-enabled":"default","ast-page-background-meta":{"desktop":{"background-color":"var(--ast-global-color-4)","background-image":"","background-repeat":"repeat","background-position":"center center","background-size":"auto","background-attachment":"scroll","background-type":"","background-media":"","overlay-type":"","overlay-color":"","overlay-opacity":"","overlay-gradient":""},"tablet":{"background-color":"","background-image":"","background-repeat":"repeat","background-position":"center center","background-size":"auto","background-attachment":"scroll","background-type":"","background-media":"","overlay-type":"","overlay-color":"","overlay-opacity":"","overlay-gradient":""},"mobile":{"background-color":"","background-image":"","background-repeat":"repeat","background-position":"center center","background-size":"auto","background-attachment":"scroll","background-type":"","background-media":"","overlay-type":"","overlay-color":"","overlay-opacity":"","overlay-gradient":""}},"ast-content-background-meta":{"desktop":{"background-color":"var(--ast-global-color-5)","background-image":"","background-repeat":"repeat","background-position":"center center","background-size":"auto","background-attachment":"scroll","background-type":"","background-media":"","overlay-type":"","overlay-color":"","overlay-opacity":"","overlay-gradient":""},"tablet":{"background-color":"var(--ast-global-color-5)","background-image":"","background-repeat":"repeat","background-position":"center center","background-size":"auto","background-attachment":"scroll","background-type":"","background-media":"","overlay-type":"","overlay-color":"","overlay-opacity":"","overlay-gradient":""},"mobile":{"background-color":"var(--ast-global-color-5)","background-image":"","background-repeat":"repeat","background-position":"center center","background-size":"auto","background-attachment":"scroll","background-type":"","background-media":"","overlay-type":"","overlay-color":"","overlay-opacity":"","overlay-gradient":""}}},"product_brand":[],"product_cat":[15,388],"product_tag":[],"class_list":{"0":"post-11365","1":"product","2":"type-product","3":"status-publish","4":"has-post-thumbnail","6":"product_cat-all","7":"product_cat-custom-educational-montessori-toys","8":"desktop-align-left","9":"tablet-align-left","10":"mobile-align-left","11":"ast-product-gallery-layout-horizontal-slider","12":"ast-product-tabs-layout-horizontal","14":"first","15":"instock","16":"shipping-taxable","17":"product-type-simple"},"uagb_featured_image_src":{"full":["https:\/\/www.wonfulity.com\/wp-content\/uploads\/9-9.png",600,700,false],"thumbnail":["https:\/\/www.wonfulity.com\/wp-content\/uploads\/9-9-150x150.png",150,150,true],"medium":["https:\/\/www.wonfulity.com\/wp-content\/uploads\/9-9-257x300.png",257,300,true],"medium_large":["https:\/\/www.wonfulity.com\/wp-content\/uploads\/9-9.png",600,700,false],"large":["https:\/\/www.wonfulity.com\/wp-content\/uploads\/9-9.png",600,700,false],"1536x1536":["https:\/\/www.wonfulity.com\/wp-content\/uploads\/9-9.png",600,700,false],"2048x2048":["https:\/\/www.wonfulity.com\/wp-content\/uploads\/9-9.png",600,700,false],"trp-custom-language-flag":["https:\/\/www.wonfulity.com\/wp-content\/uploads\/9-9-10x12.png",10,12,true],"woocommerce_thumbnail":["https:\/\/www.wonfulity.com\/wp-content\/uploads\/9-9-450x570.png",450,570,true],"woocommerce_single":["https:\/\/www.wonfulity.com\/wp-content\/uploads\/9-9.png",600,700,false],"woocommerce_gallery_thumbnail":["https:\/\/www.wonfulity.com\/wp-content\/uploads\/9-9-100x100.png",100,100,true]},"uagb_author_info":{"display_name":"caijinyue","author_link":"https:\/\/www.wonfulity.com\/es\/blogs\/author\/"},"uagb_comment_info":0,"uagb_excerpt":"Montessori educational toy baby have emerged as a highly sought - after product category, and the toy depicted in the image is an exemplary representation of such offerings.Wooden Baby Gym is designed with meticulous attention to detail. The core structure is typically crafted from high - quality, natural wood, which not only adheres to the&hellip;","_links":{"self":[{"href":"https:\/\/www.wonfulity.com\/es\/wp-json\/wp\/v2\/product\/11365","targetHints":{"allow":["GET"]}}],"collection":[{"href":"https:\/\/www.wonfulity.com\/es\/wp-json\/wp\/v2\/product"}],"about":[{"href":"https:\/\/www.wonfulity.com\/es\/wp-json\/wp\/v2\/types\/product"}],"wp:featuredmedia":[{"embeddable":true,"href":"https:\/\/www.wonfulity.com\/es\/wp-json\/wp\/v2\/media\/11986"}],"wp:attachment":[{"href":"https:\/\/www.wonfulity.com\/es\/wp-json\/wp\/v2\/media?parent=11365"}],"wp:term":[{"taxonomy":"product_brand","embeddable":true,"href":"https:\/\/www.wonfulity.com\/es\/wp-json\/wp\/v2\/product_brand?post=11365"},{"taxonomy":"product_cat","embeddable":true,"href":"https:\/\/www.wonfulity.com\/es\/wp-json\/wp\/v2\/product_cat?post=11365"},{"taxonomy":"product_tag","embeddable":true,"href":"https:\/\/www.wonfulity.com\/es\/wp-json\/wp\/v2\/product_tag?post=11365"}],"curies":[{"name":"wp","href":"https:\/\/api.w.org\/{rel}","templated":true}]}}