{"id":11507,"date":"2024-12-10T08:46:11","date_gmt":"2024-12-10T00:46:11","guid":{"rendered":"https:\/\/www.wonfulity.com\/?post_type=product&#038;p=11507"},"modified":"2024-12-24T17:02:23","modified_gmt":"2024-12-24T09:02:23","slug":"kitchen-wooden-stool-with-chalkboard","status":"publish","type":"product","link":"https:\/\/www.wonfulity.com\/es\/producto\/taburete-de-madera-de-cocina-con-pizarra\/","title":{"rendered":"Taburete de Madera 4 en 1 Ayudante de Cocina Montessori Taburete de Cocina Mejor Ayudante de Cocina Torre con Pizarra"},"content":{"rendered":"<div class=\"wp-block-uagb-container uagb-block-d15b9ca3 alignfull uagb-is-root-container\"><div class=\"uagb-container-inner-blocks-wrap\">\n<div class=\"wp-block-uagb-container uagb-block-f7df6427\">\n<div class=\"wp-block-uagb-container uagb-block-9455ef5b\">\n<div class=\"wp-block-uagb-info-box uagb-block-d4df3463 uagb-infobox__content-wrap  uagb-infobox-icon-above-title uagb-infobox-image-valign-top\"><div class=\"uagb-ifb-content\"><div class=\"uagb-ifb-title-wrap\"><h4 class=\"uagb-ifb-title\"><strong>Torre de ayuda para ni\u00f1os peque\u00f1os<\/strong><\/h4><\/div><p class=\"uagb-ifb-desc\">El taburete de madera para cocina 4 en 1 con pizarra El l\u00edmite de peso de nuestro taburete es de 50 kg. Los taburetes escalonados llevan de forma segura a su hijo a la altura del mostrador y le permiten explorar su curiosidad. Les encanta participar en la cocina, la limpieza, y es f\u00e1cil para los padres ense\u00f1ar a sus hijos habilidades cotidianas. El taburete tambi\u00e9n se puede convertir en una mesa y sillas para ni\u00f1os, as\u00ed como en un tablero de dibujo con pizarra para estudiar y dibujar sin necesidad de herramientas, aportando m\u00e1s diversi\u00f3n a los ni\u00f1os.<\/p><\/div><\/div>\n<\/div>\n\n\n\n<div class=\"wp-block-uagb-info-box uagb-block-845cd917 uagb-infobox__content-wrap  uagb-infobox-icon-above-title uagb-infobox-image-valign-top\"><div class=\"uagb-ifb-content\"><div class=\"uagb-ifb-title-wrap\"><h4 class=\"uagb-ifb-title\"><strong>M\u00e1s espacioso y c\u00f3modo<\/strong><\/h4><\/div><p class=\"uagb-ifb-desc\">El taburete de madera para cocina 4 en 1 con pizarra, especialmente en hogares o aulas donde el espacio es reducido. En s\u00f3lo unos segundos, se convierte de una robusta torre de pie en una funcional mesa y silla. Esto la convierte en la opci\u00f3n preferida de padres, educadores y cuidadores de ni\u00f1os que buscan soluciones eficientes y adaptables. Su doble funci\u00f3n maximiza la utilidad a la vez que minimiza el desorden, lo que la hace adecuada para una serie de usos que se adaptan a las necesidades del ni\u00f1o a medida que crece. la torre infantil con una amplia zona para estar de pie y una barandilla de seguridad. El beb\u00e9 sube y baja m\u00e1s f\u00e1cilmente para alcanzar la encimera y el fregadero. Aprende a lavarse y a ayudar a mam\u00e1 a cocinar. Ejercita la independencia y la autoconfianza del beb\u00e9.<\/p><\/div><\/div>\n\n\n\n<div class=\"wp-block-uagb-container uagb-block-a256468b\">\n<div class=\"wp-block-uagb-info-box uagb-block-28834539 uagb-infobox__content-wrap  uagb-infobox-icon-above-title uagb-infobox-image-valign-top\"><div class=\"uagb-ifb-content\"><div class=\"uagb-ifb-title-wrap\"><h4 class=\"uagb-ifb-title\"><br>Material seguro y certificado<\/h4><\/div><p class=\"uagb-ifb-desc\">Madera maciza y MDF (fibra de densidad media) se utilizan para hacer la estructura. Todos los Materiales y Pinturas son estrictos con las Normas de Seguridad de Juguetes ASTM\/CE en USA y EN71 CE en Europa. Adem\u00e1s, los bordes son redondos pulidos para evitar lesiones. esta torre de pie para ni\u00f1os peque\u00f1os acompa\u00f1ar\u00e1 a los ni\u00f1os en su crecimiento hasta que su beb\u00e9 ya no lo necesite, retire la barandilla, tambi\u00e9n se puede utilizar como un taburete escalera para adultos o estante para plantas en macetas o adornos.<\/p><\/div><\/div>\n<\/div>\n<\/div>\n\n\n\n<div class=\"wp-block-uagb-container uagb-block-07bfc131\">\n<div class=\"wp-block-uagb-image uagb-block-b4bb948c wp-block-uagb-image--layout-default wp-block-uagb-image--effect-static wp-block-uagb-image--align-none alignleft\"><figure class=\"wp-block-uagb-image__figure\"><img decoding=\"async\" srcset=\"https:\/\/www.wonfulity.com\/wp-content\/uploads\/1-13.png ,https:\/\/www.wonfulity.com\/wp-content\/uploads\/1-13.png 780w, https:\/\/www.wonfulity.com\/wp-content\/uploads\/1-13.png 360w\" sizes=\"auto, (max-width: 480px) 150px\" src=\"https:\/\/www.wonfulity.com\/wp-content\/uploads\/1-13.png\" alt=\"Taburete de madera para cocina 4 en 1 con pizarra\" class=\"uag-image-11508\" width=\"600\" height=\"700\" title=\"Taburete de madera para cocina 4 en 1 con pizarra\" loading=\"lazy\" role=\"img\"\/><\/figure><\/div>\n<\/div>\n<\/div><\/div>\n\n\n\n<div class=\"wp-block-uagb-container uagb-block-942c266d alignfull uagb-is-root-container\"><div class=\"uagb-container-inner-blocks-wrap\">\n<div class=\"wp-block-uagb-container uagb-block-cdfbwk39\">\n<div class=\"wp-block-uagb-container uagb-block-taa9jvn9\"><\/div>\n\n\n\n<div class=\"wp-block-uagb-container uagb-block-e6uqhnjy\">\n<div class=\"wp-block-uagb-info-box uagb-block-sm9wy83a uagb-infobox__content-wrap  uagb-infobox-icon-above-title uagb-infobox-image-valign-top\"><div class=\"uagb-ifb-content\"><div class=\"uagb-ifb-title-wrap\"><h4 class=\"uagb-ifb-title\">Art\u00edculo<\/h4><\/div><\/div><\/div>\n<\/div>\n\n\n\n<div class=\"wp-block-uagb-container uagb-block-xdtgxgj6\">\n<div class=\"wp-block-uagb-info-box uagb-block-c04bcb41 uagb-infobox__content-wrap  uagb-infobox-icon-above-title uagb-infobox-image-valign-top\"><div class=\"uagb-ifb-content\"><div class=\"uagb-ifb-title-wrap\"><h4 class=\"uagb-ifb-title\">Desc<\/h4><\/div><\/div><\/div>\n<\/div>\n<\/div>\n\n\n\n<div class=\"wp-block-uagb-container uagb-block-720573f4\">\n<div class=\"wp-block-uagb-container uagb-block-d006e6eb\">\n<div class=\"wp-block-uagb-info-box uagb-block-a92ede72 uagb-infobox__content-wrap  uagb-infobox-icon-above-title uagb-infobox-image-valign-top\"><div class=\"uagb-ifb-content\"><div class=\"uagb-ifb-title-wrap\"><p class=\"uagb-ifb-title-prefix\">01<\/p><\/div><\/div><\/div>\n<\/div>\n\n\n\n<div class=\"wp-block-uagb-container uagb-block-32771033\">\n<div class=\"wp-block-uagb-info-box uagb-block-aaee5390 uagb-infobox__content-wrap  uagb-infobox-icon-above-title uagb-infobox-image-valign-top\"><div class=\"uagb-ifb-content\"><div class=\"uagb-ifb-title-wrap\"><h4 class=\"uagb-ifb-title\"><strong>Dise\u00f1o convertible 4 en 1<\/strong><\/h4><\/div><\/div><\/div>\n<\/div>\n\n\n\n<div class=\"wp-block-uagb-container uagb-block-d985a046\">\n<div class=\"wp-block-uagb-info-box uagb-block-2b0922dc uagb-infobox__content-wrap  uagb-infobox-icon-above-title uagb-infobox-image-valign-top\"><div class=\"uagb-ifb-content\"><div class=\"uagb-ifb-title-wrap\"><p class=\"uagb-ifb-title\">Se transforma de torre de pie a conjunto de mesa y silla, adaptable a m\u00faltiples usos.<\/p><\/div><\/div><\/div>\n<\/div>\n<\/div>\n\n\n\n<div class=\"wp-block-uagb-container uagb-block-95a6e317\">\n<div class=\"wp-block-uagb-container uagb-block-2e70f36a\">\n<div class=\"wp-block-uagb-info-box uagb-block-8efb1163 uagb-infobox__content-wrap  uagb-infobox-icon-above-title uagb-infobox-image-valign-top\"><div class=\"uagb-ifb-content\"><div class=\"uagb-ifb-title-wrap\"><p class=\"uagb-ifb-title-prefix\">02<\/p><\/div><\/div><\/div>\n<\/div>\n\n\n\n<div class=\"wp-block-uagb-container uagb-block-c25bc4e9\">\n<div class=\"wp-block-uagb-info-box uagb-block-8e5653f6 uagb-infobox__content-wrap  uagb-infobox-icon-above-title uagb-infobox-image-valign-top\"><div class=\"uagb-ifb-content\"><div class=\"uagb-ifb-title-wrap\"><h4 class=\"uagb-ifb-title\"><strong>Pizarra integrada<\/strong><\/h4><\/div><\/div><\/div>\n<\/div>\n\n\n\n<div class=\"wp-block-uagb-container uagb-block-e4b73fff\">\n<div class=\"wp-block-uagb-info-box uagb-block-257d2f01 uagb-infobox__content-wrap  uagb-infobox-icon-above-title uagb-infobox-image-valign-top\"><div class=\"uagb-ifb-content\"><div class=\"uagb-ifb-title-wrap\"><p class=\"uagb-ifb-title\">Cuenta con una superficie de pizarra blanca para actividades creativas, que favorece el aprendizaje temprano y la motricidad fina.<\/p><\/div><\/div><\/div>\n<\/div>\n<\/div>\n\n\n\n<div class=\"wp-block-uagb-container uagb-block-00d46b71\">\n<div class=\"wp-block-uagb-container uagb-block-63be2ee0\">\n<div class=\"wp-block-uagb-info-box uagb-block-86f40bc4 uagb-infobox__content-wrap  uagb-infobox-icon-above-title uagb-infobox-image-valign-top\"><div class=\"uagb-ifb-content\"><div class=\"uagb-ifb-title-wrap\"><p class=\"uagb-ifb-title-prefix\">03<\/p><\/div><\/div><\/div>\n<\/div>\n\n\n\n<div class=\"wp-block-uagb-container uagb-block-f9a9ed48\">\n<div class=\"wp-block-uagb-info-box uagb-block-a01a3038 uagb-infobox__content-wrap  uagb-infobox-icon-above-title uagb-infobox-image-valign-top\"><div class=\"uagb-ifb-content\"><div class=\"uagb-ifb-title-wrap\"><h4 class=\"uagb-ifb-title\"><strong>Materiales resistentes y seguros para los ni\u00f1os<\/strong><\/h4><\/div><\/div><\/div>\n<\/div>\n\n\n\n<div class=\"wp-block-uagb-container uagb-block-ea615933\">\n<div class=\"wp-block-uagb-info-box uagb-block-6f5b8a81 uagb-infobox__content-wrap  uagb-infobox-icon-above-title uagb-infobox-image-valign-top\"><div class=\"uagb-ifb-content\"><div class=\"uagb-ifb-title-wrap\"><p class=\"uagb-ifb-title\">Construido con materiales duraderos y no t\u00f3xicos, que garantizan tanto la seguridad como la longevidad para un uso frecuente.<\/p><\/div><\/div><\/div>\n<\/div>\n<\/div>\n<\/div><\/div>\n\n\n\n<div class=\"wp-block-uagb-container uagb-block-10733882 alignfull uagb-is-root-container\"><div class=\"uagb-container-inner-blocks-wrap\">\n<div class=\"wp-block-uagb-container uagb-block-a3ecce27\">\n<div class=\"wp-block-uagb-image uagb-block-a9f8ab9c wp-block-uagb-image--layout-default wp-block-uagb-image--effect-static wp-block-uagb-image--align-none\"><figure class=\"wp-block-uagb-image__figure\"><img decoding=\"async\" srcset=\"https:\/\/www.wonfulity.com\/wp-content\/uploads\/Cao-County-Runwan-Crafts-Co-Ltd-1.webp ,https:\/\/www.wonfulity.com\/wp-content\/uploads\/Cao-County-Runwan-Crafts-Co-Ltd-1.webp 780w, https:\/\/www.wonfulity.com\/wp-content\/uploads\/Cao-County-Runwan-Crafts-Co-Ltd-1.webp 360w\" sizes=\"auto, (max-width: 480px) 150px\" src=\"https:\/\/www.wonfulity.com\/wp-content\/uploads\/Cao-County-Runwan-Crafts-Co-Ltd-1.webp\" alt=\"f\u00e1brica de madera\" class=\"uag-image-11115\" width=\"400\" height=\"300\" title=\"f\u00e1brica de madera\" loading=\"lazy\" role=\"img\"\/><\/figure><\/div>\n\n\n\n<div class=\"wp-block-uagb-image uagb-block-e21af5fb wp-block-uagb-image--layout-default wp-block-uagb-image--effect-static wp-block-uagb-image--align-none\"><figure class=\"wp-block-uagb-image__figure\"><img decoding=\"async\" srcset=\"https:\/\/www.wonfulity.com\/wp-content\/uploads\/10-3-1024x640.png ,https:\/\/www.wonfulity.com\/wp-content\/uploads\/10-3.png 780w, https:\/\/www.wonfulity.com\/wp-content\/uploads\/10-3.png 360w\" sizes=\"auto, (max-width: 480px) 150px\" src=\"https:\/\/www.wonfulity.com\/wp-content\/uploads\/10-3-1024x640.png\" alt=\"f\u00e1brica de madera\" class=\"uag-image-10974\" width=\"400\" height=\"300\" title=\"f\u00e1brica de madera\" loading=\"lazy\" role=\"img\"\/><\/figure><\/div>\n<\/div>\n\n\n\n<div class=\"wp-block-uagb-container uagb-block-1c90d097\">\n<div class=\"wp-block-uagb-image uagb-block-e676099f wp-block-uagb-image--layout-default wp-block-uagb-image--effect-static wp-block-uagb-image--align-none\"><figure class=\"wp-block-uagb-image__figure\"><img decoding=\"async\" srcset=\"https:\/\/www.wonfulity.com\/wp-content\/uploads\/13.png ,https:\/\/www.wonfulity.com\/wp-content\/uploads\/13.png 780w, https:\/\/www.wonfulity.com\/wp-content\/uploads\/13.png 360w\" sizes=\"auto, (max-width: 480px) 150px\" src=\"https:\/\/www.wonfulity.com\/wp-content\/uploads\/13.png\" alt=\"f\u00e1brica de madera\" class=\"uag-image-10941\" width=\"400\" height=\"300\" title=\"f\u00e1brica de madera\" loading=\"lazy\" role=\"img\"\/><\/figure><\/div>\n\n\n\n<div class=\"wp-block-uagb-image uagb-block-8f557fa6 wp-block-uagb-image--layout-default wp-block-uagb-image--effect-static wp-block-uagb-image--align-none\"><figure class=\"wp-block-uagb-image__figure\"><img decoding=\"async\" srcset=\"https:\/\/www.wonfulity.com\/wp-content\/uploads\/Cao-County-Runwan-Crafts-Co-Ltd-.webp ,https:\/\/www.wonfulity.com\/wp-content\/uploads\/Cao-County-Runwan-Crafts-Co-Ltd-.webp 780w, https:\/\/www.wonfulity.com\/wp-content\/uploads\/Cao-County-Runwan-Crafts-Co-Ltd-.webp 360w\" sizes=\"auto, (max-width: 480px) 150px\" src=\"https:\/\/www.wonfulity.com\/wp-content\/uploads\/Cao-County-Runwan-Crafts-Co-Ltd-.webp\" alt=\"f\u00e1brica de madera\" class=\"uag-image-11116\" width=\"400\" height=\"300\" title=\"f\u00e1brica de madera\" loading=\"lazy\" role=\"img\"\/><\/figure><\/div>\n<\/div>\n\n\n\n<div class=\"wp-block-uagb-container uagb-block-5ed9251a\">\n<div class=\"wp-block-uagb-image uagb-block-ab006938 wp-block-uagb-image--layout-default wp-block-uagb-image--effect-static wp-block-uagb-image--align-none\"><figure class=\"wp-block-uagb-image__figure\"><img decoding=\"async\" srcset=\"https:\/\/www.wonfulity.com\/wp-content\/uploads\/19.png ,https:\/\/www.wonfulity.com\/wp-content\/uploads\/19.png 780w, https:\/\/www.wonfulity.com\/wp-content\/uploads\/19.png 360w\" sizes=\"auto, (max-width: 480px) 150px\" src=\"https:\/\/www.wonfulity.com\/wp-content\/uploads\/19.png\" alt=\"f\u00e1brica de madera\" class=\"uag-image-10947\" width=\"400\" height=\"300\" title=\"f\u00e1brica de madera\" loading=\"lazy\" role=\"img\"\/><\/figure><\/div>\n\n\n\n<div class=\"wp-block-uagb-image uagb-block-3382ec21 wp-block-uagb-image--layout-default wp-block-uagb-image--effect-static wp-block-uagb-image--align-none\"><figure class=\"wp-block-uagb-image__figure\"><img decoding=\"async\" srcset=\"https:\/\/www.wonfulity.com\/wp-content\/uploads\/\u672a\u547d\u540d\u7684\u8bbe\u8ba1-21.png ,https:\/\/www.wonfulity.com\/wp-content\/uploads\/\u672a\u547d\u540d\u7684\u8bbe\u8ba1-21.png 780w, https:\/\/www.wonfulity.com\/wp-content\/uploads\/\u672a\u547d\u540d\u7684\u8bbe\u8ba1-21.png 360w\" sizes=\"auto, (max-width: 480px) 150px\" src=\"https:\/\/www.wonfulity.com\/wp-content\/uploads\/\u672a\u547d\u540d\u7684\u8bbe\u8ba1-21.png\" alt=\"f\u00e1brica de madera\" class=\"uag-image-11118\" width=\"400\" height=\"300\" title=\"f\u00e1brica de madera\" loading=\"lazy\" role=\"img\"\/><\/figure><\/div>\n<\/div>\n<\/div><\/div>","protected":false},"excerpt":{"rendered":"<p class=\"p1\">En <strong>Taburete de madera para cocina 4 en 1 con pizarra<\/strong>\u00a0est\u00e1 dise\u00f1ado para fomentar la curiosidad natural, la independencia y la creatividad de los ni\u00f1os peque\u00f1os. Es un mueble multifuncional que pasa de torre de aprendizaje a mesa y silla con pizarra. Este dise\u00f1o \u00fanico permite a los ni\u00f1os alcanzar con seguridad superficies elevadas como las encimeras de la cocina, ayud\u00e1ndoles a participar en rutinas diarias como cocinar, lavarse las manos o ayudar en las tareas dom\u00e9sticas. Esta participaci\u00f3n activa fomenta la confianza en s\u00ed mismo, la independencia y las habilidades pr\u00e1cticas para la vida, proporcionando a los padres y cuidadores una herramienta vers\u00e1til para el desarrollo del ni\u00f1o.<\/p>\n<p class=\"p1\">Cuando se convierte, la torre de aprendizaje se transforma en un conjunto de mesa y silla, con una pizarra lisa que invita a los ni\u00f1os a explorar sus habilidades art\u00edsticas y cognitivas. La pizarra ofrece una superficie duradera y f\u00e1cil de limpiar, perfecta para dibujar, escribir y realizar actividades de aprendizaje interactivas. Este dise\u00f1o 2 en 1 ahorra un valioso espacio, por lo que es una soluci\u00f3n pr\u00e1ctica para hogares peque\u00f1os, centros preescolares o guarder\u00edas donde la flexibilidad es esencial. La funcionalidad de esta unidad va acompa\u00f1ada de su durabilidad, ya que est\u00e1 fabricada con materiales no t\u00f3xicos de alta calidad que cumplen las normas de seguridad, lo que garantiza que resista los rigores del uso diario.<\/p>\n<p class=\"p1\">En <strong>Taburete de madera para cocina 4 en 1 con pizarra<\/strong>\u00a0ofrece una combinaci\u00f3n \u00fanica de aprendizaje, juego y responsabilidad medioambiental. Su dise\u00f1o multifuncional, sus materiales de calidad y sus ventajas educativas lo convierten en una opci\u00f3n excepcional para los clientes B2B que buscan muebles adaptables y adecuados para los ni\u00f1os.<\/p>\n<p>&nbsp;<\/p>\n<p>\u00bfBusca productos a juego? Vea nuestros<strong> <a href=\"https:\/\/www.wonfulity.com\/es\/producto\/\">productos de mobiliario infantil<\/a><\/strong><br \/>Necesitas m\u00e1s opciones o un presupuesto r\u00e1pido? Echa un vistazo a nuestra Tienda Internacional para ver las \u00faltimas colecciones\uff1a.<\/p>\n<ul>\n<li><strong><a href=\"https:\/\/zhizhenmei.en.alibaba.com\/?spm=a2700.29482153.0.0.71d571d2UuhFW4\" target=\"_blank\" rel=\"noopener sponsored\">Tienda internacional 1<\/a><\/strong><\/li>\n<li><strong><a href=\"https:\/\/caoxianaoyi.en.alibaba.com\/?spm=a2700.29482153.0.0.427c71d26Wtq4L\" target=\"_blank\" rel=\"noopener sponsored\">Tienda internacional 2<\/a><\/strong><\/li>\n<\/ul>","protected":false},"featured_media":12039,"template":"","meta":{"_uag_custom_page_level_css":"","site-sidebar-layout":"default","site-content-layout":"","ast-site-content-layout":"default","site-content-style":"default","site-sidebar-style":"default","ast-global-header-display":"","ast-banner-title-visibility":"","ast-main-header-display":"","ast-hfb-above-header-display":"","ast-hfb-below-header-display":"","ast-hfb-mobile-header-display":"","site-post-title":"","ast-breadcrumbs-content":"","ast-featured-img":"","footer-sml-layout":"","ast-disable-related-posts":"","theme-transparent-header-meta":"","adv-header-id-meta":"","stick-header-meta":"","header-above-stick-meta":"","header-main-stick-meta":"","header-below-stick-meta":"","astra-migrate-meta-layouts":"default","ast-page-background-enabled":"default","ast-page-background-meta":{"desktop":{"background-color":"var(--ast-global-color-4)","background-image":"","background-repeat":"repeat","background-position":"center center","background-size":"auto","background-attachment":"scroll","background-type":"","background-media":"","overlay-type":"","overlay-color":"","overlay-opacity":"","overlay-gradient":""},"tablet":{"background-color":"","background-image":"","background-repeat":"repeat","background-position":"center center","background-size":"auto","background-attachment":"scroll","background-type":"","background-media":"","overlay-type":"","overlay-color":"","overlay-opacity":"","overlay-gradient":""},"mobile":{"background-color":"","background-image":"","background-repeat":"repeat","background-position":"center center","background-size":"auto","background-attachment":"scroll","background-type":"","background-media":"","overlay-type":"","overlay-color":"","overlay-opacity":"","overlay-gradient":""}},"ast-content-background-meta":{"desktop":{"background-color":"var(--ast-global-color-5)","background-image":"","background-repeat":"repeat","background-position":"center center","background-size":"auto","background-attachment":"scroll","background-type":"","background-media":"","overlay-type":"","overlay-color":"","overlay-opacity":"","overlay-gradient":""},"tablet":{"background-color":"var(--ast-global-color-5)","background-image":"","background-repeat":"repeat","background-position":"center center","background-size":"auto","background-attachment":"scroll","background-type":"","background-media":"","overlay-type":"","overlay-color":"","overlay-opacity":"","overlay-gradient":""},"mobile":{"background-color":"var(--ast-global-color-5)","background-image":"","background-repeat":"repeat","background-position":"center center","background-size":"auto","background-attachment":"scroll","background-type":"","background-media":"","overlay-type":"","overlay-color":"","overlay-opacity":"","overlay-gradient":""}}},"product_brand":[],"product_cat":[383],"product_tag":[],"class_list":{"0":"post-11507","1":"product","2":"type-product","3":"status-publish","4":"has-post-thumbnail","6":"product_cat-custom-learning-towers","7":"desktop-align-left","8":"tablet-align-left","9":"mobile-align-left","10":"ast-product-gallery-layout-horizontal-slider","11":"ast-product-tabs-layout-horizontal","13":"first","14":"instock","15":"shipping-taxable","16":"product-type-simple"},"uagb_featured_image_src":{"full":["https:\/\/www.wonfulity.com\/wp-content\/uploads\/3-34.png",600,700,false],"thumbnail":["https:\/\/www.wonfulity.com\/wp-content\/uploads\/3-34-150x150.png",150,150,true],"medium":["https:\/\/www.wonfulity.com\/wp-content\/uploads\/3-34-257x300.png",257,300,true],"medium_large":["https:\/\/www.wonfulity.com\/wp-content\/uploads\/3-34.png",600,700,false],"large":["https:\/\/www.wonfulity.com\/wp-content\/uploads\/3-34.png",600,700,false],"1536x1536":["https:\/\/www.wonfulity.com\/wp-content\/uploads\/3-34.png",600,700,false],"2048x2048":["https:\/\/www.wonfulity.com\/wp-content\/uploads\/3-34.png",600,700,false],"trp-custom-language-flag":["https:\/\/www.wonfulity.com\/wp-content\/uploads\/3-34-10x12.png",10,12,true],"woocommerce_thumbnail":["https:\/\/www.wonfulity.com\/wp-content\/uploads\/3-34-450x570.png",450,570,true],"woocommerce_single":["https:\/\/www.wonfulity.com\/wp-content\/uploads\/3-34.png",600,700,false],"woocommerce_gallery_thumbnail":["https:\/\/www.wonfulity.com\/wp-content\/uploads\/3-34-100x100.png",100,100,true]},"uagb_author_info":{"display_name":"caijinyue","author_link":"https:\/\/www.wonfulity.com\/es\/blogs\/author\/"},"uagb_comment_info":0,"uagb_excerpt":"The 4-in-1 Kitchen Wooden Stool Helper with Chalkboard\u00a0is designed to foster a toddler\u2019s natural curiosity, independence, and creativity. It serves as a multi-functional piece of furniture that seamlessly transitions from a learning tower to a table and chair with a whiteboard surface. This unique design empowers children to safely reach elevated surfaces like kitchen counters,&hellip;","_links":{"self":[{"href":"https:\/\/www.wonfulity.com\/es\/wp-json\/wp\/v2\/product\/11507","targetHints":{"allow":["GET"]}}],"collection":[{"href":"https:\/\/www.wonfulity.com\/es\/wp-json\/wp\/v2\/product"}],"about":[{"href":"https:\/\/www.wonfulity.com\/es\/wp-json\/wp\/v2\/types\/product"}],"wp:featuredmedia":[{"embeddable":true,"href":"https:\/\/www.wonfulity.com\/es\/wp-json\/wp\/v2\/media\/12039"}],"wp:attachment":[{"href":"https:\/\/www.wonfulity.com\/es\/wp-json\/wp\/v2\/media?parent=11507"}],"wp:term":[{"taxonomy":"product_brand","embeddable":true,"href":"https:\/\/www.wonfulity.com\/es\/wp-json\/wp\/v2\/product_brand?post=11507"},{"taxonomy":"product_cat","embeddable":true,"href":"https:\/\/www.wonfulity.com\/es\/wp-json\/wp\/v2\/product_cat?post=11507"},{"taxonomy":"product_tag","embeddable":true,"href":"https:\/\/www.wonfulity.com\/es\/wp-json\/wp\/v2\/product_tag?post=11507"}],"curies":[{"name":"wp","href":"https:\/\/api.w.org\/{rel}","templated":true}]}}