{"id":11652,"date":"2024-12-10T08:48:34","date_gmt":"2024-12-10T00:48:34","guid":{"rendered":"https:\/\/www.wonfulity.com\/?post_type=product&#038;p=11652"},"modified":"2024-12-10T08:48:34","modified_gmt":"2024-12-10T00:48:34","slug":"3-in-1-deluxe-wooden-art-easel-for-kids","status":"publish","type":"product","link":"https:\/\/www.wonfulity.com\/es\/producto\/caballete-de-madera-de-lujo-3-en-1-para-ninos\/","title":{"rendered":"Caballete de madera de lujo 3 en 1 para ni\u00f1os"},"content":{"rendered":"<div class=\"wp-block-uagb-container uagb-block-d15b9ca3 alignfull uagb-is-root-container\"><div class=\"uagb-container-inner-blocks-wrap\">\n<div class=\"wp-block-uagb-container uagb-block-f7df6427\">\n<div class=\"wp-block-uagb-container uagb-block-9455ef5b\">\n<div class=\"wp-block-uagb-info-box uagb-block-d4df3463 uagb-infobox__content-wrap  uagb-infobox-icon-above-title uagb-infobox-image-valign-top\"><div class=\"uagb-ifb-content\"><div class=\"uagb-ifb-title-wrap\"><h4 class=\"uagb-ifb-title\">Mayor seguridad para los j\u00f3venes artistas<\/h4><\/div><p class=\"uagb-ifb-desc\">El caballete de madera de lujo 3 en 1 para ni\u00f1os prioriza la seguridad con un marco de madera resistente y acabados no t\u00f3xicos, proporcionando un entorno seguro para los ni\u00f1os. Dise\u00f1ado con bordes lisos y esquinas redondeadas, este caballete garantiza un juego seguro para los j\u00f3venes artistas. Su caracter\u00edstica de altura ajustable crece con su hijo, ofreciendo una configuraci\u00f3n c\u00f3moda y ergon\u00f3mica que atiende a ni\u00f1os de diferentes edades, por lo que es la inversi\u00f3n perfecta a largo plazo para cualquier familia o instituci\u00f3n educativa.<\/p><\/div><\/div>\n<\/div>\n\n\n\n<div class=\"wp-block-uagb-info-box uagb-block-845cd917 uagb-infobox__content-wrap  uagb-infobox-icon-above-title uagb-infobox-image-valign-top\"><div class=\"uagb-ifb-content\"><div class=\"uagb-ifb-title-wrap\"><h4 class=\"uagb-ifb-title\"><strong>Dise\u00f1o funcional y vers\u00e1til para un aprendizaje creativo<\/strong><\/h4><\/div><p class=\"uagb-ifb-desc\">Este caballete ofrece una versatilidad inigualable gracias a su dise\u00f1o de doble cara, con una pizarra de tiza por un lado y una pizarra blanca magn\u00e9tica por el otro, perfectas para dibujar, escribir y realizar actividades educativas. El caballete art\u00edstico de madera 3 en 1 Deluxe incluye un rollo de papel de 5 metros para la expresi\u00f3n creativa y una bandeja integrada para materiales art\u00edsticos que facilita la organizaci\u00f3n. Es ideal para pintar, dibujar y aprender, ayudando a los ni\u00f1os a dar rienda suelta a su creatividad mientras desarrollan habilidades esenciales como la caligraf\u00eda, el arte y la resoluci\u00f3n de problemas.<\/p><\/div><\/div>\n\n\n\n<div class=\"wp-block-uagb-container uagb-block-a256468b\">\n<div class=\"wp-block-uagb-info-box uagb-block-28834539 uagb-infobox__content-wrap  uagb-infobox-icon-above-title uagb-infobox-image-valign-top\"><div class=\"uagb-ifb-content\"><div class=\"uagb-ifb-title-wrap\"><h4 class=\"uagb-ifb-title\"><br><strong><strong>Perfecto para mercados mayoristas y minoristas<\/strong><\/strong><\/h4><\/div><p class=\"uagb-ifb-desc\">Dise\u00f1ado para clientes mayoristas y minoristas, el caballete de madera de lujo 3 en 1 para ni\u00f1os es un producto muy solicitado en hogares, colegios y guarder\u00edas. Su construcci\u00f3n de alta calidad y su dise\u00f1o de madera atemporal lo hacen atractivo tanto para padres como para profesionales de la educaci\u00f3n. Su estructura compacta y f\u00e1cil de montar es perfecta para pedidos al por mayor, lo que permite a los minoristas ofrecer un producto seguro y duradero a sus clientes. Gracias a su creciente demanda en el mercado de productos creativos para ni\u00f1os, este caballete es una excelente opci\u00f3n para las empresas que buscan satisfacer las necesidades de diversos segmentos de clientes.<\/p><\/div><\/div>\n<\/div>\n<\/div>\n\n\n\n<div class=\"wp-block-uagb-container uagb-block-07bfc131\">\n<div class=\"wp-block-uagb-image uagb-block-b4bb948c wp-block-uagb-image--layout-default wp-block-uagb-image--effect-static wp-block-uagb-image--align-none alignleft\"><figure class=\"wp-block-uagb-image__figure\"><img decoding=\"async\" src=\"https:\/\/www.wonfulity.com\/wp-content\/uploads\/2-22.png\" alt=\"Caballete de arte ajustable 3 en 1 para ni\u00f1os con pizarra blanca magn\u00e9tica y pizarra de tiza\" class=\"uag-image-11654\" width=\"600\" height=\"700\" title=\"Caballete de arte ajustable 3 en 1 para ni\u00f1os con pizarra blanca magn\u00e9tica y pizarra de tiza\" loading=\"lazy\" role=\"img\" \/><\/figure><\/div>\n<\/div>\n<\/div><\/div>\n\n\n\n<div class=\"wp-block-uagb-container uagb-block-942c266d alignfull uagb-is-root-container\"><div class=\"uagb-container-inner-blocks-wrap\">\n<div class=\"wp-block-uagb-container uagb-block-cdfbwk39\">\n<div class=\"wp-block-uagb-container uagb-block-taa9jvn9\"><\/div>\n\n\n\n<div class=\"wp-block-uagb-container uagb-block-e6uqhnjy\">\n<div class=\"wp-block-uagb-info-box uagb-block-sm9wy83a uagb-infobox__content-wrap  uagb-infobox-icon-above-title uagb-infobox-image-valign-top\"><div class=\"uagb-ifb-content\"><div class=\"uagb-ifb-title-wrap\"><h4 class=\"uagb-ifb-title\">Art\u00edculo<\/h4><\/div><\/div><\/div>\n<\/div>\n\n\n\n<div class=\"wp-block-uagb-container uagb-block-xdtgxgj6\">\n<div class=\"wp-block-uagb-info-box uagb-block-c04bcb41 uagb-infobox__content-wrap  uagb-infobox-icon-above-title uagb-infobox-image-valign-top\"><div class=\"uagb-ifb-content\"><div class=\"uagb-ifb-title-wrap\"><h4 class=\"uagb-ifb-title\">Desc<\/h4><\/div><\/div><\/div>\n<\/div>\n<\/div>\n\n\n\n<div class=\"wp-block-uagb-container uagb-block-720573f4\">\n<div class=\"wp-block-uagb-container uagb-block-d006e6eb\">\n<div class=\"wp-block-uagb-info-box uagb-block-a92ede72 uagb-infobox__content-wrap  uagb-infobox-icon-above-title uagb-infobox-image-valign-top\"><div class=\"uagb-ifb-content\"><div class=\"uagb-ifb-title-wrap\"><p class=\"uagb-ifb-title-prefix\">01<\/p><\/div><\/div><\/div>\n<\/div>\n\n\n\n<div class=\"wp-block-uagb-container uagb-block-32771033\">\n<div class=\"wp-block-uagb-info-box uagb-block-aaee5390 uagb-infobox__content-wrap  uagb-infobox-icon-above-title uagb-infobox-image-valign-top\"><div class=\"uagb-ifb-content\"><div class=\"uagb-ifb-title-wrap\"><h4 class=\"uagb-ifb-title\"><strong>Creatividad por partida doble<\/strong><\/h4><\/div><\/div><\/div>\n<\/div>\n\n\n\n<div class=\"wp-block-uagb-container uagb-block-d985a046\">\n<div class=\"wp-block-uagb-info-box uagb-block-2b0922dc uagb-infobox__content-wrap  uagb-infobox-icon-above-title uagb-infobox-image-valign-top\"><div class=\"uagb-ifb-content\"><div class=\"uagb-ifb-title-wrap\"><p class=\"uagb-ifb-title\">Cuenta con una pizarra de tiza, una pizarra de borrado en seco y un rollo de papel de 5 metros, lo que la hace perfecta para actividades de dibujo, escritura y pintura.<\/p><\/div><\/div><\/div>\n<\/div>\n<\/div>\n\n\n\n<div class=\"wp-block-uagb-container uagb-block-95a6e317\">\n<div class=\"wp-block-uagb-container uagb-block-2e70f36a\">\n<div class=\"wp-block-uagb-info-box uagb-block-8efb1163 uagb-infobox__content-wrap  uagb-infobox-icon-above-title uagb-infobox-image-valign-top\"><div class=\"uagb-ifb-content\"><div class=\"uagb-ifb-title-wrap\"><p class=\"uagb-ifb-title-prefix\">02<\/p><\/div><\/div><\/div>\n<\/div>\n\n\n\n<div class=\"wp-block-uagb-container uagb-block-c25bc4e9\">\n<div class=\"wp-block-uagb-info-box uagb-block-8e5653f6 uagb-infobox__content-wrap  uagb-infobox-icon-above-title uagb-infobox-image-valign-top\"><div class=\"uagb-ifb-content\"><div class=\"uagb-ifb-title-wrap\"><h4 class=\"uagb-ifb-title\"><strong>Dise\u00f1o ajustable y duradero<\/strong><\/h4><\/div><\/div><\/div>\n<\/div>\n\n\n\n<div class=\"wp-block-uagb-container uagb-block-e4b73fff\">\n<div class=\"wp-block-uagb-info-box uagb-block-257d2f01 uagb-infobox__content-wrap  uagb-infobox-icon-above-title uagb-infobox-image-valign-top\"><div class=\"uagb-ifb-content\"><div class=\"uagb-ifb-title-wrap\"><p class=\"uagb-ifb-title\">Caballete de madera de altura regulable fabricado en madera de alta calidad y acabado liso, dise\u00f1ado para crecer con su hijo y durar a\u00f1os.<\/p><\/div><\/div><\/div>\n<\/div>\n<\/div>\n\n\n\n<div class=\"wp-block-uagb-container uagb-block-00d46b71\">\n<div class=\"wp-block-uagb-container uagb-block-63be2ee0\">\n<div class=\"wp-block-uagb-info-box uagb-block-86f40bc4 uagb-infobox__content-wrap  uagb-infobox-icon-above-title uagb-infobox-image-valign-top\"><div class=\"uagb-ifb-content\"><div class=\"uagb-ifb-title-wrap\"><p class=\"uagb-ifb-title-prefix\">03<\/p><\/div><\/div><\/div>\n<\/div>\n\n\n\n<div class=\"wp-block-uagb-container uagb-block-f9a9ed48\">\n<div class=\"wp-block-uagb-info-box uagb-block-a01a3038 uagb-infobox__content-wrap  uagb-infobox-icon-above-title uagb-infobox-image-valign-top\"><div class=\"uagb-ifb-content\"><div class=\"uagb-ifb-title-wrap\"><h4 class=\"uagb-ifb-title\"><strong>Juego de ilustraciones completo incluido<\/strong><\/h4><\/div><\/div><\/div>\n<\/div>\n\n\n\n<div class=\"wp-block-uagb-container uagb-block-ea615933\">\n<div class=\"wp-block-uagb-info-box uagb-block-6f5b8a81 uagb-infobox__content-wrap  uagb-infobox-icon-above-title uagb-infobox-image-valign-top\"><div class=\"uagb-ifb-content\"><div class=\"uagb-ifb-title-wrap\"><p class=\"uagb-ifb-title\">Viene con una bandeja de material de arte, 4 tizas, un borrador en seco y unas sencillas instrucciones de montaje para proporcionar horas de diversi\u00f3n imaginativa.<\/p><\/div><\/div><\/div>\n<\/div>\n<\/div>\n<\/div><\/div>\n\n\n\n<div class=\"wp-block-uagb-container uagb-block-10733882 alignfull uagb-is-root-container\"><div class=\"uagb-container-inner-blocks-wrap\">\n<div class=\"wp-block-uagb-container uagb-block-a3ecce27\">\n<div class=\"wp-block-uagb-image uagb-block-a9f8ab9c wp-block-uagb-image--layout-default wp-block-uagb-image--effect-static wp-block-uagb-image--align-none\"><figure class=\"wp-block-uagb-image__figure\"><img decoding=\"async\" src=\"https:\/\/www.wonfulity.com\/wp-content\/uploads\/Cao-County-Runwan-Crafts-Co-Ltd-1.webp\" alt=\"f\u00e1brica de madera\" class=\"uag-image-11115\" width=\"400\" height=\"300\" title=\"f\u00e1brica de madera\" loading=\"lazy\" role=\"img\" \/><\/figure><\/div>\n\n\n\n<div class=\"wp-block-uagb-image uagb-block-e21af5fb wp-block-uagb-image--layout-default wp-block-uagb-image--effect-static wp-block-uagb-image--align-none\"><figure class=\"wp-block-uagb-image__figure\"><img decoding=\"async\" src=\"https:\/\/www.wonfulity.com\/wp-content\/uploads\/10-3-1024x640.png\" alt=\"f\u00e1brica de madera\" class=\"uag-image-10974\" width=\"400\" height=\"300\" title=\"f\u00e1brica de madera\" loading=\"lazy\" role=\"img\" \/><\/figure><\/div>\n<\/div>\n\n\n\n<div class=\"wp-block-uagb-container uagb-block-1c90d097\">\n<div class=\"wp-block-uagb-image uagb-block-e676099f wp-block-uagb-image--layout-default wp-block-uagb-image--effect-static wp-block-uagb-image--align-none\"><figure class=\"wp-block-uagb-image__figure\"><img decoding=\"async\" src=\"https:\/\/www.wonfulity.com\/wp-content\/uploads\/13.png\" alt=\"f\u00e1brica de madera\" class=\"uag-image-10941\" width=\"400\" height=\"300\" title=\"f\u00e1brica de madera\" loading=\"lazy\" role=\"img\" \/><\/figure><\/div>\n\n\n\n<div class=\"wp-block-uagb-image uagb-block-8f557fa6 wp-block-uagb-image--layout-default wp-block-uagb-image--effect-static wp-block-uagb-image--align-none\"><figure class=\"wp-block-uagb-image__figure\"><img decoding=\"async\" src=\"https:\/\/www.wonfulity.com\/wp-content\/uploads\/Cao-County-Runwan-Crafts-Co-Ltd-.webp\" alt=\"f\u00e1brica de madera\" class=\"uag-image-11116\" width=\"400\" height=\"300\" title=\"f\u00e1brica de madera\" loading=\"lazy\" role=\"img\" \/><\/figure><\/div>\n<\/div>\n\n\n\n<div class=\"wp-block-uagb-container uagb-block-5ed9251a\">\n<div class=\"wp-block-uagb-image uagb-block-ab006938 wp-block-uagb-image--layout-default wp-block-uagb-image--effect-static wp-block-uagb-image--align-none\"><figure class=\"wp-block-uagb-image__figure\"><img decoding=\"async\" src=\"https:\/\/www.wonfulity.com\/wp-content\/uploads\/19.png\" alt=\"f\u00e1brica de madera\" class=\"uag-image-10947\" width=\"400\" height=\"300\" title=\"f\u00e1brica de madera\" loading=\"lazy\" role=\"img\" \/><\/figure><\/div>\n\n\n\n<div class=\"wp-block-uagb-image uagb-block-3382ec21 wp-block-uagb-image--layout-default wp-block-uagb-image--effect-static wp-block-uagb-image--align-none\"><figure class=\"wp-block-uagb-image__figure\"><img decoding=\"async\" src=\"https:\/\/www.wonfulity.com\/wp-content\/uploads\/\u672a\u547d\u540d\u7684\u8bbe\u8ba1-21.png\" alt=\"f\u00e1brica de madera\" class=\"uag-image-11118\" width=\"400\" height=\"300\" title=\"f\u00e1brica de madera\" loading=\"lazy\" role=\"img\" \/><\/figure><\/div>\n<\/div>\n<\/div><\/div>","protected":false},"excerpt":{"rendered":"<p>El caballete de madera 3 en 1 Deluxe para ni\u00f1os con pizarra est\u00e1 dise\u00f1ado para despertar la creatividad y el aprendizaje de los ni\u00f1os. Con una pizarra de tiza, una pizarra blanca magn\u00e9tica y un rollo de papel de 5 metros, es perfecto para dibujar, escribir y realizar actividades educativas. Esta vers\u00e1til herramienta ayuda a los ni\u00f1os a explorar su imaginaci\u00f3n a la vez que aprenden nuevas habilidades como caligraf\u00eda, dibujo y resoluci\u00f3n de problemas, por lo que es un art\u00edculo esencial para la l\u00ednea de productos creativos de su tienda.<\/p>\n<p>Este caballete se adapta a ni\u00f1os de distintas edades gracias a su altura regulable, lo que lo convierte en una inversi\u00f3n a largo plazo para sus clientes. Ya sea en el aula, en la guarder\u00eda o en casa, el caballete de madera 3 en 1 ofrece una soluci\u00f3n vers\u00e1til que crece con los ni\u00f1os desde la educaci\u00f3n infantil hasta la escuela primaria. Perfecto para empresas que buscan ofrecer productos multifuncionales que ahorren espacio a clientes que buscan valor en cada compra.<\/p>\n<p>Fabricado en madera de primera calidad con acabados no t\u00f3xicos, el caballete de madera Deluxe est\u00e1 dise\u00f1ado para cumplir las normas de seguridad m\u00e1s estrictas. Con sus bordes lisos, su dise\u00f1o adaptado a los ni\u00f1os y su robusta construcci\u00f3n, este caballete es una opci\u00f3n segura y duradera para los ni\u00f1os. Este producto responde a la creciente demanda de juguetes educativos ecol\u00f3gicos y seguros, lo que lo convierte en un art\u00edculo imprescindible para las empresas especializadas en productos infantiles.<\/p>\n<p>\u00bfBusca productos a juego? Vea nuestros<strong> <a href=\"https:\/\/www.wonfulity.com\/es\/producto\/\">productos de mobiliario infantil<\/a><\/strong><br \/>Necesitas m\u00e1s opciones o un presupuesto r\u00e1pido? Echa un vistazo a nuestra Tienda Internacional para ver las \u00faltimas colecciones\uff1a.<\/p>\n<ul>\n<li><strong><a href=\"https:\/\/zhizhenmei.en.alibaba.com\/?spm=a2700.29482153.0.0.71d571d2UuhFW4\" target=\"_blank\" rel=\"noopener sponsored\">Tienda internacional 1<\/a><\/strong><\/li>\n<li><strong><a href=\"https:\/\/caoxianaoyi.en.alibaba.com\/?spm=a2700.29482153.0.0.427c71d26Wtq4L\" target=\"_blank\" rel=\"noopener sponsored\">Tienda internacional 2<\/a><\/strong><\/li>\n<\/ul>","protected":false},"featured_media":11656,"template":"","meta":{"_uag_custom_page_level_css":"","site-sidebar-layout":"default","site-content-layout":"","ast-site-content-layout":"default","site-content-style":"default","site-sidebar-style":"default","ast-global-header-display":"","ast-banner-title-visibility":"","ast-main-header-display":"","ast-hfb-above-header-display":"","ast-hfb-below-header-display":"","ast-hfb-mobile-header-display":"","site-post-title":"","ast-breadcrumbs-content":"","ast-featured-img":"","footer-sml-layout":"","ast-disable-related-posts":"","theme-transparent-header-meta":"","adv-header-id-meta":"","stick-header-meta":"","header-above-stick-meta":"","header-main-stick-meta":"","header-below-stick-meta":"","astra-migrate-meta-layouts":"default","ast-page-background-enabled":"default","ast-page-background-meta":{"desktop":{"background-color":"var(--ast-global-color-4)","background-image":"","background-repeat":"repeat","background-position":"center center","background-size":"auto","background-attachment":"scroll","background-type":"","background-media":"","overlay-type":"","overlay-color":"","overlay-opacity":"","overlay-gradient":""},"tablet":{"background-color":"","background-image":"","background-repeat":"repeat","background-position":"center center","background-size":"auto","background-attachment":"scroll","background-type":"","background-media":"","overlay-type":"","overlay-color":"","overlay-opacity":"","overlay-gradient":""},"mobile":{"background-color":"","background-image":"","background-repeat":"repeat","background-position":"center center","background-size":"auto","background-attachment":"scroll","background-type":"","background-media":"","overlay-type":"","overlay-color":"","overlay-opacity":"","overlay-gradient":""}},"ast-content-background-meta":{"desktop":{"background-color":"var(--ast-global-color-5)","background-image":"","background-repeat":"repeat","background-position":"center center","background-size":"auto","background-attachment":"scroll","background-type":"","background-media":"","overlay-type":"","overlay-color":"","overlay-opacity":"","overlay-gradient":""},"tablet":{"background-color":"var(--ast-global-color-5)","background-image":"","background-repeat":"repeat","background-position":"center center","background-size":"auto","background-attachment":"scroll","background-type":"","background-media":"","overlay-type":"","overlay-color":"","overlay-opacity":"","overlay-gradient":""},"mobile":{"background-color":"var(--ast-global-color-5)","background-image":"","background-repeat":"repeat","background-position":"center center","background-size":"auto","background-attachment":"scroll","background-type":"","background-media":"","overlay-type":"","overlay-color":"","overlay-opacity":"","overlay-gradient":""}}},"product_brand":[],"product_cat":[15,235,231],"product_tag":[],"class_list":{"0":"post-11652","1":"product","2":"type-product","3":"status-publish","4":"has-post-thumbnail","6":"product_cat-all","7":"product_cat-chalkboard-easel","8":"product_cat-custom-chalkboard","9":"desktop-align-left","10":"tablet-align-left","11":"mobile-align-left","12":"ast-product-gallery-layout-horizontal-slider","13":"ast-product-tabs-layout-horizontal","15":"first","16":"instock","17":"shipping-taxable","18":"product-type-simple"},"uagb_featured_image_src":{"full":["https:\/\/www.wonfulity.com\/wp-content\/uploads\/4-19.png",600,700,false],"thumbnail":["https:\/\/www.wonfulity.com\/wp-content\/uploads\/4-19-150x150.png",150,150,true],"medium":["https:\/\/www.wonfulity.com\/wp-content\/uploads\/4-19-257x300.png",257,300,true],"medium_large":["https:\/\/www.wonfulity.com\/wp-content\/uploads\/4-19.png",600,700,false],"large":["https:\/\/www.wonfulity.com\/wp-content\/uploads\/4-19.png",600,700,false],"1536x1536":["https:\/\/www.wonfulity.com\/wp-content\/uploads\/4-19.png",600,700,false],"2048x2048":["https:\/\/www.wonfulity.com\/wp-content\/uploads\/4-19.png",600,700,false],"trp-custom-language-flag":["https:\/\/www.wonfulity.com\/wp-content\/uploads\/4-19-10x12.png",10,12,true],"woocommerce_thumbnail":["https:\/\/www.wonfulity.com\/wp-content\/uploads\/4-19-450x570.png",450,570,true],"woocommerce_single":["https:\/\/www.wonfulity.com\/wp-content\/uploads\/4-19.png",600,700,false],"woocommerce_gallery_thumbnail":["https:\/\/www.wonfulity.com\/wp-content\/uploads\/4-19-100x100.png",100,100,true]},"uagb_author_info":{"display_name":"Bob","author_link":"https:\/\/www.wonfulity.com\/es\/blogs\/author\/"},"uagb_comment_info":0,"uagb_excerpt":"The 3-in-1 Deluxe Wooden Art Easel for Kids with Chalkboard is designed to ignite children\u2019s creativity and learning. With a chalkboard, magnetic whiteboard, and 5-meter paper roll, it\u2019s perfect for drawing, writing, and educational activities. This versatile tool helps kids explore their imagination while learning new skills like handwriting, drawing, and problem-solving, making it an&hellip;","_links":{"self":[{"href":"https:\/\/www.wonfulity.com\/es\/wp-json\/wp\/v2\/product\/11652","targetHints":{"allow":["GET"]}}],"collection":[{"href":"https:\/\/www.wonfulity.com\/es\/wp-json\/wp\/v2\/product"}],"about":[{"href":"https:\/\/www.wonfulity.com\/es\/wp-json\/wp\/v2\/types\/product"}],"wp:featuredmedia":[{"embeddable":true,"href":"https:\/\/www.wonfulity.com\/es\/wp-json\/wp\/v2\/media\/11656"}],"wp:attachment":[{"href":"https:\/\/www.wonfulity.com\/es\/wp-json\/wp\/v2\/media?parent=11652"}],"wp:term":[{"taxonomy":"product_brand","embeddable":true,"href":"https:\/\/www.wonfulity.com\/es\/wp-json\/wp\/v2\/product_brand?post=11652"},{"taxonomy":"product_cat","embeddable":true,"href":"https:\/\/www.wonfulity.com\/es\/wp-json\/wp\/v2\/product_cat?post=11652"},{"taxonomy":"product_tag","embeddable":true,"href":"https:\/\/www.wonfulity.com\/es\/wp-json\/wp\/v2\/product_tag?post=11652"}],"curies":[{"name":"wp","href":"https:\/\/api.w.org\/{rel}","templated":true}]}}