{"id":11214,"date":"2024-11-10T12:38:08","date_gmt":"2024-11-10T04:38:08","guid":{"rendered":"https:\/\/www.wonfulity.com\/?post_type=product&#038;p=11214"},"modified":"2024-12-10T14:39:41","modified_gmt":"2024-12-10T06:39:41","slug":"art-table-and-chair-set-for-toddlers","status":"publish","type":"product","link":"https:\/\/www.wonfulity.com\/fr\/produit\/table-et-chaise-dart-pour-les-tout-petits\/","title":{"rendered":"Meilleur ensemble table et chaise d'art Montessori pour les tout-petits - Bureau en bois 2-en-1 avec rangement et tableau noir"},"content":{"rendered":"<div class=\"wp-block-uagb-container uagb-block-d15b9ca3 alignfull uagb-is-root-container\"><div class=\"uagb-container-inner-blocks-wrap\">\n<div class=\"wp-block-uagb-container uagb-block-f7df6427\">\n<div class=\"wp-block-uagb-container uagb-block-9455ef5b\">\n<div class=\"wp-block-uagb-info-box uagb-block-d4df3463 uagb-infobox__content-wrap  uagb-infobox-icon-above-title uagb-infobox-image-valign-top\"><div class=\"uagb-ifb-content\"><div class=\"uagb-ifb-title-wrap\"><h4 class=\"uagb-ifb-title\"><strong>Favorise la cr\u00e9ativit\u00e9 et l'apprentissage<\/strong><\/h4><\/div><p class=\"uagb-ifb-desc\">L'ensemble table et chaise d'art Montessori est con\u00e7u pour inspirer la cr\u00e9ativit\u00e9 et l'apprentissage autonome. Avec un tableau int\u00e9gr\u00e9, votre enfant peut facilement s'adonner au dessin, \u00e0 l'\u00e9criture et aux activit\u00e9s artistiques, ce qui l'aide \u00e0 d\u00e9velopper sa motricit\u00e9 fine et ses capacit\u00e9s cognitives. Parfaite pour les tout-petits et les jeunes enfants, cette table offre un espace d\u00e9di\u00e9 au jeu imaginatif et \u00e0 l'apprentissage.<\/p><\/div><\/div>\n<\/div>\n\n\n\n<div class=\"wp-block-uagb-info-box uagb-block-845cd917 uagb-infobox__content-wrap  uagb-infobox-icon-above-title uagb-infobox-image-valign-top\"><div class=\"uagb-ifb-content\"><div class=\"uagb-ifb-title-wrap\"><h4 class=\"uagb-ifb-title\"><strong>Des rangements pratiques pour un jeu organis\u00e9<\/strong><\/h4><\/div><p class=\"uagb-ifb-desc\">Cet ensemble table et chaise en bois pour enfant est dot\u00e9 de compartiments de rangement pratiques, id\u00e9aux pour ranger les fournitures artistiques, les jouets et les livres. Les options de rangement spacieuses contribuent \u00e0 d\u00e9velopper le sens des responsabilit\u00e9s et de l'organisation, en encourageant les enfants \u00e0 ranger apr\u00e8s avoir jou\u00e9, tout en gardant leur environnement propre et accessible.<\/p><\/div><\/div>\n\n\n\n<div class=\"wp-block-uagb-container uagb-block-a256468b\">\n<div class=\"wp-block-uagb-info-box uagb-block-28834539 uagb-infobox__content-wrap  uagb-infobox-icon-above-title uagb-infobox-image-valign-top\"><div class=\"uagb-ifb-content\"><div class=\"uagb-ifb-title-wrap\"><h4 class=\"uagb-ifb-title\"><br><strong>Durable et s\u00fbr pour les petits<\/strong><\/h4><\/div><p class=\"uagb-ifb-desc\">Fabriqu\u00e9e en bois de haute qualit\u00e9, cette <strong>Table et chaise Montessori pour l'art<\/strong> est con\u00e7ue pour durer des ann\u00e9es. La finition non toxique et les bords arrondis garantissent que la table est sans danger pour les tout-petits, offrant une surface stable et s\u00fbre pour diverses activit\u00e9s. Con\u00e7ue pour durer et \u00eatre confortable, elle est le compl\u00e9ment id\u00e9al de toute maison, garderie ou \u00e9tablissement d'enseignement.<\/p><\/div><\/div>\n<\/div>\n<\/div>\n\n\n\n<div class=\"wp-block-uagb-container uagb-block-07bfc131\">\n<div class=\"wp-block-uagb-image uagb-block-b4bb948c wp-block-uagb-image--layout-default wp-block-uagb-image--effect-static wp-block-uagb-image--align-none alignleft\"><figure class=\"wp-block-uagb-image__figure\"><img decoding=\"async\" srcset=\"https:\/\/www.wonfulity.com\/wp-content\/uploads\/KD002983-4_1024x1024.jpg ,https:\/\/www.wonfulity.com\/wp-content\/uploads\/KD002983-4_1024x1024.jpg 780w, https:\/\/www.wonfulity.com\/wp-content\/uploads\/KD002983-4_1024x1024.jpg 360w\" sizes=\"auto, (max-width: 480px) 150px\" src=\"https:\/\/www.wonfulity.com\/wp-content\/uploads\/KD002983-4_1024x1024.jpg\" alt=\"Ensemble table et chaise en bois pour enfant avec rangement et tableau noir\" class=\"uag-image-11220\" width=\"600\" height=\"700\" title=\"Ensemble table et chaise en bois pour enfant avec rangement et tableau noir\" loading=\"lazy\" role=\"img\"\/><\/figure><\/div>\n<\/div>\n<\/div><\/div>\n\n\n\n<div class=\"wp-block-uagb-container uagb-block-942c266d alignfull uagb-is-root-container\"><div class=\"uagb-container-inner-blocks-wrap\">\n<div class=\"wp-block-uagb-container uagb-block-cdfbwk39\">\n<div class=\"wp-block-uagb-container uagb-block-taa9jvn9\"><\/div>\n\n\n\n<div class=\"wp-block-uagb-container uagb-block-e6uqhnjy\">\n<div class=\"wp-block-uagb-info-box uagb-block-sm9wy83a uagb-infobox__content-wrap  uagb-infobox-icon-above-title uagb-infobox-image-valign-top\"><div class=\"uagb-ifb-content\"><div class=\"uagb-ifb-title-wrap\"><h4 class=\"uagb-ifb-title\">Objet<\/h4><\/div><\/div><\/div>\n<\/div>\n\n\n\n<div class=\"wp-block-uagb-container uagb-block-xdtgxgj6\">\n<div class=\"wp-block-uagb-info-box uagb-block-c04bcb41 uagb-infobox__content-wrap  uagb-infobox-icon-above-title uagb-infobox-image-valign-top\"><div class=\"uagb-ifb-content\"><div class=\"uagb-ifb-title-wrap\"><h4 class=\"uagb-ifb-title\">Desc<\/h4><\/div><\/div><\/div>\n<\/div>\n<\/div>\n\n\n\n<div class=\"wp-block-uagb-container uagb-block-720573f4\">\n<div class=\"wp-block-uagb-container uagb-block-d006e6eb\">\n<div class=\"wp-block-uagb-info-box uagb-block-a92ede72 uagb-infobox__content-wrap  uagb-infobox-icon-above-title uagb-infobox-image-valign-top\"><div class=\"uagb-ifb-content\"><div class=\"uagb-ifb-title-wrap\"><p class=\"uagb-ifb-title-prefix\">01<\/p><\/div><\/div><\/div>\n<\/div>\n\n\n\n<div class=\"wp-block-uagb-container uagb-block-32771033\">\n<div class=\"wp-block-uagb-info-box uagb-block-aaee5390 uagb-infobox__content-wrap  uagb-infobox-icon-above-title uagb-infobox-image-valign-top\"><div class=\"uagb-ifb-content\"><div class=\"uagb-ifb-title-wrap\"><h4 class=\"uagb-ifb-title\"><strong>Surface multifonctionnelle pour tableau noir<\/strong><\/h4><\/div><\/div><\/div>\n<\/div>\n\n\n\n<div class=\"wp-block-uagb-container uagb-block-d985a046\">\n<div class=\"wp-block-uagb-info-box uagb-block-2b0922dc uagb-infobox__content-wrap  uagb-infobox-icon-above-title uagb-infobox-image-valign-top\"><div class=\"uagb-ifb-content\"><div class=\"uagb-ifb-title-wrap\"><p class=\"uagb-ifb-title\">Fournit une surface de dessin et d'\u00e9criture r\u00e9utilisable, favorisant la cr\u00e9ativit\u00e9 et les activit\u00e9s d'apprentissage interactives.<\/p><\/div><\/div><\/div>\n<\/div>\n<\/div>\n\n\n\n<div class=\"wp-block-uagb-container uagb-block-95a6e317\">\n<div class=\"wp-block-uagb-container uagb-block-2e70f36a\">\n<div class=\"wp-block-uagb-info-box uagb-block-8efb1163 uagb-infobox__content-wrap  uagb-infobox-icon-above-title uagb-infobox-image-valign-top\"><div class=\"uagb-ifb-content\"><div class=\"uagb-ifb-title-wrap\"><p class=\"uagb-ifb-title-prefix\">02<\/p><\/div><\/div><\/div>\n<\/div>\n\n\n\n<div class=\"wp-block-uagb-container uagb-block-c25bc4e9\">\n<div class=\"wp-block-uagb-info-box uagb-block-8e5653f6 uagb-infobox__content-wrap  uagb-infobox-icon-above-title uagb-infobox-image-valign-top\"><div class=\"uagb-ifb-content\"><div class=\"uagb-ifb-title-wrap\"><h4 class=\"uagb-ifb-title\"><strong>Compartiments de rangement pratiques<\/strong><\/h4><\/div><\/div><\/div>\n<\/div>\n\n\n\n<div class=\"wp-block-uagb-container uagb-block-e4b73fff\">\n<div class=\"wp-block-uagb-info-box uagb-block-257d2f01 uagb-infobox__content-wrap  uagb-infobox-icon-above-title uagb-infobox-image-valign-top\"><div class=\"uagb-ifb-content\"><div class=\"uagb-ifb-title-wrap\"><p class=\"uagb-ifb-title\">Les espaces de rangement int\u00e9gr\u00e9s permettent de garder les objets essentiels \u00e0 port\u00e9e de main, ce qui contribue \u00e0 maintenir un espace organis\u00e9 et bien rang\u00e9.<\/p><\/div><\/div><\/div>\n<\/div>\n<\/div>\n\n\n\n<div class=\"wp-block-uagb-container uagb-block-00d46b71\">\n<div class=\"wp-block-uagb-container uagb-block-63be2ee0\">\n<div class=\"wp-block-uagb-info-box uagb-block-86f40bc4 uagb-infobox__content-wrap  uagb-infobox-icon-above-title uagb-infobox-image-valign-top\"><div class=\"uagb-ifb-content\"><div class=\"uagb-ifb-title-wrap\"><p class=\"uagb-ifb-title-prefix\">03<\/p><\/div><\/div><\/div>\n<\/div>\n\n\n\n<div class=\"wp-block-uagb-container uagb-block-f9a9ed48\">\n<div class=\"wp-block-uagb-info-box uagb-block-a01a3038 uagb-infobox__content-wrap  uagb-infobox-icon-above-title uagb-infobox-image-valign-top\"><div class=\"uagb-ifb-content\"><div class=\"uagb-ifb-title-wrap\"><h4 class=\"uagb-ifb-title\"><strong>Construction robuste en bois<\/strong><\/h4><\/div><\/div><\/div>\n<\/div>\n\n\n\n<div class=\"wp-block-uagb-container uagb-block-ea615933\">\n<div class=\"wp-block-uagb-info-box uagb-block-6f5b8a81 uagb-infobox__content-wrap  uagb-infobox-icon-above-title uagb-infobox-image-valign-top\"><div class=\"uagb-ifb-content\"><div class=\"uagb-ifb-title-wrap\"><p class=\"uagb-ifb-title\">Fabriqu\u00e9 en bois durable et s\u00fbr pour les enfants, il est con\u00e7u pour un usage fr\u00e9quent et r\u00e9pond aux normes de s\u00e9curit\u00e9 attendues par les clients B2B dans les \u00e9tablissements d'enseignement.<\/p><\/div><\/div><\/div>\n<\/div>\n<\/div>\n<\/div><\/div>\n\n\n\n<div class=\"wp-block-uagb-container uagb-block-10733882 alignfull uagb-is-root-container\"><div class=\"uagb-container-inner-blocks-wrap\">\n<div class=\"wp-block-uagb-container uagb-block-a3ecce27\">\n<div class=\"wp-block-uagb-image uagb-block-a9f8ab9c wp-block-uagb-image--layout-default wp-block-uagb-image--effect-static wp-block-uagb-image--align-none\"><figure class=\"wp-block-uagb-image__figure\"><img decoding=\"async\" srcset=\"https:\/\/www.wonfulity.com\/wp-content\/uploads\/Cao-County-Runwan-Crafts-Co-Ltd-1.webp ,https:\/\/www.wonfulity.com\/wp-content\/uploads\/Cao-County-Runwan-Crafts-Co-Ltd-1.webp 780w, https:\/\/www.wonfulity.com\/wp-content\/uploads\/Cao-County-Runwan-Crafts-Co-Ltd-1.webp 360w\" sizes=\"auto, (max-width: 480px) 150px\" src=\"https:\/\/www.wonfulity.com\/wp-content\/uploads\/Cao-County-Runwan-Crafts-Co-Ltd-1.webp\" alt=\"usine de bois\" class=\"uag-image-11115\" width=\"400\" height=\"300\" title=\"usine de bois\" loading=\"lazy\" role=\"img\"\/><\/figure><\/div>\n\n\n\n<div class=\"wp-block-uagb-image uagb-block-e21af5fb wp-block-uagb-image--layout-default wp-block-uagb-image--effect-static wp-block-uagb-image--align-none\"><figure class=\"wp-block-uagb-image__figure\"><img decoding=\"async\" srcset=\"https:\/\/www.wonfulity.com\/wp-content\/uploads\/10-3-1024x640.png ,https:\/\/www.wonfulity.com\/wp-content\/uploads\/10-3.png 780w, https:\/\/www.wonfulity.com\/wp-content\/uploads\/10-3.png 360w\" sizes=\"auto, (max-width: 480px) 150px\" src=\"https:\/\/www.wonfulity.com\/wp-content\/uploads\/10-3-1024x640.png\" alt=\"usine de bois\" class=\"uag-image-10974\" width=\"400\" height=\"300\" title=\"usine de bois\" loading=\"lazy\" role=\"img\"\/><\/figure><\/div>\n<\/div>\n\n\n\n<div class=\"wp-block-uagb-container uagb-block-1c90d097\">\n<div class=\"wp-block-uagb-image uagb-block-e676099f wp-block-uagb-image--layout-default wp-block-uagb-image--effect-static wp-block-uagb-image--align-none\"><figure class=\"wp-block-uagb-image__figure\"><img decoding=\"async\" srcset=\"https:\/\/www.wonfulity.com\/wp-content\/uploads\/13.png ,https:\/\/www.wonfulity.com\/wp-content\/uploads\/13.png 780w, https:\/\/www.wonfulity.com\/wp-content\/uploads\/13.png 360w\" sizes=\"auto, (max-width: 480px) 150px\" src=\"https:\/\/www.wonfulity.com\/wp-content\/uploads\/13.png\" alt=\"usine de bois\" class=\"uag-image-10941\" width=\"400\" height=\"300\" title=\"usine de bois\" loading=\"lazy\" role=\"img\"\/><\/figure><\/div>\n\n\n\n<div class=\"wp-block-uagb-image uagb-block-8f557fa6 wp-block-uagb-image--layout-default wp-block-uagb-image--effect-static wp-block-uagb-image--align-none\"><figure class=\"wp-block-uagb-image__figure\"><img decoding=\"async\" srcset=\"https:\/\/www.wonfulity.com\/wp-content\/uploads\/Cao-County-Runwan-Crafts-Co-Ltd-.webp ,https:\/\/www.wonfulity.com\/wp-content\/uploads\/Cao-County-Runwan-Crafts-Co-Ltd-.webp 780w, https:\/\/www.wonfulity.com\/wp-content\/uploads\/Cao-County-Runwan-Crafts-Co-Ltd-.webp 360w\" sizes=\"auto, (max-width: 480px) 150px\" src=\"https:\/\/www.wonfulity.com\/wp-content\/uploads\/Cao-County-Runwan-Crafts-Co-Ltd-.webp\" alt=\"usine de bois\" class=\"uag-image-11116\" width=\"400\" height=\"300\" title=\"usine de bois\" loading=\"lazy\" role=\"img\"\/><\/figure><\/div>\n<\/div>\n\n\n\n<div class=\"wp-block-uagb-container uagb-block-5ed9251a\">\n<div class=\"wp-block-uagb-image uagb-block-ab006938 wp-block-uagb-image--layout-default wp-block-uagb-image--effect-static wp-block-uagb-image--align-none\"><figure class=\"wp-block-uagb-image__figure\"><img decoding=\"async\" srcset=\"https:\/\/www.wonfulity.com\/wp-content\/uploads\/19.png ,https:\/\/www.wonfulity.com\/wp-content\/uploads\/19.png 780w, https:\/\/www.wonfulity.com\/wp-content\/uploads\/19.png 360w\" sizes=\"auto, (max-width: 480px) 150px\" src=\"https:\/\/www.wonfulity.com\/wp-content\/uploads\/19.png\" alt=\"usine de bois\" class=\"uag-image-10947\" width=\"400\" height=\"300\" title=\"usine de bois\" loading=\"lazy\" role=\"img\"\/><\/figure><\/div>\n\n\n\n<div class=\"wp-block-uagb-image uagb-block-3382ec21 wp-block-uagb-image--layout-default wp-block-uagb-image--effect-static wp-block-uagb-image--align-none\"><figure class=\"wp-block-uagb-image__figure\"><img decoding=\"async\" srcset=\"https:\/\/www.wonfulity.com\/wp-content\/uploads\/\u672a\u547d\u540d\u7684\u8bbe\u8ba1-21.png ,https:\/\/www.wonfulity.com\/wp-content\/uploads\/\u672a\u547d\u540d\u7684\u8bbe\u8ba1-21.png 780w, https:\/\/www.wonfulity.com\/wp-content\/uploads\/\u672a\u547d\u540d\u7684\u8bbe\u8ba1-21.png 360w\" sizes=\"auto, (max-width: 480px) 150px\" src=\"https:\/\/www.wonfulity.com\/wp-content\/uploads\/\u672a\u547d\u540d\u7684\u8bbe\u8ba1-21.png\" alt=\"usine de bois\" class=\"uag-image-11118\" width=\"400\" height=\"300\" title=\"usine de bois\" loading=\"lazy\" role=\"img\"\/><\/figure><\/div>\n<\/div>\n<\/div><\/div>\n\n\n\n<p><\/p>","protected":false},"excerpt":{"rendered":"<p>L'ensemble table et chaise pour enfant en bois avec rangement et tableau noir est un ensemble de mobilier multifonctionnel con\u00e7u pour l'apprentissage et le jeu des jeunes enfants. Cr\u00e9\u00e9 selon les principes Montessori, cet ensemble table et chaise favorise l'ind\u00e9pendance, la cr\u00e9ativit\u00e9 et l'organisation, ce qui le rend id\u00e9al pour une utilisation \u00e0 la maison, dans les \u00e9coles maternelles ou les cr\u00e8ches. L'\u00e9l\u00e9ment central de la table est une surface de tableau noir de grande taille, qui sert de toile r\u00e9utilisable pour dessiner, \u00e9crire ou s'entra\u00eener \u00e0 tracer des lettres et des chiffres. Cette fonction transforme le jeu quotidien en une occasion d'apprentissage pratique, favorisant le d\u00e9veloppement de la motricit\u00e9 fine et de la pens\u00e9e cr\u00e9ative des enfants. De taille sp\u00e9cifique pour les tout-petits, les deux chaises garantissent confort et soutien ergonomique, offrant aux jeunes utilisateurs l'ind\u00e9pendance et la stabilit\u00e9 dont ils ont besoin pour interagir en toute confiance avec leur environnement.<\/p>\n<p>Outre la surface cr\u00e9ative du tableau noir, l'ensemble comprend de nombreux compartiments de rangement int\u00e9gr\u00e9s sous le plateau de la table. Cette caract\u00e9ristique favorise un espace de jeu bien rang\u00e9 et permet de garder \u00e0 port\u00e9e de main les fournitures essentielles, telles que les crayons de couleur, les marqueurs et les petits jouets. L'espace de rangement favorise \u00e9galement les comp\u00e9tences organisationnelles d\u00e8s le plus jeune \u00e2ge, en permettant aux enfants de s'entra\u00eener \u00e0 remettre les objets en place apr\u00e8s chaque activit\u00e9. La combinaison de la surface du tableau noir et de l'espace de rangement rend cet ensemble polyvalent, le transformant en quelques secondes d'une station d'art en un bureau d'apprentissage. Pour les parents et les \u00e9ducateurs, cette fonctionnalit\u00e9 simplifie la transition entre les activit\u00e9s, favorisant un environnement plus structur\u00e9 et organis\u00e9 qui encourage \u00e0 la fois le jeu libre et l'apprentissage cibl\u00e9.<\/p>\n<p>Fabriqu\u00e9 en bois durable de haute qualit\u00e9, l'ensemble table et chaise met l'accent sur la durabilit\u00e9 et la s\u00e9curit\u00e9 des enfants, avec une finition non toxique qui r\u00e9pond \u00e0 des normes de s\u00e9curit\u00e9 rigoureuses. L'esth\u00e9tique du bois naturel s'harmonise avec un large \u00e9ventail d'int\u00e9rieurs, ce qui permet de l'int\u00e9grer sans probl\u00e8me dans n'importe quel espace. Son design minimaliste et ses tons chauds conviennent parfaitement aux salles de classe Montessori ou aux aires de jeux domestiques qui privil\u00e9gient les mat\u00e9riaux naturels et les am\u00e9nagements centr\u00e9s sur l'enfant. Son encombrement r\u00e9duit lui permet de s'int\u00e9grer dans des pi\u00e8ces plus petites tout en offrant suffisamment d'espace pour que deux enfants en bas \u00e2ge puissent jouer ou apprendre ensemble, encourageant ainsi les comp\u00e9tences sociales et le jeu coop\u00e9ratif. Sa conception robuste lui permet de r\u00e9sister \u00e0 l'usure quotidienne, ce qui en fait un meuble de base capable d'accueillir plusieurs enfants au fil des ans.<\/p>\n<p>Vous cherchez des produits assortis ? Consultez nos<strong> <a href=\"https:\/\/www.wonfulity.com\/fr\/produit\/\">produits d'ameublement pour enfants<\/a><\/strong><br \/>Besoin de plus d'options ou d'un devis rapide ? Visitez notre boutique internationale pour les derni\u00e8res collections\uff1a<\/p>\n<ul>\n<li><strong><a href=\"https:\/\/zhizhenmei.en.alibaba.com\/?spm=a2700.29482153.0.0.71d571d2UuhFW4\" target=\"_blank\" rel=\"noopener sponsored\">Magasin international 1<\/a><\/strong><\/li>\n<li><strong><a href=\"https:\/\/caoxianaoyi.en.alibaba.com\/?spm=a2700.29482153.0.0.427c71d26Wtq4L\" target=\"_blank\" rel=\"noopener sponsored\">Magasin international 2<\/a><\/strong><\/li>\n<\/ul>","protected":false},"featured_media":12051,"template":"","meta":{"_uag_custom_page_level_css":"","site-sidebar-layout":"default","site-content-layout":"","ast-site-content-layout":"default","site-content-style":"default","site-sidebar-style":"default","ast-global-header-display":"","ast-banner-title-visibility":"","ast-main-header-display":"","ast-hfb-above-header-display":"","ast-hfb-below-header-display":"","ast-hfb-mobile-header-display":"","site-post-title":"","ast-breadcrumbs-content":"","ast-featured-img":"","footer-sml-layout":"","ast-disable-related-posts":"","theme-transparent-header-meta":"","adv-header-id-meta":"","stick-header-meta":"","header-above-stick-meta":"","header-main-stick-meta":"","header-below-stick-meta":"","astra-migrate-meta-layouts":"default","ast-page-background-enabled":"default","ast-page-background-meta":{"desktop":{"background-color":"var(--ast-global-color-4)","background-image":"","background-repeat":"repeat","background-position":"center center","background-size":"auto","background-attachment":"scroll","background-type":"","background-media":"","overlay-type":"","overlay-color":"","overlay-opacity":"","overlay-gradient":""},"tablet":{"background-color":"","background-image":"","background-repeat":"repeat","background-position":"center center","background-size":"auto","background-attachment":"scroll","background-type":"","background-media":"","overlay-type":"","overlay-color":"","overlay-opacity":"","overlay-gradient":""},"mobile":{"background-color":"","background-image":"","background-repeat":"repeat","background-position":"center center","background-size":"auto","background-attachment":"scroll","background-type":"","background-media":"","overlay-type":"","overlay-color":"","overlay-opacity":"","overlay-gradient":""}},"ast-content-background-meta":{"desktop":{"background-color":"var(--ast-global-color-5)","background-image":"","background-repeat":"repeat","background-position":"center center","background-size":"auto","background-attachment":"scroll","background-type":"","background-media":"","overlay-type":"","overlay-color":"","overlay-opacity":"","overlay-gradient":""},"tablet":{"background-color":"var(--ast-global-color-5)","background-image":"","background-repeat":"repeat","background-position":"center center","background-size":"auto","background-attachment":"scroll","background-type":"","background-media":"","overlay-type":"","overlay-color":"","overlay-opacity":"","overlay-gradient":""},"mobile":{"background-color":"var(--ast-global-color-5)","background-image":"","background-repeat":"repeat","background-position":"center center","background-size":"auto","background-attachment":"scroll","background-type":"","background-media":"","overlay-type":"","overlay-color":"","overlay-opacity":"","overlay-gradient":""}}},"product_brand":[],"product_cat":[382],"product_tag":[],"class_list":{"0":"post-11214","1":"product","2":"type-product","3":"status-publish","4":"has-post-thumbnail","6":"product_cat-custom-kids-tables-chair","7":"desktop-align-left","8":"tablet-align-left","9":"mobile-align-left","10":"ast-product-gallery-layout-horizontal-slider","11":"ast-product-tabs-layout-horizontal","13":"first","14":"instock","15":"shipping-taxable","16":"product-type-simple"},"uagb_featured_image_src":{"full":["https:\/\/www.wonfulity.com\/wp-content\/uploads\/BOB\u72ec\u7acb\u7ad9\u4e3b\u9898\u8c03\u6574-\u526f\u672c-4.png",600,700,false],"thumbnail":["https:\/\/www.wonfulity.com\/wp-content\/uploads\/BOB\u72ec\u7acb\u7ad9\u4e3b\u9898\u8c03\u6574-\u526f\u672c-4-150x150.png",150,150,true],"medium":["https:\/\/www.wonfulity.com\/wp-content\/uploads\/BOB\u72ec\u7acb\u7ad9\u4e3b\u9898\u8c03\u6574-\u526f\u672c-4-257x300.png",257,300,true],"medium_large":["https:\/\/www.wonfulity.com\/wp-content\/uploads\/BOB\u72ec\u7acb\u7ad9\u4e3b\u9898\u8c03\u6574-\u526f\u672c-4.png",600,700,false],"large":["https:\/\/www.wonfulity.com\/wp-content\/uploads\/BOB\u72ec\u7acb\u7ad9\u4e3b\u9898\u8c03\u6574-\u526f\u672c-4.png",600,700,false],"1536x1536":["https:\/\/www.wonfulity.com\/wp-content\/uploads\/BOB\u72ec\u7acb\u7ad9\u4e3b\u9898\u8c03\u6574-\u526f\u672c-4.png",600,700,false],"2048x2048":["https:\/\/www.wonfulity.com\/wp-content\/uploads\/BOB\u72ec\u7acb\u7ad9\u4e3b\u9898\u8c03\u6574-\u526f\u672c-4.png",600,700,false],"trp-custom-language-flag":["https:\/\/www.wonfulity.com\/wp-content\/uploads\/BOB\u72ec\u7acb\u7ad9\u4e3b\u9898\u8c03\u6574-\u526f\u672c-4-10x12.png",10,12,true],"woocommerce_thumbnail":["https:\/\/www.wonfulity.com\/wp-content\/uploads\/BOB\u72ec\u7acb\u7ad9\u4e3b\u9898\u8c03\u6574-\u526f\u672c-4-450x570.png",450,570,true],"woocommerce_single":["https:\/\/www.wonfulity.com\/wp-content\/uploads\/BOB\u72ec\u7acb\u7ad9\u4e3b\u9898\u8c03\u6574-\u526f\u672c-4.png",600,700,false],"woocommerce_gallery_thumbnail":["https:\/\/www.wonfulity.com\/wp-content\/uploads\/BOB\u72ec\u7acb\u7ad9\u4e3b\u9898\u8c03\u6574-\u526f\u672c-4-100x100.png",100,100,true]},"uagb_author_info":{"display_name":"caijinyue","author_link":"https:\/\/www.wonfulity.com\/fr\/blogs\/author\/"},"uagb_comment_info":0,"uagb_excerpt":"The Wood Toddler Table and Chair Set with Storage &amp; Chalkboard is a thoughtfully designed, multi-functional furniture set tailored for young children\u2019s learning and playtime. Created with Montessori principles in mind, this table and chair set fosters independence, creativity, and organizational skills, making it ideal for use in homes, preschools, or daycare centers. The table\u2019s\u2026","_links":{"self":[{"href":"https:\/\/www.wonfulity.com\/fr\/wp-json\/wp\/v2\/product\/11214","targetHints":{"allow":["GET"]}}],"collection":[{"href":"https:\/\/www.wonfulity.com\/fr\/wp-json\/wp\/v2\/product"}],"about":[{"href":"https:\/\/www.wonfulity.com\/fr\/wp-json\/wp\/v2\/types\/product"}],"wp:featuredmedia":[{"embeddable":true,"href":"https:\/\/www.wonfulity.com\/fr\/wp-json\/wp\/v2\/media\/12051"}],"wp:attachment":[{"href":"https:\/\/www.wonfulity.com\/fr\/wp-json\/wp\/v2\/media?parent=11214"}],"wp:term":[{"taxonomy":"product_brand","embeddable":true,"href":"https:\/\/www.wonfulity.com\/fr\/wp-json\/wp\/v2\/product_brand?post=11214"},{"taxonomy":"product_cat","embeddable":true,"href":"https:\/\/www.wonfulity.com\/fr\/wp-json\/wp\/v2\/product_cat?post=11214"},{"taxonomy":"product_tag","embeddable":true,"href":"https:\/\/www.wonfulity.com\/fr\/wp-json\/wp\/v2\/product_tag?post=11214"}],"curies":[{"name":"wp","href":"https:\/\/api.w.org\/{rel}","templated":true}]}}