{"id":11331,"date":"2024-12-10T08:46:11","date_gmt":"2024-12-10T00:46:11","guid":{"rendered":"https:\/\/www.wonfulity.com\/?post_type=product&#038;p=11331"},"modified":"2024-12-30T14:03:28","modified_gmt":"2024-12-30T06:03:28","slug":"learning-tower-for-kid","status":"publish","type":"product","link":"https:\/\/www.wonfulity.com\/fr\/produit\/tour-dapprentissage-pour-enfant\/","title":{"rendered":"Tabouret Montessori convertible de haute qualit\u00e9 Tour d'apprentissage Aide \u00e0 la cuisine pour enfant"},"content":{"rendered":"<div class=\"wp-block-uagb-container uagb-block-d15b9ca3 alignfull uagb-is-root-container\"><div class=\"uagb-container-inner-blocks-wrap\">\n<div class=\"wp-block-uagb-container uagb-block-f7df6427\">\n<div class=\"wp-block-uagb-container uagb-block-9455ef5b\">\n<div class=\"wp-block-uagb-info-box uagb-block-d4df3463 uagb-infobox__content-wrap  uagb-infobox-icon-above-title uagb-infobox-image-valign-top\"><div class=\"uagb-ifb-content\"><div class=\"uagb-ifb-title-wrap\"><h4 class=\"uagb-ifb-title\"><strong>OPTER POUR QUELQUE CHOSE DE DURABLE<\/strong><\/h4><\/div><p class=\"uagb-ifb-desc\">Tour d'apprentissage \u00e0 hauteur r\u00e9glable pour enfant Haute qualit\u00e9 et vente en ligne Fabriqu\u00e9 pour durer, notre escabeau Montessori pour enfant est l'espace id\u00e9al o\u00f9 votre enfant peut perfectionner ses comp\u00e9tences en toute s\u00e9curit\u00e9. Les pieds de soutien rendent cet escabeau de cuisine pour les tout-petits plus s\u00fbr. La tour debout permet aux tout-petits de s'engager en toute s\u00e9curit\u00e9 dans les t\u00e2ches m\u00e9nag\u00e8res quotidiennes, les encourageant \u00e0 d\u00e9velopper leur confiance en soi et leur ind\u00e9pendance. Qu'il s'agisse de se laver les mains ou de participer \u00e0 des t\u00e2ches culinaires simples, les enfants ont l'occasion d'interagir de mani\u00e8re significative avec leur environnement.<\/p><\/div><\/div>\n<\/div>\n\n\n\n<div class=\"wp-block-uagb-info-box uagb-block-845cd917 uagb-infobox__content-wrap  uagb-infobox-icon-above-title uagb-infobox-image-valign-top\"><div class=\"uagb-ifb-content\"><div class=\"uagb-ifb-title-wrap\"><h4 class=\"uagb-ifb-title\"><strong>TOUR COMPL\u00c8TE POUR LES TOUT-PETITS<\/strong><\/h4><\/div><p class=\"uagb-ifb-desc\">Tour d'apprentissage \u00e0 hauteur r\u00e9glable pour les enfants Des bandes antid\u00e9rapantes claires sur le marchepied et le support permettent aux petits pieds de rester bien en place. Les pieds de l'escabeau de cuisine pour enfants sont munis de coussinets pour une bonne adh\u00e9rence au sol. Gr\u00e2ce \u00e0 son design compact et polyvalent, cette tour d'apprentissage est id\u00e9ale pour les petits espaces, en particulier dans les maisons ou les salles de classe o\u00f9 l'espace est restreint. En quelques secondes, elle se transforme d'une tour solide en une table et une chaise fonctionnelles. Cela en fait un choix de premier ordre pour les parents, les \u00e9ducateurs et les prestataires de services de garde d'enfants \u00e0 la recherche de solutions efficaces et adaptables. Sa double fonction maximise l'utilit\u00e9 tout en minimisant l'encombrement. Les barres de s\u00e9curit\u00e9 amovibles en font un tabouret id\u00e9al pour la cuisine.<\/p><\/div><\/div>\n\n\n\n<div class=\"wp-block-uagb-container uagb-block-a256468b\">\n<div class=\"wp-block-uagb-info-box uagb-block-28834539 uagb-infobox__content-wrap  uagb-infobox-icon-above-title uagb-infobox-image-valign-top\"><div class=\"uagb-ifb-content\"><div class=\"uagb-ifb-title-wrap\"><h4 class=\"uagb-ifb-title\"><br>Tour d'aide aux enfants ADAPTABLE &amp; AJUSTABLE<\/h4><\/div><p class=\"uagb-ifb-desc\">Tour d'apprentissage avec hauteur r\u00e9glable pour les enfants R\u00e9glez la plateforme au niveau appropri\u00e9 pour votre enfant : de 18 mois \u00e0 5 ans -&gt; 3 r\u00e9glages : 10, 14, 18 pouces du sol. Facile \u00e0 utiliser : Un parent enl\u00e8ve les barres du milieu et du bas pour que l'enfant puisse grimper confortablement. Fabriqu\u00e9 avec des mat\u00e9riaux de premi\u00e8re qualit\u00e9, non toxiques et sans danger pour les enfants, ce produit est con\u00e7u pour supporter le style de vie actif des tout-petits. La finition de haute qualit\u00e9 est \u00e0 la fois lisse et r\u00e9sistante \u00e0 l'usure, ce qui garantit un produit durable qui peut \u00eatre transmis ou r\u00e9utilis\u00e9 au fur et \u00e0 mesure que l'enfant grandit. La surface du tableau blanc est un \u00e9l\u00e9ment durable, qui permet aux enfants de dessiner, d'\u00e9crire et d'effacer sans avoir besoin d'un approvisionnement continu en papier. Des milliers d'enfants profitent d\u00e9j\u00e0 de ce tabouret de cuisine pour les tout-petits pour apprendre et cuisiner. Laissez votre b\u00e9b\u00e9 s'\u00e9panouir dans ce tabouret de cuisine pour tout-petits.<\/p><\/div><\/div>\n<\/div>\n<\/div>\n\n\n\n<div class=\"wp-block-uagb-container uagb-block-07bfc131\">\n<div class=\"wp-block-uagb-image uagb-block-b4bb948c wp-block-uagb-image--layout-default wp-block-uagb-image--effect-static wp-block-uagb-image--align-none alignleft\"><figure class=\"wp-block-uagb-image__figure\"><img decoding=\"async\" srcset=\"https:\/\/www.wonfulity.com\/wp-content\/uploads\/2-39.png ,https:\/\/www.wonfulity.com\/wp-content\/uploads\/2-39.png 780w, https:\/\/www.wonfulity.com\/wp-content\/uploads\/2-39.png 360w\" sizes=\"auto, (max-width: 480px) 150px\" src=\"https:\/\/www.wonfulity.com\/wp-content\/uploads\/2-39.png\" alt=\"Tour d&#039;apprentissage en bois\" class=\"uag-image-12159\" width=\"600\" height=\"700\" title=\"Tour d&#039;apprentissage en bois\" loading=\"lazy\" role=\"img\"\/><\/figure><\/div>\n<\/div>\n<\/div><\/div>\n\n\n\n<div class=\"wp-block-uagb-container uagb-block-942c266d alignfull uagb-is-root-container\"><div class=\"uagb-container-inner-blocks-wrap\">\n<div class=\"wp-block-uagb-container uagb-block-cdfbwk39\">\n<div class=\"wp-block-uagb-container uagb-block-taa9jvn9\"><\/div>\n\n\n\n<div class=\"wp-block-uagb-container uagb-block-e6uqhnjy\">\n<div class=\"wp-block-uagb-info-box uagb-block-sm9wy83a uagb-infobox__content-wrap  uagb-infobox-icon-above-title uagb-infobox-image-valign-top\"><div class=\"uagb-ifb-content\"><div class=\"uagb-ifb-title-wrap\"><h4 class=\"uagb-ifb-title\">Objet<\/h4><\/div><\/div><\/div>\n<\/div>\n\n\n\n<div class=\"wp-block-uagb-container uagb-block-xdtgxgj6\">\n<div class=\"wp-block-uagb-info-box uagb-block-c04bcb41 uagb-infobox__content-wrap  uagb-infobox-icon-above-title uagb-infobox-image-valign-top\"><div class=\"uagb-ifb-content\"><div class=\"uagb-ifb-title-wrap\"><h4 class=\"uagb-ifb-title\">Desc<\/h4><\/div><\/div><\/div>\n<\/div>\n<\/div>\n\n\n\n<div class=\"wp-block-uagb-container uagb-block-720573f4\">\n<div class=\"wp-block-uagb-container uagb-block-d006e6eb\">\n<div class=\"wp-block-uagb-info-box uagb-block-a92ede72 uagb-infobox__content-wrap  uagb-infobox-icon-above-title uagb-infobox-image-valign-top\"><div class=\"uagb-ifb-content\"><div class=\"uagb-ifb-title-wrap\"><p class=\"uagb-ifb-title-prefix\">01<\/p><\/div><\/div><\/div>\n<\/div>\n\n\n\n<div class=\"wp-block-uagb-container uagb-block-32771033\">\n<div class=\"wp-block-uagb-info-box uagb-block-aaee5390 uagb-infobox__content-wrap  uagb-infobox-icon-above-title uagb-infobox-image-valign-top\"><div class=\"uagb-ifb-content\"><div class=\"uagb-ifb-title-wrap\"><h4 class=\"uagb-ifb-title\">Hauteur r\u00e9glable<\/h4><\/div><\/div><\/div>\n<\/div>\n\n\n\n<div class=\"wp-block-uagb-container uagb-block-d985a046\">\n<div class=\"wp-block-uagb-info-box uagb-block-2b0922dc uagb-infobox__content-wrap  uagb-infobox-icon-above-title uagb-infobox-image-valign-top\"><div class=\"uagb-ifb-content\"><div class=\"uagb-ifb-title-wrap\"><p class=\"uagb-ifb-title\">3 tailles diff\u00e9rentes avec des hauteurs diff\u00e9rentes pour l'utilisation.<\/p><\/div><\/div><\/div>\n<\/div>\n<\/div>\n\n\n\n<div class=\"wp-block-uagb-container uagb-block-95a6e317\">\n<div class=\"wp-block-uagb-container uagb-block-2e70f36a\">\n<div class=\"wp-block-uagb-info-box uagb-block-8efb1163 uagb-infobox__content-wrap  uagb-infobox-icon-above-title uagb-infobox-image-valign-top\"><div class=\"uagb-ifb-content\"><div class=\"uagb-ifb-title-wrap\"><p class=\"uagb-ifb-title-prefix\">02<\/p><\/div><\/div><\/div>\n<\/div>\n\n\n\n<div class=\"wp-block-uagb-container uagb-block-c25bc4e9\">\n<div class=\"wp-block-uagb-info-box uagb-block-8e5653f6 uagb-infobox__content-wrap  uagb-infobox-icon-above-title uagb-infobox-image-valign-top\"><div class=\"uagb-ifb-content\"><div class=\"uagb-ifb-title-wrap\"><h4 class=\"uagb-ifb-title\">Mat\u00e9riel de haute qualit\u00e9<\/h4><\/div><\/div><\/div>\n<\/div>\n\n\n\n<div class=\"wp-block-uagb-container uagb-block-e4b73fff\">\n<div class=\"wp-block-uagb-info-box uagb-block-257d2f01 uagb-infobox__content-wrap  uagb-infobox-icon-above-title uagb-infobox-image-valign-top\"><div class=\"uagb-ifb-content\"><div class=\"uagb-ifb-title-wrap\"><p class=\"uagb-ifb-title\">Utiliser des mat\u00e9riaux de haute qualit\u00e9, du contreplaqu\u00e9 et du bois de pin, en prenant soin de la sant\u00e9 des enfants.<\/p><\/div><\/div><\/div>\n<\/div>\n<\/div>\n\n\n\n<div class=\"wp-block-uagb-container uagb-block-00d46b71\">\n<div class=\"wp-block-uagb-container uagb-block-63be2ee0\">\n<div class=\"wp-block-uagb-info-box uagb-block-86f40bc4 uagb-infobox__content-wrap  uagb-infobox-icon-above-title uagb-infobox-image-valign-top\"><div class=\"uagb-ifb-content\"><div class=\"uagb-ifb-title-wrap\"><p class=\"uagb-ifb-title-prefix\">03<\/p><\/div><\/div><\/div>\n<\/div>\n\n\n\n<div class=\"wp-block-uagb-container uagb-block-f9a9ed48\">\n<div class=\"wp-block-uagb-info-box uagb-block-a01a3038 uagb-infobox__content-wrap  uagb-infobox-icon-above-title uagb-infobox-image-valign-top\"><div class=\"uagb-ifb-content\"><div class=\"uagb-ifb-title-wrap\"><h4 class=\"uagb-ifb-title\">Facile \u00e0 utiliser<\/h4><\/div><\/div><\/div>\n<\/div>\n\n\n\n<div class=\"wp-block-uagb-container uagb-block-ea615933\">\n<div class=\"wp-block-uagb-info-box uagb-block-6f5b8a81 uagb-infobox__content-wrap  uagb-infobox-icon-above-title uagb-infobox-image-valign-top\"><div class=\"uagb-ifb-content\"><div class=\"uagb-ifb-title-wrap\"><p class=\"uagb-ifb-title\">L'assemblage des produits se fait \u00e0 l'aide de vis, il est facile \u00e0 utiliser et stable.<\/p><\/div><\/div><\/div>\n<\/div>\n<\/div>\n<\/div><\/div>\n\n\n\n<div class=\"wp-block-uagb-container uagb-block-10733882 alignfull uagb-is-root-container\"><div class=\"uagb-container-inner-blocks-wrap\">\n<div class=\"wp-block-uagb-container uagb-block-a3ecce27\">\n<div class=\"wp-block-uagb-image uagb-block-a9f8ab9c wp-block-uagb-image--layout-default wp-block-uagb-image--effect-static wp-block-uagb-image--align-none\"><figure class=\"wp-block-uagb-image__figure\"><img decoding=\"async\" srcset=\"https:\/\/www.wonfulity.com\/wp-content\/uploads\/Cao-County-Runwan-Crafts-Co-Ltd-1.webp ,https:\/\/www.wonfulity.com\/wp-content\/uploads\/Cao-County-Runwan-Crafts-Co-Ltd-1.webp 780w, https:\/\/www.wonfulity.com\/wp-content\/uploads\/Cao-County-Runwan-Crafts-Co-Ltd-1.webp 360w\" sizes=\"auto, (max-width: 480px) 150px\" src=\"https:\/\/www.wonfulity.com\/wp-content\/uploads\/Cao-County-Runwan-Crafts-Co-Ltd-1.webp\" alt=\"usine de bois\" class=\"uag-image-11115\" width=\"400\" height=\"300\" title=\"usine de bois\" loading=\"lazy\" role=\"img\"\/><\/figure><\/div>\n\n\n\n<div class=\"wp-block-uagb-image uagb-block-e21af5fb wp-block-uagb-image--layout-default wp-block-uagb-image--effect-static wp-block-uagb-image--align-none\"><figure class=\"wp-block-uagb-image__figure\"><img decoding=\"async\" srcset=\"https:\/\/www.wonfulity.com\/wp-content\/uploads\/10-3-1024x640.png ,https:\/\/www.wonfulity.com\/wp-content\/uploads\/10-3.png 780w, https:\/\/www.wonfulity.com\/wp-content\/uploads\/10-3.png 360w\" sizes=\"auto, (max-width: 480px) 150px\" src=\"https:\/\/www.wonfulity.com\/wp-content\/uploads\/10-3-1024x640.png\" alt=\"usine de bois\" class=\"uag-image-10974\" width=\"400\" height=\"300\" title=\"usine de bois\" loading=\"lazy\" role=\"img\"\/><\/figure><\/div>\n<\/div>\n\n\n\n<div class=\"wp-block-uagb-container uagb-block-1c90d097\">\n<div class=\"wp-block-uagb-image uagb-block-e676099f wp-block-uagb-image--layout-default wp-block-uagb-image--effect-static wp-block-uagb-image--align-none\"><figure class=\"wp-block-uagb-image__figure\"><img decoding=\"async\" srcset=\"https:\/\/www.wonfulity.com\/wp-content\/uploads\/13.png ,https:\/\/www.wonfulity.com\/wp-content\/uploads\/13.png 780w, https:\/\/www.wonfulity.com\/wp-content\/uploads\/13.png 360w\" sizes=\"auto, (max-width: 480px) 150px\" src=\"https:\/\/www.wonfulity.com\/wp-content\/uploads\/13.png\" alt=\"usine de bois\" class=\"uag-image-10941\" width=\"400\" height=\"300\" title=\"usine de bois\" loading=\"lazy\" role=\"img\"\/><\/figure><\/div>\n\n\n\n<div class=\"wp-block-uagb-image uagb-block-8f557fa6 wp-block-uagb-image--layout-default wp-block-uagb-image--effect-static wp-block-uagb-image--align-none\"><figure class=\"wp-block-uagb-image__figure\"><img decoding=\"async\" srcset=\"https:\/\/www.wonfulity.com\/wp-content\/uploads\/Cao-County-Runwan-Crafts-Co-Ltd-.webp ,https:\/\/www.wonfulity.com\/wp-content\/uploads\/Cao-County-Runwan-Crafts-Co-Ltd-.webp 780w, https:\/\/www.wonfulity.com\/wp-content\/uploads\/Cao-County-Runwan-Crafts-Co-Ltd-.webp 360w\" sizes=\"auto, (max-width: 480px) 150px\" src=\"https:\/\/www.wonfulity.com\/wp-content\/uploads\/Cao-County-Runwan-Crafts-Co-Ltd-.webp\" alt=\"usine de bois\" class=\"uag-image-11116\" width=\"400\" height=\"300\" title=\"usine de bois\" loading=\"lazy\" role=\"img\"\/><\/figure><\/div>\n<\/div>\n\n\n\n<div class=\"wp-block-uagb-container uagb-block-5ed9251a\">\n<div class=\"wp-block-uagb-image uagb-block-ab006938 wp-block-uagb-image--layout-default wp-block-uagb-image--effect-static wp-block-uagb-image--align-none\"><figure class=\"wp-block-uagb-image__figure\"><img decoding=\"async\" srcset=\"https:\/\/www.wonfulity.com\/wp-content\/uploads\/19.png ,https:\/\/www.wonfulity.com\/wp-content\/uploads\/19.png 780w, https:\/\/www.wonfulity.com\/wp-content\/uploads\/19.png 360w\" sizes=\"auto, (max-width: 480px) 150px\" src=\"https:\/\/www.wonfulity.com\/wp-content\/uploads\/19.png\" alt=\"usine de bois\" class=\"uag-image-10947\" width=\"400\" height=\"300\" title=\"usine de bois\" loading=\"lazy\" role=\"img\"\/><\/figure><\/div>\n\n\n\n<div class=\"wp-block-uagb-image uagb-block-3382ec21 wp-block-uagb-image--layout-default wp-block-uagb-image--effect-static wp-block-uagb-image--align-none\"><figure class=\"wp-block-uagb-image__figure\"><img decoding=\"async\" srcset=\"https:\/\/www.wonfulity.com\/wp-content\/uploads\/\u672a\u547d\u540d\u7684\u8bbe\u8ba1-21.png ,https:\/\/www.wonfulity.com\/wp-content\/uploads\/\u672a\u547d\u540d\u7684\u8bbe\u8ba1-21.png 780w, https:\/\/www.wonfulity.com\/wp-content\/uploads\/\u672a\u547d\u540d\u7684\u8bbe\u8ba1-21.png 360w\" sizes=\"auto, (max-width: 480px) 150px\" src=\"https:\/\/www.wonfulity.com\/wp-content\/uploads\/\u672a\u547d\u540d\u7684\u8bbe\u8ba1-21.png\" alt=\"usine de bois\" class=\"uag-image-11118\" width=\"400\" height=\"300\" title=\"usine de bois\" loading=\"lazy\" role=\"img\"\/><\/figure><\/div>\n<\/div>\n<\/div><\/div>","protected":false},"excerpt":{"rendered":"<p class=\"p1\">Le <strong>Tour d'apprentissage \u00e0 hauteur r\u00e9glable pour enfant<\/strong>\u00a0est con\u00e7u pour favoriser la curiosit\u00e9 naturelle, l'ind\u00e9pendance et la cr\u00e9ativit\u00e9 des tout-petits. Il s'agit d'un meuble multifonctionnel qui passe en douceur d'une tour d'apprentissage \u00e0 une table et une chaise avec une surface de tableau blanc. Cette conception unique permet aux enfants d'atteindre en toute s\u00e9curit\u00e9 des surfaces sur\u00e9lev\u00e9es comme les comptoirs de cuisine, ce qui les aide \u00e0 participer aux activit\u00e9s quotidiennes telles que cuisiner, se laver les mains ou aider aux t\u00e2ches m\u00e9nag\u00e8res. Cette participation active favorise la confiance en soi, l'ind\u00e9pendance et l'acquisition de comp\u00e9tences pratiques, offrant aux parents et aux soignants un outil polyvalent pour le d\u00e9veloppement de l'enfant.<\/p>\n<p class=\"p1\">Une fois convertie, la tour d'apprentissage se transforme en un ensemble table et chaise, dot\u00e9 d'un tableau blanc lisse qui invite les enfants \u00e0 explorer leurs comp\u00e9tences artistiques et cognitives. Le tableau blanc offre une surface durable et facile \u00e0 nettoyer, parfaite pour le dessin, l'\u00e9criture et les activit\u00e9s d'apprentissage interactives. Cette conception 2 en 1 permet d'\u00e9conomiser un espace pr\u00e9cieux, ce qui en fait une solution pratique pour les petites maisons, les \u00e9coles maternelles ou les garderies o\u00f9 la flexibilit\u00e9 est essentielle. La fonctionnalit\u00e9 de cette unit\u00e9 va de pair avec sa durabilit\u00e9, puisqu'elle est fabriqu\u00e9e \u00e0 partir de mat\u00e9riaux non toxiques et de haute qualit\u00e9, conformes aux normes de s\u00e9curit\u00e9, ce qui lui permet de r\u00e9sister aux rigueurs d'une utilisation quotidienne.<\/p>\n<p class=\"p1\">Le <strong>Tour d'apprentissage \u00e0 hauteur r\u00e9glable pour enfant<\/strong>\u00a0offre un m\u00e9lange unique d'apprentissage, de jeu et de responsabilit\u00e9 environnementale. Son design multifonctionnel, ses mat\u00e9riaux de qualit\u00e9 et ses avantages \u00e9ducatifs en font un choix exceptionnel pour les clients B2B \u00e0 la recherche de meubles adaptables et adapt\u00e9s aux enfants.<\/p>\n<p>Vous cherchez des produits assortis ? Consultez nos<strong> <a href=\"https:\/\/www.wonfulity.com\/fr\/produit\/\">produits d'ameublement pour enfants<\/a><\/strong><br \/>Besoin de plus d'options ou d'un devis rapide ? Visitez notre boutique internationale pour les derni\u00e8res collections\uff1a<\/p>\n<ul>\n<li><strong><a href=\"https:\/\/zhizhenmei.en.alibaba.com\/?spm=a2700.29482153.0.0.71d571d2UuhFW4\" target=\"_blank\" rel=\"noopener sponsored\">Magasin international 1<\/a><\/strong><\/li>\n<li><strong><a href=\"https:\/\/caoxianaoyi.en.alibaba.com\/?spm=a2700.29482153.0.0.427c71d26Wtq4L\" target=\"_blank\" rel=\"noopener sponsored\">Magasin international 2<\/a><\/strong><\/li>\n<\/ul>","protected":false},"featured_media":12158,"template":"","meta":{"_uag_custom_page_level_css":"","site-sidebar-layout":"default","site-content-layout":"","ast-site-content-layout":"default","site-content-style":"default","site-sidebar-style":"default","ast-global-header-display":"","ast-banner-title-visibility":"","ast-main-header-display":"","ast-hfb-above-header-display":"","ast-hfb-below-header-display":"","ast-hfb-mobile-header-display":"","site-post-title":"","ast-breadcrumbs-content":"","ast-featured-img":"","footer-sml-layout":"","ast-disable-related-posts":"","theme-transparent-header-meta":"","adv-header-id-meta":"","stick-header-meta":"","header-above-stick-meta":"","header-main-stick-meta":"","header-below-stick-meta":"","astra-migrate-meta-layouts":"default","ast-page-background-enabled":"default","ast-page-background-meta":{"desktop":{"background-color":"var(--ast-global-color-4)","background-image":"","background-repeat":"repeat","background-position":"center center","background-size":"auto","background-attachment":"scroll","background-type":"","background-media":"","overlay-type":"","overlay-color":"","overlay-opacity":"","overlay-gradient":""},"tablet":{"background-color":"","background-image":"","background-repeat":"repeat","background-position":"center center","background-size":"auto","background-attachment":"scroll","background-type":"","background-media":"","overlay-type":"","overlay-color":"","overlay-opacity":"","overlay-gradient":""},"mobile":{"background-color":"","background-image":"","background-repeat":"repeat","background-position":"center center","background-size":"auto","background-attachment":"scroll","background-type":"","background-media":"","overlay-type":"","overlay-color":"","overlay-opacity":"","overlay-gradient":""}},"ast-content-background-meta":{"desktop":{"background-color":"var(--ast-global-color-5)","background-image":"","background-repeat":"repeat","background-position":"center center","background-size":"auto","background-attachment":"scroll","background-type":"","background-media":"","overlay-type":"","overlay-color":"","overlay-opacity":"","overlay-gradient":""},"tablet":{"background-color":"var(--ast-global-color-5)","background-image":"","background-repeat":"repeat","background-position":"center center","background-size":"auto","background-attachment":"scroll","background-type":"","background-media":"","overlay-type":"","overlay-color":"","overlay-opacity":"","overlay-gradient":""},"mobile":{"background-color":"var(--ast-global-color-5)","background-image":"","background-repeat":"repeat","background-position":"center center","background-size":"auto","background-attachment":"scroll","background-type":"","background-media":"","overlay-type":"","overlay-color":"","overlay-opacity":"","overlay-gradient":""}}},"product_brand":[],"product_cat":[383],"product_tag":[],"class_list":{"0":"post-11331","1":"product","2":"type-product","3":"status-publish","4":"has-post-thumbnail","6":"product_cat-custom-learning-towers","7":"desktop-align-left","8":"tablet-align-left","9":"mobile-align-left","10":"ast-product-gallery-layout-horizontal-slider","11":"ast-product-tabs-layout-horizontal","13":"first","14":"instock","15":"shipping-taxable","16":"product-type-simple"},"uagb_featured_image_src":{"full":["https:\/\/www.wonfulity.com\/wp-content\/uploads\/1-32.png",600,700,false],"thumbnail":["https:\/\/www.wonfulity.com\/wp-content\/uploads\/1-32-150x150.png",150,150,true],"medium":["https:\/\/www.wonfulity.com\/wp-content\/uploads\/1-32-257x300.png",257,300,true],"medium_large":["https:\/\/www.wonfulity.com\/wp-content\/uploads\/1-32.png",600,700,false],"large":["https:\/\/www.wonfulity.com\/wp-content\/uploads\/1-32.png",600,700,false],"1536x1536":["https:\/\/www.wonfulity.com\/wp-content\/uploads\/1-32.png",600,700,false],"2048x2048":["https:\/\/www.wonfulity.com\/wp-content\/uploads\/1-32.png",600,700,false],"trp-custom-language-flag":["https:\/\/www.wonfulity.com\/wp-content\/uploads\/1-32-10x12.png",10,12,true],"woocommerce_thumbnail":["https:\/\/www.wonfulity.com\/wp-content\/uploads\/1-32-450x570.png",450,570,true],"woocommerce_single":["https:\/\/www.wonfulity.com\/wp-content\/uploads\/1-32.png",600,700,false],"woocommerce_gallery_thumbnail":["https:\/\/www.wonfulity.com\/wp-content\/uploads\/1-32-100x100.png",100,100,true]},"uagb_author_info":{"display_name":"caijinyue","author_link":"https:\/\/www.wonfulity.com\/fr\/blogs\/author\/"},"uagb_comment_info":0,"uagb_excerpt":"The Learning Tower with Adjustable Height for Kid\u00a0is designed to foster a toddler\u2019s natural curiosity, independence, and creativity. It serves as a multi-functional piece of furniture that seamlessly transitions from a learning tower to a table and chair with a whiteboard surface. This unique design empowers children to safely reach elevated surfaces like kitchen counters,\u2026","_links":{"self":[{"href":"https:\/\/www.wonfulity.com\/fr\/wp-json\/wp\/v2\/product\/11331","targetHints":{"allow":["GET"]}}],"collection":[{"href":"https:\/\/www.wonfulity.com\/fr\/wp-json\/wp\/v2\/product"}],"about":[{"href":"https:\/\/www.wonfulity.com\/fr\/wp-json\/wp\/v2\/types\/product"}],"wp:featuredmedia":[{"embeddable":true,"href":"https:\/\/www.wonfulity.com\/fr\/wp-json\/wp\/v2\/media\/12158"}],"wp:attachment":[{"href":"https:\/\/www.wonfulity.com\/fr\/wp-json\/wp\/v2\/media?parent=11331"}],"wp:term":[{"taxonomy":"product_brand","embeddable":true,"href":"https:\/\/www.wonfulity.com\/fr\/wp-json\/wp\/v2\/product_brand?post=11331"},{"taxonomy":"product_cat","embeddable":true,"href":"https:\/\/www.wonfulity.com\/fr\/wp-json\/wp\/v2\/product_cat?post=11331"},{"taxonomy":"product_tag","embeddable":true,"href":"https:\/\/www.wonfulity.com\/fr\/wp-json\/wp\/v2\/product_tag?post=11331"}],"curies":[{"name":"wp","href":"https:\/\/api.w.org\/{rel}","templated":true}]}}