{"id":11525,"date":"2024-12-10T08:48:17","date_gmt":"2024-12-10T00:48:17","guid":{"rendered":"https:\/\/www.wonfulity.com\/?post_type=product&#038;p=11525"},"modified":"2024-12-10T11:29:55","modified_gmt":"2024-12-10T03:29:55","slug":"top-10-multifunctional-montessori-education-wooden-rainbow-tower","status":"publish","type":"product","link":"https:\/\/www.wonfulity.com\/fr\/produit\/top-10-tour-arc-en-ciel-en-bois-multifonctionnelle-pour-leducation-montessori\/","title":{"rendered":"Top 10 Tour arc-en-ciel en bois multifonctionnelle pour l'\u00e9ducation Montessori"},"content":{"rendered":"<div class=\"wp-block-uagb-container uagb-block-d15b9ca3 alignfull uagb-is-root-container\"><div class=\"uagb-container-inner-blocks-wrap\">\n<div class=\"wp-block-uagb-container uagb-block-f7df6427\">\n<div class=\"wp-block-uagb-container uagb-block-9455ef5b\">\n<div class=\"wp-block-uagb-info-box uagb-block-d4df3463 uagb-infobox__content-wrap  uagb-infobox-icon-above-title uagb-infobox-image-valign-top\"><div class=\"uagb-ifb-content\"><div class=\"uagb-ifb-title-wrap\"><h4 class=\"uagb-ifb-title\"><strong>Jouet \u00e0 empiler classique en bois<\/strong><\/h4><\/div><p class=\"uagb-ifb-desc\">Le jouet \u00e0 empiler comprend 16 anneaux lisses de diff\u00e9rentes formes et une base en bois solide. Les couleurs vives et les formes mignonnes suffisent \u00e0 attirer l'attention des enfants.7 anneaux de couleurs vives et une boule en bois au sommet, un jouet s\u00fbr pour les enfants.Montessori Education Wooden Rainbow Tower \uff0cDes anneaux en bois de taille parfaite pour que les petites mains puissent les saisir et jouer. Id\u00e9al pour d\u00e9velopper la coordination main-\u0153il et la motricit\u00e9 fine des enfants en empilant la tour arc-en-ciel.Montessori Education Tour arc-en-ciel en bois Jouet classique en bois \u00e0 empiler<\/p><\/div><\/div>\n<\/div>\n\n\n\n<div class=\"wp-block-uagb-info-box uagb-block-845cd917 uagb-infobox__content-wrap  uagb-infobox-icon-above-title uagb-infobox-image-valign-top\"><div class=\"uagb-ifb-content\"><div class=\"uagb-ifb-title-wrap\"><h4 class=\"uagb-ifb-title\">Multifonctionnel et polyvalent<\/h4><\/div><p class=\"uagb-ifb-desc\">Montessori Education Wooden Rainbow Tower\uff0cStackable toys can improve children's creativity and hand-eye coordination, which is essential for the newborn life. En m\u00eame temps, il peut \u00e9galement exercer la capacit\u00e9 de reconnaissance des couleurs, la classification des formes et les capacit\u00e9s athl\u00e9tiques raffin\u00e9es des enfants. Id\u00e9al pour les d\u00e9butants, il offre des heures de plaisir d'apprentissage et un temps de jeu essentiel pour les enfants en d\u00e9veloppement.<\/p><\/div><\/div>\n\n\n\n<div class=\"wp-block-uagb-container uagb-block-a256468b\">\n<div class=\"wp-block-uagb-info-box uagb-block-28834539 uagb-infobox__content-wrap  uagb-infobox-icon-above-title uagb-infobox-image-valign-top\"><div class=\"uagb-ifb-content\"><div class=\"uagb-ifb-title-wrap\"><h4 class=\"uagb-ifb-title\"><br><strong><strong>Parfait pour la fabrication et la personnalisation B2B<\/strong><\/strong><\/h4><\/div><p class=\"uagb-ifb-desc\">Montessori Education Wooden Rainbow Tower est un excellent choix pour les clients B2B qui cherchent \u00e0 investir dans du mobilier pour enfants pour les \u00e9tablissements d'enseignement, les espaces de vente au d\u00e9tail ou les garderies. Gr\u00e2ce aux options de personnalisation disponibles, cet ensemble peut \u00eatre adapt\u00e9 aux besoins sp\u00e9cifiques de l'entreprise, y compris la couleur, la marque et l'emballage. Les entreprises peuvent commander en gros et profiter de nos processus efficaces d'exp\u00e9dition et de contr\u00f4le de la qualit\u00e9 pour r\u00e9pondre \u00e0 la demande.Jouet classique en bois \u00e0 empiler<\/p><\/div><\/div>\n<\/div>\n<\/div>\n\n\n\n<div class=\"wp-block-uagb-container uagb-block-07bfc131\">\n<div class=\"wp-block-uagb-image uagb-block-b4bb948c wp-block-uagb-image--layout-default wp-block-uagb-image--effect-static wp-block-uagb-image--align-none alignleft\"><figure class=\"wp-block-uagb-image__figure\"><img decoding=\"async\" srcset=\"https:\/\/www.wonfulity.com\/wp-content\/uploads\/61P1F4RNf8L._AC_SL1500_.jpg ,https:\/\/www.wonfulity.com\/wp-content\/uploads\/61P1F4RNf8L._AC_SL1500_.jpg 780w, https:\/\/www.wonfulity.com\/wp-content\/uploads\/61P1F4RNf8L._AC_SL1500_.jpg 360w\" sizes=\"auto, (max-width: 480px) 150px\" src=\"https:\/\/www.wonfulity.com\/wp-content\/uploads\/61P1F4RNf8L._AC_SL1500_.jpg\" alt=\"Montessori Education Tour arc-en-ciel en bois Jouet \u00e0 empiler en bois classique\" class=\"uag-image-11528\" width=\"600\" height=\"700\" title=\"Montessori Education Tour arc-en-ciel en bois Jouet \u00e0 empiler en bois classique\" loading=\"lazy\" role=\"img\"\/><\/figure><\/div>\n<\/div>\n<\/div><\/div>\n\n\n\n<div class=\"wp-block-uagb-container uagb-block-942c266d alignfull uagb-is-root-container\"><div class=\"uagb-container-inner-blocks-wrap\">\n<div class=\"wp-block-uagb-container uagb-block-cdfbwk39\">\n<div class=\"wp-block-uagb-container uagb-block-taa9jvn9\"><\/div>\n\n\n\n<div class=\"wp-block-uagb-container uagb-block-e6uqhnjy\">\n<div class=\"wp-block-uagb-info-box uagb-block-sm9wy83a uagb-infobox__content-wrap  uagb-infobox-icon-above-title uagb-infobox-image-valign-top\"><div class=\"uagb-ifb-content\"><div class=\"uagb-ifb-title-wrap\"><h4 class=\"uagb-ifb-title\">Objet<\/h4><\/div><\/div><\/div>\n<\/div>\n\n\n\n<div class=\"wp-block-uagb-container uagb-block-xdtgxgj6\">\n<div class=\"wp-block-uagb-info-box uagb-block-c04bcb41 uagb-infobox__content-wrap  uagb-infobox-icon-above-title uagb-infobox-image-valign-top\"><div class=\"uagb-ifb-content\"><div class=\"uagb-ifb-title-wrap\"><h4 class=\"uagb-ifb-title\">Desc<\/h4><\/div><\/div><\/div>\n<\/div>\n<\/div>\n\n\n\n<div class=\"wp-block-uagb-container uagb-block-720573f4\">\n<div class=\"wp-block-uagb-container uagb-block-d006e6eb\">\n<div class=\"wp-block-uagb-info-box uagb-block-a92ede72 uagb-infobox__content-wrap  uagb-infobox-icon-above-title uagb-infobox-image-valign-top\"><div class=\"uagb-ifb-content\"><div class=\"uagb-ifb-title-wrap\"><p class=\"uagb-ifb-title-prefix\">01<\/p><\/div><\/div><\/div>\n<\/div>\n\n\n\n<div class=\"wp-block-uagb-container uagb-block-32771033\">\n<div class=\"wp-block-uagb-info-box uagb-block-aaee5390 uagb-infobox__content-wrap  uagb-infobox-icon-above-title uagb-infobox-image-valign-top\"><div class=\"uagb-ifb-content\"><div class=\"uagb-ifb-title-wrap\"><h4 class=\"uagb-ifb-title\"><strong>Bois durable et \u00e9cologique<\/strong><\/h4><\/div><\/div><\/div>\n<\/div>\n\n\n\n<div class=\"wp-block-uagb-container uagb-block-d985a046\">\n<div class=\"wp-block-uagb-info-box uagb-block-2b0922dc uagb-infobox__content-wrap  uagb-infobox-icon-above-title uagb-infobox-image-valign-top\"><div class=\"uagb-ifb-content\"><div class=\"uagb-ifb-title-wrap\"><p class=\"uagb-ifb-title\">Fabriqu\u00e9 en bois durable et respectueux de l'environnement, cet ensemble est con\u00e7u pour r\u00e9sister \u00e0 l'usure quotidienne des tout-petits. Les mat\u00e9riaux utilis\u00e9s sont s\u00fbrs et non toxiques, ce qui garantit la tranquillit\u00e9 d'esprit des parents et des propri\u00e9taires d'entreprise. La construction robuste garantit une utilisation durable, ce qui en fait un excellent investissement pour la maison et les espaces commerciaux.Montessori Education Wooden Rainbow Tower Jouet classique en bois \u00e0 empiler<\/p><\/div><\/div><\/div>\n<\/div>\n<\/div>\n\n\n\n<div class=\"wp-block-uagb-container uagb-block-95a6e317\">\n<div class=\"wp-block-uagb-container uagb-block-2e70f36a\">\n<div class=\"wp-block-uagb-info-box uagb-block-8efb1163 uagb-infobox__content-wrap  uagb-infobox-icon-above-title uagb-infobox-image-valign-top\"><div class=\"uagb-ifb-content\"><div class=\"uagb-ifb-title-wrap\"><p class=\"uagb-ifb-title-prefix\">02<\/p><\/div><\/div><\/div>\n<\/div>\n\n\n\n<div class=\"wp-block-uagb-container uagb-block-c25bc4e9\">\n<div class=\"wp-block-uagb-info-box uagb-block-8e5653f6 uagb-infobox__content-wrap  uagb-infobox-icon-above-title uagb-infobox-image-valign-top\"><div class=\"uagb-ifb-content\"><div class=\"uagb-ifb-title-wrap\"><h4 class=\"uagb-ifb-title\"><strong>Une taille parfaite pour les tout-petits<\/strong><\/h4><\/div><\/div><\/div>\n<\/div>\n\n\n\n<div class=\"wp-block-uagb-container uagb-block-e4b73fff\">\n<p>Anneaux en bois de taille parfaite pour que les petites mains puissent les saisir et jouer. Id\u00e9al pour d\u00e9velopper la coordination main-\u0153il et la motricit\u00e9 fine des enfants en empilant la tour arc-en-ciel : Le jouet pour b\u00e9b\u00e9 en forme d'anneau pliant est de couleur vive, avec des bords lisses et des blocs \u00e9pais qui sont bien con\u00e7us pour \u00eatre saisis par les petites mains. C'est l'un des meilleurs cadeaux pour les tout-petits.Montessori Education Wooden Rainbow Tower Jouet classique en bois \u00e0 empiler<\/p>\n<\/div>\n<\/div>\n\n\n\n<div class=\"wp-block-uagb-container uagb-block-00d46b71\">\n<div class=\"wp-block-uagb-container uagb-block-63be2ee0\">\n<div class=\"wp-block-uagb-info-box uagb-block-86f40bc4 uagb-infobox__content-wrap  uagb-infobox-icon-above-title uagb-infobox-image-valign-top\"><div class=\"uagb-ifb-content\"><div class=\"uagb-ifb-title-wrap\"><p class=\"uagb-ifb-title-prefix\">03<\/p><\/div><\/div><\/div>\n<\/div>\n\n\n\n<div class=\"wp-block-uagb-container uagb-block-f9a9ed48\">\n<div class=\"wp-block-uagb-info-box uagb-block-a01a3038 uagb-infobox__content-wrap  uagb-infobox-icon-above-title uagb-infobox-image-valign-top\"><div class=\"uagb-ifb-content\"><div class=\"uagb-ifb-title-wrap\"><h4 class=\"uagb-ifb-title\"><strong>Assemblage et entretien faciles<\/strong><\/h4><\/div><\/div><\/div>\n<\/div>\n\n\n\n<div class=\"wp-block-uagb-container uagb-block-ea615933\">\n<p>Con\u00e7u pour \u00eatre pratique, l'ensemble table et chaise Montessori est facile \u00e0 assembler et ne n\u00e9cessite qu'un minimum d'outils. Ce processus d'assemblage sans tracas est id\u00e9al pour les parents occup\u00e9s et les \u00e9tablissements d'enseignement. En outre, l'ensemble est facile \u00e0 nettoyer et \u00e0 entretenir, ce qui garantit qu'il restera en bon \u00e9tat pendant des ann\u00e9es. Il est donc parfait pour les environnements domestiques et commerciaux.<\/p>\n<\/div>\n<\/div>\n<\/div><\/div>\n\n\n\n<div class=\"wp-block-uagb-container uagb-block-10733882 alignfull uagb-is-root-container\"><div class=\"uagb-container-inner-blocks-wrap\">\n<div class=\"wp-block-uagb-container uagb-block-a3ecce27\">\n<div class=\"wp-block-uagb-image uagb-block-a9f8ab9c wp-block-uagb-image--layout-default wp-block-uagb-image--effect-static wp-block-uagb-image--align-none\"><figure class=\"wp-block-uagb-image__figure\"><img decoding=\"async\" srcset=\"https:\/\/www.wonfulity.com\/wp-content\/uploads\/Cao-County-Runwan-Crafts-Co-Ltd-1.webp ,https:\/\/www.wonfulity.com\/wp-content\/uploads\/Cao-County-Runwan-Crafts-Co-Ltd-1.webp 780w, https:\/\/www.wonfulity.com\/wp-content\/uploads\/Cao-County-Runwan-Crafts-Co-Ltd-1.webp 360w\" sizes=\"auto, (max-width: 480px) 150px\" src=\"https:\/\/www.wonfulity.com\/wp-content\/uploads\/Cao-County-Runwan-Crafts-Co-Ltd-1.webp\" alt=\"usine de bois\" class=\"uag-image-11115\" width=\"400\" height=\"300\" title=\"usine de bois\" loading=\"lazy\" role=\"img\"\/><\/figure><\/div>\n\n\n\n<div class=\"wp-block-uagb-image uagb-block-e21af5fb wp-block-uagb-image--layout-default wp-block-uagb-image--effect-static wp-block-uagb-image--align-none\"><figure class=\"wp-block-uagb-image__figure\"><img decoding=\"async\" srcset=\"https:\/\/www.wonfulity.com\/wp-content\/uploads\/10-3-1024x640.png ,https:\/\/www.wonfulity.com\/wp-content\/uploads\/10-3.png 780w, https:\/\/www.wonfulity.com\/wp-content\/uploads\/10-3.png 360w\" sizes=\"auto, (max-width: 480px) 150px\" src=\"https:\/\/www.wonfulity.com\/wp-content\/uploads\/10-3-1024x640.png\" alt=\"usine de bois\" class=\"uag-image-10974\" width=\"400\" height=\"300\" title=\"usine de bois\" loading=\"lazy\" role=\"img\"\/><\/figure><\/div>\n<\/div>\n\n\n\n<div class=\"wp-block-uagb-container uagb-block-1c90d097\">\n<div class=\"wp-block-uagb-image uagb-block-e676099f wp-block-uagb-image--layout-default wp-block-uagb-image--effect-static wp-block-uagb-image--align-none\"><figure class=\"wp-block-uagb-image__figure\"><img decoding=\"async\" srcset=\"https:\/\/www.wonfulity.com\/wp-content\/uploads\/13.png ,https:\/\/www.wonfulity.com\/wp-content\/uploads\/13.png 780w, https:\/\/www.wonfulity.com\/wp-content\/uploads\/13.png 360w\" sizes=\"auto, (max-width: 480px) 150px\" src=\"https:\/\/www.wonfulity.com\/wp-content\/uploads\/13.png\" alt=\"usine de bois\" class=\"uag-image-10941\" width=\"400\" height=\"300\" title=\"usine de bois\" loading=\"lazy\" role=\"img\"\/><\/figure><\/div>\n\n\n\n<div class=\"wp-block-uagb-image uagb-block-8f557fa6 wp-block-uagb-image--layout-default wp-block-uagb-image--effect-static wp-block-uagb-image--align-none\"><figure class=\"wp-block-uagb-image__figure\"><img decoding=\"async\" srcset=\"https:\/\/www.wonfulity.com\/wp-content\/uploads\/Cao-County-Runwan-Crafts-Co-Ltd-.webp ,https:\/\/www.wonfulity.com\/wp-content\/uploads\/Cao-County-Runwan-Crafts-Co-Ltd-.webp 780w, https:\/\/www.wonfulity.com\/wp-content\/uploads\/Cao-County-Runwan-Crafts-Co-Ltd-.webp 360w\" sizes=\"auto, (max-width: 480px) 150px\" src=\"https:\/\/www.wonfulity.com\/wp-content\/uploads\/Cao-County-Runwan-Crafts-Co-Ltd-.webp\" alt=\"usine de bois\" class=\"uag-image-11116\" width=\"400\" height=\"300\" title=\"usine de bois\" loading=\"lazy\" role=\"img\"\/><\/figure><\/div>\n<\/div>\n\n\n\n<div class=\"wp-block-uagb-container uagb-block-5ed9251a\">\n<div class=\"wp-block-uagb-image uagb-block-ab006938 wp-block-uagb-image--layout-default wp-block-uagb-image--effect-static wp-block-uagb-image--align-none\"><figure class=\"wp-block-uagb-image__figure\"><img decoding=\"async\" srcset=\"https:\/\/www.wonfulity.com\/wp-content\/uploads\/19.png ,https:\/\/www.wonfulity.com\/wp-content\/uploads\/19.png 780w, https:\/\/www.wonfulity.com\/wp-content\/uploads\/19.png 360w\" sizes=\"auto, (max-width: 480px) 150px\" src=\"https:\/\/www.wonfulity.com\/wp-content\/uploads\/19.png\" alt=\"usine de bois\" class=\"uag-image-10947\" width=\"400\" height=\"300\" title=\"usine de bois\" loading=\"lazy\" role=\"img\"\/><\/figure><\/div>\n\n\n\n<div class=\"wp-block-uagb-image uagb-block-3382ec21 wp-block-uagb-image--layout-default wp-block-uagb-image--effect-static wp-block-uagb-image--align-none\"><figure class=\"wp-block-uagb-image__figure\"><img decoding=\"async\" srcset=\"https:\/\/www.wonfulity.com\/wp-content\/uploads\/\u672a\u547d\u540d\u7684\u8bbe\u8ba1-21.png ,https:\/\/www.wonfulity.com\/wp-content\/uploads\/\u672a\u547d\u540d\u7684\u8bbe\u8ba1-21.png 780w, https:\/\/www.wonfulity.com\/wp-content\/uploads\/\u672a\u547d\u540d\u7684\u8bbe\u8ba1-21.png 360w\" sizes=\"auto, (max-width: 480px) 150px\" src=\"https:\/\/www.wonfulity.com\/wp-content\/uploads\/\u672a\u547d\u540d\u7684\u8bbe\u8ba1-21.png\" alt=\"usine de bois\" class=\"uag-image-11118\" width=\"400\" height=\"300\" title=\"usine de bois\" loading=\"lazy\" role=\"img\"\/><\/figure><\/div>\n<\/div>\n<\/div><\/div>\n\n\n\n<p><font><\/font><\/p>","protected":false},"excerpt":{"rendered":"<p>Le cadeau id\u00e9al pour les enfants : Le jouet pour b\u00e9b\u00e9 \u00e0 anneaux pliants est de couleur vive, avec des bords lisses et des blocs \u00e9pais qui sont bien con\u00e7us pour \u00eatre saisis par les petites mains. C'est l'un des meilleurs cadeaux pour les tout-petits.Nous fabriquons chaque jouet pour inspirer vos enfants, en esp\u00e9rant qu'ils s'amusent beaucoup.Le jouet \u00e0 empiler comprend 16 anneaux lisses de diff\u00e9rentes formes et une base en bois solide. Les couleurs vives et les formes mignonnes suffisent \u00e0 attirer l'attention des enfants.<\/p>\n<p>s\u00e9lection de bois de haute qualit\u00e9, \u00e0 l'aide d'instruments pour d\u00e9couper les trous. Meulage et polissage \u00e0 la main. Il est fabriqu\u00e9 en bois de haute qualit\u00e9, non toxique et bien peint. Ne vous inqui\u00e9tez pas si la peinture s'\u00e9caille ou si les enfants avalent la peinture.<\/p>\n<p>Anneaux en bois de taille parfaite pour que les petites mains puissent les saisir et jouer. Id\u00e9al pour d\u00e9velopper la coordination main-\u0153il et la motricit\u00e9 fine des enfants en empilant la tour arc-en-ciel.Montessori Education Wooden Rainbow Tower<\/p>\n<p>Jouets d'apprentissage classiques de couleurs, de formes et de tailles. Id\u00e9al pour les d\u00e9butants, il offre des heures de plaisir d'apprentissage et un temps de jeu essentiel pour les enfants en d\u00e9veloppement. Cadeau d'anniversaire id\u00e9al pour les jeunes enfants.<\/p>\n<p>D\u00e9couvrez la p\u00e9riode critique de l'\u00e9veil de la pens\u00e9e pour les enfants \u00e2g\u00e9s de 3 \u00e0 6 ans. Une combinaison difficile, les parents doivent faire un bon travail d'orientation et de formation.polissage \u00e0 la main, \u00e9ducation pr\u00e9coce Montessori. Faire tourner le son, exercer l'ou\u00efe du b\u00e9b\u00e9 et la connaissance des couleurs.<\/p>\n<p>Vous cherchez des produits assortis ? Consultez nos<strong> <a href=\"https:\/\/www.wonfulity.com\/fr\/produit\/\">produits d'ameublement pour enfants<\/a><\/strong><br \/>Besoin de plus d'options ou d'un devis rapide ? Visitez notre boutique internationale pour les derni\u00e8res collections\uff1a<\/p>\n<ul>\n<li><strong><a href=\"https:\/\/zhizhenmei.en.alibaba.com\/?spm=a2700.29482153.0.0.71d571d2UuhFW4\" target=\"_blank\" rel=\"noopener sponsored\">Magasin international 1<\/a><\/strong><\/li>\n<li><strong><a href=\"https:\/\/caoxianaoyi.en.alibaba.com\/?spm=a2700.29482153.0.0.427c71d26Wtq4L\" target=\"_blank\" rel=\"noopener sponsored\">Magasin international 2<\/a><\/strong><\/li>\n<\/ul>","protected":false},"featured_media":11980,"template":"","meta":{"_uag_custom_page_level_css":"","site-sidebar-layout":"default","site-content-layout":"","ast-site-content-layout":"default","site-content-style":"default","site-sidebar-style":"default","ast-global-header-display":"","ast-banner-title-visibility":"","ast-main-header-display":"","ast-hfb-above-header-display":"","ast-hfb-below-header-display":"","ast-hfb-mobile-header-display":"","site-post-title":"","ast-breadcrumbs-content":"","ast-featured-img":"","footer-sml-layout":"","ast-disable-related-posts":"","theme-transparent-header-meta":"","adv-header-id-meta":"","stick-header-meta":"","header-above-stick-meta":"","header-main-stick-meta":"","header-below-stick-meta":"","astra-migrate-meta-layouts":"default","ast-page-background-enabled":"default","ast-page-background-meta":{"desktop":{"background-color":"var(--ast-global-color-4)","background-image":"","background-repeat":"repeat","background-position":"center center","background-size":"auto","background-attachment":"scroll","background-type":"","background-media":"","overlay-type":"","overlay-color":"","overlay-opacity":"","overlay-gradient":""},"tablet":{"background-color":"","background-image":"","background-repeat":"repeat","background-position":"center center","background-size":"auto","background-attachment":"scroll","background-type":"","background-media":"","overlay-type":"","overlay-color":"","overlay-opacity":"","overlay-gradient":""},"mobile":{"background-color":"","background-image":"","background-repeat":"repeat","background-position":"center center","background-size":"auto","background-attachment":"scroll","background-type":"","background-media":"","overlay-type":"","overlay-color":"","overlay-opacity":"","overlay-gradient":""}},"ast-content-background-meta":{"desktop":{"background-color":"var(--ast-global-color-5)","background-image":"","background-repeat":"repeat","background-position":"center center","background-size":"auto","background-attachment":"scroll","background-type":"","background-media":"","overlay-type":"","overlay-color":"","overlay-opacity":"","overlay-gradient":""},"tablet":{"background-color":"var(--ast-global-color-5)","background-image":"","background-repeat":"repeat","background-position":"center center","background-size":"auto","background-attachment":"scroll","background-type":"","background-media":"","overlay-type":"","overlay-color":"","overlay-opacity":"","overlay-gradient":""},"mobile":{"background-color":"var(--ast-global-color-5)","background-image":"","background-repeat":"repeat","background-position":"center center","background-size":"auto","background-attachment":"scroll","background-type":"","background-media":"","overlay-type":"","overlay-color":"","overlay-opacity":"","overlay-gradient":""}}},"product_brand":[],"product_cat":[15,388,409],"product_tag":[],"class_list":{"0":"post-11525","1":"product","2":"type-product","3":"status-publish","4":"has-post-thumbnail","6":"product_cat-all","7":"product_cat-custom-educational-montessori-toys","8":"product_cat-montessori-wooden-educational-toys","9":"desktop-align-left","10":"tablet-align-left","11":"mobile-align-left","12":"ast-product-gallery-layout-horizontal-slider","13":"ast-product-tabs-layout-horizontal","15":"first","16":"instock","17":"shipping-taxable","18":"product-type-simple"},"uagb_featured_image_src":{"full":["https:\/\/www.wonfulity.com\/wp-content\/uploads\/4-27.png",600,700,false],"thumbnail":["https:\/\/www.wonfulity.com\/wp-content\/uploads\/4-27-150x150.png",150,150,true],"medium":["https:\/\/www.wonfulity.com\/wp-content\/uploads\/4-27-257x300.png",257,300,true],"medium_large":["https:\/\/www.wonfulity.com\/wp-content\/uploads\/4-27.png",600,700,false],"large":["https:\/\/www.wonfulity.com\/wp-content\/uploads\/4-27.png",600,700,false],"1536x1536":["https:\/\/www.wonfulity.com\/wp-content\/uploads\/4-27.png",600,700,false],"2048x2048":["https:\/\/www.wonfulity.com\/wp-content\/uploads\/4-27.png",600,700,false],"trp-custom-language-flag":["https:\/\/www.wonfulity.com\/wp-content\/uploads\/4-27-10x12.png",10,12,true],"woocommerce_thumbnail":["https:\/\/www.wonfulity.com\/wp-content\/uploads\/4-27-450x570.png",450,570,true],"woocommerce_single":["https:\/\/www.wonfulity.com\/wp-content\/uploads\/4-27.png",600,700,false],"woocommerce_gallery_thumbnail":["https:\/\/www.wonfulity.com\/wp-content\/uploads\/4-27-100x100.png",100,100,true]},"uagb_author_info":{"display_name":"caijinyue","author_link":"https:\/\/www.wonfulity.com\/fr\/blogs\/author\/"},"uagb_comment_info":0,"uagb_excerpt":"The perfect gift for children: The folding ring baby toy is brightly colored, with smooth edges and thick blocks that are well designed to be grasped by small hands. It is one of the best gifts for toddlers.We make every toy to inspire your children, hoping to have a lot of fun.The stacking toy includes\u2026","_links":{"self":[{"href":"https:\/\/www.wonfulity.com\/fr\/wp-json\/wp\/v2\/product\/11525","targetHints":{"allow":["GET"]}}],"collection":[{"href":"https:\/\/www.wonfulity.com\/fr\/wp-json\/wp\/v2\/product"}],"about":[{"href":"https:\/\/www.wonfulity.com\/fr\/wp-json\/wp\/v2\/types\/product"}],"wp:featuredmedia":[{"embeddable":true,"href":"https:\/\/www.wonfulity.com\/fr\/wp-json\/wp\/v2\/media\/11980"}],"wp:attachment":[{"href":"https:\/\/www.wonfulity.com\/fr\/wp-json\/wp\/v2\/media?parent=11525"}],"wp:term":[{"taxonomy":"product_brand","embeddable":true,"href":"https:\/\/www.wonfulity.com\/fr\/wp-json\/wp\/v2\/product_brand?post=11525"},{"taxonomy":"product_cat","embeddable":true,"href":"https:\/\/www.wonfulity.com\/fr\/wp-json\/wp\/v2\/product_cat?post=11525"},{"taxonomy":"product_tag","embeddable":true,"href":"https:\/\/www.wonfulity.com\/fr\/wp-json\/wp\/v2\/product_tag?post=11525"}],"curies":[{"name":"wp","href":"https:\/\/api.w.org\/{rel}","templated":true}]}}