{"id":11713,"date":"2024-12-10T08:48:34","date_gmt":"2024-12-10T00:48:34","guid":{"rendered":"https:\/\/www.wonfulity.com\/?post_type=product&#038;p=11713"},"modified":"2024-12-18T15:31:38","modified_gmt":"2024-12-18T07:31:38","slug":"montessori-learning-educational-toys-2","status":"publish","type":"product","link":"https:\/\/www.wonfulity.com\/fr\/produit\/jouets-educatifs-montessori-2\/","title":{"rendered":"Tableau d'apprentissage de l'\u00e9criture ABC"},"content":{"rendered":"<div class=\"wp-block-uagb-container uagb-block-d15b9ca3 alignfull uagb-is-root-container\"><div class=\"uagb-container-inner-blocks-wrap\">\n<div class=\"wp-block-uagb-container uagb-block-f7df6427\">\n<div class=\"wp-block-uagb-container uagb-block-9455ef5b\">\n<div class=\"wp-block-uagb-info-box uagb-block-d4df3463 uagb-infobox__content-wrap  uagb-infobox-icon-above-title uagb-infobox-image-valign-top\"><div class=\"uagb-ifb-content\"><div class=\"uagb-ifb-title-wrap\"><h4 class=\"uagb-ifb-title\"><strong>Conception double face<\/strong><\/h4><\/div><p class=\"uagb-ifb-desc\">L'alphabet en bois double face Montessori est indispensable. L'une des faces est munie de fl\u00e8ches directionnelles qui indiquent l'ordre correct des traits de l'alphabet. L'autre face offre davantage de possibilit\u00e9s d'apprentissage. Cette conception unique double les possibilit\u00e9s d'apprentissage. Id\u00e9al pour l'\u00e9ducation pr\u00e9scolaire des enfants.<\/p><\/div><\/div>\n<\/div>\n\n\n\n<div class=\"wp-block-uagb-info-box uagb-block-845cd917 uagb-infobox__content-wrap  uagb-infobox-icon-above-title uagb-infobox-image-valign-top\"><div class=\"uagb-ifb-content\"><div class=\"uagb-ifb-title-wrap\"><h4 class=\"uagb-ifb-title\"><strong>D\u00e9veloppement cognitif<\/strong><\/h4><\/div><p class=\"uagb-ifb-desc\">Les jouets \u00e9ducatifs d'apprentissage Montessori sont accompagn\u00e9s de huit activit\u00e9s d'extension pour enrichir l'exp\u00e9rience d'apprentissage de votre enfant. Sans pi\u00e8ces d\u00e9tach\u00e9es et sans d\u00e9g\u00e2ts, c'est un jouet id\u00e9al \u00e0 mettre dans un sac pour jouer en d\u00e9placement. Le boulier est un excellent cadeau pour les enfants \u00e2g\u00e9s de trois ans et plus, pour un jeu pratique sans \u00e9cran.<\/p><\/div><\/div>\n\n\n\n<div class=\"wp-block-uagb-container uagb-block-a256468b\">\n<div class=\"wp-block-uagb-info-box uagb-block-28834539 uagb-infobox__content-wrap  uagb-infobox-icon-above-title uagb-infobox-image-valign-top\"><div class=\"uagb-ifb-content\"><div class=\"uagb-ifb-title-wrap\"><h4 class=\"uagb-ifb-title\"><br><strong><strong>Parfait pour la fabrication et la personnalisation B2B<\/strong><\/strong><\/h4><\/div><p class=\"uagb-ifb-desc\">Ce tableau ABC Writing Learning Tracing Board est un excellent choix pour les clients B2B qui cherchent \u00e0 investir dans du mobilier pour enfants pour les \u00e9tablissements d'enseignement, les espaces de vente ou les cr\u00e8ches. Gr\u00e2ce aux options de personnalisation disponibles, cet ensemble peut \u00eatre adapt\u00e9 aux besoins sp\u00e9cifiques de l'entreprise, y compris la couleur, la marque et l'emballage. Les entreprises peuvent commander en gros et profiter de nos processus efficaces d'exp\u00e9dition et de contr\u00f4le de la qualit\u00e9 pour r\u00e9pondre \u00e0 la demande.<\/p><\/div><\/div>\n<\/div>\n<\/div>\n\n\n\n<div class=\"wp-block-uagb-container uagb-block-07bfc131\">\n<div class=\"wp-block-uagb-image uagb-block-b4bb948c wp-block-uagb-image--layout-default wp-block-uagb-image--effect-static wp-block-uagb-image--align-none alignleft\"><figure class=\"wp-block-uagb-image__figure\"><img decoding=\"async\" srcset=\"https:\/\/www.wonfulity.com\/wp-content\/uploads\/1274b1d4-731b-4d6c-9a1f-a61b022c0b81.jpg ,https:\/\/www.wonfulity.com\/wp-content\/uploads\/1274b1d4-731b-4d6c-9a1f-a61b022c0b81.jpg 780w, https:\/\/www.wonfulity.com\/wp-content\/uploads\/1274b1d4-731b-4d6c-9a1f-a61b022c0b81.jpg 360w\" sizes=\"auto, (max-width: 480px) 150px\" src=\"https:\/\/www.wonfulity.com\/wp-content\/uploads\/1274b1d4-731b-4d6c-9a1f-a61b022c0b81.jpg\" alt=\"\" class=\"uag-image-11726\" width=\"600\" height=\"700\" title=\"1274b1d4-731b-4d6c-9a1f-a61b022c0b81\" loading=\"lazy\" role=\"img\"><\/figure><\/div>\n<\/div>\n<\/div><\/div>\n\n\n\n<div class=\"wp-block-uagb-container uagb-block-942c266d alignfull uagb-is-root-container\"><div class=\"uagb-container-inner-blocks-wrap\">\n<div class=\"wp-block-uagb-container uagb-block-cdfbwk39\">\n<div class=\"wp-block-uagb-container uagb-block-taa9jvn9\"><\/div>\n\n\n\n<div class=\"wp-block-uagb-container uagb-block-e6uqhnjy\">\n<div class=\"wp-block-uagb-info-box uagb-block-sm9wy83a uagb-infobox__content-wrap  uagb-infobox-icon-above-title uagb-infobox-image-valign-top\"><div class=\"uagb-ifb-content\"><div class=\"uagb-ifb-title-wrap\"><h4 class=\"uagb-ifb-title\">Objet<\/h4><\/div><\/div><\/div>\n<\/div>\n\n\n\n<div class=\"wp-block-uagb-container uagb-block-xdtgxgj6\">\n<div class=\"wp-block-uagb-info-box uagb-block-c04bcb41 uagb-infobox__content-wrap  uagb-infobox-icon-above-title uagb-infobox-image-valign-top\"><div class=\"uagb-ifb-content\"><div class=\"uagb-ifb-title-wrap\"><h4 class=\"uagb-ifb-title\">Desc<\/h4><\/div><\/div><\/div>\n<\/div>\n<\/div>\n\n\n\n<div class=\"wp-block-uagb-container uagb-block-720573f4\">\n<div class=\"wp-block-uagb-container uagb-block-d006e6eb\">\n<div class=\"wp-block-uagb-info-box uagb-block-a92ede72 uagb-infobox__content-wrap  uagb-infobox-icon-above-title uagb-infobox-image-valign-top\"><div class=\"uagb-ifb-content\"><div class=\"uagb-ifb-title-wrap\"><p class=\"uagb-ifb-title-prefix\">01<\/p><\/div><\/div><\/div>\n<\/div>\n\n\n\n<div class=\"wp-block-uagb-container uagb-block-32771033\">\n<div class=\"wp-block-uagb-info-box uagb-block-aaee5390 uagb-infobox__content-wrap  uagb-infobox-icon-above-title uagb-infobox-image-valign-top\"><div class=\"uagb-ifb-content\"><div class=\"uagb-ifb-title-wrap\"><h4 class=\"uagb-ifb-title\"><strong>Bois durable et \u00e9cologique<\/strong><\/h4><\/div><\/div><\/div>\n<\/div>\n\n\n\n<div class=\"wp-block-uagb-container uagb-block-d985a046\">\n<div class=\"wp-block-uagb-info-box uagb-block-2b0922dc uagb-infobox__content-wrap  uagb-infobox-icon-above-title uagb-infobox-image-valign-top\"><div class=\"uagb-ifb-content\"><div class=\"uagb-ifb-title-wrap\"><p class=\"uagb-ifb-title\">Le tableau d'apprentissage de l'\u00e9criture ABC est fabriqu\u00e9 en bois durable et respectueux de l'environnement. Nous nous engageons \u00e0 prot\u00e9ger l'environnement et notre choix de mat\u00e9riaux refl\u00e8te cet engagement. Le bois provient de for\u00eats bien g\u00e9r\u00e9es, ce qui garantit un impact minimal sur l'environnement. Il est non toxique, ce qui permet aux enfants de l'utiliser en toute s\u00e9curit\u00e9. La peinture utilis\u00e9e sur les perles est \u00e9galement respectueuse de l'environnement, sans produits chimiques nocifs, ce qui garantit la s\u00e9curit\u00e9 des utilisateurs et de l'environnement.<\/p><\/div><\/div><\/div>\n<\/div>\n<\/div>\n\n\n\n<div class=\"wp-block-uagb-container uagb-block-95a6e317\">\n<div class=\"wp-block-uagb-container uagb-block-2e70f36a\">\n<div class=\"wp-block-uagb-info-box uagb-block-8efb1163 uagb-infobox__content-wrap  uagb-infobox-icon-above-title uagb-infobox-image-valign-top\"><div class=\"uagb-ifb-content\"><div class=\"uagb-ifb-title-wrap\"><p class=\"uagb-ifb-title-prefix\">02<\/p><\/div><\/div><\/div>\n<\/div>\n\n\n\n<div class=\"wp-block-uagb-container uagb-block-c25bc4e9\">\n<div class=\"wp-block-uagb-info-box uagb-block-8e5653f6 uagb-infobox__content-wrap  uagb-infobox-icon-above-title uagb-infobox-image-valign-top\"><div class=\"uagb-ifb-content\"><div class=\"uagb-ifb-title-wrap\"><h4 class=\"uagb-ifb-title\"><strong>Personnalisation<\/strong><p class=\"MsoNormal\" style=\"margin-top:6.0000pt;margin-right:0.0000pt;margin-bottom:0.0000pt;margin-left:36.0000pt;text-indent:-18.0000pt;padding:0pt 0pt 0pt 0pt\"><span style=\"font-family:Calibri;font-size:10.5000pt\"><\/span><\/p><\/h4><\/div><\/div><\/div>\n<\/div>\n\n\n\n<div class=\"wp-block-uagb-container uagb-block-e4b73fff\">\n<p>L'une des caract\u00e9ristiques les plus remarquables de notre tableau d'apprentissage de l'\u00e9criture ABC est son caract\u00e8re personnalisable. Nous comprenons que chaque enfant est unique et que son parcours d'apprentissage doit le refl\u00e9ter. Vous pouvez choisir parmi une vari\u00e9t\u00e9 d'options pour personnaliser le tableau de tra\u00e7age.Personnalis\u00e9 selon le style des lettres, la couleur et d'autres \u00e9l\u00e9ments.<\/p>\n<\/div>\n<\/div>\n\n\n\n<div class=\"wp-block-uagb-container uagb-block-00d46b71\">\n<div class=\"wp-block-uagb-container uagb-block-63be2ee0\">\n<div class=\"wp-block-uagb-info-box uagb-block-86f40bc4 uagb-infobox__content-wrap  uagb-infobox-icon-above-title uagb-infobox-image-valign-top\"><div class=\"uagb-ifb-content\"><div class=\"uagb-ifb-title-wrap\"><p class=\"uagb-ifb-title-prefix\">03<\/p><\/div><\/div><\/div>\n<\/div>\n\n\n\n<div class=\"wp-block-uagb-container uagb-block-f9a9ed48\">\n<div class=\"wp-block-uagb-info-box uagb-block-a01a3038 uagb-infobox__content-wrap  uagb-infobox-icon-above-title uagb-infobox-image-valign-top\"><div class=\"uagb-ifb-content\"><div class=\"uagb-ifb-title-wrap\"><h4 class=\"uagb-ifb-title\"><strong>Qualit\u00e9 et s\u00e9curit\u00e9<\/strong><\/h4><\/div><\/div><\/div>\n<\/div>\n\n\n\n<div class=\"wp-block-uagb-container uagb-block-ea615933\">\n<p>Nos jouets \u00e9ducatifs Montessori sont fabriqu\u00e9s avec des mat\u00e9riaux de la plus haute qualit\u00e9. Le tableau d'apprentissage de l'\u00e9criture ABC est fabriqu\u00e9 en bois non toxique et durable, ce qui garantit la s\u00e9curit\u00e9 de votre enfant. Nous adh\u00e9rons \u00e0 des normes de s\u00e9curit\u00e9 internationales strictes, ce qui vous permet d'avoir l'esprit tranquille pendant que votre enfant explore et apprend.<\/p>\n<\/div>\n<\/div>\n<\/div><\/div>\n\n\n\n<div class=\"wp-block-uagb-container uagb-block-10733882 alignfull uagb-is-root-container\"><div class=\"uagb-container-inner-blocks-wrap\">\n<div class=\"wp-block-uagb-container uagb-block-a3ecce27\">\n<div class=\"wp-block-uagb-image uagb-block-a9f8ab9c wp-block-uagb-image--layout-default wp-block-uagb-image--effect-static wp-block-uagb-image--align-none\"><figure class=\"wp-block-uagb-image__figure\"><img decoding=\"async\" srcset=\"https:\/\/www.wonfulity.com\/wp-content\/uploads\/Cao-County-Runwan-Crafts-Co-Ltd-1.webp ,https:\/\/www.wonfulity.com\/wp-content\/uploads\/Cao-County-Runwan-Crafts-Co-Ltd-1.webp 780w, https:\/\/www.wonfulity.com\/wp-content\/uploads\/Cao-County-Runwan-Crafts-Co-Ltd-1.webp 360w\" sizes=\"auto, (max-width: 480px) 150px\" src=\"https:\/\/www.wonfulity.com\/wp-content\/uploads\/Cao-County-Runwan-Crafts-Co-Ltd-1.webp\" alt=\"usine de bois\" class=\"uag-image-11115\" width=\"400\" height=\"300\" title=\"usine de bois\" loading=\"lazy\" role=\"img\"\/><\/figure><\/div>\n\n\n\n<div class=\"wp-block-uagb-image uagb-block-e21af5fb wp-block-uagb-image--layout-default wp-block-uagb-image--effect-static wp-block-uagb-image--align-none\"><figure class=\"wp-block-uagb-image__figure\"><img decoding=\"async\" srcset=\"https:\/\/www.wonfulity.com\/wp-content\/uploads\/10-3-1024x640.png ,https:\/\/www.wonfulity.com\/wp-content\/uploads\/10-3.png 780w, https:\/\/www.wonfulity.com\/wp-content\/uploads\/10-3.png 360w\" sizes=\"auto, (max-width: 480px) 150px\" src=\"https:\/\/www.wonfulity.com\/wp-content\/uploads\/10-3-1024x640.png\" alt=\"usine de bois\" class=\"uag-image-10974\" width=\"400\" height=\"300\" title=\"usine de bois\" loading=\"lazy\" role=\"img\"\/><\/figure><\/div>\n<\/div>\n\n\n\n<div class=\"wp-block-uagb-container uagb-block-1c90d097\">\n<div class=\"wp-block-uagb-image uagb-block-e676099f wp-block-uagb-image--layout-default wp-block-uagb-image--effect-static wp-block-uagb-image--align-none\"><figure class=\"wp-block-uagb-image__figure\"><img decoding=\"async\" srcset=\"https:\/\/www.wonfulity.com\/wp-content\/uploads\/13.png ,https:\/\/www.wonfulity.com\/wp-content\/uploads\/13.png 780w, https:\/\/www.wonfulity.com\/wp-content\/uploads\/13.png 360w\" sizes=\"auto, (max-width: 480px) 150px\" src=\"https:\/\/www.wonfulity.com\/wp-content\/uploads\/13.png\" alt=\"usine de bois\" class=\"uag-image-10941\" width=\"400\" height=\"300\" title=\"usine de bois\" loading=\"lazy\" role=\"img\"\/><\/figure><\/div>\n\n\n\n<div class=\"wp-block-uagb-image uagb-block-8f557fa6 wp-block-uagb-image--layout-default wp-block-uagb-image--effect-static wp-block-uagb-image--align-none\"><figure class=\"wp-block-uagb-image__figure\"><img decoding=\"async\" srcset=\"https:\/\/www.wonfulity.com\/wp-content\/uploads\/Cao-County-Runwan-Crafts-Co-Ltd-.webp ,https:\/\/www.wonfulity.com\/wp-content\/uploads\/Cao-County-Runwan-Crafts-Co-Ltd-.webp 780w, https:\/\/www.wonfulity.com\/wp-content\/uploads\/Cao-County-Runwan-Crafts-Co-Ltd-.webp 360w\" sizes=\"auto, (max-width: 480px) 150px\" src=\"https:\/\/www.wonfulity.com\/wp-content\/uploads\/Cao-County-Runwan-Crafts-Co-Ltd-.webp\" alt=\"usine de bois\" class=\"uag-image-11116\" width=\"400\" height=\"300\" title=\"usine de bois\" loading=\"lazy\" role=\"img\"\/><\/figure><\/div>\n<\/div>\n\n\n\n<div class=\"wp-block-uagb-container uagb-block-5ed9251a\">\n<div class=\"wp-block-uagb-image uagb-block-ab006938 wp-block-uagb-image--layout-default wp-block-uagb-image--effect-static wp-block-uagb-image--align-none\"><figure class=\"wp-block-uagb-image__figure\"><img decoding=\"async\" srcset=\"https:\/\/www.wonfulity.com\/wp-content\/uploads\/19.png ,https:\/\/www.wonfulity.com\/wp-content\/uploads\/19.png 780w, https:\/\/www.wonfulity.com\/wp-content\/uploads\/19.png 360w\" sizes=\"auto, (max-width: 480px) 150px\" src=\"https:\/\/www.wonfulity.com\/wp-content\/uploads\/19.png\" alt=\"usine de bois\" class=\"uag-image-10947\" width=\"400\" height=\"300\" title=\"usine de bois\" loading=\"lazy\" role=\"img\"\/><\/figure><\/div>\n\n\n\n<div class=\"wp-block-uagb-image uagb-block-3382ec21 wp-block-uagb-image--layout-default wp-block-uagb-image--effect-static wp-block-uagb-image--align-none\"><figure class=\"wp-block-uagb-image__figure\"><img decoding=\"async\" srcset=\"https:\/\/www.wonfulity.com\/wp-content\/uploads\/\u672a\u547d\u540d\u7684\u8bbe\u8ba1-21.png ,https:\/\/www.wonfulity.com\/wp-content\/uploads\/\u672a\u547d\u540d\u7684\u8bbe\u8ba1-21.png 780w, https:\/\/www.wonfulity.com\/wp-content\/uploads\/\u672a\u547d\u540d\u7684\u8bbe\u8ba1-21.png 360w\" sizes=\"auto, (max-width: 480px) 150px\" src=\"https:\/\/www.wonfulity.com\/wp-content\/uploads\/\u672a\u547d\u540d\u7684\u8bbe\u8ba1-21.png\" alt=\"usine de bois\" class=\"uag-image-11118\" width=\"400\" height=\"300\" title=\"usine de bois\" loading=\"lazy\" role=\"img\"\/><\/figure><\/div>\n<\/div>\n<\/div><\/div>","protected":false},"excerpt":{"rendered":"<p>Exp\u00e9rience d'apprentissage personnalis\u00e9e - jouets \u00e9ducatifs d'apprentissage Montessori.Vous pouvez choisir parmi une vari\u00e9t\u00e9 d'options pour personnaliser le tableau de tra\u00e7age.Personnalis\u00e9 en fonction du style des lettres, de la couleur et d'autres \u00e9l\u00e9ments.S\u00e9lectionnez parmi diff\u00e9rentes polices et conceptions de lettres pour correspondre aux pr\u00e9f\u00e9rences ou aux besoins d'apprentissage de votre enfant.Optez pour un sch\u00e9ma de couleurs qui est visuellement attrayant et stimulant pour votre enfant. Vous pouvez choisir la couleur du tableau, des lettres grav\u00e9es et m\u00eame du stylet.Ajoutez des \u00e9l\u00e9ments sp\u00e9ciaux tels que des images correspondant \u00e0 chaque lettre, ou m\u00eame des petits mots pour \u00e9largir le champ d'apprentissage.<\/p>\n<p>En choisissant notre tableau d'apprentissage de l'\u00e9criture ABC, vous n'achetez pas seulement un jouet, vous investissez dans l'\u00e9ducation de votre enfant. Nos options personnalisables vous permettent de cr\u00e9er un outil d'apprentissage adapt\u00e9 aux besoins de votre enfant, faisant de l'apprentissage une exp\u00e9rience vraiment personnalis\u00e9e et agr\u00e9able.Explorez le monde de l'apprentissage Montessori avec notre tableau d'apprentissage de l'\u00e9criture ABC personnalisable.Le tableau d'apprentissage de l'\u00e9criture ABC est un outil r\u00e9volutionnaire con\u00e7u pour rendre l'apprentissage amusant et efficace pour les enfants.<\/p>\n<p>En bref, notre tableau d'apprentissage de l'\u00e9criture ABC n'est pas seulement un outil p\u00e9dagogique, mais aussi un produit qui s'aligne sur les valeurs environnementales. Sa personnalisation permet d'y apposer une marque et de l'adapter \u00e0 un usage sp\u00e9cifique, ce qui en fait un choix polyvalent pour les \u00e9tablissements d'enseignement et les entreprises.Nous pouvons r\u00e9pondre aux demandes de formats de produits personnalis\u00e9s pour r\u00e9pondre \u00e0 des exigences sp\u00e9cifiques. De plus, nous offrons la possibilit\u00e9 d'ajouter des logos personnalis\u00e9s, ce qui est id\u00e9al pour la cr\u00e9ation d'une image de marque. Le tableau de tra\u00e7age ABC Writing Learning fait de nos jouets non seulement des outils \u00e9ducatifs mais aussi des objets promotionnels pour votre marque.<\/p>\n<p>Vous cherchez des produits assortis ? Consultez nos<strong> <a href=\"https:\/\/www.wonfulity.com\/fr\/produit\/\">produits d'ameublement pour enfants<\/a><\/strong><br \/>Besoin de plus d'options ou d'un devis rapide ? Visitez notre boutique internationale pour les derni\u00e8res collections\uff1a<\/p>\n<ul>\n<li><strong><a href=\"https:\/\/zhizhenmei.en.alibaba.com\/?spm=a2700.29482153.0.0.71d571d2UuhFW4\" target=\"_blank\" rel=\"noopener sponsored\">Magasin international 1<\/a><\/strong><\/li>\n<li><strong><a href=\"https:\/\/caoxianaoyi.en.alibaba.com\/?spm=a2700.29482153.0.0.427c71d26Wtq4L\" target=\"_blank\" rel=\"noopener sponsored\">Magasin international 2<\/a><\/strong><\/li>\n<\/ul>","protected":false},"featured_media":11987,"template":"","meta":{"_uag_custom_page_level_css":"","site-sidebar-layout":"default","site-content-layout":"","ast-site-content-layout":"default","site-content-style":"default","site-sidebar-style":"default","ast-global-header-display":"","ast-banner-title-visibility":"","ast-main-header-display":"","ast-hfb-above-header-display":"","ast-hfb-below-header-display":"","ast-hfb-mobile-header-display":"","site-post-title":"","ast-breadcrumbs-content":"","ast-featured-img":"","footer-sml-layout":"","ast-disable-related-posts":"","theme-transparent-header-meta":"","adv-header-id-meta":"","stick-header-meta":"","header-above-stick-meta":"","header-main-stick-meta":"","header-below-stick-meta":"","astra-migrate-meta-layouts":"default","ast-page-background-enabled":"default","ast-page-background-meta":{"desktop":{"background-color":"var(--ast-global-color-4)","background-image":"","background-repeat":"repeat","background-position":"center center","background-size":"auto","background-attachment":"scroll","background-type":"","background-media":"","overlay-type":"","overlay-color":"","overlay-opacity":"","overlay-gradient":""},"tablet":{"background-color":"","background-image":"","background-repeat":"repeat","background-position":"center center","background-size":"auto","background-attachment":"scroll","background-type":"","background-media":"","overlay-type":"","overlay-color":"","overlay-opacity":"","overlay-gradient":""},"mobile":{"background-color":"","background-image":"","background-repeat":"repeat","background-position":"center center","background-size":"auto","background-attachment":"scroll","background-type":"","background-media":"","overlay-type":"","overlay-color":"","overlay-opacity":"","overlay-gradient":""}},"ast-content-background-meta":{"desktop":{"background-color":"var(--ast-global-color-5)","background-image":"","background-repeat":"repeat","background-position":"center center","background-size":"auto","background-attachment":"scroll","background-type":"","background-media":"","overlay-type":"","overlay-color":"","overlay-opacity":"","overlay-gradient":""},"tablet":{"background-color":"var(--ast-global-color-5)","background-image":"","background-repeat":"repeat","background-position":"center center","background-size":"auto","background-attachment":"scroll","background-type":"","background-media":"","overlay-type":"","overlay-color":"","overlay-opacity":"","overlay-gradient":""},"mobile":{"background-color":"var(--ast-global-color-5)","background-image":"","background-repeat":"repeat","background-position":"center center","background-size":"auto","background-attachment":"scroll","background-type":"","background-media":"","overlay-type":"","overlay-color":"","overlay-opacity":"","overlay-gradient":""}}},"product_brand":[],"product_cat":[15,388,411],"product_tag":[],"class_list":{"0":"post-11713","1":"product","2":"type-product","3":"status-publish","4":"has-post-thumbnail","6":"product_cat-all","7":"product_cat-custom-educational-montessori-toys","8":"product_cat-wooden-learning-toys","9":"desktop-align-left","10":"tablet-align-left","11":"mobile-align-left","12":"ast-product-gallery-layout-horizontal-slider","13":"ast-product-tabs-layout-horizontal","15":"first","16":"instock","17":"shipping-taxable","18":"product-type-simple"},"uagb_featured_image_src":{"full":["https:\/\/www.wonfulity.com\/wp-content\/uploads\/10-8.png",600,700,false],"thumbnail":["https:\/\/www.wonfulity.com\/wp-content\/uploads\/10-8-150x150.png",150,150,true],"medium":["https:\/\/www.wonfulity.com\/wp-content\/uploads\/10-8-257x300.png",257,300,true],"medium_large":["https:\/\/www.wonfulity.com\/wp-content\/uploads\/10-8.png",600,700,false],"large":["https:\/\/www.wonfulity.com\/wp-content\/uploads\/10-8.png",600,700,false],"1536x1536":["https:\/\/www.wonfulity.com\/wp-content\/uploads\/10-8.png",600,700,false],"2048x2048":["https:\/\/www.wonfulity.com\/wp-content\/uploads\/10-8.png",600,700,false],"trp-custom-language-flag":["https:\/\/www.wonfulity.com\/wp-content\/uploads\/10-8-10x12.png",10,12,true],"woocommerce_thumbnail":["https:\/\/www.wonfulity.com\/wp-content\/uploads\/10-8-450x570.png",450,570,true],"woocommerce_single":["https:\/\/www.wonfulity.com\/wp-content\/uploads\/10-8.png",600,700,false],"woocommerce_gallery_thumbnail":["https:\/\/www.wonfulity.com\/wp-content\/uploads\/10-8-100x100.png",100,100,true]},"uagb_author_info":{"display_name":"wonfulity.com","author_link":"https:\/\/www.wonfulity.com\/fr\/blogs\/author\/"},"uagb_comment_info":0,"uagb_excerpt":"Personalized Learning Experience-Montessori learning educational toys.You can choose from a variety of options to customize the tracing board.Customized according to letter style, color and other elements.Select from different fonts and letter designs to match your child's preferences or learning needs.Opt for a color scheme that is visually appealing and stimulating for your child. You can\u2026","_links":{"self":[{"href":"https:\/\/www.wonfulity.com\/fr\/wp-json\/wp\/v2\/product\/11713","targetHints":{"allow":["GET"]}}],"collection":[{"href":"https:\/\/www.wonfulity.com\/fr\/wp-json\/wp\/v2\/product"}],"about":[{"href":"https:\/\/www.wonfulity.com\/fr\/wp-json\/wp\/v2\/types\/product"}],"wp:featuredmedia":[{"embeddable":true,"href":"https:\/\/www.wonfulity.com\/fr\/wp-json\/wp\/v2\/media\/11987"}],"wp:attachment":[{"href":"https:\/\/www.wonfulity.com\/fr\/wp-json\/wp\/v2\/media?parent=11713"}],"wp:term":[{"taxonomy":"product_brand","embeddable":true,"href":"https:\/\/www.wonfulity.com\/fr\/wp-json\/wp\/v2\/product_brand?post=11713"},{"taxonomy":"product_cat","embeddable":true,"href":"https:\/\/www.wonfulity.com\/fr\/wp-json\/wp\/v2\/product_cat?post=11713"},{"taxonomy":"product_tag","embeddable":true,"href":"https:\/\/www.wonfulity.com\/fr\/wp-json\/wp\/v2\/product_tag?post=11713"}],"curies":[{"name":"wp","href":"https:\/\/api.w.org\/{rel}","templated":true}]}}