{"id":11797,"date":"2024-12-10T08:48:34","date_gmt":"2024-12-10T00:48:34","guid":{"rendered":"https:\/\/www.wonfulity.com\/?post_type=product&#038;p=11797"},"modified":"2024-12-10T10:56:40","modified_gmt":"2024-12-10T02:56:40","slug":"alphabet-letter-puzzles-for-toddlers","status":"publish","type":"product","link":"https:\/\/www.wonfulity.com\/fr\/produit\/puzzles-de-lettres-de-lalphabet-pour-les-tout-petits\/","title":{"rendered":"Puzzles de lettres de l'alphabet pour les tout-petits"},"content":{"rendered":"<div class=\"wp-block-uagb-container uagb-block-d15b9ca3 alignfull uagb-is-root-container\"><div class=\"uagb-container-inner-blocks-wrap\">\n<div class=\"wp-block-uagb-container uagb-block-f7df6427\">\n<div class=\"wp-block-uagb-container uagb-block-9455ef5b\">\n<div class=\"wp-block-uagb-info-box uagb-block-d4df3463 uagb-infobox__content-wrap  uagb-infobox-icon-above-title uagb-infobox-image-valign-top\"><div class=\"uagb-ifb-content\"><div class=\"uagb-ifb-title-wrap\"><h4 class=\"uagb-ifb-title\"><strong>D\u00e9veloppement du langage<\/strong><\/h4><\/div><p class=\"uagb-ifb-desc\">En jouant avec ces puzzles, les enfants peuvent am\u00e9liorer leurs capacit\u00e9s cognitives, notamment leur m\u00e9moire, leur attention et leur capacit\u00e9 \u00e0 r\u00e9soudre des probl\u00e8mes. Ces puzzles rendent le processus d'apprentissage agr\u00e9able et engageant.<\/p><\/div><\/div>\n<\/div>\n\n\n\n<div class=\"wp-block-uagb-info-box uagb-block-845cd917 uagb-infobox__content-wrap  uagb-infobox-icon-above-title uagb-infobox-image-valign-top\"><div class=\"uagb-ifb-content\"><div class=\"uagb-ifb-title-wrap\"><h4 class=\"uagb-ifb-title\"><strong>Reconnaissance des lettres et des couleurs<\/strong><\/h4><\/div><p class=\"uagb-ifb-desc\">Les tout-petits peuvent apprendre \u00e0 reconna\u00eetre les lettres de l'alphabet en associant les lettres en bois aux lettres correspondantes sur le tableau. Les puzzles de lettres de l'alphabet pour les tout-petits aident \u00e0 construire une base solide pour les comp\u00e9tences de lecture et d'\u00e9criture.<\/p><\/div><\/div>\n\n\n\n<div class=\"wp-block-uagb-container uagb-block-a256468b\">\n<div class=\"wp-block-uagb-info-box uagb-block-28834539 uagb-infobox__content-wrap  uagb-infobox-icon-above-title uagb-infobox-image-valign-top\"><div class=\"uagb-ifb-content\"><div class=\"uagb-ifb-title-wrap\"><h4 class=\"uagb-ifb-title\"><br><strong><strong>Parfait pour la fabrication et la personnalisation B2B<\/strong><\/strong><\/h4><\/div><p class=\"uagb-ifb-desc\">Pour les clients B2B, ces puzzles repr\u00e9sentent une excellente opportunit\u00e9 d'offrir des produits \u00e9ducatifs de haute qualit\u00e9 \u00e0 leurs clients. Les puzzles alphab\u00e9tiques Montessori sont id\u00e9aux pour les jardins d'enfants, les \u00e9coles maternelles et les centres d'\u00e9ducation de la petite enfance dans le monde entier.<\/p><\/div><\/div>\n<\/div>\n<\/div>\n\n\n\n<div class=\"wp-block-uagb-container uagb-block-07bfc131\">\n<div class=\"wp-block-uagb-image uagb-block-b4bb948c wp-block-uagb-image--layout-default wp-block-uagb-image--effect-static wp-block-uagb-image--align-none alignleft\"><figure class=\"wp-block-uagb-image__figure\"><img decoding=\"async\" srcset=\"https:\/\/www.wonfulity.com\/wp-content\/uploads\/71CNHLJ3M3S._AC_SL1500_.jpg ,https:\/\/www.wonfulity.com\/wp-content\/uploads\/71CNHLJ3M3S._AC_SL1500_.jpg 780w, https:\/\/www.wonfulity.com\/wp-content\/uploads\/71CNHLJ3M3S._AC_SL1500_.jpg 360w\" sizes=\"auto, (max-width: 480px) 150px\" src=\"https:\/\/www.wonfulity.com\/wp-content\/uploads\/71CNHLJ3M3S._AC_SL1500_.jpg\" alt=\"Puzzles des lettres de l&#039;alphabet \" class=\"uag-image-11800\" width=\"600\" height=\"700\" title=\"Puzzles des lettres de l&#039;alphabet \" loading=\"lazy\" role=\"img\"\/><\/figure><\/div>\n<\/div>\n<\/div><\/div>\n\n\n\n<div class=\"wp-block-uagb-container uagb-block-942c266d alignfull uagb-is-root-container\"><div class=\"uagb-container-inner-blocks-wrap\">\n<div class=\"wp-block-uagb-container uagb-block-cdfbwk39\">\n<div class=\"wp-block-uagb-container uagb-block-taa9jvn9\"><\/div>\n\n\n\n<div class=\"wp-block-uagb-container uagb-block-e6uqhnjy\">\n<div class=\"wp-block-uagb-info-box uagb-block-sm9wy83a uagb-infobox__content-wrap  uagb-infobox-icon-above-title uagb-infobox-image-valign-top\"><div class=\"uagb-ifb-content\"><div class=\"uagb-ifb-title-wrap\"><h4 class=\"uagb-ifb-title\">Objet<\/h4><\/div><\/div><\/div>\n<\/div>\n\n\n\n<div class=\"wp-block-uagb-container uagb-block-xdtgxgj6\">\n<div class=\"wp-block-uagb-info-box uagb-block-c04bcb41 uagb-infobox__content-wrap  uagb-infobox-icon-above-title uagb-infobox-image-valign-top\"><div class=\"uagb-ifb-content\"><div class=\"uagb-ifb-title-wrap\"><h4 class=\"uagb-ifb-title\">Desc<\/h4><\/div><\/div><\/div>\n<\/div>\n<\/div>\n\n\n\n<div class=\"wp-block-uagb-container uagb-block-720573f4\">\n<div class=\"wp-block-uagb-container uagb-block-d006e6eb\">\n<div class=\"wp-block-uagb-info-box uagb-block-a92ede72 uagb-infobox__content-wrap  uagb-infobox-icon-above-title uagb-infobox-image-valign-top\"><div class=\"uagb-ifb-content\"><div class=\"uagb-ifb-title-wrap\"><p class=\"uagb-ifb-title-prefix\">01<\/p><\/div><\/div><\/div>\n<\/div>\n\n\n\n<div class=\"wp-block-uagb-container uagb-block-32771033\">\n<div class=\"wp-block-uagb-info-box uagb-block-aaee5390 uagb-infobox__content-wrap  uagb-infobox-icon-above-title uagb-infobox-image-valign-top\"><div class=\"uagb-ifb-content\"><div class=\"uagb-ifb-title-wrap\"><h4 class=\"uagb-ifb-title\"><strong>Bois durable et \u00e9cologique<\/strong><\/h4><\/div><\/div><\/div>\n<\/div>\n\n\n\n<div class=\"wp-block-uagb-container uagb-block-d985a046\">\n<div class=\"wp-block-uagb-info-box uagb-block-2b0922dc uagb-infobox__content-wrap  uagb-infobox-icon-above-title uagb-infobox-image-valign-top\"><div class=\"uagb-ifb-content\"><div class=\"uagb-ifb-title-wrap\"><p class=\"uagb-ifb-title\">Les puzzles alphab\u00e9tiques Montessori sont fabriqu\u00e9s en bois durable de haute qualit\u00e9, ce qui garantit la s\u00e9curit\u00e9 des enfants et refl\u00e8te notre engagement en mati\u00e8re de protection de l'environnement. Les mat\u00e9riaux en bois sont plus durables, ce qui fait que ces puzzles ont une longue dur\u00e9e de vie et peuvent \u00eatre utilis\u00e9s \u00e0 plusieurs reprises.<\/p><\/div><\/div><\/div>\n<\/div>\n<\/div>\n\n\n\n<div class=\"wp-block-uagb-container uagb-block-95a6e317\">\n<div class=\"wp-block-uagb-container uagb-block-2e70f36a\">\n<div class=\"wp-block-uagb-info-box uagb-block-8efb1163 uagb-infobox__content-wrap  uagb-infobox-icon-above-title uagb-infobox-image-valign-top\"><div class=\"uagb-ifb-content\"><div class=\"uagb-ifb-title-wrap\"><p class=\"uagb-ifb-title-prefix\">02<\/p><\/div><\/div><\/div>\n<\/div>\n\n\n\n<div class=\"wp-block-uagb-container uagb-block-c25bc4e9\">\n<div class=\"wp-block-uagb-info-box uagb-block-8e5653f6 uagb-infobox__content-wrap  uagb-infobox-icon-above-title uagb-infobox-image-valign-top\"><div class=\"uagb-ifb-content\"><div class=\"uagb-ifb-title-wrap\"><h4 class=\"uagb-ifb-title\"><strong>Personnalisation<\/strong><p class=\"MsoNormal\" style=\"margin-top:6.0000pt;margin-right:0.0000pt;margin-bottom:0.0000pt;margin-left:36.0000pt;text-indent:-18.0000pt;padding:0pt 0pt 0pt 0pt\"><span style=\"font-family:Calibri;font-size:10.5000pt\"><\/span><\/p><\/h4><\/div><\/div><\/div>\n<\/div>\n\n\n\n<div class=\"wp-block-uagb-container uagb-block-e4b73fff\">\n<p>Nos puzzles de lettres de l'alphabet en bois pour les tout-petits offrent des options de personnalisation. Vous pouvez choisir la couleur et la taille des lettres selon vos pr\u00e9f\u00e9rences. De plus, nous pouvons imprimer des logos d'entreprises ou de magasins sur les puzzles. Ces puzzles sont donc id\u00e9aux \u00e0 des fins promotionnelles et de valorisation de la marque.<\/p>\n<\/div>\n<\/div>\n\n\n\n<div class=\"wp-block-uagb-container uagb-block-00d46b71\">\n<div class=\"wp-block-uagb-container uagb-block-63be2ee0\">\n<div class=\"wp-block-uagb-info-box uagb-block-86f40bc4 uagb-infobox__content-wrap  uagb-infobox-icon-above-title uagb-infobox-image-valign-top\"><div class=\"uagb-ifb-content\"><div class=\"uagb-ifb-title-wrap\"><p class=\"uagb-ifb-title-prefix\">03<\/p><\/div><\/div><\/div>\n<\/div>\n\n\n\n<div class=\"wp-block-uagb-container uagb-block-f9a9ed48\">\n<div class=\"wp-block-uagb-info-box uagb-block-a01a3038 uagb-infobox__content-wrap  uagb-infobox-icon-above-title uagb-infobox-image-valign-top\"><div class=\"uagb-ifb-content\"><div class=\"uagb-ifb-title-wrap\"><h4 class=\"uagb-ifb-title\"><strong>Assemblage et entretien faciles<\/strong><\/h4><\/div><\/div><\/div>\n<\/div>\n\n\n\n<div class=\"wp-block-uagb-container uagb-block-ea615933\">\n<p>La conception du puzzle alphabet Montessori est simple et intuitive, ce qui permet aux tout-petits d'assembler facilement les lettres. Le nettoyage et l'entretien des pi\u00e8ces en bois sont \u00e9galement simples : il suffit d'un chiffon humide pour enlever les salissures.<\/p>\n<\/div>\n<\/div>\n<\/div><\/div>\n\n\n\n<div class=\"wp-block-uagb-container uagb-block-10733882 alignfull uagb-is-root-container\"><div class=\"uagb-container-inner-blocks-wrap\">\n<div class=\"wp-block-uagb-container uagb-block-a3ecce27\">\n<div class=\"wp-block-uagb-image uagb-block-a9f8ab9c wp-block-uagb-image--layout-default wp-block-uagb-image--effect-static wp-block-uagb-image--align-none\"><figure class=\"wp-block-uagb-image__figure\"><img decoding=\"async\" srcset=\"https:\/\/www.wonfulity.com\/wp-content\/uploads\/Cao-County-Runwan-Crafts-Co-Ltd-1.webp ,https:\/\/www.wonfulity.com\/wp-content\/uploads\/Cao-County-Runwan-Crafts-Co-Ltd-1.webp 780w, https:\/\/www.wonfulity.com\/wp-content\/uploads\/Cao-County-Runwan-Crafts-Co-Ltd-1.webp 360w\" sizes=\"auto, (max-width: 480px) 150px\" src=\"https:\/\/www.wonfulity.com\/wp-content\/uploads\/Cao-County-Runwan-Crafts-Co-Ltd-1.webp\" alt=\"usine de bois\" class=\"uag-image-11115\" width=\"400\" height=\"300\" title=\"usine de bois\" loading=\"lazy\" role=\"img\"\/><\/figure><\/div>\n\n\n\n<div class=\"wp-block-uagb-image uagb-block-e21af5fb wp-block-uagb-image--layout-default wp-block-uagb-image--effect-static wp-block-uagb-image--align-none\"><figure class=\"wp-block-uagb-image__figure\"><img decoding=\"async\" srcset=\"https:\/\/www.wonfulity.com\/wp-content\/uploads\/10-3-1024x640.png ,https:\/\/www.wonfulity.com\/wp-content\/uploads\/10-3.png 780w, https:\/\/www.wonfulity.com\/wp-content\/uploads\/10-3.png 360w\" sizes=\"auto, (max-width: 480px) 150px\" src=\"https:\/\/www.wonfulity.com\/wp-content\/uploads\/10-3-1024x640.png\" alt=\"usine de bois\" class=\"uag-image-10974\" width=\"400\" height=\"300\" title=\"usine de bois\" loading=\"lazy\" role=\"img\"\/><\/figure><\/div>\n<\/div>\n\n\n\n<div class=\"wp-block-uagb-container uagb-block-1c90d097\">\n<div class=\"wp-block-uagb-image uagb-block-e676099f wp-block-uagb-image--layout-default wp-block-uagb-image--effect-static wp-block-uagb-image--align-none\"><figure class=\"wp-block-uagb-image__figure\"><img decoding=\"async\" srcset=\"https:\/\/www.wonfulity.com\/wp-content\/uploads\/13.png ,https:\/\/www.wonfulity.com\/wp-content\/uploads\/13.png 780w, https:\/\/www.wonfulity.com\/wp-content\/uploads\/13.png 360w\" sizes=\"auto, (max-width: 480px) 150px\" src=\"https:\/\/www.wonfulity.com\/wp-content\/uploads\/13.png\" alt=\"usine de bois\" class=\"uag-image-10941\" width=\"400\" height=\"300\" title=\"usine de bois\" loading=\"lazy\" role=\"img\"\/><\/figure><\/div>\n\n\n\n<div class=\"wp-block-uagb-image uagb-block-8f557fa6 wp-block-uagb-image--layout-default wp-block-uagb-image--effect-static wp-block-uagb-image--align-none\"><figure class=\"wp-block-uagb-image__figure\"><img decoding=\"async\" srcset=\"https:\/\/www.wonfulity.com\/wp-content\/uploads\/Cao-County-Runwan-Crafts-Co-Ltd-.webp ,https:\/\/www.wonfulity.com\/wp-content\/uploads\/Cao-County-Runwan-Crafts-Co-Ltd-.webp 780w, https:\/\/www.wonfulity.com\/wp-content\/uploads\/Cao-County-Runwan-Crafts-Co-Ltd-.webp 360w\" sizes=\"auto, (max-width: 480px) 150px\" src=\"https:\/\/www.wonfulity.com\/wp-content\/uploads\/Cao-County-Runwan-Crafts-Co-Ltd-.webp\" alt=\"usine de bois\" class=\"uag-image-11116\" width=\"400\" height=\"300\" title=\"usine de bois\" loading=\"lazy\" role=\"img\"\/><\/figure><\/div>\n<\/div>\n\n\n\n<div class=\"wp-block-uagb-container uagb-block-5ed9251a\">\n<div class=\"wp-block-uagb-image uagb-block-ab006938 wp-block-uagb-image--layout-default wp-block-uagb-image--effect-static wp-block-uagb-image--align-none\"><figure class=\"wp-block-uagb-image__figure\"><img decoding=\"async\" srcset=\"https:\/\/www.wonfulity.com\/wp-content\/uploads\/19.png ,https:\/\/www.wonfulity.com\/wp-content\/uploads\/19.png 780w, https:\/\/www.wonfulity.com\/wp-content\/uploads\/19.png 360w\" sizes=\"auto, (max-width: 480px) 150px\" src=\"https:\/\/www.wonfulity.com\/wp-content\/uploads\/19.png\" alt=\"usine de bois\" class=\"uag-image-10947\" width=\"400\" height=\"300\" title=\"usine de bois\" loading=\"lazy\" role=\"img\"\/><\/figure><\/div>\n\n\n\n<div class=\"wp-block-uagb-image uagb-block-3382ec21 wp-block-uagb-image--layout-default wp-block-uagb-image--effect-static wp-block-uagb-image--align-none\"><figure class=\"wp-block-uagb-image__figure\"><img decoding=\"async\" srcset=\"https:\/\/www.wonfulity.com\/wp-content\/uploads\/\u672a\u547d\u540d\u7684\u8bbe\u8ba1-21.png ,https:\/\/www.wonfulity.com\/wp-content\/uploads\/\u672a\u547d\u540d\u7684\u8bbe\u8ba1-21.png 780w, https:\/\/www.wonfulity.com\/wp-content\/uploads\/\u672a\u547d\u540d\u7684\u8bbe\u8ba1-21.png 360w\" sizes=\"auto, (max-width: 480px) 150px\" src=\"https:\/\/www.wonfulity.com\/wp-content\/uploads\/\u672a\u547d\u540d\u7684\u8bbe\u8ba1-21.png\" alt=\"usine de bois\" class=\"uag-image-11118\" width=\"400\" height=\"300\" title=\"usine de bois\" loading=\"lazy\" role=\"img\"\/><\/figure><\/div>\n<\/div>\n<\/div><\/div>\n\n\n\n<p><font><\/font><\/p>\n\n\n\n<p><font><\/font><\/p>\n\n\n\n<p><font><\/font><\/p>\n\n\n\n<p><\/p>","protected":false},"excerpt":{"rendered":"<p>Blocs ABC aux couleurs attrayantes - 26 blocs alphab\u00e9tiques de A \u00e0 Z aux couleurs vives et vari\u00e9es sont con\u00e7us pour enrichir les capacit\u00e9s d'apprentissage des enfants en mati\u00e8re d'ABC et de couleurs. Encouragez la stimulation sensorielle et le d\u00e9veloppement du cerveau de vos enfants. L'apprentissage par le jeu des lettres n'aide pas seulement les b\u00e9b\u00e9s \u00e0 reconna\u00eetre les couleurs et l'alphabet en les empilant. Les jouets d'apprentissage des lettres aident non seulement votre b\u00e9b\u00e9 \u00e0 reconna\u00eetre les couleurs et l'alphabet lors de l'empilage, mais aussi \u00e0 am\u00e9liorer ses capacit\u00e9s de concentration et de r\u00e9solution de puzzles. Renforcent consid\u00e9rablement leur motricit\u00e9 fine. Encouragez le d\u00e9veloppement de la coordination main-\u0153il et de la capacit\u00e9 d'attention de votre enfant. Excellents jouets d'apprentissage pour les enfants de 3, 4, 5 et 6 ans.<\/p>\n<p>Jouer avec ces puzzles peut \u00e9galement favoriser l'ind\u00e9pendance, la confiance en soi et la cr\u00e9ativit\u00e9 de l'enfant.Cadeau id\u00e9al pour les tout-petits, les puzzles alphab\u00e9tiques en bois pour les tout-petits sont livr\u00e9s dans des sacs de transport robustes et mignons. Vous ne perdrez plus jamais les pi\u00e8ces du puzzle. Les enfants peuvent jouer aux puzzles \u00e0 la maison, \u00e0 l'int\u00e9rieur ou \u00e0 l'ext\u00e9rieur, avec leurs parents ou leurs amis. En offrant ces produits \u00e9cologiques et \u00e9ducatifs, les clients B2B peuvent am\u00e9liorer leur image de marque, en montrant leur engagement en faveur d'une \u00e9ducation de qualit\u00e9 et d'une durabilit\u00e9 environnementale.<\/p>\n<p>En conclusion, nos puzzles alphab\u00e9tiques en bois pour enfants en bas \u00e2ge sont non seulement un excellent outil p\u00e9dagogique, mais aussi un produit rentable pour les clients B2B sur le march\u00e9 international.<span style=\"font-size: 16px;\">Pour les clients B2B, notre usine de fabrication sur mesure offre des avantages. Nous pouvons cr\u00e9er des puzzles alphab\u00e9tiques en bois adapt\u00e9s \u00e0 vos besoins. Les mat\u00e9riaux de haute qualit\u00e9 garantissent la durabilit\u00e9. Il s'agit d'un jouet \u00e9ducatif id\u00e9al pour les tout-petits, qui favorise l'apprentissage et le d\u00e9veloppement pr\u00e9coces.<\/span><span style=\"font-size: 16px;\">Nous offrons la possibilit\u00e9 de personnaliser l'emballage. Impression du logo du client et des informations sur le produit pour renforcer l'image de la marque et am\u00e9liorer la visibilit\u00e9 du produit. Nous proposons diverses options d'emballage pour r\u00e9pondre aux diff\u00e9rents canaux de vente et aux exigences des clients. En fonction de la situation g\u00e9ographique du client et du volume de la commande, nous proposons des solutions logistiques flexibles. Il s'agit notamment de choisir les m\u00e9thodes de transport appropri\u00e9es (telles que le fret maritime, le fret a\u00e9rien, le transport terrestre), les partenaires logistiques et les d\u00e9lais de livraison pour s'assurer que les produits peuvent \u00eatre livr\u00e9s aux clients en temps voulu et en toute s\u00e9curit\u00e9.<\/span><\/p>\n<p>Vous cherchez des produits assortis ? Consultez nos<strong> <a href=\"https:\/\/www.wonfulity.com\/fr\/produit\/\">produits d'ameublement pour enfants<\/a><\/strong><br \/>Besoin de plus d'options ou d'un devis rapide ? Visitez notre boutique internationale pour les derni\u00e8res collections\uff1a<\/p>\n<ul>\n<li><strong><a href=\"https:\/\/zhizhenmei.en.alibaba.com\/?spm=a2700.29482153.0.0.71d571d2UuhFW4\" target=\"_blank\" rel=\"noopener sponsored\">Magasin international 1<\/a><\/strong><\/li>\n<li><strong><a href=\"https:\/\/caoxianaoyi.en.alibaba.com\/?spm=a2700.29482153.0.0.427c71d26Wtq4L\" target=\"_blank\" rel=\"noopener sponsored\">Magasin international 2<\/a><\/strong><\/li>\n<\/ul>\n<div class=\"answer-action-bar-wEWc6C bottom-action-bar-wrapper-qtqrci large-space-b582O0 answer-action-bar\" data-testid=\"message_action_bar\">\n<div class=\"container-seCXVJ container-TRt1mF bottom-action-bar-iUQiGg\">\n<div class=\"left-Qpwvoi\">\n<div class=\"bp5-overflow-list container-LFxhPL align-start-B2LgK_ inner-TjQIQn\">\u00a0<\/div>\n<\/div>\n<\/div>\n<\/div>\n<p>&nbsp;<\/p>","protected":false},"featured_media":11978,"template":"","meta":{"_uag_custom_page_level_css":"","site-sidebar-layout":"default","site-content-layout":"","ast-site-content-layout":"default","site-content-style":"default","site-sidebar-style":"default","ast-global-header-display":"","ast-banner-title-visibility":"","ast-main-header-display":"","ast-hfb-above-header-display":"","ast-hfb-below-header-display":"","ast-hfb-mobile-header-display":"","site-post-title":"","ast-breadcrumbs-content":"","ast-featured-img":"","footer-sml-layout":"","ast-disable-related-posts":"","theme-transparent-header-meta":"","adv-header-id-meta":"","stick-header-meta":"","header-above-stick-meta":"","header-main-stick-meta":"","header-below-stick-meta":"","astra-migrate-meta-layouts":"default","ast-page-background-enabled":"default","ast-page-background-meta":{"desktop":{"background-color":"var(--ast-global-color-4)","background-image":"","background-repeat":"repeat","background-position":"center center","background-size":"auto","background-attachment":"scroll","background-type":"","background-media":"","overlay-type":"","overlay-color":"","overlay-opacity":"","overlay-gradient":""},"tablet":{"background-color":"","background-image":"","background-repeat":"repeat","background-position":"center center","background-size":"auto","background-attachment":"scroll","background-type":"","background-media":"","overlay-type":"","overlay-color":"","overlay-opacity":"","overlay-gradient":""},"mobile":{"background-color":"","background-image":"","background-repeat":"repeat","background-position":"center center","background-size":"auto","background-attachment":"scroll","background-type":"","background-media":"","overlay-type":"","overlay-color":"","overlay-opacity":"","overlay-gradient":""}},"ast-content-background-meta":{"desktop":{"background-color":"var(--ast-global-color-5)","background-image":"","background-repeat":"repeat","background-position":"center center","background-size":"auto","background-attachment":"scroll","background-type":"","background-media":"","overlay-type":"","overlay-color":"","overlay-opacity":"","overlay-gradient":""},"tablet":{"background-color":"var(--ast-global-color-5)","background-image":"","background-repeat":"repeat","background-position":"center center","background-size":"auto","background-attachment":"scroll","background-type":"","background-media":"","overlay-type":"","overlay-color":"","overlay-opacity":"","overlay-gradient":""},"mobile":{"background-color":"var(--ast-global-color-5)","background-image":"","background-repeat":"repeat","background-position":"center center","background-size":"auto","background-attachment":"scroll","background-type":"","background-media":"","overlay-type":"","overlay-color":"","overlay-opacity":"","overlay-gradient":""}}},"product_brand":[],"product_cat":[15,388,411],"product_tag":[],"class_list":{"0":"post-11797","1":"product","2":"type-product","3":"status-publish","4":"has-post-thumbnail","6":"product_cat-all","7":"product_cat-custom-educational-montessori-toys","8":"product_cat-wooden-learning-toys","9":"desktop-align-left","10":"tablet-align-left","11":"mobile-align-left","12":"ast-product-gallery-layout-horizontal-slider","13":"ast-product-tabs-layout-horizontal","15":"first","16":"instock","17":"shipping-taxable","18":"product-type-simple"},"uagb_featured_image_src":{"full":["https:\/\/www.wonfulity.com\/wp-content\/uploads\/2-31.png",600,700,false],"thumbnail":["https:\/\/www.wonfulity.com\/wp-content\/uploads\/2-31-150x150.png",150,150,true],"medium":["https:\/\/www.wonfulity.com\/wp-content\/uploads\/2-31-257x300.png",257,300,true],"medium_large":["https:\/\/www.wonfulity.com\/wp-content\/uploads\/2-31.png",600,700,false],"large":["https:\/\/www.wonfulity.com\/wp-content\/uploads\/2-31.png",600,700,false],"1536x1536":["https:\/\/www.wonfulity.com\/wp-content\/uploads\/2-31.png",600,700,false],"2048x2048":["https:\/\/www.wonfulity.com\/wp-content\/uploads\/2-31.png",600,700,false],"trp-custom-language-flag":["https:\/\/www.wonfulity.com\/wp-content\/uploads\/2-31-10x12.png",10,12,true],"woocommerce_thumbnail":["https:\/\/www.wonfulity.com\/wp-content\/uploads\/2-31-450x570.png",450,570,true],"woocommerce_single":["https:\/\/www.wonfulity.com\/wp-content\/uploads\/2-31.png",600,700,false],"woocommerce_gallery_thumbnail":["https:\/\/www.wonfulity.com\/wp-content\/uploads\/2-31-100x100.png",100,100,true]},"uagb_author_info":{"display_name":"caijinyue","author_link":"https:\/\/www.wonfulity.com\/fr\/blogs\/author\/"},"uagb_comment_info":0,"uagb_excerpt":"Attractive colorsand\u00a0ABC blocks\u00a0- 26 pieces of A to Z alphabet blocks with various bright vibrant colors are designed for enriching children\u2019s capacities of learning ABCs and colors. Encourage your kids sensory stimulation and brain development. Perfect early educational puzzle toys for your boys and girls 3\u00a0- 8 years old and up.Learning through playing letter toys\u2026","_links":{"self":[{"href":"https:\/\/www.wonfulity.com\/fr\/wp-json\/wp\/v2\/product\/11797","targetHints":{"allow":["GET"]}}],"collection":[{"href":"https:\/\/www.wonfulity.com\/fr\/wp-json\/wp\/v2\/product"}],"about":[{"href":"https:\/\/www.wonfulity.com\/fr\/wp-json\/wp\/v2\/types\/product"}],"wp:featuredmedia":[{"embeddable":true,"href":"https:\/\/www.wonfulity.com\/fr\/wp-json\/wp\/v2\/media\/11978"}],"wp:attachment":[{"href":"https:\/\/www.wonfulity.com\/fr\/wp-json\/wp\/v2\/media?parent=11797"}],"wp:term":[{"taxonomy":"product_brand","embeddable":true,"href":"https:\/\/www.wonfulity.com\/fr\/wp-json\/wp\/v2\/product_brand?post=11797"},{"taxonomy":"product_cat","embeddable":true,"href":"https:\/\/www.wonfulity.com\/fr\/wp-json\/wp\/v2\/product_cat?post=11797"},{"taxonomy":"product_tag","embeddable":true,"href":"https:\/\/www.wonfulity.com\/fr\/wp-json\/wp\/v2\/product_tag?post=11797"}],"curies":[{"name":"wp","href":"https:\/\/api.w.org\/{rel}","templated":true}]}}