{"id":7011,"date":"2024-04-18T11:34:54","date_gmt":"2024-04-18T03:34:54","guid":{"rendered":"https:\/\/wonfulity.com\/?post_type=product&#038;p=7011"},"modified":"2024-12-04T10:46:47","modified_gmt":"2024-12-04T02:46:47","slug":"wooden-climbing-frame-for-kids","status":"publish","type":"product","link":"https:\/\/www.wonfulity.com\/fr\/produit\/aire-de-jeux-pour-enfants\/","title":{"rendered":"Cadre d'escalade en bois pour enfants - Terrain de jeu int\u00e9rieur durable pour les enfants actifs\uff082-12\uff09"},"content":{"rendered":"<div class=\"wp-block-uagb-container uagb-block-d15b9ca3 alignfull uagb-is-root-container\"><div class=\"uagb-container-inner-blocks-wrap\">\n<div class=\"wp-block-uagb-container uagb-block-f7df6427\">\n<div class=\"wp-block-uagb-container uagb-block-9455ef5b\">\n<div class=\"wp-block-uagb-info-box uagb-block-d4df3463 uagb-infobox__content-wrap  uagb-infobox-icon-above-title uagb-infobox-image-valign-top\"><div class=\"uagb-ifb-content\"><div class=\"uagb-ifb-title-wrap\"><h4 class=\"uagb-ifb-title\">Construction durable<\/h4><\/div><p class=\"uagb-ifb-desc\">Fabriqu\u00e9 en bois de haute qualit\u00e9 et r\u00e9sistant aux intemp\u00e9ries, notre cadre d'escalade en bois est con\u00e7u pour r\u00e9sister aux jeux les plus actifs. La construction solide garantit une durabilit\u00e9 \u00e0 long terme, offrant des heures d'amusement et d'aventure. Chaque pi\u00e8ce est m\u00e9ticuleusement con\u00e7ue pour garantir la stabilit\u00e9 et la s\u00e9curit\u00e9, ce qui en fait un choix fiable pour les parents. Avec des instructions d'installation faciles \u00e0 suivre et tout le mat\u00e9riel n\u00e9cessaire inclus, l'installation de cette aire de jeu int\u00e9rieure est rapide et sans tracas. Pr\u00e9parez votre aire de jeu en un rien de temps pour des jeux sans fin !<\/p><\/div><\/div>\n<\/div>\n\n\n\n<div class=\"wp-block-uagb-container uagb-block-7da49d73\">\n<div class=\"wp-block-uagb-info-box uagb-block-845cd917 uagb-infobox__content-wrap  uagb-infobox-icon-above-title uagb-infobox-image-valign-top\"><div class=\"uagb-ifb-content\"><div class=\"uagb-ifb-title-wrap\"><h4 class=\"uagb-ifb-title\">Conception polyvalente<\/h4><\/div><p class=\"uagb-ifb-desc\">Con\u00e7u dans un souci de s\u00e9curit\u00e9 et d'amusement, notre cadre d'escalade en bois pr\u00e9sente des bords lisses, des coins arrondis et des finitions non toxiques pour prot\u00e9ger vos petits pendant qu'ils jouent. L'aire de jeu est \u00e9quip\u00e9e d'une vari\u00e9t\u00e9 d'\u00e9l\u00e9ments attrayants tels que des murs d'escalade, des toboggans, des balan\u00e7oires et des maisons de jeu, offrant une gamme compl\u00e8te d'activit\u00e9s qui encouragent les enfants \u00e0 d\u00e9velopper leurs aptitudes physiques et leur cr\u00e9ativit\u00e9. Id\u00e9ale pour l'int\u00e9rieur comme pour l'ext\u00e9rieur, cette aire de jeux polyvalente s'adresse aux enfants de tous \u00e2ges et encourage le jeu actif et l'exploration.<\/p><\/div><\/div>\n<\/div>\n\n\n\n<div class=\"wp-block-uagb-container uagb-block-a256468b\">\n<div class=\"wp-block-uagb-info-box uagb-block-28834539 uagb-infobox__content-wrap  uagb-infobox-icon-above-title uagb-infobox-image-valign-top\"><div class=\"uagb-ifb-content\"><div class=\"uagb-ifb-title-wrap\"><h4 class=\"uagb-ifb-title\">Options personnalisables<\/h4><\/div><p class=\"uagb-ifb-desc\">Notre cadre d'escalade en bois pour enfants est disponible en plusieurs tailles, options de couleur et configurations, ce qui permet de trouver facilement le cadre id\u00e9al pour votre espace. Que vous am\u00e9nagiez une salle de jeux spacieuse, une aire de jeux int\u00e9rieure confortable ou m\u00eame un jardin ext\u00e9rieur, cette aire de jeux personnalisable s'adapte parfaitement \u00e0 votre espace. Choisissez le design id\u00e9al pour r\u00e9pondre aux besoins de votre enfant et \u00e0 la d\u00e9coration de votre maison. Id\u00e9ale pour les maisons, les cr\u00e8ches, les \u00e9coles ou les espaces commerciaux, cette aire de jeu int\u00e9rieure peut \u00eatre adapt\u00e9e \u00e0 diff\u00e9rents environnements et pr\u00e9f\u00e9rences.<\/p><\/div><\/div>\n<\/div>\n<\/div>\n\n\n\n<div class=\"wp-block-uagb-container uagb-block-07bfc131\">\n<div class=\"wp-block-uagb-image aligncenter uagb-block-b335808d wp-block-uagb-image--layout-default wp-block-uagb-image--effect-static wp-block-uagb-image--align-center alignleft\"><figure class=\"wp-block-uagb-image__figure\"><img decoding=\"async\" src=\"https:\/\/www.wonfulity.com\/wp-content\/uploads\/\u5fae\u4fe1\u56fe\u7247_20240914161019.jpg\" alt=\"aire de jeux pour enfants\" class=\"uag-image-11069\" width=\"600\" height=\"700\" title=\"aire de jeux pour enfants\" loading=\"lazy\" role=\"img\" \/><\/figure><\/div>\n<\/div>\n<\/div><\/div>\n\n\n\n<div class=\"wp-block-uagb-container uagb-block-942c266d alignfull uagb-is-root-container\"><div class=\"uagb-container-inner-blocks-wrap\">\n<div class=\"wp-block-uagb-container uagb-block-cdfbwk39\">\n<div class=\"wp-block-uagb-container uagb-block-taa9jvn9\"><\/div>\n\n\n\n<div class=\"wp-block-uagb-container uagb-block-e6uqhnjy\">\n<div class=\"wp-block-uagb-info-box uagb-block-sm9wy83a uagb-infobox__content-wrap  uagb-infobox-icon-above-title uagb-infobox-image-valign-top\"><div class=\"uagb-ifb-content\"><div class=\"uagb-ifb-title-wrap\"><h4 class=\"uagb-ifb-title\">Objet<\/h4><\/div><\/div><\/div>\n<\/div>\n\n\n\n<div class=\"wp-block-uagb-container uagb-block-xdtgxgj6\">\n<div class=\"wp-block-uagb-info-box uagb-block-c04bcb41 uagb-infobox__content-wrap  uagb-infobox-icon-above-title uagb-infobox-image-valign-top\"><div class=\"uagb-ifb-content\"><div class=\"uagb-ifb-title-wrap\"><h4 class=\"uagb-ifb-title\">Desc<\/h4><\/div><\/div><\/div>\n<\/div>\n<\/div>\n\n\n\n<div class=\"wp-block-uagb-container uagb-block-720573f4\">\n<div class=\"wp-block-uagb-container uagb-block-d006e6eb\">\n<div class=\"wp-block-uagb-info-box uagb-block-a92ede72 uagb-infobox__content-wrap  uagb-infobox-icon-above-title uagb-infobox-image-valign-top\"><div class=\"uagb-ifb-content\"><div class=\"uagb-ifb-title-wrap\"><p class=\"uagb-ifb-title-prefix\">01<\/p><\/div><\/div><\/div>\n<\/div>\n\n\n\n<div class=\"wp-block-uagb-container uagb-block-32771033\">\n<div class=\"wp-block-uagb-info-box uagb-block-aaee5390 uagb-infobox__content-wrap  uagb-infobox-icon-above-title uagb-infobox-image-valign-top\"><div class=\"uagb-ifb-content\"><div class=\"uagb-ifb-title-wrap\"><h4 class=\"uagb-ifb-title\"><strong>\u00c9coles et jardins d'enfants<\/strong><\/h4><\/div><\/div><\/div>\n<\/div>\n\n\n\n<div class=\"wp-block-uagb-container uagb-block-d985a046\">\n<div class=\"wp-block-uagb-info-box uagb-block-2b0922dc uagb-infobox__content-wrap  uagb-infobox-icon-above-title uagb-infobox-image-valign-top\"><div class=\"uagb-ifb-content\"><div class=\"uagb-ifb-title-wrap\"><p class=\"uagb-ifb-title\">Ce cadre d'escalade est parfait pour les environnements \u00e9ducatifs, car il encourage le jeu actif qui favorise le d\u00e9veloppement physique et social. Il encourage les enfants \u00e0 s'engager avec leurs pairs dans un cadre amusant et s\u00fbr.<\/p><\/div><\/div><\/div>\n<\/div>\n<\/div>\n\n\n\n<div class=\"wp-block-uagb-container uagb-block-95a6e317\">\n<div class=\"wp-block-uagb-container uagb-block-2e70f36a\">\n<div class=\"wp-block-uagb-info-box uagb-block-8efb1163 uagb-infobox__content-wrap  uagb-infobox-icon-above-title uagb-infobox-image-valign-top\"><div class=\"uagb-ifb-content\"><div class=\"uagb-ifb-title-wrap\"><p class=\"uagb-ifb-title-prefix\">02<\/p><\/div><\/div><\/div>\n<\/div>\n\n\n\n<div class=\"wp-block-uagb-container uagb-block-c25bc4e9\">\n<div class=\"wp-block-uagb-info-box uagb-block-8e5653f6 uagb-infobox__content-wrap  uagb-infobox-icon-above-title uagb-infobox-image-valign-top\"><div class=\"uagb-ifb-content\"><div class=\"uagb-ifb-title-wrap\"><h4 class=\"uagb-ifb-title\"><strong>Parcs et aires de loisirs<\/strong><\/h4><\/div><\/div><\/div>\n<\/div>\n\n\n\n<div class=\"wp-block-uagb-container uagb-block-e4b73fff\">\n<div class=\"wp-block-uagb-info-box uagb-block-257d2f01 uagb-infobox__content-wrap  uagb-infobox-icon-above-title uagb-infobox-image-valign-top\"><div class=\"uagb-ifb-content\"><div class=\"uagb-ifb-title-wrap\"><p class=\"uagb-ifb-title\">Con\u00e7u pour les espaces publics, notre cadre d'escalade renforce l'engagement de la communaut\u00e9 en offrant aux enfants un espace de jeu s\u00fbr et agr\u00e9able. Il sert de point de ralliement pour les familles qui se r\u00e9unissent et interagissent.<\/p><\/div><\/div><\/div>\n<\/div>\n<\/div>\n\n\n\n<div class=\"wp-block-uagb-container uagb-block-00d46b71\">\n<div class=\"wp-block-uagb-container uagb-block-63be2ee0\">\n<div class=\"wp-block-uagb-info-box uagb-block-86f40bc4 uagb-infobox__content-wrap  uagb-infobox-icon-above-title uagb-infobox-image-valign-top\"><div class=\"uagb-ifb-content\"><div class=\"uagb-ifb-title-wrap\"><p class=\"uagb-ifb-title-prefix\">03<\/p><\/div><\/div><\/div>\n<\/div>\n\n\n\n<div class=\"wp-block-uagb-container uagb-block-f9a9ed48\">\n<div class=\"wp-block-uagb-info-box uagb-block-a01a3038 uagb-infobox__content-wrap  uagb-infobox-icon-above-title uagb-infobox-image-valign-top\"><div class=\"uagb-ifb-content\"><div class=\"uagb-ifb-title-wrap\"><h4 class=\"uagb-ifb-title\"><strong>Arri\u00e8re-cours <\/strong><\/h4><\/div><\/div><\/div>\n<\/div>\n\n\n\n<div class=\"wp-block-uagb-container uagb-block-ea615933\">\n<div class=\"wp-block-uagb-info-box uagb-block-6f5b8a81 uagb-infobox__content-wrap  uagb-infobox-icon-above-title uagb-infobox-image-valign-top\"><div class=\"uagb-ifb-content\"><div class=\"uagb-ifb-title-wrap\"><p class=\"uagb-ifb-title\">Transformez votre jardin en un espace de jeu dynamique. Notre cadre d'escalade offre aux familles la possibilit\u00e9 d'encourager les activit\u00e9s de plein air et les jeux imaginatifs \u00e0 la maison.<\/p><\/div><\/div><\/div>\n<\/div>\n<\/div>\n<\/div><\/div>\n\n\n\n<div class=\"wp-block-uagb-container uagb-block-10733882 alignfull uagb-is-root-container\"><div class=\"uagb-container-inner-blocks-wrap\">\n<div class=\"wp-block-uagb-container uagb-block-a3ecce27\">\n<div class=\"wp-block-uagb-image uagb-block-a9f8ab9c wp-block-uagb-image--layout-default wp-block-uagb-image--effect-static wp-block-uagb-image--align-none\"><figure class=\"wp-block-uagb-image__figure\"><img decoding=\"async\" src=\"https:\/\/www.wonfulity.com\/wp-content\/uploads\/\u5fae\u4fe1\u56fe\u7247_20240914161030-1024x827.jpg\" alt=\"aire de jeux pour enfants\" class=\"uag-image-11066\" width=\"400\" height=\"300\" title=\"aire de jeux pour enfants\" loading=\"lazy\" role=\"img\" \/><\/figure><\/div>\n\n\n\n<div class=\"wp-block-uagb-image uagb-block-e21af5fb wp-block-uagb-image--layout-default wp-block-uagb-image--effect-static wp-block-uagb-image--align-none\"><figure class=\"wp-block-uagb-image__figure\"><img decoding=\"async\" src=\"https:\/\/www.wonfulity.com\/wp-content\/uploads\/7.webp\" alt=\"Les meilleurs jouets d&#039;escalade Montessori\" class=\"uag-image-11070\" width=\"400\" height=\"300\" title=\"Les meilleurs jouets d&#039;escalade Montessori\" loading=\"lazy\" role=\"img\" \/><\/figure><\/div>\n<\/div>\n\n\n\n<div class=\"wp-block-uagb-container uagb-block-1c90d097\">\n<div class=\"wp-block-uagb-image uagb-block-e676099f wp-block-uagb-image--layout-default wp-block-uagb-image--effect-static wp-block-uagb-image--align-none\"><figure class=\"wp-block-uagb-image__figure\"><img decoding=\"async\" src=\"https:\/\/www.wonfulity.com\/wp-content\/uploads\/\u5fae\u4fe1\u56fe\u7247_20240914161019.jpg\" alt=\"aire de jeux pour enfants\" class=\"uag-image-11069\" width=\"400\" height=\"300\" title=\"aire de jeux pour enfants\" loading=\"lazy\" role=\"img\" \/><\/figure><\/div>\n\n\n\n<div class=\"wp-block-uagb-image uagb-block-8f557fa6 wp-block-uagb-image--layout-default wp-block-uagb-image--effect-static wp-block-uagb-image--align-none\"><figure class=\"wp-block-uagb-image__figure\"><img decoding=\"async\" src=\"https:\/\/www.wonfulity.com\/wp-content\/uploads\/8.webp\" alt=\"Les meilleurs jouets d&#039;escalade Montessori\" class=\"uag-image-11071\" width=\"400\" height=\"300\" title=\"Les meilleurs jouets d&#039;escalade Montessori\" loading=\"lazy\" role=\"img\" \/><\/figure><\/div>\n<\/div>\n\n\n\n<div class=\"wp-block-uagb-container uagb-block-5ed9251a\">\n<div class=\"wp-block-uagb-image uagb-block-ab006938 wp-block-uagb-image--layout-default wp-block-uagb-image--effect-static wp-block-uagb-image--align-none\"><figure class=\"wp-block-uagb-image__figure\"><img decoding=\"async\" src=\"https:\/\/www.wonfulity.com\/wp-content\/uploads\/9.webp\" alt=\"Les meilleurs jouets d&#039;escalade Montessori\" class=\"uag-image-11072\" width=\"400\" height=\"300\" title=\"Les meilleurs jouets d&#039;escalade Montessori\" loading=\"lazy\" role=\"img\" \/><\/figure><\/div>\n\n\n\n<div class=\"wp-block-uagb-image uagb-block-3382ec21 wp-block-uagb-image--layout-default wp-block-uagb-image--effect-static wp-block-uagb-image--align-none\"><figure class=\"wp-block-uagb-image__figure\"><img decoding=\"async\" src=\"https:\/\/www.wonfulity.com\/wp-content\/uploads\/11.webp\" alt=\"Les meilleurs jouets d&#039;escalade Montessori\" class=\"uag-image-11074\" width=\"400\" height=\"300\" title=\"Les meilleurs jouets d&#039;escalade Montessori\" loading=\"lazy\" role=\"img\" \/><\/figure><\/div>\n<\/div>\n<\/div><\/div>\n\n\n\n<p><\/p>","protected":false},"excerpt":{"rendered":"<div class=\"flex max-w-full flex-col flex-grow\">\n<div class=\"min-h-8 text-message flex w-full flex-col items-end gap-2 whitespace-normal break-words [.text-message+&amp;]:mt-5\" dir=\"auto\" data-message-author-role=\"assistant\" data-message-id=\"3aeaa004-2c20-4c2e-ad53-3bd0329387d7\" data-message-model-slug=\"gpt-4o\">\n<div class=\"flex w-full flex-col gap-1 empty:hidden first:pt-[3px]\">\n<div class=\"markdown prose w-full break-words dark:prose-invert light\">\n<p>Notre cadre d'escalade en bois est fabriqu\u00e9 \u00e0 partir de bois de haute qualit\u00e9 provenant de sources durables, con\u00e7u pour r\u00e9sister \u00e0 des ann\u00e9es de jeu actif. Gr\u00e2ce \u00e0 sa construction robuste et \u00e0 ses mat\u00e9riaux r\u00e9sistants aux intemp\u00e9ries, ce cadre d'escalade est con\u00e7u pour supporter diverses conditions environnementales, ce qui le rend parfait pour une utilisation \u00e0 l'int\u00e9rieur comme \u00e0 l'ext\u00e9rieur. La s\u00e9curit\u00e9 est une priorit\u00e9 absolue, avec des bords lisses, des coins arrondis et des finitions non toxiques qui garantissent la tranquillit\u00e9 d'esprit des parents et des personnes en charge des enfants. Id\u00e9al pour les \u00e9coles, les cr\u00e8ches, les parcs ou les magasins, il garantit une exp\u00e9rience s\u00fbre et agr\u00e9able aux enfants \u00e2g\u00e9s de 2 \u00e0 12 ans.<\/p>\n<p>Cette aire de jeux est \u00e9quip\u00e9e de divers \u00e9l\u00e9ments tels que des murs d'escalade, des toboggans, des balan\u00e7oires et des maisons de jeux interactives, offrant aux enfants de multiples fa\u00e7ons de pratiquer une activit\u00e9 physique. La diversit\u00e9 des \u00e9l\u00e9ments de jeu favorise le d\u00e9veloppement physique, tout en encourageant les enfants \u00e0 interagir les uns avec les autres, \u00e0 travailler en \u00e9quipe et \u00e0 communiquer. C'est un choix parfait pour les acheteurs en gros qui cherchent \u00e0 r\u00e9pondre \u00e0 une vari\u00e9t\u00e9 de styles de jeu, ce qui en fait un produit id\u00e9al pour les \u00e9tablissements d'enseignement, les garderies et les centres de loisirs.<\/p>\n<p>Notre cadre d'escalade en bois offre des options de taille, de couleur et de configuration personnalisables pour s'adapter \u00e0 n'importe quel espace ou cadre, qu'il s'agisse d'une petite aire de jeu ou d'un grand parc en plein air. Le cadre d'escalade est livr\u00e9 avec des instructions d'installation compl\u00e8tes et tout le mat\u00e9riel n\u00e9cessaire, ce qui garantit une installation sans probl\u00e8me pour un d\u00e9ploiement rapide dans les magasins ou les espaces commerciaux. Con\u00e7u dans un souci de polyvalence, il peut \u00eatre facilement int\u00e9gr\u00e9 dans diff\u00e9rents environnements, ce qui en fait un compl\u00e9ment attrayant \u00e0 votre gamme de produits.<\/p>\n<p>Vous cherchez des produits assortis ? Consultez nos<strong> <a href=\"https:\/\/www.wonfulity.com\/fr\/produit\/\">produits d'ameublement pour enfants<\/a><\/strong><br \/>Besoin de plus d'options ou d'un devis rapide ? Visitez notre boutique internationale pour les derni\u00e8res collections\uff1a<\/p>\n<ul>\n<li><strong><a href=\"https:\/\/zhizhenmei.en.alibaba.com\/?spm=a2700.29482153.0.0.71d571d2UuhFW4\" target=\"_blank\" rel=\"noopener sponsored\">Magasin international 1<\/a><\/strong><\/li>\n<li><strong><a href=\"https:\/\/caoxianaoyi.en.alibaba.com\/?spm=a2700.29482153.0.0.427c71d26Wtq4L\" target=\"_blank\" rel=\"noopener sponsored\">Magasin international 2<\/a><\/strong><\/li>\n<\/ul>\n<\/div>\n<\/div>\n<\/div>\n<\/div>\n<p>&nbsp;<\/p>","protected":false},"featured_media":11927,"template":"","meta":{"_uag_custom_page_level_css":"","site-sidebar-layout":"default","site-content-layout":"","ast-site-content-layout":"default","site-content-style":"default","site-sidebar-style":"default","ast-global-header-display":"","ast-banner-title-visibility":"","ast-main-header-display":"","ast-hfb-above-header-display":"","ast-hfb-below-header-display":"","ast-hfb-mobile-header-display":"","site-post-title":"","ast-breadcrumbs-content":"","ast-featured-img":"","footer-sml-layout":"","ast-disable-related-posts":"","theme-transparent-header-meta":"","adv-header-id-meta":"","stick-header-meta":"","header-above-stick-meta":"","header-main-stick-meta":"","header-below-stick-meta":"","astra-migrate-meta-layouts":"default","ast-page-background-enabled":"default","ast-page-background-meta":{"desktop":{"background-color":"var(--ast-global-color-4)","background-image":"","background-repeat":"repeat","background-position":"center center","background-size":"auto","background-attachment":"scroll","background-type":"","background-media":"","overlay-type":"","overlay-color":"","overlay-opacity":"","overlay-gradient":""},"tablet":{"background-color":"","background-image":"","background-repeat":"repeat","background-position":"center center","background-size":"auto","background-attachment":"scroll","background-type":"","background-media":"","overlay-type":"","overlay-color":"","overlay-opacity":"","overlay-gradient":""},"mobile":{"background-color":"","background-image":"","background-repeat":"repeat","background-position":"center center","background-size":"auto","background-attachment":"scroll","background-type":"","background-media":"","overlay-type":"","overlay-color":"","overlay-opacity":"","overlay-gradient":""}},"ast-content-background-meta":{"desktop":{"background-color":"var(--ast-global-color-5)","background-image":"","background-repeat":"repeat","background-position":"center center","background-size":"auto","background-attachment":"scroll","background-type":"","background-media":"","overlay-type":"","overlay-color":"","overlay-opacity":"","overlay-gradient":""},"tablet":{"background-color":"var(--ast-global-color-5)","background-image":"","background-repeat":"repeat","background-position":"center center","background-size":"auto","background-attachment":"scroll","background-type":"","background-media":"","overlay-type":"","overlay-color":"","overlay-opacity":"","overlay-gradient":""},"mobile":{"background-color":"var(--ast-global-color-5)","background-image":"","background-repeat":"repeat","background-position":"center center","background-size":"auto","background-attachment":"scroll","background-type":"","background-media":"","overlay-type":"","overlay-color":"","overlay-opacity":"","overlay-gradient":""}}},"product_brand":[],"product_cat":[15,386,388,228,229,230],"product_tag":[],"class_list":{"0":"post-7011","1":"product","2":"type-product","3":"status-publish","4":"has-post-thumbnail","6":"product_cat-all","7":"product_cat-custom-climbing-frames","8":"product_cat-custom-educational-montessori-toys","9":"product_cat-custom-puzzle-games","10":"product_cat-indoor-games-for-family","11":"product_cat-outdoor-games-for-family","12":"desktop-align-left","13":"tablet-align-left","14":"mobile-align-left","15":"ast-product-gallery-layout-horizontal-slider","16":"ast-product-tabs-layout-horizontal","18":"first","19":"instock","20":"shipping-taxable","21":"product-type-simple"},"uagb_featured_image_src":{"full":["https:\/\/www.wonfulity.com\/wp-content\/uploads\/\u672a\u547d\u540d-\u526f\u672c-2.png",600,700,false],"thumbnail":["https:\/\/www.wonfulity.com\/wp-content\/uploads\/\u672a\u547d\u540d-\u526f\u672c-2-150x150.png",150,150,true],"medium":["https:\/\/www.wonfulity.com\/wp-content\/uploads\/\u672a\u547d\u540d-\u526f\u672c-2-257x300.png",257,300,true],"medium_large":["https:\/\/www.wonfulity.com\/wp-content\/uploads\/\u672a\u547d\u540d-\u526f\u672c-2.png",600,700,false],"large":["https:\/\/www.wonfulity.com\/wp-content\/uploads\/\u672a\u547d\u540d-\u526f\u672c-2.png",600,700,false],"1536x1536":["https:\/\/www.wonfulity.com\/wp-content\/uploads\/\u672a\u547d\u540d-\u526f\u672c-2.png",600,700,false],"2048x2048":["https:\/\/www.wonfulity.com\/wp-content\/uploads\/\u672a\u547d\u540d-\u526f\u672c-2.png",600,700,false],"trp-custom-language-flag":["https:\/\/www.wonfulity.com\/wp-content\/uploads\/\u672a\u547d\u540d-\u526f\u672c-2-10x12.png",10,12,true],"woocommerce_thumbnail":["https:\/\/www.wonfulity.com\/wp-content\/uploads\/\u672a\u547d\u540d-\u526f\u672c-2-450x570.png",450,570,true],"woocommerce_single":["https:\/\/www.wonfulity.com\/wp-content\/uploads\/\u672a\u547d\u540d-\u526f\u672c-2.png",600,700,false],"woocommerce_gallery_thumbnail":["https:\/\/www.wonfulity.com\/wp-content\/uploads\/\u672a\u547d\u540d-\u526f\u672c-2-100x100.png",100,100,true]},"uagb_author_info":{"display_name":"Bob","author_link":"https:\/\/www.wonfulity.com\/fr\/blogs\/author\/"},"uagb_comment_info":0,"uagb_excerpt":"Our Wooden Climbing Frame is crafted from high-quality, sustainably sourced wood, designed to withstand years of active play. With its sturdy construction and weather-resistant materials, this Climbing Frame is built to endure various environmental conditions, making it perfect for both indoor and outdoor use. Safety is a top priority, with smooth edges, rounded corners, and\u2026","_links":{"self":[{"href":"https:\/\/www.wonfulity.com\/fr\/wp-json\/wp\/v2\/product\/7011","targetHints":{"allow":["GET"]}}],"collection":[{"href":"https:\/\/www.wonfulity.com\/fr\/wp-json\/wp\/v2\/product"}],"about":[{"href":"https:\/\/www.wonfulity.com\/fr\/wp-json\/wp\/v2\/types\/product"}],"wp:featuredmedia":[{"embeddable":true,"href":"https:\/\/www.wonfulity.com\/fr\/wp-json\/wp\/v2\/media\/11927"}],"wp:attachment":[{"href":"https:\/\/www.wonfulity.com\/fr\/wp-json\/wp\/v2\/media?parent=7011"}],"wp:term":[{"taxonomy":"product_brand","embeddable":true,"href":"https:\/\/www.wonfulity.com\/fr\/wp-json\/wp\/v2\/product_brand?post=7011"},{"taxonomy":"product_cat","embeddable":true,"href":"https:\/\/www.wonfulity.com\/fr\/wp-json\/wp\/v2\/product_cat?post=7011"},{"taxonomy":"product_tag","embeddable":true,"href":"https:\/\/www.wonfulity.com\/fr\/wp-json\/wp\/v2\/product_tag?post=7011"}],"curies":[{"name":"wp","href":"https:\/\/api.w.org\/{rel}","templated":true}]}}