{"id":11683,"date":"2024-12-10T08:48:00","date_gmt":"2024-12-10T00:48:00","guid":{"rendered":"https:\/\/www.wonfulity.com\/?post_type=product&#038;p=11683"},"modified":"2024-12-10T11:55:30","modified_gmt":"2024-12-10T03:55:30","slug":"wooden-educational-toys-learning","status":"publish","type":"product","link":"https:\/\/www.wonfulity.com\/it\/prodotto\/giocattoli-educativi-in-legno-per-lapprendimento\/","title":{"rendered":"giocattoli educativi in legno per l'apprendimento top 5"},"content":{"rendered":"<div class=\"wp-block-uagb-container uagb-block-d15b9ca3 alignfull uagb-is-root-container\"><div class=\"uagb-container-inner-blocks-wrap\">\n<div class=\"wp-block-uagb-container uagb-block-f7df6427\">\n<div class=\"wp-block-uagb-container uagb-block-9455ef5b\">\n<div class=\"wp-block-uagb-info-box uagb-block-d4df3463 uagb-infobox__content-wrap  uagb-infobox-icon-above-title uagb-infobox-image-valign-top\"><div class=\"uagb-ifb-content\"><div class=\"uagb-ifb-title-wrap\"><h4 class=\"uagb-ifb-title\"><strong>Classico gioco a griglia<\/strong><p class=\"MsoNormal\" style=\"margin-top:6.0000pt;margin-right:0.0000pt;margin-bottom:0.0000pt;margin-left:36.0000pt;text-indent:-18.0000pt;padding:0pt 0pt 0pt 0pt\"><span style=\"font-family:Calibri;font-size:10.5000pt\"><\/span><\/p><\/h4><\/div><p class=\"uagb-ifb-desc\">Il gioco a griglia Classic presenta diverse caratteristiche degne di nota. In primo luogo, presenta un layout a griglia semplice e chiaro, di facile comprensione per i bambini. In secondo luogo, promuove il pensiero logico e la pianificazione strategica, poich\u00e9 i giocatori devono fare mosse intelligenti. Inoltre, il gioco educativo in legno per l'apprendimento \u00e8 realizzato con materiali durevoli e di alta qualit\u00e0, che garantiscono un utilizzo a lungo termine. Offre un'esperienza di gioco coinvolgente ed educativa.<\/p><\/div><\/div>\n<\/div>\n\n\n\n<div class=\"wp-block-uagb-info-box uagb-block-845cd917 uagb-infobox__content-wrap  uagb-infobox-icon-above-title uagb-infobox-image-valign-top\"><div class=\"uagb-ifb-content\"><div class=\"uagb-ifb-title-wrap\"><h4 class=\"uagb-ifb-title\"><strong>Sviluppo cognitivo<\/strong><\/h4><\/div><p class=\"uagb-ifb-desc\">Giocare con le nostre scacchiere in legno \u00e8 come allenare il cervello di un bambino. Rafforza la memoria, acuisce la concentrazione e affina la capacit\u00e0 di risolvere i problemi.<br>Giocattoli educativi in legno che imparano, attraverso il flusso e riflusso del gioco, a coltivare la pazienza e l'autodisciplina.<\/p><\/div><\/div>\n\n\n\n<div class=\"wp-block-uagb-container uagb-block-a256468b\">\n<div class=\"wp-block-uagb-info-box uagb-block-28834539 uagb-infobox__content-wrap  uagb-infobox-icon-above-title uagb-infobox-image-valign-top\"><div class=\"uagb-ifb-content\"><div class=\"uagb-ifb-title-wrap\"><h4 class=\"uagb-ifb-title\"><br><strong><strong>Perfetto per la produzione e la personalizzazione B2B<\/strong><\/strong><\/h4><\/div><p class=\"uagb-ifb-desc\">Questo set di giocattoli educativi in legno per l'apprendimento \u00e8 una scelta eccellente per i clienti B2B che desiderano investire in mobili per bambini per istituti scolastici, spazi commerciali o asili nido. Grazie alle opzioni di personalizzazione disponibili, questo set pu\u00f2 essere adattato alle specifiche esigenze aziendali, compresi colore, marchio e confezione. Le aziende possono ordinare in blocco e approfittare dei nostri efficienti processi di spedizione e di controllo della qualit\u00e0 per soddisfare la domanda.<\/p><\/div><\/div>\n<\/div>\n<\/div>\n\n\n\n<div class=\"wp-block-uagb-container uagb-block-07bfc131\">\n<div class=\"wp-block-uagb-image uagb-block-b4bb948c wp-block-uagb-image--layout-default wp-block-uagb-image--effect-static wp-block-uagb-image--align-none alignleft\"><figure class=\"wp-block-uagb-image__figure\"><img decoding=\"async\" srcset=\"https:\/\/www.wonfulity.com\/wp-content\/uploads\/0a7aa12a-7594-4c65-ae66-a5a9364a7ce6.jpg ,https:\/\/www.wonfulity.com\/wp-content\/uploads\/0a7aa12a-7594-4c65-ae66-a5a9364a7ce6.jpg 780w, https:\/\/www.wonfulity.com\/wp-content\/uploads\/0a7aa12a-7594-4c65-ae66-a5a9364a7ce6.jpg 360w\" sizes=\"auto, (max-width: 480px) 150px\" src=\"https:\/\/www.wonfulity.com\/wp-content\/uploads\/0a7aa12a-7594-4c65-ae66-a5a9364a7ce6.jpg\" alt=\"\" class=\"uag-image-11699\" width=\"600\" height=\"700\" title=\"0a7aa12a-7594-4c65-ae66-a5a9364a7ce6\" loading=\"lazy\" role=\"img\"><\/figure><\/div>\n<\/div>\n<\/div><\/div>\n\n\n\n<div class=\"wp-block-uagb-container uagb-block-942c266d alignfull uagb-is-root-container\"><div class=\"uagb-container-inner-blocks-wrap\">\n<div class=\"wp-block-uagb-container uagb-block-cdfbwk39\">\n<div class=\"wp-block-uagb-container uagb-block-taa9jvn9\"><\/div>\n\n\n\n<div class=\"wp-block-uagb-container uagb-block-e6uqhnjy\">\n<div class=\"wp-block-uagb-info-box uagb-block-sm9wy83a uagb-infobox__content-wrap  uagb-infobox-icon-above-title uagb-infobox-image-valign-top\"><div class=\"uagb-ifb-content\"><div class=\"uagb-ifb-title-wrap\"><h4 class=\"uagb-ifb-title\">Articolo<\/h4><\/div><\/div><\/div>\n<\/div>\n\n\n\n<div class=\"wp-block-uagb-container uagb-block-xdtgxgj6\">\n<div class=\"wp-block-uagb-info-box uagb-block-c04bcb41 uagb-infobox__content-wrap  uagb-infobox-icon-above-title uagb-infobox-image-valign-top\"><div class=\"uagb-ifb-content\"><div class=\"uagb-ifb-title-wrap\"><h4 class=\"uagb-ifb-title\">Desc<\/h4><\/div><\/div><\/div>\n<\/div>\n<\/div>\n\n\n\n<div class=\"wp-block-uagb-container uagb-block-720573f4\">\n<div class=\"wp-block-uagb-container uagb-block-d006e6eb\">\n<div class=\"wp-block-uagb-info-box uagb-block-a92ede72 uagb-infobox__content-wrap  uagb-infobox-icon-above-title uagb-infobox-image-valign-top\"><div class=\"uagb-ifb-content\"><div class=\"uagb-ifb-title-wrap\"><p class=\"uagb-ifb-title-prefix\">01<\/p><\/div><\/div><\/div>\n<\/div>\n\n\n\n<div class=\"wp-block-uagb-container uagb-block-32771033\">\n<div class=\"wp-block-uagb-info-box uagb-block-aaee5390 uagb-infobox__content-wrap  uagb-infobox-icon-above-title uagb-infobox-image-valign-top\"><div class=\"uagb-ifb-content\"><div class=\"uagb-ifb-title-wrap\"><h4 class=\"uagb-ifb-title\"><strong>Legno resistente ed ecologico<\/strong><\/h4><\/div><\/div><\/div>\n<\/div>\n\n\n\n<div class=\"wp-block-uagb-container uagb-block-d985a046\">\n<div class=\"wp-block-uagb-info-box uagb-block-2b0922dc uagb-infobox__content-wrap  uagb-infobox-icon-above-title uagb-infobox-image-valign-top\"><div class=\"uagb-ifb-content\"><div class=\"uagb-ifb-title-wrap\"><p class=\"uagb-ifb-title\">Questo giocattolo educativo in legno sembra essere fatto di legno. La texture del legno aggiunge un tocco di calore e di eleganza classica, trasformando questi giocattoli non solo in strumenti educativi ma anche in affascinanti oggetti decorativi.<\/p><\/div><\/div><\/div>\n<\/div>\n<\/div>\n\n\n\n<div class=\"wp-block-uagb-container uagb-block-95a6e317\">\n<div class=\"wp-block-uagb-container uagb-block-2e70f36a\">\n<div class=\"wp-block-uagb-info-box uagb-block-8efb1163 uagb-infobox__content-wrap  uagb-infobox-icon-above-title uagb-infobox-image-valign-top\"><div class=\"uagb-ifb-content\"><div class=\"uagb-ifb-title-wrap\"><p class=\"uagb-ifb-title-prefix\">02<\/p><\/div><\/div><\/div>\n<\/div>\n\n\n\n<div class=\"wp-block-uagb-container uagb-block-c25bc4e9\">\n<div class=\"wp-block-uagb-info-box uagb-block-8e5653f6 uagb-infobox__content-wrap  uagb-infobox-icon-above-title uagb-infobox-image-valign-top\"><div class=\"uagb-ifb-content\"><div class=\"uagb-ifb-title-wrap\"><h4 class=\"uagb-ifb-title\"><strong>Estetica e didattica<\/strong><p class=\"MsoNormal\" style=\"margin-top:6.0000pt;margin-right:0.0000pt;margin-bottom:0.0000pt;margin-left:36.0000pt;text-indent:-18.0000pt;padding:0pt 0pt 0pt 0pt\"><span style=\"font-family:Calibri;font-size:10.5000pt\"><\/span><\/p><\/h4><\/div><\/div><\/div>\n<\/div>\n\n\n\n<div class=\"wp-block-uagb-container uagb-block-e4b73fff\">\n<p>I nostri giochi per l'apprendimento con scacchiere in legno sono multifunzionali, progettati per soddisfare sia le esigenze educative che quelle ludiche. Impegnandosi con questi giocattoli, i bambini possono imparare a sezionare le situazioni, ad anticipare le mosse degli avversari e a prendere decisioni ponderate, abilit\u00e0 fondamentali per la matematica e la vita quotidiana.<\/p>\n<\/div>\n<\/div>\n\n\n\n<div class=\"wp-block-uagb-container uagb-block-00d46b71\">\n<div class=\"wp-block-uagb-container uagb-block-63be2ee0\">\n<div class=\"wp-block-uagb-info-box uagb-block-86f40bc4 uagb-infobox__content-wrap  uagb-infobox-icon-above-title uagb-infobox-image-valign-top\"><div class=\"uagb-ifb-content\"><div class=\"uagb-ifb-title-wrap\"><p class=\"uagb-ifb-title-prefix\">03<\/p><\/div><\/div><\/div>\n<\/div>\n\n\n\n<div class=\"wp-block-uagb-container uagb-block-f9a9ed48\">\n<div class=\"wp-block-uagb-info-box uagb-block-a01a3038 uagb-infobox__content-wrap  uagb-infobox-icon-above-title uagb-infobox-image-valign-top\"><div class=\"uagb-ifb-content\"><div class=\"uagb-ifb-title-wrap\"><h4 class=\"uagb-ifb-title\"><strong>Facile montaggio e manutenzione<\/strong><\/h4><\/div><\/div><\/div>\n<\/div>\n\n\n\n<div class=\"wp-block-uagb-container uagb-block-ea615933\">\n<p>I giocattoli educativi in legno per l'apprendimento<strong> <\/strong>Il classico gioco a griglia \u00e8 estremamente comodo da montare. Viene fornito con parti chiaramente contrassegnate e istruzioni semplici. I componenti sono progettati per incastrarsi perfettamente, senza bisogno di attrezzi speciali. Anche i bambini possono assemblarlo facilmente con la minima supervisione di un adulto. Questa facilit\u00e0 di assemblaggio consente una rapida messa a punto, permettendo agli utenti di iniziare a giocare e divertirsi in pochissimo tempo.<\/p>\n<\/div>\n<\/div>\n<\/div><\/div>\n\n\n\n<div class=\"wp-block-uagb-container uagb-block-10733882 alignfull uagb-is-root-container\"><div class=\"uagb-container-inner-blocks-wrap\">\n<div class=\"wp-block-uagb-container uagb-block-a3ecce27\">\n<div class=\"wp-block-uagb-image uagb-block-a9f8ab9c wp-block-uagb-image--layout-default wp-block-uagb-image--effect-static wp-block-uagb-image--align-none\"><figure class=\"wp-block-uagb-image__figure\"><img decoding=\"async\" srcset=\"https:\/\/www.wonfulity.com\/wp-content\/uploads\/Cao-County-Runwan-Crafts-Co-Ltd-1.webp ,https:\/\/www.wonfulity.com\/wp-content\/uploads\/Cao-County-Runwan-Crafts-Co-Ltd-1.webp 780w, https:\/\/www.wonfulity.com\/wp-content\/uploads\/Cao-County-Runwan-Crafts-Co-Ltd-1.webp 360w\" sizes=\"auto, (max-width: 480px) 150px\" src=\"https:\/\/www.wonfulity.com\/wp-content\/uploads\/Cao-County-Runwan-Crafts-Co-Ltd-1.webp\" alt=\"fabbrica di legno\" class=\"uag-image-11115\" width=\"400\" height=\"300\" title=\"fabbrica di legno\" loading=\"lazy\" role=\"img\"\/><\/figure><\/div>\n\n\n\n<div class=\"wp-block-uagb-image uagb-block-e21af5fb wp-block-uagb-image--layout-default wp-block-uagb-image--effect-static wp-block-uagb-image--align-none\"><figure class=\"wp-block-uagb-image__figure\"><img decoding=\"async\" srcset=\"https:\/\/www.wonfulity.com\/wp-content\/uploads\/10-3-1024x640.png ,https:\/\/www.wonfulity.com\/wp-content\/uploads\/10-3.png 780w, https:\/\/www.wonfulity.com\/wp-content\/uploads\/10-3.png 360w\" sizes=\"auto, (max-width: 480px) 150px\" src=\"https:\/\/www.wonfulity.com\/wp-content\/uploads\/10-3-1024x640.png\" alt=\"fabbrica di legno\" class=\"uag-image-10974\" width=\"400\" height=\"300\" title=\"fabbrica di legno\" loading=\"lazy\" role=\"img\"\/><\/figure><\/div>\n<\/div>\n\n\n\n<div class=\"wp-block-uagb-container uagb-block-1c90d097\">\n<div class=\"wp-block-uagb-image uagb-block-e676099f wp-block-uagb-image--layout-default wp-block-uagb-image--effect-static wp-block-uagb-image--align-none\"><figure class=\"wp-block-uagb-image__figure\"><img decoding=\"async\" srcset=\"https:\/\/www.wonfulity.com\/wp-content\/uploads\/13.png ,https:\/\/www.wonfulity.com\/wp-content\/uploads\/13.png 780w, https:\/\/www.wonfulity.com\/wp-content\/uploads\/13.png 360w\" sizes=\"auto, (max-width: 480px) 150px\" src=\"https:\/\/www.wonfulity.com\/wp-content\/uploads\/13.png\" alt=\"fabbrica di legno\" class=\"uag-image-10941\" width=\"400\" height=\"300\" title=\"fabbrica di legno\" loading=\"lazy\" role=\"img\"\/><\/figure><\/div>\n\n\n\n<div class=\"wp-block-uagb-image uagb-block-8f557fa6 wp-block-uagb-image--layout-default wp-block-uagb-image--effect-static wp-block-uagb-image--align-none\"><figure class=\"wp-block-uagb-image__figure\"><img decoding=\"async\" srcset=\"https:\/\/www.wonfulity.com\/wp-content\/uploads\/Cao-County-Runwan-Crafts-Co-Ltd-.webp ,https:\/\/www.wonfulity.com\/wp-content\/uploads\/Cao-County-Runwan-Crafts-Co-Ltd-.webp 780w, https:\/\/www.wonfulity.com\/wp-content\/uploads\/Cao-County-Runwan-Crafts-Co-Ltd-.webp 360w\" sizes=\"auto, (max-width: 480px) 150px\" src=\"https:\/\/www.wonfulity.com\/wp-content\/uploads\/Cao-County-Runwan-Crafts-Co-Ltd-.webp\" alt=\"fabbrica di legno\" class=\"uag-image-11116\" width=\"400\" height=\"300\" title=\"fabbrica di legno\" loading=\"lazy\" role=\"img\"\/><\/figure><\/div>\n<\/div>\n\n\n\n<div class=\"wp-block-uagb-container uagb-block-5ed9251a\">\n<div class=\"wp-block-uagb-image uagb-block-ab006938 wp-block-uagb-image--layout-default wp-block-uagb-image--effect-static wp-block-uagb-image--align-none\"><figure class=\"wp-block-uagb-image__figure\"><img decoding=\"async\" srcset=\"https:\/\/www.wonfulity.com\/wp-content\/uploads\/19.png ,https:\/\/www.wonfulity.com\/wp-content\/uploads\/19.png 780w, https:\/\/www.wonfulity.com\/wp-content\/uploads\/19.png 360w\" sizes=\"auto, (max-width: 480px) 150px\" src=\"https:\/\/www.wonfulity.com\/wp-content\/uploads\/19.png\" alt=\"fabbrica di legno\" class=\"uag-image-10947\" width=\"400\" height=\"300\" title=\"fabbrica di legno\" loading=\"lazy\" role=\"img\"\/><\/figure><\/div>\n\n\n\n<div class=\"wp-block-uagb-image uagb-block-3382ec21 wp-block-uagb-image--layout-default wp-block-uagb-image--effect-static wp-block-uagb-image--align-none\"><figure class=\"wp-block-uagb-image__figure\"><img decoding=\"async\" srcset=\"https:\/\/www.wonfulity.com\/wp-content\/uploads\/\u672a\u547d\u540d\u7684\u8bbe\u8ba1-21.png ,https:\/\/www.wonfulity.com\/wp-content\/uploads\/\u672a\u547d\u540d\u7684\u8bbe\u8ba1-21.png 780w, https:\/\/www.wonfulity.com\/wp-content\/uploads\/\u672a\u547d\u540d\u7684\u8bbe\u8ba1-21.png 360w\" sizes=\"auto, (max-width: 480px) 150px\" src=\"https:\/\/www.wonfulity.com\/wp-content\/uploads\/\u672a\u547d\u540d\u7684\u8bbe\u8ba1-21.png\" alt=\"fabbrica di legno\" class=\"uag-image-11118\" width=\"400\" height=\"300\" title=\"fabbrica di legno\" loading=\"lazy\" role=\"img\"\/><\/figure><\/div>\n<\/div>\n<\/div><\/div>\n\n\n\n<p><font><\/font><\/p>\n\n\n\n<p><font><\/font><\/p>","protected":false},"excerpt":{"rendered":"<p>Giocattoli educativi in legno per l'apprendimento <strong>Classico gioco a griglia<\/strong><strong>\u00a0<\/strong>sono eccezionali ausili educativi. Il layout della scacchiera funge da catalizzatore per promuovere il pensiero logico e la pianificazione strategica nei bambini. Inoltre, questi giocattoli offrono una piacevole esperienza ricreativa. Rappresentano un'alternativa coinvolgente al tempo trascorso sullo schermo, consentendo ai bambini di trascorrere le ore di svago in modo pi\u00f9 significativo. La struttura della scacchiera e il movimento dei pezzi offrono ai bambini un'opportunit\u00e0 unica di cogliere le relazioni spaziali, fornendo una solida base per materie come la geometria.<\/p>\n<p>Siamo orgogliosi della qualit\u00e0 superiore dei nostri materiali. I nostri giocattoli sono realizzati in legno naturale, che non solo rispetta l'ambiente ma garantisce anche la sicurezza dei bambini. Il legno viene selezionato e lavorato meticolosamente per garantire superfici lisce e una lunga durata. Le tavole di legno sono realizzate con materiali non tossici, eliminando cos\u00ec ogni potenziale danno anche nell'improbabile caso di ingestione accidentale.I giocattoli educativi in legno per l'apprendimento sono dotati di parti chiaramente contrassegnate e di istruzioni semplici. Il classico gioco della griglia \u00e8 un'ottima scelta educativa per i bambini. Con un semplice design a griglia, promuove il pensiero logico. Realizzato con materiali di alta qualit\u00e0. \u00c8 anche incredibilmente facile da assemblare. Non sono necessari attrezzi speciali. Si installa rapidamente per ore di divertimento e apprendimento.<\/p>\n<p>In conclusione, le nostre scacchiere in legno per l'apprendimento sono un investimento intelligente e prezioso per i clienti finali. Essi combinano perfettamente benefici educativi, valore di intrattenimento e materiali di alta qualit\u00e0. Scegliendo i nostri prodotti, si dotano i bambini di un potente strumento di crescita intellettuale ed emotiva, garantendo al contempo la loro sicurezza e la durata del prodotto.<\/p>\n<p>Cercate prodotti coordinati? Visualizza i nostri<strong> <a href=\"https:\/\/www.wonfulity.com\/it\/prodotto\/\">prodotti di arredamento per bambini<\/a><\/strong><br \/>Avete bisogno di altre opzioni o di un preventivo veloce? Consultate il nostro negozio internazionale per le ultime collezioni\uff1a.<\/p>\n<ul>\n<li><strong><a href=\"https:\/\/zhizhenmei.en.alibaba.com\/?spm=a2700.29482153.0.0.71d571d2UuhFW4\" target=\"_blank\" rel=\"noopener sponsored\">Negozio internazionale 1<\/a><\/strong><\/li>\n<li><strong><a href=\"https:\/\/caoxianaoyi.en.alibaba.com\/?spm=a2700.29482153.0.0.427c71d26Wtq4L\" target=\"_blank\" rel=\"noopener sponsored\">Negozio internazionale 2<\/a><\/strong><\/li>\n<\/ul>","protected":false},"featured_media":11985,"template":"","meta":{"_uag_custom_page_level_css":"","site-sidebar-layout":"default","site-content-layout":"","ast-site-content-layout":"default","site-content-style":"default","site-sidebar-style":"default","ast-global-header-display":"","ast-banner-title-visibility":"","ast-main-header-display":"","ast-hfb-above-header-display":"","ast-hfb-below-header-display":"","ast-hfb-mobile-header-display":"","site-post-title":"","ast-breadcrumbs-content":"","ast-featured-img":"","footer-sml-layout":"","ast-disable-related-posts":"","theme-transparent-header-meta":"","adv-header-id-meta":"","stick-header-meta":"","header-above-stick-meta":"","header-main-stick-meta":"","header-below-stick-meta":"","astra-migrate-meta-layouts":"default","ast-page-background-enabled":"default","ast-page-background-meta":{"desktop":{"background-color":"var(--ast-global-color-4)","background-image":"","background-repeat":"repeat","background-position":"center center","background-size":"auto","background-attachment":"scroll","background-type":"","background-media":"","overlay-type":"","overlay-color":"","overlay-opacity":"","overlay-gradient":""},"tablet":{"background-color":"","background-image":"","background-repeat":"repeat","background-position":"center center","background-size":"auto","background-attachment":"scroll","background-type":"","background-media":"","overlay-type":"","overlay-color":"","overlay-opacity":"","overlay-gradient":""},"mobile":{"background-color":"","background-image":"","background-repeat":"repeat","background-position":"center center","background-size":"auto","background-attachment":"scroll","background-type":"","background-media":"","overlay-type":"","overlay-color":"","overlay-opacity":"","overlay-gradient":""}},"ast-content-background-meta":{"desktop":{"background-color":"var(--ast-global-color-5)","background-image":"","background-repeat":"repeat","background-position":"center center","background-size":"auto","background-attachment":"scroll","background-type":"","background-media":"","overlay-type":"","overlay-color":"","overlay-opacity":"","overlay-gradient":""},"tablet":{"background-color":"var(--ast-global-color-5)","background-image":"","background-repeat":"repeat","background-position":"center center","background-size":"auto","background-attachment":"scroll","background-type":"","background-media":"","overlay-type":"","overlay-color":"","overlay-opacity":"","overlay-gradient":""},"mobile":{"background-color":"var(--ast-global-color-5)","background-image":"","background-repeat":"repeat","background-position":"center center","background-size":"auto","background-attachment":"scroll","background-type":"","background-media":"","overlay-type":"","overlay-color":"","overlay-opacity":"","overlay-gradient":""}}},"product_brand":[],"product_cat":[15,388,411],"product_tag":[],"class_list":{"0":"post-11683","1":"product","2":"type-product","3":"status-publish","4":"has-post-thumbnail","6":"product_cat-all","7":"product_cat-custom-educational-montessori-toys","8":"product_cat-wooden-learning-toys","9":"desktop-align-left","10":"tablet-align-left","11":"mobile-align-left","12":"ast-product-gallery-layout-horizontal-slider","13":"ast-product-tabs-layout-horizontal","15":"first","16":"instock","17":"shipping-taxable","18":"product-type-simple"},"uagb_featured_image_src":{"full":["https:\/\/www.wonfulity.com\/wp-content\/uploads\/8-12.png",600,700,false],"thumbnail":["https:\/\/www.wonfulity.com\/wp-content\/uploads\/8-12-150x150.png",150,150,true],"medium":["https:\/\/www.wonfulity.com\/wp-content\/uploads\/8-12-257x300.png",257,300,true],"medium_large":["https:\/\/www.wonfulity.com\/wp-content\/uploads\/8-12.png",600,700,false],"large":["https:\/\/www.wonfulity.com\/wp-content\/uploads\/8-12.png",600,700,false],"1536x1536":["https:\/\/www.wonfulity.com\/wp-content\/uploads\/8-12.png",600,700,false],"2048x2048":["https:\/\/www.wonfulity.com\/wp-content\/uploads\/8-12.png",600,700,false],"trp-custom-language-flag":["https:\/\/www.wonfulity.com\/wp-content\/uploads\/8-12-10x12.png",10,12,true],"woocommerce_thumbnail":["https:\/\/www.wonfulity.com\/wp-content\/uploads\/8-12-450x570.png",450,570,true],"woocommerce_single":["https:\/\/www.wonfulity.com\/wp-content\/uploads\/8-12.png",600,700,false],"woocommerce_gallery_thumbnail":["https:\/\/www.wonfulity.com\/wp-content\/uploads\/8-12-100x100.png",100,100,true]},"uagb_author_info":{"display_name":"caijinyue","author_link":"https:\/\/www.wonfulity.com\/it\/blogs\/author\/"},"uagb_comment_info":0,"uagb_excerpt":"Wooden educational toys learning Classic grid game\u00a0are outstanding educational aids. The chessboard layout acts as a catalyst for fostering logical thinking and strategic planning in children.Moreover, these toys offer a delightful recreational experience. They provide an engaging alternative to screen - time for kids, allowing them to enjoy their leisure hours in a more meaningful&hellip;","_links":{"self":[{"href":"https:\/\/www.wonfulity.com\/it\/wp-json\/wp\/v2\/product\/11683","targetHints":{"allow":["GET"]}}],"collection":[{"href":"https:\/\/www.wonfulity.com\/it\/wp-json\/wp\/v2\/product"}],"about":[{"href":"https:\/\/www.wonfulity.com\/it\/wp-json\/wp\/v2\/types\/product"}],"wp:featuredmedia":[{"embeddable":true,"href":"https:\/\/www.wonfulity.com\/it\/wp-json\/wp\/v2\/media\/11985"}],"wp:attachment":[{"href":"https:\/\/www.wonfulity.com\/it\/wp-json\/wp\/v2\/media?parent=11683"}],"wp:term":[{"taxonomy":"product_brand","embeddable":true,"href":"https:\/\/www.wonfulity.com\/it\/wp-json\/wp\/v2\/product_brand?post=11683"},{"taxonomy":"product_cat","embeddable":true,"href":"https:\/\/www.wonfulity.com\/it\/wp-json\/wp\/v2\/product_cat?post=11683"},{"taxonomy":"product_tag","embeddable":true,"href":"https:\/\/www.wonfulity.com\/it\/wp-json\/wp\/v2\/product_tag?post=11683"}],"curies":[{"name":"wp","href":"https:\/\/api.w.org\/{rel}","templated":true}]}}