{"id":6986,"date":"2024-04-18T11:02:35","date_gmt":"2024-04-18T03:02:35","guid":{"rendered":"https:\/\/wonfulity.com\/?post_type=product&#038;p=6986"},"modified":"2024-12-04T10:51:56","modified_gmt":"2024-12-04T02:51:56","slug":"folding-kitchen-auxiliary-tower","status":"publish","type":"product","link":"https:\/\/www.wonfulity.com\/it\/prodotto\/torre-ausiliaria-per-cucina-pieghevole\/","title":{"rendered":"La migliore torre di apprendimento pieghevole in legno pieghevole e pieghevole per la cucina."},"content":{"rendered":"<div class=\"wp-block-uagb-container uagb-block-d15b9ca3 alignfull uagb-is-root-container\"><div class=\"uagb-container-inner-blocks-wrap\">\n<div class=\"wp-block-uagb-container uagb-block-f7df6427\">\n<div class=\"wp-block-uagb-container uagb-block-9455ef5b\">\n<div class=\"wp-block-uagb-info-box uagb-block-d4df3463 uagb-infobox__content-wrap  uagb-infobox-icon-above-title uagb-infobox-image-valign-top\"><div class=\"uagb-ifb-content\"><div class=\"uagb-ifb-title-wrap\"><h4 class=\"uagb-ifb-title\">Standard di qualit\u00e0 e sicurezza premium<\/h4><\/div><p class=\"uagb-ifb-desc\">In qualit\u00e0 di produttori, garantiamo che la torre ausiliaria da cucina pieghevole soddisfi i pi\u00f9 elevati standard di sicurezza e qualit\u00e0. Realizzata in compensato resistente e di alta qualit\u00e0 e sigillata con vernice a base d'acqua senza BPA, \u00e8 atossica e priva di piombo. Il design con angoli arrotondati aumenta ulteriormente la sicurezza dei bambini, rendendola una scelta ideale per i grossisti e i rivenditori che si rivolgono alle famiglie.<\/p><\/div><\/div>\n<\/div>\n\n\n\n<div class=\"wp-block-uagb-container uagb-block-7da49d73\">\n<div class=\"wp-block-uagb-info-box uagb-block-845cd917 uagb-infobox__content-wrap  uagb-infobox-icon-above-title uagb-infobox-image-valign-top\"><div class=\"uagb-ifb-content\"><div class=\"uagb-ifb-title-wrap\"><h4 class=\"uagb-ifb-title\">Design intelligente per un uso pratico<\/h4><\/div><p class=\"uagb-ifb-desc\">Questo prodotto \u00e8 caratterizzato da un design pieghevole, perfetto per i clienti attenti allo spazio, sia in cucine piccole che in appartamenti. Con quattro stabilizzatori laterali rimovibili e un supporto per la schiena, la torre offre una stabilit\u00e0 senza pari durante l'uso. La sua struttura compatta e facile da riporre \u00e8 un punto di forza per i clienti che danno priorit\u00e0 alla funzionalit\u00e0 e alla convenienza.<\/p><\/div><\/div>\n<\/div>\n\n\n\n<div class=\"wp-block-uagb-container uagb-block-a256468b\">\n<div class=\"wp-block-uagb-info-box uagb-block-28834539 uagb-infobox__content-wrap  uagb-infobox-icon-above-title uagb-infobox-image-valign-top\"><div class=\"uagb-ifb-content\"><div class=\"uagb-ifb-title-wrap\"><h4 class=\"uagb-ifb-title\">Fornitura affidabile per mercati in crescita<\/h4><\/div><p class=\"uagb-ifb-desc\">La nostra fabbrica garantisce una fornitura e una qualit\u00e0 costanti, rendendo questa versatile torre da cucina una solida aggiunta alla vostra gamma di prodotti. Progettata per soddisfare le esigenze delle famiglie in crescita, \u00e8 adatta alle attivit\u00e0 dei bambini pur rimanendo multifunzionale per un uso a lungo termine. I rivenditori possono commercializzarla come soluzione per l'apprendimento dei bambini, la sicurezza e la funzionalit\u00e0 salvaspazio, mentre i grossisti possono beneficiare delle opzioni di personalizzazione degli ordini all'ingrosso.<\/p><\/div><\/div>\n<\/div>\n<\/div>\n\n\n\n<div class=\"wp-block-uagb-container uagb-block-07bfc131\">\n<div class=\"wp-block-uagb-image aligncenter uagb-block-b335808d wp-block-uagb-image--layout-default wp-block-uagb-image--effect-static wp-block-uagb-image--align-center alignleft\"><figure class=\"wp-block-uagb-image__figure\"><img decoding=\"async\" src=\"https:\/\/www.wonfulity.com\/wp-content\/uploads\/4-26.png\" alt=\"Sgabello a torre per bambini in legno per la cucina - Design di ispirazione montessoriana\" class=\"uag-image-11916\" width=\"556\" height=\"740\" title=\"Sgabello a torre per bambini in legno per la cucina - Design di ispirazione montessoriana\" loading=\"lazy\" role=\"img\" \/><\/figure><\/div>\n<\/div>\n<\/div><\/div>\n\n\n\n<div class=\"wp-block-uagb-container uagb-block-942c266d alignfull uagb-is-root-container\"><div class=\"uagb-container-inner-blocks-wrap\">\n<div class=\"wp-block-uagb-container uagb-block-cdfbwk39\">\n<div class=\"wp-block-uagb-container uagb-block-taa9jvn9\"><\/div>\n\n\n\n<div class=\"wp-block-uagb-container uagb-block-e6uqhnjy\">\n<div class=\"wp-block-uagb-info-box uagb-block-sm9wy83a uagb-infobox__content-wrap  uagb-infobox-icon-above-title uagb-infobox-image-valign-top\"><div class=\"uagb-ifb-content\"><div class=\"uagb-ifb-title-wrap\"><h4 class=\"uagb-ifb-title\">Articolo<\/h4><\/div><\/div><\/div>\n<\/div>\n\n\n\n<div class=\"wp-block-uagb-container uagb-block-xdtgxgj6\">\n<div class=\"wp-block-uagb-info-box uagb-block-c04bcb41 uagb-infobox__content-wrap  uagb-infobox-icon-above-title uagb-infobox-image-valign-top\"><div class=\"uagb-ifb-content\"><div class=\"uagb-ifb-title-wrap\"><h4 class=\"uagb-ifb-title\">Desc<\/h4><\/div><\/div><\/div>\n<\/div>\n<\/div>\n\n\n\n<div class=\"wp-block-uagb-container uagb-block-720573f4\">\n<div class=\"wp-block-uagb-container uagb-block-d006e6eb\">\n<div class=\"wp-block-uagb-info-box uagb-block-a92ede72 uagb-infobox__content-wrap  uagb-infobox-icon-above-title uagb-infobox-image-valign-top\"><div class=\"uagb-ifb-content\"><div class=\"uagb-ifb-title-wrap\"><p class=\"uagb-ifb-title-prefix\">01<\/p><\/div><\/div><\/div>\n<\/div>\n\n\n\n<div class=\"wp-block-uagb-container uagb-block-32771033\">\n<div class=\"wp-block-uagb-info-box uagb-block-aaee5390 uagb-infobox__content-wrap  uagb-infobox-icon-above-title uagb-infobox-image-valign-top\"><div class=\"uagb-ifb-content\"><div class=\"uagb-ifb-title-wrap\"><h4 class=\"uagb-ifb-title\"><strong>Materiale e sicurezza<\/strong><\/h4><\/div><\/div><\/div>\n<\/div>\n\n\n\n<div class=\"wp-block-uagb-container uagb-block-d985a046\">\n<div class=\"wp-block-uagb-info-box uagb-block-2b0922dc uagb-infobox__content-wrap  uagb-infobox-icon-above-title uagb-infobox-image-valign-top\"><div class=\"uagb-ifb-content\"><div class=\"uagb-ifb-title-wrap\"><p class=\"uagb-ifb-title\">Realizzato in compensato resistente e di alta qualit\u00e0.<br>Sigillato con vernice a base d'acqua, non tossica e priva di BPA.<br>Angoli arrotondati per evitare lesioni accidentali.<\/p><\/div><\/div><\/div>\n<\/div>\n<\/div>\n\n\n\n<div class=\"wp-block-uagb-container uagb-block-95a6e317\">\n<div class=\"wp-block-uagb-container uagb-block-2e70f36a\">\n<div class=\"wp-block-uagb-info-box uagb-block-8efb1163 uagb-infobox__content-wrap  uagb-infobox-icon-above-title uagb-infobox-image-valign-top\"><div class=\"uagb-ifb-content\"><div class=\"uagb-ifb-title-wrap\"><p class=\"uagb-ifb-title-prefix\">02<\/p><\/div><\/div><\/div>\n<\/div>\n\n\n\n<div class=\"wp-block-uagb-container uagb-block-c25bc4e9\">\n<div class=\"wp-block-uagb-info-box uagb-block-8e5653f6 uagb-infobox__content-wrap  uagb-infobox-icon-above-title uagb-infobox-image-valign-top\"><div class=\"uagb-ifb-content\"><div class=\"uagb-ifb-title-wrap\"><h4 class=\"uagb-ifb-title\"><strong>Dimensioni e capacit\u00e0 di peso<\/strong><\/h4><\/div><\/div><\/div>\n<\/div>\n\n\n\n<div class=\"wp-block-uagb-container uagb-block-e4b73fff\">\n<div class=\"wp-block-uagb-info-box uagb-block-257d2f01 uagb-infobox__content-wrap  uagb-infobox-icon-above-title uagb-infobox-image-valign-top\"><div class=\"uagb-ifb-content\"><div class=\"uagb-ifb-title-wrap\"><p class=\"uagb-ifb-title\">Altezza della piattaforma regolabile: 10\u2033, 14\u2033 e 18\u2033.<br>Design pieghevole per una facile conservazione e portabilit\u00e0.<br>Capacit\u00e0 massima di peso: 50 kg.<\/p><\/div><\/div><\/div>\n<\/div>\n<\/div>\n\n\n\n<div class=\"wp-block-uagb-container uagb-block-00d46b71\">\n<div class=\"wp-block-uagb-container uagb-block-63be2ee0\">\n<div class=\"wp-block-uagb-info-box uagb-block-86f40bc4 uagb-infobox__content-wrap  uagb-infobox-icon-above-title uagb-infobox-image-valign-top\"><div class=\"uagb-ifb-content\"><div class=\"uagb-ifb-title-wrap\"><p class=\"uagb-ifb-title-prefix\">03<\/p><\/div><\/div><\/div>\n<\/div>\n\n\n\n<div class=\"wp-block-uagb-container uagb-block-f9a9ed48\">\n<div class=\"wp-block-uagb-info-box uagb-block-a01a3038 uagb-infobox__content-wrap  uagb-infobox-icon-above-title uagb-infobox-image-valign-top\"><div class=\"uagb-ifb-content\"><div class=\"uagb-ifb-title-wrap\"><h4 class=\"uagb-ifb-title\"><strong>Caratteristiche e funzionalit\u00e0<\/strong><\/h4><\/div><\/div><\/div>\n<\/div>\n\n\n\n<div class=\"wp-block-uagb-container uagb-block-ea615933\">\n<div class=\"wp-block-uagb-info-box uagb-block-6f5b8a81 uagb-infobox__content-wrap  uagb-infobox-icon-above-title uagb-infobox-image-valign-top\"><div class=\"uagb-ifb-content\"><div class=\"uagb-ifb-title-wrap\"><p class=\"uagb-ifb-title\">Dotato di 4 stabilizzatori laterali rimovibili e di un supporto per la schiena per una maggiore stabilit\u00e0.<br>Design multiuso: pu\u00f2 essere utilizzato come torre per bambini, sgabello per adulti o scaffale decorativo.<br>Struttura salvaspazio ideale per cucine o appartamenti compatti.<\/p><\/div><\/div><\/div>\n<\/div>\n<\/div>\n<\/div><\/div>\n\n\n\n<div class=\"wp-block-uagb-container uagb-block-10733882 alignfull uagb-is-root-container\"><div class=\"uagb-container-inner-blocks-wrap\">\n<div class=\"wp-block-uagb-container uagb-block-a3ecce27\">\n<div class=\"wp-block-uagb-image uagb-block-a9f8ab9c wp-block-uagb-image--layout-default wp-block-uagb-image--effect-static wp-block-uagb-image--align-none\"><figure class=\"wp-block-uagb-image__figure\"><img decoding=\"async\" src=\"https:\/\/www.wonfulity.com\/wp-content\/uploads\/Cao-County-Runwan-Crafts-Co-Ltd-1.webp\" alt=\"fabbrica di legno\" class=\"uag-image-11115\" width=\"400\" height=\"300\" title=\"fabbrica di legno\" loading=\"lazy\" role=\"img\" \/><\/figure><\/div>\n\n\n\n<div class=\"wp-block-uagb-image uagb-block-e21af5fb wp-block-uagb-image--layout-default wp-block-uagb-image--effect-static wp-block-uagb-image--align-none\"><figure class=\"wp-block-uagb-image__figure\"><img decoding=\"async\" src=\"https:\/\/www.wonfulity.com\/wp-content\/uploads\/10-3-1024x640.png\" alt=\"fabbrica di legno\" class=\"uag-image-10974\" width=\"400\" height=\"300\" title=\"fabbrica di legno\" loading=\"lazy\" role=\"img\" \/><\/figure><\/div>\n<\/div>\n\n\n\n<div class=\"wp-block-uagb-container uagb-block-1c90d097\">\n<div class=\"wp-block-uagb-image uagb-block-e676099f wp-block-uagb-image--layout-default wp-block-uagb-image--effect-static wp-block-uagb-image--align-none\"><figure class=\"wp-block-uagb-image__figure\"><img decoding=\"async\" src=\"https:\/\/www.wonfulity.com\/wp-content\/uploads\/13.png\" alt=\"fabbrica di legno\" class=\"uag-image-10941\" width=\"400\" height=\"300\" title=\"fabbrica di legno\" loading=\"lazy\" role=\"img\" \/><\/figure><\/div>\n\n\n\n<div class=\"wp-block-uagb-image uagb-block-8f557fa6 wp-block-uagb-image--layout-default wp-block-uagb-image--effect-static wp-block-uagb-image--align-none\"><figure class=\"wp-block-uagb-image__figure\"><img decoding=\"async\" src=\"https:\/\/www.wonfulity.com\/wp-content\/uploads\/Cao-County-Runwan-Crafts-Co-Ltd-.webp\" alt=\"fabbrica di legno\" class=\"uag-image-11116\" width=\"400\" height=\"300\" title=\"fabbrica di legno\" loading=\"lazy\" role=\"img\" \/><\/figure><\/div>\n<\/div>\n\n\n\n<div class=\"wp-block-uagb-container uagb-block-5ed9251a\">\n<div class=\"wp-block-uagb-image uagb-block-ab006938 wp-block-uagb-image--layout-default wp-block-uagb-image--effect-static wp-block-uagb-image--align-none\"><figure class=\"wp-block-uagb-image__figure\"><img decoding=\"async\" src=\"https:\/\/www.wonfulity.com\/wp-content\/uploads\/19.png\" alt=\"fabbrica di legno\" class=\"uag-image-10947\" width=\"400\" height=\"300\" title=\"fabbrica di legno\" loading=\"lazy\" role=\"img\" \/><\/figure><\/div>\n\n\n\n<div class=\"wp-block-uagb-image uagb-block-3382ec21 wp-block-uagb-image--layout-default wp-block-uagb-image--effect-static wp-block-uagb-image--align-none\"><figure class=\"wp-block-uagb-image__figure\"><img decoding=\"async\" src=\"https:\/\/www.wonfulity.com\/wp-content\/uploads\/\u672a\u547d\u540d\u7684\u8bbe\u8ba1-21.png\" alt=\"fabbrica di legno\" class=\"uag-image-11118\" width=\"400\" height=\"300\" title=\"fabbrica di legno\" loading=\"lazy\" role=\"img\" \/><\/figure><\/div>\n<\/div>\n<\/div><\/div>","protected":false},"excerpt":{"rendered":"<p>Lo sgabello pieghevole Toddler Tower aiuta i bambini a raggiungere l'altezza del banco, fornendo loro una piattaforma sicura per partecipare alle attivit\u00e0 quotidiane come cucinare, cuocere e altro. Progettato per bambini dai 18 mesi ai 5 anni, \u00e8 dotato di una piattaforma regolabile in altezza che cresce con il bambino. Il suo design pieghevole lo rende facile da riporre quando non viene utilizzato, rendendolo la soluzione perfetta per le case con spazio limitato. Incoraggiate l'indipendenza e la creativit\u00e0 del vostro bambino, garantendo al contempo la sua sicurezza con questa versatile torre di ispirazione montessoriana.<\/p>\n<p>La torre di aiuto alla cucina pieghevole \u00e8 ideale per le cucine moderne o per gli spazi pi\u00f9 piccoli. La sua caratteristica di essere pieghevole consente di riporla facilmente quando non viene utilizzata, rendendola un'aggiunta perfetta a case, asili nido e scuole materne. Questa torre multifunzionale si adatta a diverse esigenze, da quella di aiutare i bambini a raggiungere i piani di lavoro a quella di fungere da sgabello per adulti o da scaffale decorativo. Costruita con compensato di prima qualit\u00e0 e rifinita con una vernice atossica, questa torre resistente \u00e8 progettata per durare nel tempo, offrendo funzionalit\u00e0 e stile a famiglie ed educatori.<\/p>\n<p>Realizzato in compensato di alta qualit\u00e0, lo sgabello pieghevole Toddler Tower ha come priorit\u00e0 la sicurezza del bambino. Dotato di stabilizzatori laterali rimovibili e di un supporto per lo schienale, garantisce la stabilit\u00e0 mentre il bambino si arrampica ed esplora. Gli angoli arrotondati e la vernice atossica a base d'acqua offrono ulteriore tranquillit\u00e0 ai genitori. Perfetta per i bambini di et\u00e0 compresa tra i 18 mesi e i 5 anni, questa torre robusta e compatta favorisce la crescita e lo sviluppo del bambino, rendendola uno strumento affidabile per l'apprendimento indipendente e le attivit\u00e0 familiari.<\/p>\n<p>Cercate prodotti coordinati? Visualizza i nostri<strong> <a href=\"https:\/\/www.wonfulity.com\/it\/prodotto\/\">prodotti di arredamento per bambini<\/a><\/strong><br \/>Avete bisogno di altre opzioni o di un preventivo veloce? Consultate il nostro negozio internazionale per le ultime collezioni\uff1a.<\/p>\n<ul>\n<li><strong><a href=\"https:\/\/zhizhenmei.en.alibaba.com\/?spm=a2700.29482153.0.0.71d571d2UuhFW4\" target=\"_blank\" rel=\"noopener sponsored\">Negozio internazionale 1<\/a><\/strong><\/li>\n<li><strong><a href=\"https:\/\/caoxianaoyi.en.alibaba.com\/?spm=a2700.29482153.0.0.427c71d26Wtq4L\" target=\"_blank\" rel=\"noopener sponsored\">Negozio internazionale 2<\/a><\/strong><\/li>\n<\/ul>","protected":false},"featured_media":11928,"template":"","meta":{"_uag_custom_page_level_css":"","site-sidebar-layout":"default","site-content-layout":"","ast-site-content-layout":"default","site-content-style":"default","site-sidebar-style":"default","ast-global-header-display":"","ast-banner-title-visibility":"","ast-main-header-display":"","ast-hfb-above-header-display":"","ast-hfb-below-header-display":"","ast-hfb-mobile-header-display":"","site-post-title":"","ast-breadcrumbs-content":"","ast-featured-img":"","footer-sml-layout":"","ast-disable-related-posts":"","theme-transparent-header-meta":"","adv-header-id-meta":"","stick-header-meta":"","header-above-stick-meta":"","header-main-stick-meta":"","header-below-stick-meta":"","astra-migrate-meta-layouts":"default","ast-page-background-enabled":"default","ast-page-background-meta":{"desktop":{"background-color":"var(--ast-global-color-4)","background-image":"","background-repeat":"repeat","background-position":"center center","background-size":"auto","background-attachment":"scroll","background-type":"","background-media":"","overlay-type":"","overlay-color":"","overlay-opacity":"","overlay-gradient":""},"tablet":{"background-color":"","background-image":"","background-repeat":"repeat","background-position":"center center","background-size":"auto","background-attachment":"scroll","background-type":"","background-media":"","overlay-type":"","overlay-color":"","overlay-opacity":"","overlay-gradient":""},"mobile":{"background-color":"","background-image":"","background-repeat":"repeat","background-position":"center center","background-size":"auto","background-attachment":"scroll","background-type":"","background-media":"","overlay-type":"","overlay-color":"","overlay-opacity":"","overlay-gradient":""}},"ast-content-background-meta":{"desktop":{"background-color":"var(--ast-global-color-5)","background-image":"","background-repeat":"repeat","background-position":"center center","background-size":"auto","background-attachment":"scroll","background-type":"","background-media":"","overlay-type":"","overlay-color":"","overlay-opacity":"","overlay-gradient":""},"tablet":{"background-color":"var(--ast-global-color-5)","background-image":"","background-repeat":"repeat","background-position":"center center","background-size":"auto","background-attachment":"scroll","background-type":"","background-media":"","overlay-type":"","overlay-color":"","overlay-opacity":"","overlay-gradient":""},"mobile":{"background-color":"var(--ast-global-color-5)","background-image":"","background-repeat":"repeat","background-position":"center center","background-size":"auto","background-attachment":"scroll","background-type":"","background-media":"","overlay-type":"","overlay-color":"","overlay-opacity":"","overlay-gradient":""}}},"product_brand":[],"product_cat":[383],"product_tag":[269,341],"class_list":{"0":"post-6986","1":"product","2":"type-product","3":"status-publish","4":"has-post-thumbnail","6":"product_cat-custom-learning-towers","7":"product_tag-indoor-safe-childrens-learning-tower","8":"product_tag-kids-learning-tower","9":"desktop-align-left","10":"tablet-align-left","11":"mobile-align-left","12":"ast-product-gallery-layout-horizontal-slider","13":"ast-product-tabs-layout-horizontal","15":"first","16":"instock","17":"shipping-taxable","18":"product-type-simple"},"uagb_featured_image_src":{"full":["https:\/\/www.wonfulity.com\/wp-content\/uploads\/\u672a\u547d\u540d-\u526f\u672c-3.png",600,700,false],"thumbnail":["https:\/\/www.wonfulity.com\/wp-content\/uploads\/\u672a\u547d\u540d-\u526f\u672c-3-150x150.png",150,150,true],"medium":["https:\/\/www.wonfulity.com\/wp-content\/uploads\/\u672a\u547d\u540d-\u526f\u672c-3-257x300.png",257,300,true],"medium_large":["https:\/\/www.wonfulity.com\/wp-content\/uploads\/\u672a\u547d\u540d-\u526f\u672c-3.png",600,700,false],"large":["https:\/\/www.wonfulity.com\/wp-content\/uploads\/\u672a\u547d\u540d-\u526f\u672c-3.png",600,700,false],"1536x1536":["https:\/\/www.wonfulity.com\/wp-content\/uploads\/\u672a\u547d\u540d-\u526f\u672c-3.png",600,700,false],"2048x2048":["https:\/\/www.wonfulity.com\/wp-content\/uploads\/\u672a\u547d\u540d-\u526f\u672c-3.png",600,700,false],"trp-custom-language-flag":["https:\/\/www.wonfulity.com\/wp-content\/uploads\/\u672a\u547d\u540d-\u526f\u672c-3-10x12.png",10,12,true],"woocommerce_thumbnail":["https:\/\/www.wonfulity.com\/wp-content\/uploads\/\u672a\u547d\u540d-\u526f\u672c-3-450x570.png",450,570,true],"woocommerce_single":["https:\/\/www.wonfulity.com\/wp-content\/uploads\/\u672a\u547d\u540d-\u526f\u672c-3.png",600,700,false],"woocommerce_gallery_thumbnail":["https:\/\/www.wonfulity.com\/wp-content\/uploads\/\u672a\u547d\u540d-\u526f\u672c-3-100x100.png",100,100,true]},"uagb_author_info":{"display_name":"Bob","author_link":"https:\/\/www.wonfulity.com\/it\/blogs\/author\/"},"uagb_comment_info":0,"uagb_excerpt":"The Toddler Tower Foldable Step Stool helps bring children up to counter height, providing a safe platform for them to participate in daily activities such as cooking, baking, and more. Designed for toddlers aged 18 months to 5 years, it features adjustable platform heights that grow with your child. Its foldable design makes it easy&hellip;","_links":{"self":[{"href":"https:\/\/www.wonfulity.com\/it\/wp-json\/wp\/v2\/product\/6986","targetHints":{"allow":["GET"]}}],"collection":[{"href":"https:\/\/www.wonfulity.com\/it\/wp-json\/wp\/v2\/product"}],"about":[{"href":"https:\/\/www.wonfulity.com\/it\/wp-json\/wp\/v2\/types\/product"}],"wp:featuredmedia":[{"embeddable":true,"href":"https:\/\/www.wonfulity.com\/it\/wp-json\/wp\/v2\/media\/11928"}],"wp:attachment":[{"href":"https:\/\/www.wonfulity.com\/it\/wp-json\/wp\/v2\/media?parent=6986"}],"wp:term":[{"taxonomy":"product_brand","embeddable":true,"href":"https:\/\/www.wonfulity.com\/it\/wp-json\/wp\/v2\/product_brand?post=6986"},{"taxonomy":"product_cat","embeddable":true,"href":"https:\/\/www.wonfulity.com\/it\/wp-json\/wp\/v2\/product_cat?post=6986"},{"taxonomy":"product_tag","embeddable":true,"href":"https:\/\/www.wonfulity.com\/it\/wp-json\/wp\/v2\/product_tag?post=6986"}],"curies":[{"name":"wp","href":"https:\/\/api.w.org\/{rel}","templated":true}]}}