{"id":11222,"date":"2024-12-10T08:46:11","date_gmt":"2024-12-10T00:46:11","guid":{"rendered":"https:\/\/www.wonfulity.com\/?post_type=product&#038;p=11222"},"modified":"2024-12-10T13:43:18","modified_gmt":"2024-12-10T05:43:18","slug":"wood-childs-flip-chair-for-toddlers","status":"publish","type":"product","link":"https:\/\/www.wonfulity.com\/pt\/produto\/cadeira-flip-de-madeira-para-criancas\/","title":{"rendered":"Cadeira girat\u00f3ria para crian\u00e7as em madeira de primeira qualidade - Ajust\u00e1vel e segura para crian\u00e7as (1-5 anos)"},"content":{"rendered":"<div class=\"wp-block-uagb-container uagb-block-d15b9ca3 alignfull uagb-is-root-container\"><div class=\"uagb-container-inner-blocks-wrap\">\n<div class=\"wp-block-uagb-container uagb-block-f7df6427\">\n<div class=\"wp-block-uagb-container uagb-block-9455ef5b\">\n<div class=\"wp-block-uagb-info-box uagb-block-d4df3463 uagb-infobox__content-wrap  uagb-infobox-icon-above-title uagb-infobox-image-valign-top\"><div class=\"uagb-ifb-content\"><div class=\"uagb-ifb-title-wrap\"><h4 class=\"uagb-ifb-title\"><strong>Design adapt\u00e1vel com funcionalidade multiusos<\/strong><\/h4><\/div><p class=\"uagb-ifb-desc\">A cadeira de madeira para crian\u00e7as Flip Chair oferece uma solu\u00e7\u00e3o 2 em 1 que se transforma facilmente de uma cadeira para uma mesa, suportando m\u00faltiplas utiliza\u00e7\u00f5es ao longo do dia. Esta adaptabilidade \u00e9 especialmente valiosa em casas ou salas de aula, onde as solu\u00e7\u00f5es de mobili\u00e1rio flex\u00edveis s\u00e3o essenciais. O design da cadeira incentiva os jovens utilizadores a vir\u00e1-la e posicion\u00e1-la de forma independente, promovendo um sentido de autonomia e dando \u00e0s crian\u00e7as a possibilidade de criarem o seu espa\u00e7o ideal.<\/p><\/div><\/div>\n<\/div>\n\n\n\n<div class=\"wp-block-uagb-info-box uagb-block-845cd917 uagb-infobox__content-wrap  uagb-infobox-icon-above-title uagb-infobox-image-valign-top\"><div class=\"uagb-ifb-content\"><div class=\"uagb-ifb-title-wrap\"><h4 class=\"uagb-ifb-title\">S<strong>Poupan\u00e7a de ritmo e leveza<\/strong><\/h4><\/div><p class=\"uagb-ifb-desc\">Com uma estrutura compacta e dobr\u00e1vel, esta cadeira flip adapta-se facilmente a espa\u00e7os mais pequenos e pode ser deslocada sem esfor\u00e7o. Este design economizador de espa\u00e7o permite-lhe funcionar como uma cadeira durante actividades como ler ou desenhar e transformar-se numa cama para dormir a sesta ou relaxar quando necess\u00e1rio. Para casas ou centros de acolhimento de crian\u00e7as onde a utiliza\u00e7\u00e3o eficiente do espa\u00e7o \u00e9 essencial, esta cadeira oferece uma solu\u00e7\u00e3o pr\u00e1tica sem comprometer o conforto.<\/p><\/div><\/div>\n\n\n\n<div class=\"wp-block-uagb-container uagb-block-a256468b\">\n<div class=\"wp-block-uagb-info-box uagb-block-28834539 uagb-infobox__content-wrap  uagb-infobox-icon-above-title uagb-infobox-image-valign-top\"><div class=\"uagb-ifb-content\"><div class=\"uagb-ifb-title-wrap\"><h4 class=\"uagb-ifb-title\"><br><strong><strong>Materiais naturais e sustent\u00e1veis<\/strong><\/strong><\/h4><\/div><p class=\"uagb-ifb-desc\">Fabricada em madeira ecol\u00f3gica de alta qualidade, a cadeira flip foi concebida a pensar na sustentabilidade, cumprindo normas de seguran\u00e7a rigorosas para garantir a seguran\u00e7a e a durabilidade das crian\u00e7as. A sua constru\u00e7\u00e3o robusta permite-lhe resistir ao desgaste di\u00e1rio, proporcionando uma op\u00e7\u00e3o de assento segura para beb\u00e9s e crian\u00e7as pequenas. A utiliza\u00e7\u00e3o de acabamentos n\u00e3o t\u00f3xicos garante que a cadeira \u00e9 segura para as crian\u00e7as, dando paz de esp\u00edrito aos pais e prestadores de cuidados.<\/p><\/div><\/div>\n<\/div>\n<\/div>\n\n\n\n<div class=\"wp-block-uagb-container uagb-block-07bfc131\">\n<div class=\"wp-block-uagb-image uagb-block-b4bb948c wp-block-uagb-image--layout-default wp-block-uagb-image--effect-static wp-block-uagb-image--align-none alignleft\"><figure class=\"wp-block-uagb-image__figure\"><img decoding=\"async\" srcset=\"https:\/\/www.wonfulity.com\/wp-content\/uploads\/BOB\u72ec\u7acb\u7ad9\u4e3b\u9898\u8c03\u6574-\u526f\u672c-4.png ,https:\/\/www.wonfulity.com\/wp-content\/uploads\/BOB\u72ec\u7acb\u7ad9\u4e3b\u9898\u8c03\u6574-\u526f\u672c-4.png 780w, https:\/\/www.wonfulity.com\/wp-content\/uploads\/BOB\u72ec\u7acb\u7ad9\u4e3b\u9898\u8c03\u6574-\u526f\u672c-4.png 360w\" sizes=\"auto, (max-width: 480px) 150px\" src=\"https:\/\/www.wonfulity.com\/wp-content\/uploads\/BOB\u72ec\u7acb\u7ad9\u4e3b\u9898\u8c03\u6574-\u526f\u672c-4.png\" alt=\"Conjunto de mesa e cadeira de desmame Montessori \" class=\"uag-image-12051\" width=\"600\" height=\"700\" title=\"Conjunto de mesa e cadeira de desmame Montessori \" loading=\"lazy\" role=\"img\"\/><\/figure><\/div>\n<\/div>\n<\/div><\/div>\n\n\n\n<div class=\"wp-block-uagb-container uagb-block-942c266d alignfull uagb-is-root-container\"><div class=\"uagb-container-inner-blocks-wrap\">\n<div class=\"wp-block-uagb-container uagb-block-cdfbwk39\">\n<div class=\"wp-block-uagb-container uagb-block-taa9jvn9\"><\/div>\n\n\n\n<div class=\"wp-block-uagb-container uagb-block-e6uqhnjy\">\n<div class=\"wp-block-uagb-info-box uagb-block-sm9wy83a uagb-infobox__content-wrap  uagb-infobox-icon-above-title uagb-infobox-image-valign-top\"><div class=\"uagb-ifb-content\"><div class=\"uagb-ifb-title-wrap\"><h4 class=\"uagb-ifb-title\">Item<\/h4><\/div><\/div><\/div>\n<\/div>\n\n\n\n<div class=\"wp-block-uagb-container uagb-block-xdtgxgj6\">\n<div class=\"wp-block-uagb-info-box uagb-block-c04bcb41 uagb-infobox__content-wrap  uagb-infobox-icon-above-title uagb-infobox-image-valign-top\"><div class=\"uagb-ifb-content\"><div class=\"uagb-ifb-title-wrap\"><h4 class=\"uagb-ifb-title\">Desc<\/h4><\/div><\/div><\/div>\n<\/div>\n<\/div>\n\n\n\n<div class=\"wp-block-uagb-container uagb-block-720573f4\">\n<div class=\"wp-block-uagb-container uagb-block-d006e6eb\">\n<div class=\"wp-block-uagb-info-box uagb-block-a92ede72 uagb-infobox__content-wrap  uagb-infobox-icon-above-title uagb-infobox-image-valign-top\"><div class=\"uagb-ifb-content\"><div class=\"uagb-ifb-title-wrap\"><p class=\"uagb-ifb-title-prefix\">01<\/p><\/div><\/div><\/div>\n<\/div>\n\n\n\n<div class=\"wp-block-uagb-container uagb-block-32771033\">\n<div class=\"wp-block-uagb-info-box uagb-block-aaee5390 uagb-infobox__content-wrap  uagb-infobox-icon-above-title uagb-infobox-image-valign-top\"><div class=\"uagb-ifb-content\"><div class=\"uagb-ifb-title-wrap\"><h4 class=\"uagb-ifb-title\"><strong>Seguran\u00e7a e durabilidade<\/strong><\/h4><\/div><\/div><\/div>\n<\/div>\n\n\n\n<div class=\"wp-block-uagb-container uagb-block-d985a046\">\n<div class=\"wp-block-uagb-info-box uagb-block-2b0922dc uagb-infobox__content-wrap  uagb-infobox-icon-above-title uagb-infobox-image-valign-top\"><div class=\"uagb-ifb-content\"><div class=\"uagb-ifb-title-wrap\"><p class=\"uagb-ifb-title\">Cumprindo rigorosas normas de seguran\u00e7a, esta cadeira foi concebida para suportar a utiliza\u00e7\u00e3o frequente em ambientes como creches ou \u00e1reas de lazer. A sua constru\u00e7\u00e3o em madeira robusta proporciona uma op\u00e7\u00e3o de assento fi\u00e1vel e est\u00e1vel para as crian\u00e7as, tornando-a adequada para ambientes comerciais e educativos.<\/p><\/div><\/div><\/div>\n<\/div>\n<\/div>\n\n\n\n<div class=\"wp-block-uagb-container uagb-block-95a6e317\">\n<div class=\"wp-block-uagb-container uagb-block-2e70f36a\">\n<div class=\"wp-block-uagb-info-box uagb-block-8efb1163 uagb-infobox__content-wrap  uagb-infobox-icon-above-title uagb-infobox-image-valign-top\"><div class=\"uagb-ifb-content\"><div class=\"uagb-ifb-title-wrap\"><p class=\"uagb-ifb-title-prefix\">02<\/p><\/div><\/div><\/div>\n<\/div>\n\n\n\n<div class=\"wp-block-uagb-container uagb-block-c25bc4e9\">\n<div class=\"wp-block-uagb-info-box uagb-block-8e5653f6 uagb-infobox__content-wrap  uagb-infobox-icon-above-title uagb-infobox-image-valign-top\"><div class=\"uagb-ifb-content\"><div class=\"uagb-ifb-title-wrap\"><h4 class=\"uagb-ifb-title\"><strong>Op\u00e7\u00f5es personaliz\u00e1veis<\/strong><\/h4><\/div><\/div><\/div>\n<\/div>\n\n\n\n<div class=\"wp-block-uagb-container uagb-block-e4b73fff\">\n<p>Os retalhistas e as institui\u00e7\u00f5es de ensino podem selecionar entre v\u00e1rios acabamentos de madeira, cores ou almofadas de tecido para se alinharem com a marca ou a est\u00e9tica da sala de aula. Estas op\u00e7\u00f5es personaliz\u00e1veis permitem aos clientes grossistas criar um produto \u00fanico que apela ao seu p\u00fablico-alvo.<\/p>\n<\/div>\n<\/div>\n\n\n\n<div class=\"wp-block-uagb-container uagb-block-00d46b71\">\n<div class=\"wp-block-uagb-container uagb-block-63be2ee0\">\n<div class=\"wp-block-uagb-info-box uagb-block-86f40bc4 uagb-infobox__content-wrap  uagb-infobox-icon-above-title uagb-infobox-image-valign-top\"><div class=\"uagb-ifb-content\"><div class=\"uagb-ifb-title-wrap\"><p class=\"uagb-ifb-title-prefix\">03<\/p><\/div><\/div><\/div>\n<\/div>\n\n\n\n<div class=\"wp-block-uagb-container uagb-block-f9a9ed48\">\n<div class=\"wp-block-uagb-info-box uagb-block-a01a3038 uagb-infobox__content-wrap  uagb-infobox-icon-above-title uagb-infobox-image-valign-top\"><div class=\"uagb-ifb-content\"><div class=\"uagb-ifb-title-wrap\"><h4 class=\"uagb-ifb-title\"><strong>Compacto e de f\u00e1cil manuten\u00e7\u00e3o<\/strong><\/h4><\/div><\/div><\/div>\n<\/div>\n\n\n\n<div class=\"wp-block-uagb-container uagb-block-ea615933\">\n<p>Concebida para ser eficiente, o design dobr\u00e1vel e as superf\u00edcies lisas tornam esta cadeira f\u00e1cil de guardar e limpar. Esta carater\u00edstica \u00e9 especialmente \u00fatil em \u00e1reas com muito movimento, onde os m\u00f3veis t\u00eam de ser deslocados ou limpos regularmente para manter um espa\u00e7o higi\u00e9nico e sem desordem.<\/p>\n<\/div>\n<\/div>\n<\/div><\/div>\n\n\n\n<div class=\"wp-block-uagb-container uagb-block-10733882 alignfull uagb-is-root-container\"><div class=\"uagb-container-inner-blocks-wrap\">\n<div class=\"wp-block-uagb-container uagb-block-a3ecce27\">\n<div class=\"wp-block-uagb-image uagb-block-a9f8ab9c wp-block-uagb-image--layout-default wp-block-uagb-image--effect-static wp-block-uagb-image--align-none\"><figure class=\"wp-block-uagb-image__figure\"><img decoding=\"async\" srcset=\"https:\/\/www.wonfulity.com\/wp-content\/uploads\/Cao-County-Runwan-Crafts-Co-Ltd-1.webp ,https:\/\/www.wonfulity.com\/wp-content\/uploads\/Cao-County-Runwan-Crafts-Co-Ltd-1.webp 780w, https:\/\/www.wonfulity.com\/wp-content\/uploads\/Cao-County-Runwan-Crafts-Co-Ltd-1.webp 360w\" sizes=\"auto, (max-width: 480px) 150px\" src=\"https:\/\/www.wonfulity.com\/wp-content\/uploads\/Cao-County-Runwan-Crafts-Co-Ltd-1.webp\" alt=\"f\u00e1brica de madeira\" class=\"uag-image-11115\" width=\"400\" height=\"300\" title=\"f\u00e1brica de madeira\" loading=\"lazy\" role=\"img\"\/><\/figure><\/div>\n\n\n\n<div class=\"wp-block-uagb-image uagb-block-e21af5fb wp-block-uagb-image--layout-default wp-block-uagb-image--effect-static wp-block-uagb-image--align-none\"><figure class=\"wp-block-uagb-image__figure\"><img decoding=\"async\" srcset=\"https:\/\/www.wonfulity.com\/wp-content\/uploads\/10-3-1024x640.png ,https:\/\/www.wonfulity.com\/wp-content\/uploads\/10-3.png 780w, https:\/\/www.wonfulity.com\/wp-content\/uploads\/10-3.png 360w\" sizes=\"auto, (max-width: 480px) 150px\" src=\"https:\/\/www.wonfulity.com\/wp-content\/uploads\/10-3-1024x640.png\" alt=\"f\u00e1brica de madeira\" class=\"uag-image-10974\" width=\"400\" height=\"300\" title=\"f\u00e1brica de madeira\" loading=\"lazy\" role=\"img\"\/><\/figure><\/div>\n<\/div>\n\n\n\n<div class=\"wp-block-uagb-container uagb-block-1c90d097\">\n<div class=\"wp-block-uagb-image uagb-block-e676099f wp-block-uagb-image--layout-default wp-block-uagb-image--effect-static wp-block-uagb-image--align-none\"><figure class=\"wp-block-uagb-image__figure\"><img decoding=\"async\" srcset=\"https:\/\/www.wonfulity.com\/wp-content\/uploads\/13.png ,https:\/\/www.wonfulity.com\/wp-content\/uploads\/13.png 780w, https:\/\/www.wonfulity.com\/wp-content\/uploads\/13.png 360w\" sizes=\"auto, (max-width: 480px) 150px\" src=\"https:\/\/www.wonfulity.com\/wp-content\/uploads\/13.png\" alt=\"f\u00e1brica de madeira\" class=\"uag-image-10941\" width=\"400\" height=\"300\" title=\"f\u00e1brica de madeira\" loading=\"lazy\" role=\"img\"\/><\/figure><\/div>\n\n\n\n<div class=\"wp-block-uagb-image uagb-block-8f557fa6 wp-block-uagb-image--layout-default wp-block-uagb-image--effect-static wp-block-uagb-image--align-none\"><figure class=\"wp-block-uagb-image__figure\"><img decoding=\"async\" srcset=\"https:\/\/www.wonfulity.com\/wp-content\/uploads\/Cao-County-Runwan-Crafts-Co-Ltd-.webp ,https:\/\/www.wonfulity.com\/wp-content\/uploads\/Cao-County-Runwan-Crafts-Co-Ltd-.webp 780w, https:\/\/www.wonfulity.com\/wp-content\/uploads\/Cao-County-Runwan-Crafts-Co-Ltd-.webp 360w\" sizes=\"auto, (max-width: 480px) 150px\" src=\"https:\/\/www.wonfulity.com\/wp-content\/uploads\/Cao-County-Runwan-Crafts-Co-Ltd-.webp\" alt=\"f\u00e1brica de madeira\" class=\"uag-image-11116\" width=\"400\" height=\"300\" title=\"f\u00e1brica de madeira\" loading=\"lazy\" role=\"img\"\/><\/figure><\/div>\n<\/div>\n\n\n\n<div class=\"wp-block-uagb-container uagb-block-5ed9251a\">\n<div class=\"wp-block-uagb-image uagb-block-ab006938 wp-block-uagb-image--layout-default wp-block-uagb-image--effect-static wp-block-uagb-image--align-none\"><figure class=\"wp-block-uagb-image__figure\"><img decoding=\"async\" srcset=\"https:\/\/www.wonfulity.com\/wp-content\/uploads\/19.png ,https:\/\/www.wonfulity.com\/wp-content\/uploads\/19.png 780w, https:\/\/www.wonfulity.com\/wp-content\/uploads\/19.png 360w\" sizes=\"auto, (max-width: 480px) 150px\" src=\"https:\/\/www.wonfulity.com\/wp-content\/uploads\/19.png\" alt=\"f\u00e1brica de madeira\" class=\"uag-image-10947\" width=\"400\" height=\"300\" title=\"f\u00e1brica de madeira\" loading=\"lazy\" role=\"img\"\/><\/figure><\/div>\n\n\n\n<div class=\"wp-block-uagb-image uagb-block-3382ec21 wp-block-uagb-image--layout-default wp-block-uagb-image--effect-static wp-block-uagb-image--align-none\"><figure class=\"wp-block-uagb-image__figure\"><img decoding=\"async\" srcset=\"https:\/\/www.wonfulity.com\/wp-content\/uploads\/\u672a\u547d\u540d\u7684\u8bbe\u8ba1-21.png ,https:\/\/www.wonfulity.com\/wp-content\/uploads\/\u672a\u547d\u540d\u7684\u8bbe\u8ba1-21.png 780w, https:\/\/www.wonfulity.com\/wp-content\/uploads\/\u672a\u547d\u540d\u7684\u8bbe\u8ba1-21.png 360w\" sizes=\"auto, (max-width: 480px) 150px\" src=\"https:\/\/www.wonfulity.com\/wp-content\/uploads\/\u672a\u547d\u540d\u7684\u8bbe\u8ba1-21.png\" alt=\"f\u00e1brica de madeira\" class=\"uag-image-11118\" width=\"400\" height=\"300\" title=\"f\u00e1brica de madeira\" loading=\"lazy\" role=\"img\"\/><\/figure><\/div>\n<\/div>\n<\/div><\/div>","protected":false},"excerpt":{"rendered":"<p class=\"p1\">A cadeira de madeira para crian\u00e7as \u00e9 uma pe\u00e7a de mobili\u00e1rio inovadora e adapt\u00e1vel, criada a pensar nas crian\u00e7as, concebida para satisfazer as necessidades em constante evolu\u00e7\u00e3o, tanto em espa\u00e7os pequenos como grandes. Esta cadeira vers\u00e1til transforma-se perfeitamente entre uma espregui\u00e7adeira e uma cadeira plana, oferecendo assentos multifuncionais perfeitos para v\u00e1rios ambientes, como salas de jogos, cantos de leitura ou quartos de h\u00f3spedes. Fabricada em madeira dur\u00e1vel e de alta qualidade e almofadada para maior conforto, esta cadeira girat\u00f3ria n\u00e3o s\u00f3 apoia os beb\u00e9s e as crian\u00e7as pequenas, como tamb\u00e9m acrescenta um toque de calor e charme natural a qualquer divis\u00e3o.<\/p>\n<p class=\"p1\">Os pais e prestadores de cuidados apreciar\u00e3o o design economizador de espa\u00e7o da cadeira, que lhe permite dobrar-se facilmente e caber em \u00e1reas compactas, tornando-a uma escolha ideal para fam\u00edlias que d\u00e3o prioridade \u00e0 flexibilidade em espa\u00e7os mais pequenos. Al\u00e9m disso, a sua constru\u00e7\u00e3o leve permite uma desloca\u00e7\u00e3o sem esfor\u00e7o, para que possa adaptar-se a diferentes actividades - quer seja a hora do conto, artes e of\u00edcios ou uma sesta r\u00e1pida. O acabamento em madeira natural da cadeira complementa qualquer estilo de decora\u00e7\u00e3o, desde o minimalista moderno ao tradicional acolhedor, tornando-a uma adi\u00e7\u00e3o subtil, mas elegante, a ambientes dom\u00e9sticos ou de sala de aula.<\/p>\n<p class=\"p1\">Para al\u00e9m da utiliza\u00e7\u00e3o em casa, esta cadeira flip convert\u00edvel \u00e9 ideal para pr\u00e9-escolas, creches ou espa\u00e7os dedicados \u00e0s crian\u00e7as, onde os assentos flex\u00edveis e adequados \u00e0s crian\u00e7as s\u00e3o uma prioridade. O design da cadeira promove a independ\u00eancia, permitindo que as crian\u00e7as interajam com o seu ambiente, convertendo facilmente o seu assento para se adaptar a diferentes necessidades de brincadeira ou descanso. Constru\u00edda com materiais sustent\u00e1veis e centrada na seguran\u00e7a, a cadeira de madeira para crian\u00e7as reflete um compromisso com a qualidade e pr\u00e1ticas ecol\u00f3gicas, oferecendo \u00e0s fam\u00edlias e aos educadores uma solu\u00e7\u00e3o duradoura e polivalente para o conforto e o envolvimento das crian\u00e7as.<\/p>\n<p>Procura produtos correspondentes? Ver os nossos<strong> <a href=\"https:\/\/www.wonfulity.com\/pt\/produto\/\">produtos de mobili\u00e1rio para crian\u00e7as<\/a><\/strong><br \/>Precisa de mais op\u00e7\u00f5es ou de um or\u00e7amento r\u00e1pido? Confira nossa Loja Internacional para as \u00faltimas cole\u00e7\u00f5es\uff1a<\/p>\n<ul>\n<li><strong><a href=\"https:\/\/zhizhenmei.en.alibaba.com\/?spm=a2700.29482153.0.0.71d571d2UuhFW4\" target=\"_blank\" rel=\"noopener sponsored\">Loja Internacional 1<\/a><\/strong><\/li>\n<li><strong><a href=\"https:\/\/caoxianaoyi.en.alibaba.com\/?spm=a2700.29482153.0.0.427c71d26Wtq4L\" target=\"_blank\" rel=\"noopener sponsored\">Loja Internacional 2<\/a><\/strong><\/li>\n<\/ul>","protected":false},"featured_media":12049,"template":"","meta":{"_uag_custom_page_level_css":"","site-sidebar-layout":"default","site-content-layout":"","ast-site-content-layout":"default","site-content-style":"default","site-sidebar-style":"default","ast-global-header-display":"","ast-banner-title-visibility":"","ast-main-header-display":"","ast-hfb-above-header-display":"","ast-hfb-below-header-display":"","ast-hfb-mobile-header-display":"","site-post-title":"","ast-breadcrumbs-content":"","ast-featured-img":"","footer-sml-layout":"","ast-disable-related-posts":"","theme-transparent-header-meta":"","adv-header-id-meta":"","stick-header-meta":"","header-above-stick-meta":"","header-main-stick-meta":"","header-below-stick-meta":"","astra-migrate-meta-layouts":"default","ast-page-background-enabled":"default","ast-page-background-meta":{"desktop":{"background-color":"var(--ast-global-color-4)","background-image":"","background-repeat":"repeat","background-position":"center center","background-size":"auto","background-attachment":"scroll","background-type":"","background-media":"","overlay-type":"","overlay-color":"","overlay-opacity":"","overlay-gradient":""},"tablet":{"background-color":"","background-image":"","background-repeat":"repeat","background-position":"center center","background-size":"auto","background-attachment":"scroll","background-type":"","background-media":"","overlay-type":"","overlay-color":"","overlay-opacity":"","overlay-gradient":""},"mobile":{"background-color":"","background-image":"","background-repeat":"repeat","background-position":"center center","background-size":"auto","background-attachment":"scroll","background-type":"","background-media":"","overlay-type":"","overlay-color":"","overlay-opacity":"","overlay-gradient":""}},"ast-content-background-meta":{"desktop":{"background-color":"var(--ast-global-color-5)","background-image":"","background-repeat":"repeat","background-position":"center center","background-size":"auto","background-attachment":"scroll","background-type":"","background-media":"","overlay-type":"","overlay-color":"","overlay-opacity":"","overlay-gradient":""},"tablet":{"background-color":"var(--ast-global-color-5)","background-image":"","background-repeat":"repeat","background-position":"center center","background-size":"auto","background-attachment":"scroll","background-type":"","background-media":"","overlay-type":"","overlay-color":"","overlay-opacity":"","overlay-gradient":""},"mobile":{"background-color":"var(--ast-global-color-5)","background-image":"","background-repeat":"repeat","background-position":"center center","background-size":"auto","background-attachment":"scroll","background-type":"","background-media":"","overlay-type":"","overlay-color":"","overlay-opacity":"","overlay-gradient":""}}},"product_brand":[],"product_cat":[15],"product_tag":[],"class_list":{"0":"post-11222","1":"product","2":"type-product","3":"status-publish","4":"has-post-thumbnail","6":"product_cat-all","7":"desktop-align-left","8":"tablet-align-left","9":"mobile-align-left","10":"ast-product-gallery-layout-horizontal-slider","11":"ast-product-tabs-layout-horizontal","13":"first","14":"instock","15":"shipping-taxable","16":"product-type-simple"},"uagb_featured_image_src":{"full":["https:\/\/www.wonfulity.com\/wp-content\/uploads\/BOB\u72ec\u7acb\u7ad9\u4e3b\u9898\u8c03\u6574-\u526f\u672c-3.png",600,700,false],"thumbnail":["https:\/\/www.wonfulity.com\/wp-content\/uploads\/BOB\u72ec\u7acb\u7ad9\u4e3b\u9898\u8c03\u6574-\u526f\u672c-3-150x150.png",150,150,true],"medium":["https:\/\/www.wonfulity.com\/wp-content\/uploads\/BOB\u72ec\u7acb\u7ad9\u4e3b\u9898\u8c03\u6574-\u526f\u672c-3-257x300.png",257,300,true],"medium_large":["https:\/\/www.wonfulity.com\/wp-content\/uploads\/BOB\u72ec\u7acb\u7ad9\u4e3b\u9898\u8c03\u6574-\u526f\u672c-3.png",600,700,false],"large":["https:\/\/www.wonfulity.com\/wp-content\/uploads\/BOB\u72ec\u7acb\u7ad9\u4e3b\u9898\u8c03\u6574-\u526f\u672c-3.png",600,700,false],"1536x1536":["https:\/\/www.wonfulity.com\/wp-content\/uploads\/BOB\u72ec\u7acb\u7ad9\u4e3b\u9898\u8c03\u6574-\u526f\u672c-3.png",600,700,false],"2048x2048":["https:\/\/www.wonfulity.com\/wp-content\/uploads\/BOB\u72ec\u7acb\u7ad9\u4e3b\u9898\u8c03\u6574-\u526f\u672c-3.png",600,700,false],"trp-custom-language-flag":["https:\/\/www.wonfulity.com\/wp-content\/uploads\/BOB\u72ec\u7acb\u7ad9\u4e3b\u9898\u8c03\u6574-\u526f\u672c-3-10x12.png",10,12,true],"woocommerce_thumbnail":["https:\/\/www.wonfulity.com\/wp-content\/uploads\/BOB\u72ec\u7acb\u7ad9\u4e3b\u9898\u8c03\u6574-\u526f\u672c-3-450x570.png",450,570,true],"woocommerce_single":["https:\/\/www.wonfulity.com\/wp-content\/uploads\/BOB\u72ec\u7acb\u7ad9\u4e3b\u9898\u8c03\u6574-\u526f\u672c-3.png",600,700,false],"woocommerce_gallery_thumbnail":["https:\/\/www.wonfulity.com\/wp-content\/uploads\/BOB\u72ec\u7acb\u7ad9\u4e3b\u9898\u8c03\u6574-\u526f\u672c-3-100x100.png",100,100,true]},"uagb_author_info":{"display_name":"caijinyue","author_link":"https:\/\/www.wonfulity.com\/pt\/blogs\/author\/"},"uagb_comment_info":0,"uagb_excerpt":"The Wood Child\u2019s Flip Chair is an innovative and adaptable furniture piece crafted with young children in mind, designed to meet evolving needs in both small and large spaces. This versatile chair transforms seamlessly between a lounge chair and a flatbed, offering multi-functional seating perfect for various settings, such as playrooms, reading corners, or guest&hellip;","_links":{"self":[{"href":"https:\/\/www.wonfulity.com\/pt\/wp-json\/wp\/v2\/product\/11222","targetHints":{"allow":["GET"]}}],"collection":[{"href":"https:\/\/www.wonfulity.com\/pt\/wp-json\/wp\/v2\/product"}],"about":[{"href":"https:\/\/www.wonfulity.com\/pt\/wp-json\/wp\/v2\/types\/product"}],"wp:featuredmedia":[{"embeddable":true,"href":"https:\/\/www.wonfulity.com\/pt\/wp-json\/wp\/v2\/media\/12049"}],"wp:attachment":[{"href":"https:\/\/www.wonfulity.com\/pt\/wp-json\/wp\/v2\/media?parent=11222"}],"wp:term":[{"taxonomy":"product_brand","embeddable":true,"href":"https:\/\/www.wonfulity.com\/pt\/wp-json\/wp\/v2\/product_brand?post=11222"},{"taxonomy":"product_cat","embeddable":true,"href":"https:\/\/www.wonfulity.com\/pt\/wp-json\/wp\/v2\/product_cat?post=11222"},{"taxonomy":"product_tag","embeddable":true,"href":"https:\/\/www.wonfulity.com\/pt\/wp-json\/wp\/v2\/product_tag?post=11222"}],"curies":[{"name":"wp","href":"https:\/\/api.w.org\/{rel}","templated":true}]}}