{"id":11499,"date":"2024-12-10T08:48:17","date_gmt":"2024-12-10T00:48:17","guid":{"rendered":"https:\/\/www.wonfulity.com\/?post_type=product&#038;p=11499"},"modified":"2024-12-10T11:08:17","modified_gmt":"2024-12-10T03:08:17","slug":"great-1-kids-indoor-game-ring-toss-game","status":"publish","type":"product","link":"https:\/\/www.wonfulity.com\/pt\/produto\/grande-jogo-de-interior-para-criancas-1-jogo-de-arremesso-de-argolas\/","title":{"rendered":"Great 1 Kids Indoor Game Jogo de arremesso de argolas"},"content":{"rendered":"<div class=\"wp-block-uagb-container uagb-block-d15b9ca3 alignfull uagb-is-root-container\"><div class=\"uagb-container-inner-blocks-wrap\">\n<div class=\"wp-block-uagb-container uagb-block-f7df6427\">\n<div class=\"wp-block-uagb-container uagb-block-9455ef5b\">\n<div class=\"wp-block-uagb-info-box uagb-block-d4df3463 uagb-infobox__content-wrap  uagb-infobox-icon-above-title uagb-infobox-image-valign-top\"><div class=\"uagb-ifb-content\"><div class=\"uagb-ifb-title-wrap\"><h4 class=\"uagb-ifb-title\">Conjunto de jogo de anzol e argola<\/h4><\/div><p class=\"uagb-ifb-desc\">Os jogos de interior para crian\u00e7as incluem: 1 tabuleiro de madeira resistente e dur\u00e1vel com 13 ganchos de metal.14 an\u00e9is de silicone, divididos em 7 an\u00e9is pretos e 7 an\u00e9is vermelhos, que s\u00e3o f\u00e1ceis de agarrar e seguros de usar.O tabuleiro de madeira apresenta desenhos numerados a preto, tornando-o adequado para qualquer ambiente, como salas de jogos, escrit\u00f3rios, p\u00e1tios, jardins, \u00e1reas \u00e0 beira da piscina, bares e muito mais<\/p><\/div><\/div>\n<\/div>\n\n\n\n<div class=\"wp-block-uagb-container uagb-block-7da49d73\">\n<div class=\"wp-block-uagb-info-box uagb-block-845cd917 uagb-infobox__content-wrap  uagb-infobox-icon-above-title uagb-infobox-image-valign-top\"><div class=\"uagb-ifb-content\"><div class=\"uagb-ifb-title-wrap\"><h4 class=\"uagb-ifb-title\">Op\u00e7\u00e3o de presente perfeita<\/h4><\/div><p class=\"uagb-ifb-desc\">Este jogo de interior para crian\u00e7as \u00e9 fabricado com artesanato de alta qualidade e vem numa embalagem bonita, o que o torna um presente ideal, especialmente para anivers\u00e1rios.<br>Adequado para crian\u00e7as, amigos e fam\u00edlias, adicionando divers\u00e3o a reuni\u00f5es e celebra\u00e7\u00f5es. \u00c9 perfeito para ocasi\u00f5es como:Festas, churrascos, eventos de tailgate, casamentos, reuni\u00f5es familiares e outras actividades casuais.<\/p><\/div><\/div>\n<\/div>\n\n\n\n<div class=\"wp-block-uagb-container uagb-block-a256468b\">\n<div class=\"wp-block-uagb-info-box uagb-block-28834539 uagb-infobox__content-wrap  uagb-infobox-icon-above-title uagb-infobox-image-valign-top\"><div class=\"uagb-ifb-content\"><div class=\"uagb-ifb-title-wrap\"><h4 class=\"uagb-ifb-title\">Refor\u00e7a o desenvolvimento de compet\u00eancias<\/h4><\/div><p class=\"uagb-ifb-desc\">Os jogos infantis de interior ajudam as crian\u00e7as a melhorar a sua coordena\u00e7\u00e3o m\u00e3o-olho, concentra\u00e7\u00e3o e flexibilidade durante o jogo. Ao calcular as pontua\u00e7\u00f5es, as crian\u00e7as podem tamb\u00e9m melhorar as suas capacidades matem\u00e1ticas b\u00e1sicas, tornando a experi\u00eancia simultaneamente educativa e divertida.<\/p><\/div><\/div>\n<\/div>\n<\/div>\n\n\n\n<div class=\"wp-block-uagb-container uagb-block-07bfc131\">\n<figure class=\"wp-block-image size-full alignleft\"><img loading=\"lazy\" decoding=\"async\" width=\"1024\" height=\"1024\" src=\"https:\/\/www.wonfulity.com\/wp-content\/uploads\/Ring-Toss-Game-1.jpg\" alt=\"jogos de interior para crian\u00e7as\" class=\"wp-image-11517\" title=\"\" srcset=\"https:\/\/www.wonfulity.com\/wp-content\/uploads\/Ring-Toss-Game-1.jpg 1024w, https:\/\/www.wonfulity.com\/wp-content\/uploads\/Ring-Toss-Game-1-300x300.jpg 300w, https:\/\/www.wonfulity.com\/wp-content\/uploads\/Ring-Toss-Game-1-150x150.jpg 150w, https:\/\/www.wonfulity.com\/wp-content\/uploads\/Ring-Toss-Game-1-768x768.jpg 768w, https:\/\/www.wonfulity.com\/wp-content\/uploads\/Ring-Toss-Game-1-12x12.jpg 12w, https:\/\/www.wonfulity.com\/wp-content\/uploads\/Ring-Toss-Game-1-800x800.jpg 800w, https:\/\/www.wonfulity.com\/wp-content\/uploads\/Ring-Toss-Game-1-100x100.jpg 100w\" sizes=\"auto, (max-width: 1024px) 100vw, 1024px\" \/><\/figure>\n<\/div>\n<\/div><\/div>\n\n\n\n<div class=\"wp-block-uagb-container uagb-block-942c266d alignfull uagb-is-root-container\"><div class=\"uagb-container-inner-blocks-wrap\">\n<div class=\"wp-block-uagb-container uagb-block-cdfbwk39\">\n<div class=\"wp-block-uagb-container uagb-block-taa9jvn9\"><\/div>\n\n\n\n<div class=\"wp-block-uagb-container uagb-block-e6uqhnjy\">\n<div class=\"wp-block-uagb-info-box uagb-block-sm9wy83a uagb-infobox__content-wrap  uagb-infobox-icon-above-title uagb-infobox-image-valign-top\"><div class=\"uagb-ifb-content\"><div class=\"uagb-ifb-title-wrap\"><h4 class=\"uagb-ifb-title\">Item<\/h4><\/div><\/div><\/div>\n<\/div>\n\n\n\n<div class=\"wp-block-uagb-container uagb-block-xdtgxgj6\">\n<div class=\"wp-block-uagb-info-box uagb-block-c04bcb41 uagb-infobox__content-wrap  uagb-infobox-icon-above-title uagb-infobox-image-valign-top\"><div class=\"uagb-ifb-content\"><div class=\"uagb-ifb-title-wrap\"><h4 class=\"uagb-ifb-title\">Desc<\/h4><\/div><\/div><\/div>\n<\/div>\n<\/div>\n\n\n\n<div class=\"wp-block-uagb-container uagb-block-720573f4\">\n<div class=\"wp-block-uagb-container uagb-block-d006e6eb\">\n<div class=\"wp-block-uagb-info-box uagb-block-a92ede72 uagb-infobox__content-wrap  uagb-infobox-icon-above-title uagb-infobox-image-valign-top\"><div class=\"uagb-ifb-content\"><div class=\"uagb-ifb-title-wrap\"><p class=\"uagb-ifb-title-prefix\">01<\/p><\/div><\/div><\/div>\n<\/div>\n\n\n\n<div class=\"wp-block-uagb-container uagb-block-32771033\">\n<div class=\"wp-block-uagb-info-box uagb-block-aaee5390 uagb-infobox__content-wrap  uagb-infobox-icon-above-title uagb-infobox-image-valign-top\"><div class=\"uagb-ifb-content\"><div class=\"uagb-ifb-title-wrap\"><h4 class=\"uagb-ifb-title\"><strong>Design de baixo perfil<\/strong><\/h4><\/div><\/div><\/div>\n<\/div>\n\n\n\n<div class=\"wp-block-uagb-container uagb-block-d985a046\">\n<div class=\"wp-block-uagb-info-box uagb-block-2b0922dc uagb-infobox__content-wrap  uagb-infobox-icon-above-title uagb-infobox-image-valign-top\"><div class=\"uagb-ifb-content\"><div class=\"uagb-ifb-title-wrap\"><p class=\"uagb-ifb-title\">Os jogos de interior para crian\u00e7as t\u00eam uma constru\u00e7\u00e3o resistente e duradoura e s\u00e3o adequados para crian\u00e7as e adultos, tornando-os f\u00e1ceis de manusear e jogar<\/p><\/div><\/div><\/div>\n<\/div>\n<\/div>\n\n\n\n<div class=\"wp-block-uagb-container uagb-block-95a6e317\">\n<div class=\"wp-block-uagb-container uagb-block-2e70f36a\">\n<div class=\"wp-block-uagb-info-box uagb-block-8efb1163 uagb-infobox__content-wrap  uagb-infobox-icon-above-title uagb-infobox-image-valign-top\"><div class=\"uagb-ifb-content\"><div class=\"uagb-ifb-title-wrap\"><p class=\"uagb-ifb-title-prefix\">02<\/p><\/div><\/div><\/div>\n<\/div>\n\n\n\n<div class=\"wp-block-uagb-container uagb-block-c25bc4e9\">\n<div class=\"wp-block-uagb-info-box uagb-block-8e5653f6 uagb-infobox__content-wrap  uagb-infobox-icon-above-title uagb-infobox-image-valign-top\"><div class=\"uagb-ifb-content\"><div class=\"uagb-ifb-title-wrap\"><h4 class=\"uagb-ifb-title\">Pegada compacta<\/h4><\/div><\/div><\/div>\n<\/div>\n\n\n\n<div class=\"wp-block-uagb-container uagb-block-e4b73fff\">\n<div class=\"wp-block-uagb-info-box uagb-block-257d2f01 uagb-infobox__content-wrap  uagb-infobox-icon-above-title uagb-infobox-image-valign-top\"><div class=\"uagb-ifb-content\"><div class=\"uagb-ifb-title-wrap\"><p class=\"uagb-ifb-title\">os jogos de interior para crian\u00e7as s\u00e3o mais f\u00e1ceis de guardar<\/p><\/div><\/div><\/div>\n<\/div>\n<\/div>\n\n\n\n<div class=\"wp-block-uagb-container uagb-block-00d46b71\">\n<div class=\"wp-block-uagb-container uagb-block-63be2ee0\">\n<div class=\"wp-block-uagb-info-box uagb-block-86f40bc4 uagb-infobox__content-wrap  uagb-infobox-icon-above-title uagb-infobox-image-valign-top\"><div class=\"uagb-ifb-content\"><div class=\"uagb-ifb-title-wrap\"><p class=\"uagb-ifb-title-prefix\">03<\/p><\/div><\/div><\/div>\n<\/div>\n\n\n\n<div class=\"wp-block-uagb-container uagb-block-f9a9ed48\">\n<div class=\"wp-block-uagb-info-box uagb-block-a01a3038 uagb-infobox__content-wrap  uagb-infobox-icon-above-title uagb-infobox-image-valign-top\"><div class=\"uagb-ifb-content\"><div class=\"uagb-ifb-title-wrap\"><h4 class=\"uagb-ifb-title\"><strong>Op\u00e7\u00f5es de acabamento personalizadas<\/strong><\/h4><\/div><\/div><\/div>\n<\/div>\n\n\n\n<div class=\"wp-block-uagb-container uagb-block-ea615933\">\n<div class=\"wp-block-uagb-info-box uagb-block-6f5b8a81 uagb-infobox__content-wrap  uagb-infobox-icon-above-title uagb-infobox-image-valign-top\"><div class=\"uagb-ifb-content\"><div class=\"uagb-ifb-title-wrap\"><p class=\"uagb-ifb-title\">Oferece uma variedade de op\u00e7\u00f5es de cores e materiais, permitindo que as empresas se adaptem a temas espec\u00edficos de decora\u00e7\u00e3o ou de marca.<\/p><\/div><\/div><\/div>\n<\/div>\n<\/div>\n<\/div><\/div>\n\n\n\n<div class=\"wp-block-uagb-container uagb-block-10733882 alignfull uagb-is-root-container\"><div class=\"uagb-container-inner-blocks-wrap\">\n<div class=\"wp-block-uagb-container uagb-block-a3ecce27\">\n<div class=\"wp-block-uagb-image uagb-block-a9f8ab9c wp-block-uagb-image--layout-default wp-block-uagb-image--effect-static wp-block-uagb-image--align-none\"><figure class=\"wp-block-uagb-image__figure\"><img decoding=\"async\" srcset=\"https:\/\/www.wonfulity.com\/wp-content\/uploads\/Cao-County-Runwan-Crafts-Co-Ltd-1.webp ,https:\/\/www.wonfulity.com\/wp-content\/uploads\/Cao-County-Runwan-Crafts-Co-Ltd-1.webp 780w, https:\/\/www.wonfulity.com\/wp-content\/uploads\/Cao-County-Runwan-Crafts-Co-Ltd-1.webp 360w\" sizes=\"auto, (max-width: 480px) 150px\" src=\"https:\/\/www.wonfulity.com\/wp-content\/uploads\/Cao-County-Runwan-Crafts-Co-Ltd-1.webp\" alt=\"f\u00e1brica de madeira\" class=\"uag-image-11115\" width=\"400\" height=\"300\" title=\"f\u00e1brica de madeira\" loading=\"lazy\" role=\"img\"\/><\/figure><\/div>\n\n\n\n<div class=\"wp-block-uagb-image uagb-block-e21af5fb wp-block-uagb-image--layout-default wp-block-uagb-image--effect-static wp-block-uagb-image--align-none\"><figure class=\"wp-block-uagb-image__figure\"><img decoding=\"async\" srcset=\"https:\/\/www.wonfulity.com\/wp-content\/uploads\/10-3-1024x640.png ,https:\/\/www.wonfulity.com\/wp-content\/uploads\/10-3.png 780w, https:\/\/www.wonfulity.com\/wp-content\/uploads\/10-3.png 360w\" sizes=\"auto, (max-width: 480px) 150px\" src=\"https:\/\/www.wonfulity.com\/wp-content\/uploads\/10-3-1024x640.png\" alt=\"f\u00e1brica de madeira\" class=\"uag-image-10974\" width=\"400\" height=\"300\" title=\"f\u00e1brica de madeira\" loading=\"lazy\" role=\"img\"\/><\/figure><\/div>\n<\/div>\n\n\n\n<div class=\"wp-block-uagb-container uagb-block-1c90d097\">\n<div class=\"wp-block-uagb-image uagb-block-e676099f wp-block-uagb-image--layout-default wp-block-uagb-image--effect-static wp-block-uagb-image--align-none\"><figure class=\"wp-block-uagb-image__figure\"><img decoding=\"async\" srcset=\"https:\/\/www.wonfulity.com\/wp-content\/uploads\/13.png ,https:\/\/www.wonfulity.com\/wp-content\/uploads\/13.png 780w, https:\/\/www.wonfulity.com\/wp-content\/uploads\/13.png 360w\" sizes=\"auto, (max-width: 480px) 150px\" src=\"https:\/\/www.wonfulity.com\/wp-content\/uploads\/13.png\" alt=\"f\u00e1brica de madeira\" class=\"uag-image-10941\" width=\"400\" height=\"300\" title=\"f\u00e1brica de madeira\" loading=\"lazy\" role=\"img\"\/><\/figure><\/div>\n\n\n\n<div class=\"wp-block-uagb-image uagb-block-8f557fa6 wp-block-uagb-image--layout-default wp-block-uagb-image--effect-static wp-block-uagb-image--align-none\"><figure class=\"wp-block-uagb-image__figure\"><img decoding=\"async\" srcset=\"https:\/\/www.wonfulity.com\/wp-content\/uploads\/Cao-County-Runwan-Crafts-Co-Ltd-.webp ,https:\/\/www.wonfulity.com\/wp-content\/uploads\/Cao-County-Runwan-Crafts-Co-Ltd-.webp 780w, https:\/\/www.wonfulity.com\/wp-content\/uploads\/Cao-County-Runwan-Crafts-Co-Ltd-.webp 360w\" sizes=\"auto, (max-width: 480px) 150px\" src=\"https:\/\/www.wonfulity.com\/wp-content\/uploads\/Cao-County-Runwan-Crafts-Co-Ltd-.webp\" alt=\"f\u00e1brica de madeira\" class=\"uag-image-11116\" width=\"400\" height=\"300\" title=\"f\u00e1brica de madeira\" loading=\"lazy\" role=\"img\"\/><\/figure><\/div>\n<\/div>\n\n\n\n<div class=\"wp-block-uagb-container uagb-block-5ed9251a\">\n<div class=\"wp-block-uagb-image uagb-block-ab006938 wp-block-uagb-image--layout-default wp-block-uagb-image--effect-static wp-block-uagb-image--align-none\"><figure class=\"wp-block-uagb-image__figure\"><img decoding=\"async\" srcset=\"https:\/\/www.wonfulity.com\/wp-content\/uploads\/19.png ,https:\/\/www.wonfulity.com\/wp-content\/uploads\/19.png 780w, https:\/\/www.wonfulity.com\/wp-content\/uploads\/19.png 360w\" sizes=\"auto, (max-width: 480px) 150px\" src=\"https:\/\/www.wonfulity.com\/wp-content\/uploads\/19.png\" alt=\"f\u00e1brica de madeira\" class=\"uag-image-10947\" width=\"400\" height=\"300\" title=\"f\u00e1brica de madeira\" loading=\"lazy\" role=\"img\"\/><\/figure><\/div>\n\n\n\n<div class=\"wp-block-uagb-image uagb-block-3382ec21 wp-block-uagb-image--layout-default wp-block-uagb-image--effect-static wp-block-uagb-image--align-none\"><figure class=\"wp-block-uagb-image__figure\"><img decoding=\"async\" srcset=\"https:\/\/www.wonfulity.com\/wp-content\/uploads\/\u672a\u547d\u540d\u7684\u8bbe\u8ba1-21.png ,https:\/\/www.wonfulity.com\/wp-content\/uploads\/\u672a\u547d\u540d\u7684\u8bbe\u8ba1-21.png 780w, https:\/\/www.wonfulity.com\/wp-content\/uploads\/\u672a\u547d\u540d\u7684\u8bbe\u8ba1-21.png 360w\" sizes=\"auto, (max-width: 480px) 150px\" src=\"https:\/\/www.wonfulity.com\/wp-content\/uploads\/\u672a\u547d\u540d\u7684\u8bbe\u8ba1-21.png\" alt=\"f\u00e1brica de madeira\" class=\"uag-image-11118\" width=\"400\" height=\"300\" title=\"f\u00e1brica de madeira\" loading=\"lazy\" role=\"img\"\/><\/figure><\/div>\n<\/div>\n<\/div><\/div>\n\n\n\n<p><\/p>","protected":false},"excerpt":{"rendered":"<p>Em compara\u00e7\u00e3o com os alvos de dardos tradicionais, este jogo de interior para crian\u00e7as \u00e9 mais seguro, sem dardos afiados ou riscos de danificar a parede. Os jogos de parque exterior foram concebidos para crian\u00e7as, mas tamb\u00e9m agradam aos adultos com a sua jogabilidade desafiante e viciante.<\/p>\n<p>A satisfa\u00e7\u00e3o do cliente \u00e9 a principal prioridade. Estes jogos infantis de interior s\u00e3o embalados de forma segura para garantir que chegam em perfeitas condi\u00e7\u00f5es. Se surgir algum problema aquando da entrega, pode contactar a equipa de apoio ao cliente para obter assist\u00eancia imediata.<\/p>\n<p>Este jogo de atirar an\u00e9is e ganchos n\u00e3o \u00e9 apenas divertido, mas tamb\u00e9m acrescenta intera\u00e7\u00e3o e alegria \u00e0s reuni\u00f5es familiares. Ajuda as crian\u00e7as e os adultos a aprenderem atrav\u00e9s da brincadeira, apresenta um design seguro e \u00e9 um item altamente recomendado para a cria\u00e7\u00e3o de la\u00e7os entre pais e filhos e actividades de grupo.<\/p>\n<p>Procura produtos correspondentes? Ver os nossos<strong> <a href=\"https:\/\/www.wonfulity.com\/pt\/produto\/\">produtos de mobili\u00e1rio para crian\u00e7as<\/a><\/strong><br \/>Precisa de mais op\u00e7\u00f5es ou de um or\u00e7amento r\u00e1pido? Confira nossa Loja Internacional para as \u00faltimas cole\u00e7\u00f5es\uff1a<\/p>\n<ul>\n<li><strong><a href=\"https:\/\/zhizhenmei.en.alibaba.com\/?spm=a2700.29482153.0.0.71d571d2UuhFW4\" target=\"_blank\" rel=\"noopener sponsored\">Loja Internacional 1<\/a><\/strong><\/li>\n<li><strong><a href=\"https:\/\/caoxianaoyi.en.alibaba.com\/?spm=a2700.29482153.0.0.427c71d26Wtq4L\" target=\"_blank\" rel=\"noopener sponsored\">Loja Internacional 2<\/a><\/strong><\/li>\n<\/ul>","protected":false},"featured_media":12027,"template":"","meta":{"_uag_custom_page_level_css":"","site-sidebar-layout":"default","site-content-layout":"","ast-site-content-layout":"default","site-content-style":"default","site-sidebar-style":"default","ast-global-header-display":"","ast-banner-title-visibility":"","ast-main-header-display":"","ast-hfb-above-header-display":"","ast-hfb-below-header-display":"","ast-hfb-mobile-header-display":"","site-post-title":"","ast-breadcrumbs-content":"","ast-featured-img":"","footer-sml-layout":"","ast-disable-related-posts":"","theme-transparent-header-meta":"","adv-header-id-meta":"","stick-header-meta":"","header-above-stick-meta":"","header-main-stick-meta":"","header-below-stick-meta":"","astra-migrate-meta-layouts":"default","ast-page-background-enabled":"default","ast-page-background-meta":{"desktop":{"background-color":"var(--ast-global-color-4)","background-image":"","background-repeat":"repeat","background-position":"center center","background-size":"auto","background-attachment":"scroll","background-type":"","background-media":"","overlay-type":"","overlay-color":"","overlay-opacity":"","overlay-gradient":""},"tablet":{"background-color":"","background-image":"","background-repeat":"repeat","background-position":"center center","background-size":"auto","background-attachment":"scroll","background-type":"","background-media":"","overlay-type":"","overlay-color":"","overlay-opacity":"","overlay-gradient":""},"mobile":{"background-color":"","background-image":"","background-repeat":"repeat","background-position":"center center","background-size":"auto","background-attachment":"scroll","background-type":"","background-media":"","overlay-type":"","overlay-color":"","overlay-opacity":"","overlay-gradient":""}},"ast-content-background-meta":{"desktop":{"background-color":"var(--ast-global-color-5)","background-image":"","background-repeat":"repeat","background-position":"center center","background-size":"auto","background-attachment":"scroll","background-type":"","background-media":"","overlay-type":"","overlay-color":"","overlay-opacity":"","overlay-gradient":""},"tablet":{"background-color":"var(--ast-global-color-5)","background-image":"","background-repeat":"repeat","background-position":"center center","background-size":"auto","background-attachment":"scroll","background-type":"","background-media":"","overlay-type":"","overlay-color":"","overlay-opacity":"","overlay-gradient":""},"mobile":{"background-color":"var(--ast-global-color-5)","background-image":"","background-repeat":"repeat","background-position":"center center","background-size":"auto","background-attachment":"scroll","background-type":"","background-media":"","overlay-type":"","overlay-color":"","overlay-opacity":"","overlay-gradient":""}}},"product_brand":[],"product_cat":[229,228,15],"product_tag":[],"class_list":{"0":"post-11499","1":"product","2":"type-product","3":"status-publish","4":"has-post-thumbnail","6":"product_cat-indoor-games-for-family","7":"product_cat-custom-puzzle-games","8":"product_cat-all","9":"desktop-align-left","10":"tablet-align-left","11":"mobile-align-left","12":"ast-product-gallery-layout-horizontal-slider","13":"ast-product-tabs-layout-horizontal","15":"first","16":"instock","17":"shipping-taxable","18":"product-type-simple"},"uagb_featured_image_src":{"full":["https:\/\/www.wonfulity.com\/wp-content\/uploads\/21-1.png",600,700,false],"thumbnail":["https:\/\/www.wonfulity.com\/wp-content\/uploads\/21-1-150x150.png",150,150,true],"medium":["https:\/\/www.wonfulity.com\/wp-content\/uploads\/21-1-257x300.png",257,300,true],"medium_large":["https:\/\/www.wonfulity.com\/wp-content\/uploads\/21-1.png",600,700,false],"large":["https:\/\/www.wonfulity.com\/wp-content\/uploads\/21-1.png",600,700,false],"1536x1536":["https:\/\/www.wonfulity.com\/wp-content\/uploads\/21-1.png",600,700,false],"2048x2048":["https:\/\/www.wonfulity.com\/wp-content\/uploads\/21-1.png",600,700,false],"trp-custom-language-flag":["https:\/\/www.wonfulity.com\/wp-content\/uploads\/21-1-10x12.png",10,12,true],"woocommerce_thumbnail":["https:\/\/www.wonfulity.com\/wp-content\/uploads\/21-1-450x570.png",450,570,true],"woocommerce_single":["https:\/\/www.wonfulity.com\/wp-content\/uploads\/21-1.png",600,700,false],"woocommerce_gallery_thumbnail":["https:\/\/www.wonfulity.com\/wp-content\/uploads\/21-1-100x100.png",100,100,true]},"uagb_author_info":{"display_name":"caijinyue","author_link":"https:\/\/www.wonfulity.com\/pt\/blogs\/author\/"},"uagb_comment_info":0,"uagb_excerpt":"Compared to traditional dartboards, this kids indoor games is safer, with no sharp darts or risks of wall damage. Outdoor park games is designed for kids\u00a0 but also appeals to adults with its challenging and addictive gameplay. Customer satisfaction is the top priority. This kids indoor games is securely packaged to ensure it arrives in&hellip;","_links":{"self":[{"href":"https:\/\/www.wonfulity.com\/pt\/wp-json\/wp\/v2\/product\/11499","targetHints":{"allow":["GET"]}}],"collection":[{"href":"https:\/\/www.wonfulity.com\/pt\/wp-json\/wp\/v2\/product"}],"about":[{"href":"https:\/\/www.wonfulity.com\/pt\/wp-json\/wp\/v2\/types\/product"}],"wp:featuredmedia":[{"embeddable":true,"href":"https:\/\/www.wonfulity.com\/pt\/wp-json\/wp\/v2\/media\/12027"}],"wp:attachment":[{"href":"https:\/\/www.wonfulity.com\/pt\/wp-json\/wp\/v2\/media?parent=11499"}],"wp:term":[{"taxonomy":"product_brand","embeddable":true,"href":"https:\/\/www.wonfulity.com\/pt\/wp-json\/wp\/v2\/product_brand?post=11499"},{"taxonomy":"product_cat","embeddable":true,"href":"https:\/\/www.wonfulity.com\/pt\/wp-json\/wp\/v2\/product_cat?post=11499"},{"taxonomy":"product_tag","embeddable":true,"href":"https:\/\/www.wonfulity.com\/pt\/wp-json\/wp\/v2\/product_tag?post=11499"}],"curies":[{"name":"wp","href":"https:\/\/api.w.org\/{rel}","templated":true}]}}