{"id":11637,"date":"2024-12-10T08:48:33","date_gmt":"2024-12-10T00:48:33","guid":{"rendered":"https:\/\/www.wonfulity.com\/?post_type=product&#038;p=11637"},"modified":"2024-12-13T10:48:37","modified_gmt":"2024-12-13T02:48:37","slug":"montessori-toy-child-chopping-board","status":"publish","type":"product","link":"https:\/\/www.wonfulity.com\/pt\/produto\/tabua-de-cortar-para-criancas-de-brinquedo-montessori\/","title":{"rendered":"Top 10 T\u00e1bua de cortar para crian\u00e7as com brinquedos Montessori"},"content":{"rendered":"<div class=\"wp-block-uagb-container uagb-block-d15b9ca3 alignfull uagb-is-root-container\"><div class=\"uagb-container-inner-blocks-wrap\">\n<div class=\"wp-block-uagb-container uagb-block-f7df6427\">\n<div class=\"wp-block-uagb-container uagb-block-9455ef5b\">\n<div class=\"wp-block-uagb-info-box uagb-block-d4df3463 uagb-infobox__content-wrap  uagb-infobox-icon-above-title uagb-infobox-image-valign-top\"><div class=\"uagb-ifb-content\"><div class=\"uagb-ifb-title-wrap\"><h4 class=\"uagb-ifb-title\"><strong>T\u00e1bua de cortar Utens\u00edlios para crian\u00e7as <\/strong><\/h4><\/div><p class=\"uagb-ifb-desc\">Estas t\u00e1buas de cortar para crian\u00e7as s\u00e3o perfeitas para as brincadeiras das crian\u00e7as, ajudam a desenvolver a sua imagina\u00e7\u00e3o e criatividade e podem ser utilizadas como ferramentas educativas para ensinar \u00e0s crian\u00e7as os diferentes utens\u00edlios de cozinha e as suas utiliza\u00e7\u00f5es.<\/p><\/div><\/div>\n<\/div>\n\n\n\n<div class=\"wp-block-uagb-info-box uagb-block-845cd917 uagb-infobox__content-wrap  uagb-infobox-icon-above-title uagb-infobox-image-valign-top\"><div class=\"uagb-ifb-content\"><div class=\"uagb-ifb-title-wrap\"><h4 class=\"uagb-ifb-title\"><strong>Vantagens materiais para as crian\u00e7as<\/strong><\/h4><\/div><p class=\"uagb-ifb-desc\">Fabricados em madeira natural, os utens\u00edlios de cozinha Montessori Toy Child Chopping Board n\u00e3o s\u00e3o t\u00f3xicos e s\u00e3o seguros para as crian\u00e7as. A madeira de alta qualidade faz com que estes utens\u00edlios sejam suficientemente dur\u00e1veis para resistirem ao manuseamento brusco das crian\u00e7as. <\/p><\/div><\/div>\n\n\n\n<div class=\"wp-block-uagb-container uagb-block-a256468b\">\n<div class=\"wp-block-uagb-info-box uagb-block-28834539 uagb-infobox__content-wrap  uagb-infobox-icon-above-title uagb-infobox-image-valign-top\"><div class=\"uagb-ifb-content\"><div class=\"uagb-ifb-title-wrap\"><h4 class=\"uagb-ifb-title\"><br><strong><strong>Perfeito para fabrico e personaliza\u00e7\u00e3o B2B<\/strong><\/strong><\/h4><\/div><p class=\"uagb-ifb-desc\">Esta t\u00e1bua de cortar para crian\u00e7as com brinquedos Montessori \u00e9 uma excelente escolha para clientes B2B que pretendam investir em mobili\u00e1rio infantil para institui\u00e7\u00f5es de ensino, espa\u00e7os comerciais ou creches. Com op\u00e7\u00f5es de personaliza\u00e7\u00e3o dispon\u00edveis, este conjunto pode ser adaptado para satisfazer necessidades comerciais espec\u00edficas, incluindo a cor, a marca e a embalagem. As empresas podem encomendar em grandes quantidades e tirar partido dos nossos processos eficientes de envio e controlo de qualidade para satisfazer a procura.<\/p><\/div><\/div>\n<\/div>\n<\/div>\n\n\n\n<div class=\"wp-block-uagb-container uagb-block-07bfc131\">\n<div class=\"wp-block-uagb-image uagb-block-b4bb948c wp-block-uagb-image--layout-default wp-block-uagb-image--effect-static wp-block-uagb-image--align-none alignleft\"><figure class=\"wp-block-uagb-image__figure\"><img decoding=\"async\" srcset=\"https:\/\/www.wonfulity.com\/wp-content\/uploads\/il_794xN.4327370144_atm0.jpg ,https:\/\/www.wonfulity.com\/wp-content\/uploads\/il_794xN.4327370144_atm0.jpg 780w, https:\/\/www.wonfulity.com\/wp-content\/uploads\/il_794xN.4327370144_atm0.jpg 360w\" sizes=\"auto, (max-width: 480px) 150px\" src=\"https:\/\/www.wonfulity.com\/wp-content\/uploads\/il_794xN.4327370144_atm0.jpg\" alt=\"T\u00e1bua de cortar para crian\u00e7as Montessori Toy\" class=\"uag-image-11641\" width=\"600\" height=\"700\" title=\"il_794xN.4327370144_atm0\" loading=\"lazy\" role=\"img\"\/><\/figure><\/div>\n<\/div>\n<\/div><\/div>\n\n\n\n<div class=\"wp-block-uagb-container uagb-block-942c266d alignfull uagb-is-root-container\"><div class=\"uagb-container-inner-blocks-wrap\">\n<div class=\"wp-block-uagb-container uagb-block-cdfbwk39\">\n<div class=\"wp-block-uagb-container uagb-block-taa9jvn9\"><\/div>\n\n\n\n<div class=\"wp-block-uagb-container uagb-block-e6uqhnjy\">\n<div class=\"wp-block-uagb-info-box uagb-block-sm9wy83a uagb-infobox__content-wrap  uagb-infobox-icon-above-title uagb-infobox-image-valign-top\"><div class=\"uagb-ifb-content\"><div class=\"uagb-ifb-title-wrap\"><h4 class=\"uagb-ifb-title\">Item<\/h4><\/div><\/div><\/div>\n<\/div>\n\n\n\n<div class=\"wp-block-uagb-container uagb-block-xdtgxgj6\">\n<div class=\"wp-block-uagb-info-box uagb-block-c04bcb41 uagb-infobox__content-wrap  uagb-infobox-icon-above-title uagb-infobox-image-valign-top\"><div class=\"uagb-ifb-content\"><div class=\"uagb-ifb-title-wrap\"><h4 class=\"uagb-ifb-title\">Desc<\/h4><\/div><\/div><\/div>\n<\/div>\n<\/div>\n\n\n\n<div class=\"wp-block-uagb-container uagb-block-720573f4\">\n<div class=\"wp-block-uagb-container uagb-block-d006e6eb\">\n<div class=\"wp-block-uagb-info-box uagb-block-a92ede72 uagb-infobox__content-wrap  uagb-infobox-icon-above-title uagb-infobox-image-valign-top\"><div class=\"uagb-ifb-content\"><div class=\"uagb-ifb-title-wrap\"><p class=\"uagb-ifb-title-prefix\">01<\/p><\/div><\/div><\/div>\n<\/div>\n\n\n\n<div class=\"wp-block-uagb-container uagb-block-32771033\">\n<div class=\"wp-block-uagb-info-box uagb-block-aaee5390 uagb-infobox__content-wrap  uagb-infobox-icon-above-title uagb-infobox-image-valign-top\"><div class=\"uagb-ifb-content\"><div class=\"uagb-ifb-title-wrap\"><h4 class=\"uagb-ifb-title\"><strong>Madeira dur\u00e1vel e amiga do ambiente<\/strong><\/h4><\/div><\/div><\/div>\n<\/div>\n\n\n\n<div class=\"wp-block-uagb-container uagb-block-d985a046\">\n<div class=\"wp-block-uagb-info-box uagb-block-2b0922dc uagb-infobox__content-wrap  uagb-infobox-icon-above-title uagb-infobox-image-valign-top\"><div class=\"uagb-ifb-content\"><div class=\"uagb-ifb-title-wrap\"><p class=\"uagb-ifb-title\">A t\u00e1bua de cortar Montessori Toy Child tem vantagens materiais significativas. Feita de madeira, \u00e9 resistente e duradoura, capaz de suportar uma utiliza\u00e7\u00e3o frequente. A madeira \u00e9 um material natural, n\u00e3o t\u00f3xico e seguro para as crian\u00e7as. Tem uma textura e um aspeto agrad\u00e1veis, melhorando a experi\u00eancia l\u00fadica e garantindo a seguran\u00e7a.<\/p><\/div><\/div><\/div>\n<\/div>\n<\/div>\n\n\n\n<div class=\"wp-block-uagb-container uagb-block-95a6e317\">\n<div class=\"wp-block-uagb-container uagb-block-2e70f36a\">\n<div class=\"wp-block-uagb-info-box uagb-block-8efb1163 uagb-infobox__content-wrap  uagb-infobox-icon-above-title uagb-infobox-image-valign-top\"><div class=\"uagb-ifb-content\"><div class=\"uagb-ifb-title-wrap\"><p class=\"uagb-ifb-title-prefix\">02<\/p><\/div><\/div><\/div>\n<\/div>\n\n\n\n<div class=\"wp-block-uagb-container uagb-block-c25bc4e9\">\n<div class=\"wp-block-uagb-info-box uagb-block-8e5653f6 uagb-infobox__content-wrap  uagb-infobox-icon-above-title uagb-infobox-image-valign-top\"><div class=\"uagb-ifb-content\"><div class=\"uagb-ifb-title-wrap\"><h4 class=\"uagb-ifb-title\"><strong>T\u00e1bua de cortar para crian\u00e7as<\/strong><\/h4><\/div><\/div><\/div>\n<\/div>\n\n\n\n<div class=\"wp-block-uagb-container uagb-block-e4b73fff\">\n<p>A t\u00e1bua de cortar Montessori Toy Child \u00e9 um maravilhoso brinquedo de inspira\u00e7\u00e3o Montessori. Fabricada em madeira de alta qualidade, \u00e9 segura e duradoura. Permite \u00e0s crian\u00e7as brincarem ao faz-de-conta, aumentando a sua criatividade e imagina\u00e7\u00e3o. Este brinquedo \u00e9 perfeito para creches, pr\u00e9-escolas e lojas de brinquedos que procuram oferecer produtos \u00fanicos e educativos aos seus clientes. Ajuda a desenvolver as capacidades motoras finas e a coordena\u00e7\u00e3o m\u00e3o-olho, tornando-o um complemento valioso para o tempo de brincadeira de qualquer crian\u00e7a.<\/p>\n<\/div>\n<\/div>\n\n\n\n<div class=\"wp-block-uagb-container uagb-block-00d46b71\">\n<div class=\"wp-block-uagb-container uagb-block-63be2ee0\">\n<div class=\"wp-block-uagb-info-box uagb-block-86f40bc4 uagb-infobox__content-wrap  uagb-infobox-icon-above-title uagb-infobox-image-valign-top\"><div class=\"uagb-ifb-content\"><div class=\"uagb-ifb-title-wrap\"><p class=\"uagb-ifb-title-prefix\">03<\/p><\/div><\/div><\/div>\n<\/div>\n\n\n\n<div class=\"wp-block-uagb-container uagb-block-f9a9ed48\">\n<div class=\"wp-block-uagb-info-box uagb-block-a01a3038 uagb-infobox__content-wrap  uagb-infobox-icon-above-title uagb-infobox-image-valign-top\"><div class=\"uagb-ifb-content\"><div class=\"uagb-ifb-title-wrap\"><h4 class=\"uagb-ifb-title\"><strong>F\u00e1cil montagem e manuten\u00e7\u00e3o<\/strong><\/h4><\/div><\/div><\/div>\n<\/div>\n\n\n\n<div class=\"wp-block-uagb-container uagb-block-ea615933\">\n<p>Concebida para ser pr\u00e1tica, a T\u00e1bua de Cortar Montessori Toy Child \u00e9 f\u00e1cil de montar, sendo necess\u00e1rias ferramentas m\u00ednimas. Este processo de montagem sem complica\u00e7\u00f5es \u00e9 ideal para pais ocupados e institui\u00e7\u00f5es de ensino. Al\u00e9m disso, o conjunto \u00e9 simples de limpar e manter, garantindo que se mant\u00e9m em boas condi\u00e7\u00f5es durante anos de utiliza\u00e7\u00e3o, tornando-o perfeito tanto para ambientes dom\u00e9sticos como para ambientes comerciais.<\/p>\n<\/div>\n<\/div>\n<\/div><\/div>\n\n\n\n<div class=\"wp-block-uagb-container uagb-block-10733882 alignfull uagb-is-root-container\"><div class=\"uagb-container-inner-blocks-wrap\">\n<div class=\"wp-block-uagb-container uagb-block-a3ecce27\">\n<div class=\"wp-block-uagb-image uagb-block-a9f8ab9c wp-block-uagb-image--layout-default wp-block-uagb-image--effect-static wp-block-uagb-image--align-none\"><figure class=\"wp-block-uagb-image__figure\"><img decoding=\"async\" srcset=\"https:\/\/www.wonfulity.com\/wp-content\/uploads\/Cao-County-Runwan-Crafts-Co-Ltd-1.webp ,https:\/\/www.wonfulity.com\/wp-content\/uploads\/Cao-County-Runwan-Crafts-Co-Ltd-1.webp 780w, https:\/\/www.wonfulity.com\/wp-content\/uploads\/Cao-County-Runwan-Crafts-Co-Ltd-1.webp 360w\" sizes=\"auto, (max-width: 480px) 150px\" src=\"https:\/\/www.wonfulity.com\/wp-content\/uploads\/Cao-County-Runwan-Crafts-Co-Ltd-1.webp\" alt=\"f\u00e1brica de madeira\" class=\"uag-image-11115\" width=\"400\" height=\"300\" title=\"f\u00e1brica de madeira\" loading=\"lazy\" role=\"img\"\/><\/figure><\/div>\n\n\n\n<div class=\"wp-block-uagb-image uagb-block-e21af5fb wp-block-uagb-image--layout-default wp-block-uagb-image--effect-static wp-block-uagb-image--align-none\"><figure class=\"wp-block-uagb-image__figure\"><img decoding=\"async\" srcset=\"https:\/\/www.wonfulity.com\/wp-content\/uploads\/10-3-1024x640.png ,https:\/\/www.wonfulity.com\/wp-content\/uploads\/10-3.png 780w, https:\/\/www.wonfulity.com\/wp-content\/uploads\/10-3.png 360w\" sizes=\"auto, (max-width: 480px) 150px\" src=\"https:\/\/www.wonfulity.com\/wp-content\/uploads\/10-3-1024x640.png\" alt=\"f\u00e1brica de madeira\" class=\"uag-image-10974\" width=\"400\" height=\"300\" title=\"f\u00e1brica de madeira\" loading=\"lazy\" role=\"img\"\/><\/figure><\/div>\n<\/div>\n\n\n\n<div class=\"wp-block-uagb-container uagb-block-1c90d097\">\n<div class=\"wp-block-uagb-image uagb-block-e676099f wp-block-uagb-image--layout-default wp-block-uagb-image--effect-static wp-block-uagb-image--align-none\"><figure class=\"wp-block-uagb-image__figure\"><img decoding=\"async\" srcset=\"https:\/\/www.wonfulity.com\/wp-content\/uploads\/13.png ,https:\/\/www.wonfulity.com\/wp-content\/uploads\/13.png 780w, https:\/\/www.wonfulity.com\/wp-content\/uploads\/13.png 360w\" sizes=\"auto, (max-width: 480px) 150px\" src=\"https:\/\/www.wonfulity.com\/wp-content\/uploads\/13.png\" alt=\"f\u00e1brica de madeira\" class=\"uag-image-10941\" width=\"400\" height=\"300\" title=\"f\u00e1brica de madeira\" loading=\"lazy\" role=\"img\"\/><\/figure><\/div>\n\n\n\n<div class=\"wp-block-uagb-image uagb-block-8f557fa6 wp-block-uagb-image--layout-default wp-block-uagb-image--effect-static wp-block-uagb-image--align-none\"><figure class=\"wp-block-uagb-image__figure\"><img decoding=\"async\" srcset=\"https:\/\/www.wonfulity.com\/wp-content\/uploads\/Cao-County-Runwan-Crafts-Co-Ltd-.webp ,https:\/\/www.wonfulity.com\/wp-content\/uploads\/Cao-County-Runwan-Crafts-Co-Ltd-.webp 780w, https:\/\/www.wonfulity.com\/wp-content\/uploads\/Cao-County-Runwan-Crafts-Co-Ltd-.webp 360w\" sizes=\"auto, (max-width: 480px) 150px\" src=\"https:\/\/www.wonfulity.com\/wp-content\/uploads\/Cao-County-Runwan-Crafts-Co-Ltd-.webp\" alt=\"f\u00e1brica de madeira\" class=\"uag-image-11116\" width=\"400\" height=\"300\" title=\"f\u00e1brica de madeira\" loading=\"lazy\" role=\"img\"\/><\/figure><\/div>\n<\/div>\n\n\n\n<div class=\"wp-block-uagb-container uagb-block-5ed9251a\">\n<div class=\"wp-block-uagb-image uagb-block-ab006938 wp-block-uagb-image--layout-default wp-block-uagb-image--effect-static wp-block-uagb-image--align-none\"><figure class=\"wp-block-uagb-image__figure\"><img decoding=\"async\" srcset=\"https:\/\/www.wonfulity.com\/wp-content\/uploads\/19.png ,https:\/\/www.wonfulity.com\/wp-content\/uploads\/19.png 780w, https:\/\/www.wonfulity.com\/wp-content\/uploads\/19.png 360w\" sizes=\"auto, (max-width: 480px) 150px\" src=\"https:\/\/www.wonfulity.com\/wp-content\/uploads\/19.png\" alt=\"f\u00e1brica de madeira\" class=\"uag-image-10947\" width=\"400\" height=\"300\" title=\"f\u00e1brica de madeira\" loading=\"lazy\" role=\"img\"\/><\/figure><\/div>\n\n\n\n<div class=\"wp-block-uagb-image uagb-block-3382ec21 wp-block-uagb-image--layout-default wp-block-uagb-image--effect-static wp-block-uagb-image--align-none\"><figure class=\"wp-block-uagb-image__figure\"><img decoding=\"async\" srcset=\"https:\/\/www.wonfulity.com\/wp-content\/uploads\/\u672a\u547d\u540d\u7684\u8bbe\u8ba1-21.png ,https:\/\/www.wonfulity.com\/wp-content\/uploads\/\u672a\u547d\u540d\u7684\u8bbe\u8ba1-21.png 780w, https:\/\/www.wonfulity.com\/wp-content\/uploads\/\u672a\u547d\u540d\u7684\u8bbe\u8ba1-21.png 360w\" sizes=\"auto, (max-width: 480px) 150px\" src=\"https:\/\/www.wonfulity.com\/wp-content\/uploads\/\u672a\u547d\u540d\u7684\u8bbe\u8ba1-21.png\" alt=\"f\u00e1brica de madeira\" class=\"uag-image-11118\" width=\"400\" height=\"300\" title=\"f\u00e1brica de madeira\" loading=\"lazy\" role=\"img\"\/><\/figure><\/div>\n<\/div>\n<\/div><\/div>\n\n\n\n<p><font><\/font><\/p>\n\n\n\n<p><font><\/font><\/p>","protected":false},"excerpt":{"rendered":"<p>A nossa t\u00e1bua de cortar para crian\u00e7as Montessori Toy \u00e9 um produto not\u00e1vel que se destaca no mercado dos brinquedos educativos. Foi concebido com m\u00faltiplas fun\u00e7\u00f5es, \u00e9 feito de materiais de alta qualidade e oferece op\u00e7\u00f5es de personaliza\u00e7\u00e3o. As crian\u00e7as podem participar em actividades de cozinha de faz-de-conta, que s\u00e3o essenciais para desenvolver a sua imagina\u00e7\u00e3o. As crian\u00e7as podem imitar as ac\u00e7\u00f5es dos adultos na cozinha, cortando e preparando os alimentos, aumentando assim a sua criatividade e compreens\u00e3o das actividades da vida di\u00e1ria. O ato de segurar e utilizar as facas de madeira e cortar na t\u00e1bua ajuda as crian\u00e7as a melhorar as suas capacidades motoras finas. O ato de segurar e utilizar as facas de madeira e de cortar no tabuleiro ajuda as crian\u00e7as a melhorar a sua motricidade fina, fortalecendo os pequenos m\u00fasculos das m\u00e3os e dos dedos, o que \u00e9 crucial para tarefas como a escrita e o desenho. Esta capacidade \u00e9 fundamental para muitas outras actividades f\u00edsicas e desportivas.<\/p>\n<p>A t\u00e1bua de cortar Montessori Toy Child e os utens\u00edlios que a acompanham s\u00e3o feitos de madeira de primeira qualidade. O material de madeira n\u00e3o \u00e9 t\u00f3xico, garantindo a seguran\u00e7a das crian\u00e7as durante as brincadeiras. A madeira \u00e9 conhecida pela sua durabilidade. Este conjunto de t\u00e1buas de cortar pode suportar o manuseamento brusco das crian\u00e7as, garantindo a sua longa dura\u00e7\u00e3o. \u00c9 resistente ao desgaste, o que o torna um investimento rent\u00e1vel para os clientes finais.<\/p>\n<p>Compreendemos que diferentes clientes t\u00eam requisitos \u00fanicos, pelo que oferecemos op\u00e7\u00f5es de personaliza\u00e7\u00e3o para este produto, podendo os clientes ter os seus log\u00f3tipos ou nomes de marcas gravados na t\u00e1bua de cortar. O tamanho, a forma e a cor da t\u00e1bua de cortar e dos utens\u00edlios podem ser personalizados de acordo com as prefer\u00eancias do cliente. Em conclus\u00e3o, a nossa t\u00e1bua de cortar para crian\u00e7as com inspira\u00e7\u00e3o Montessori \u00e9 um produto multifuncional, de alta qualidade e personaliz\u00e1vel. N\u00e3o se trata apenas de um brinquedo educativo que promove o desenvolvimento das crian\u00e7as, mas tamb\u00e9m de uma ferramenta de branding que pode melhorar a presen\u00e7a no mercado dos nossos clientes.<\/p>\n<p>Procura produtos correspondentes? Ver os nossos<strong> <a href=\"https:\/\/www.wonfulity.com\/pt\/produto\/\">produtos de mobili\u00e1rio para crian\u00e7as<\/a><\/strong><br \/>Precisa de mais op\u00e7\u00f5es ou de um or\u00e7amento r\u00e1pido? Confira nossa Loja Internacional para as \u00faltimas cole\u00e7\u00f5es\uff1a<\/p>\n<ul>\n<li><strong><a href=\"https:\/\/zhizhenmei.en.alibaba.com\/?spm=a2700.29482153.0.0.71d571d2UuhFW4\" target=\"_blank\" rel=\"noopener sponsored\">Loja Internacional 1<\/a><\/strong><\/li>\n<li><strong><a href=\"https:\/\/caoxianaoyi.en.alibaba.com\/?spm=a2700.29482153.0.0.427c71d26Wtq4L\" target=\"_blank\" rel=\"noopener sponsored\">Loja Internacional 2<\/a><\/strong><\/li>\n<\/ul>","protected":false},"featured_media":12074,"template":"","meta":{"_uag_custom_page_level_css":"","site-sidebar-layout":"default","site-content-layout":"","ast-site-content-layout":"default","site-content-style":"default","site-sidebar-style":"default","ast-global-header-display":"","ast-banner-title-visibility":"","ast-main-header-display":"","ast-hfb-above-header-display":"","ast-hfb-below-header-display":"","ast-hfb-mobile-header-display":"","site-post-title":"","ast-breadcrumbs-content":"","ast-featured-img":"","footer-sml-layout":"","ast-disable-related-posts":"","theme-transparent-header-meta":"","adv-header-id-meta":"","stick-header-meta":"","header-above-stick-meta":"","header-main-stick-meta":"","header-below-stick-meta":"","astra-migrate-meta-layouts":"default","ast-page-background-enabled":"default","ast-page-background-meta":{"desktop":{"background-color":"var(--ast-global-color-4)","background-image":"","background-repeat":"repeat","background-position":"center center","background-size":"auto","background-attachment":"scroll","background-type":"","background-media":"","overlay-type":"","overlay-color":"","overlay-opacity":"","overlay-gradient":""},"tablet":{"background-color":"","background-image":"","background-repeat":"repeat","background-position":"center center","background-size":"auto","background-attachment":"scroll","background-type":"","background-media":"","overlay-type":"","overlay-color":"","overlay-opacity":"","overlay-gradient":""},"mobile":{"background-color":"","background-image":"","background-repeat":"repeat","background-position":"center center","background-size":"auto","background-attachment":"scroll","background-type":"","background-media":"","overlay-type":"","overlay-color":"","overlay-opacity":"","overlay-gradient":""}},"ast-content-background-meta":{"desktop":{"background-color":"var(--ast-global-color-5)","background-image":"","background-repeat":"repeat","background-position":"center center","background-size":"auto","background-attachment":"scroll","background-type":"","background-media":"","overlay-type":"","overlay-color":"","overlay-opacity":"","overlay-gradient":""},"tablet":{"background-color":"var(--ast-global-color-5)","background-image":"","background-repeat":"repeat","background-position":"center center","background-size":"auto","background-attachment":"scroll","background-type":"","background-media":"","overlay-type":"","overlay-color":"","overlay-opacity":"","overlay-gradient":""},"mobile":{"background-color":"var(--ast-global-color-5)","background-image":"","background-repeat":"repeat","background-position":"center center","background-size":"auto","background-attachment":"scroll","background-type":"","background-media":"","overlay-type":"","overlay-color":"","overlay-opacity":"","overlay-gradient":""}}},"product_brand":[],"product_cat":[15,388,409],"product_tag":[],"class_list":{"0":"post-11637","1":"product","2":"type-product","3":"status-publish","4":"has-post-thumbnail","6":"product_cat-all","7":"product_cat-custom-educational-montessori-toys","8":"product_cat-montessori-wooden-educational-toys","9":"desktop-align-left","10":"tablet-align-left","11":"mobile-align-left","12":"ast-product-gallery-layout-horizontal-slider","13":"ast-product-tabs-layout-horizontal","15":"first","16":"instock","17":"shipping-taxable","18":"product-type-simple"},"uagb_featured_image_src":{"full":["https:\/\/www.wonfulity.com\/wp-content\/uploads\/\u8273\u840d\u72ec\u7acb\u7ad9\u4e3b\u9898\u8c03\u6574-\u526f\u672c.png",600,700,false],"thumbnail":["https:\/\/www.wonfulity.com\/wp-content\/uploads\/\u8273\u840d\u72ec\u7acb\u7ad9\u4e3b\u9898\u8c03\u6574-\u526f\u672c-150x150.png",150,150,true],"medium":["https:\/\/www.wonfulity.com\/wp-content\/uploads\/\u8273\u840d\u72ec\u7acb\u7ad9\u4e3b\u9898\u8c03\u6574-\u526f\u672c-257x300.png",257,300,true],"medium_large":["https:\/\/www.wonfulity.com\/wp-content\/uploads\/\u8273\u840d\u72ec\u7acb\u7ad9\u4e3b\u9898\u8c03\u6574-\u526f\u672c.png",600,700,false],"large":["https:\/\/www.wonfulity.com\/wp-content\/uploads\/\u8273\u840d\u72ec\u7acb\u7ad9\u4e3b\u9898\u8c03\u6574-\u526f\u672c.png",600,700,false],"1536x1536":["https:\/\/www.wonfulity.com\/wp-content\/uploads\/\u8273\u840d\u72ec\u7acb\u7ad9\u4e3b\u9898\u8c03\u6574-\u526f\u672c.png",600,700,false],"2048x2048":["https:\/\/www.wonfulity.com\/wp-content\/uploads\/\u8273\u840d\u72ec\u7acb\u7ad9\u4e3b\u9898\u8c03\u6574-\u526f\u672c.png",600,700,false],"trp-custom-language-flag":["https:\/\/www.wonfulity.com\/wp-content\/uploads\/\u8273\u840d\u72ec\u7acb\u7ad9\u4e3b\u9898\u8c03\u6574-\u526f\u672c-10x12.png",10,12,true],"woocommerce_thumbnail":["https:\/\/www.wonfulity.com\/wp-content\/uploads\/\u8273\u840d\u72ec\u7acb\u7ad9\u4e3b\u9898\u8c03\u6574-\u526f\u672c-450x570.png",450,570,true],"woocommerce_single":["https:\/\/www.wonfulity.com\/wp-content\/uploads\/\u8273\u840d\u72ec\u7acb\u7ad9\u4e3b\u9898\u8c03\u6574-\u526f\u672c.png",600,700,false],"woocommerce_gallery_thumbnail":["https:\/\/www.wonfulity.com\/wp-content\/uploads\/\u8273\u840d\u72ec\u7acb\u7ad9\u4e3b\u9898\u8c03\u6574-\u526f\u672c-100x100.png",100,100,true]},"uagb_author_info":{"display_name":"caijinyue","author_link":"https:\/\/www.wonfulity.com\/pt\/blogs\/author\/"},"uagb_comment_info":0,"uagb_excerpt":"Our Montessori Toy Child Chopping Board is a remarkable product that stands out in the market of educational toys. It is designed with multiple functions, made of high - quality materials, and offers customization options.Children can engage in pretend - play cooking activities, which are essential for developing their imagination. They can mimic the actions&hellip;","_links":{"self":[{"href":"https:\/\/www.wonfulity.com\/pt\/wp-json\/wp\/v2\/product\/11637","targetHints":{"allow":["GET"]}}],"collection":[{"href":"https:\/\/www.wonfulity.com\/pt\/wp-json\/wp\/v2\/product"}],"about":[{"href":"https:\/\/www.wonfulity.com\/pt\/wp-json\/wp\/v2\/types\/product"}],"wp:featuredmedia":[{"embeddable":true,"href":"https:\/\/www.wonfulity.com\/pt\/wp-json\/wp\/v2\/media\/12074"}],"wp:attachment":[{"href":"https:\/\/www.wonfulity.com\/pt\/wp-json\/wp\/v2\/media?parent=11637"}],"wp:term":[{"taxonomy":"product_brand","embeddable":true,"href":"https:\/\/www.wonfulity.com\/pt\/wp-json\/wp\/v2\/product_brand?post=11637"},{"taxonomy":"product_cat","embeddable":true,"href":"https:\/\/www.wonfulity.com\/pt\/wp-json\/wp\/v2\/product_cat?post=11637"},{"taxonomy":"product_tag","embeddable":true,"href":"https:\/\/www.wonfulity.com\/pt\/wp-json\/wp\/v2\/product_tag?post=11637"}],"curies":[{"name":"wp","href":"https:\/\/api.w.org\/{rel}","templated":true}]}}