{"id":11830,"date":"2024-12-10T08:48:17","date_gmt":"2024-12-10T00:48:17","guid":{"rendered":"https:\/\/www.wonfulity.com\/?post_type=product&#038;p=11830"},"modified":"2024-12-10T11:08:58","modified_gmt":"2024-12-10T03:08:58","slug":"art-addition-to-the-triangle-ladder","status":"publish","type":"product","link":"https:\/\/www.wonfulity.com\/pt\/produto\/complemento-artistico-da-escada-triangular\/","title":{"rendered":"Adi\u00e7\u00e3o de arte ao Top 5 da Escada Triangular"},"content":{"rendered":"<div class=\"wp-block-uagb-container uagb-block-d15b9ca3 alignfull uagb-is-root-container\"><div class=\"uagb-container-inner-blocks-wrap\">\n<div class=\"wp-block-uagb-container uagb-block-f7df6427\">\n<div class=\"wp-block-uagb-container uagb-block-9455ef5b\">\n<div class=\"wp-block-uagb-info-box uagb-block-d4df3463 uagb-infobox__content-wrap  uagb-infobox-icon-above-title uagb-infobox-image-valign-top\"><div class=\"uagb-ifb-content\"><div class=\"uagb-ifb-title-wrap\"><h4 class=\"uagb-ifb-title\">Multifun\u00e7\u00f5es e ajustabilidade<\/h4><\/div><p class=\"uagb-ifb-desc\">Melhore o percurso criativo do seu filho com o complemento art\u00edstico para a escada triangular. Combinando na perfei\u00e7\u00e3o a utilidade de uma mesa ajust\u00e1vel com um cavalete, esta esta\u00e7\u00e3o de arte \u00e9 um ref\u00fagio multifuncional para os pequenos artistas. Quer seja para desenhar, escrever, ver desenhos animados ou brincar, este acess\u00f3rio adapta-se \u00e0s necessidades do seu filho. Basta coloc\u00e1-lo \u00e0 altura desejada e est\u00e1 pronto a ser utilizado. Al\u00e9m disso, quando combinado com uma parede de escalada, transforma-se num espa\u00e7o de arte completo.<\/p><\/div><\/div>\n<\/div>\n\n\n\n<div class=\"wp-block-uagb-info-box uagb-block-845cd917 uagb-infobox__content-wrap  uagb-infobox-icon-above-title uagb-infobox-image-valign-top\"><div class=\"uagb-ifb-content\"><div class=\"uagb-ifb-title-wrap\"><h4 class=\"uagb-ifb-title\"><strong>&nbsp;Significado educativo Montessori<\/strong><p class=\"MsoNormal\" style=\"margin-top:6.0000pt;margin-right:0.0000pt;margin-bottom:0.0000pt;margin-left:36.0000pt;text-indent:-18.0000pt;padding:0pt 0pt 0pt 0pt\"><span style=\"font-family:Calibri;font-size:10.5000pt\"><\/span><\/p><\/h4><\/div><p class=\"uagb-ifb-desc\">As crian\u00e7as podem explorar livremente a sua criatividade sem supervis\u00e3o constante. A estrutura de escalada Montessori promove a aprendizagem independente, um princ\u00edpio fundamental da educa\u00e7\u00e3o Montessori. Atrav\u00e9s de actividades art\u00edsticas, as crian\u00e7as podem melhorar o seu desenvolvimento sensorial, as suas capacidades motoras finas e a coordena\u00e7\u00e3o entre m\u00e3os e olhos.<\/p><\/div><\/div>\n\n\n\n<div class=\"wp-block-uagb-container uagb-block-a256468b\">\n<div class=\"wp-block-uagb-info-box uagb-block-28834539 uagb-infobox__content-wrap  uagb-infobox-icon-above-title uagb-infobox-image-valign-top\"><div class=\"uagb-ifb-content\"><div class=\"uagb-ifb-title-wrap\"><h4 class=\"uagb-ifb-title\"><br><strong><strong>Presentes de seguran\u00e7a e de venda quente para beb\u00e9s<\/strong><\/strong><\/h4><\/div><p class=\"uagb-ifb-desc\">O nosso produto \u00e9 seguro para as crian\u00e7as e contribui para a prote\u00e7\u00e3o do ambiente. Oferecemos uma gama de conjuntos de parede de escada sueca para se adaptar ao seu espa\u00e7o e \u00e0s suas necessidades. Quer necessite de um conjunto compacto para uma pequena \u00e1rea de jogo ou de uma configura\u00e7\u00e3o mais elaborada para um extenso parque infantil interior, os nossos conjuntos foram concebidos para trazer alegria e desenvolvimento \u00e0 rotina di\u00e1ria do seu filho. Ofere\u00e7a ao seu filho a d\u00e1diva da aventura e do crescimento com os nossos conjuntos de gin\u00e1stica sueca para interior, muito bem trabalhados.<\/p><\/div><\/div>\n<\/div>\n<\/div>\n\n\n\n<div class=\"wp-block-uagb-container uagb-block-07bfc131\">\n<div class=\"wp-block-uagb-image uagb-block-b4bb948c wp-block-uagb-image--layout-default wp-block-uagb-image--effect-static wp-block-uagb-image--align-none alignleft\"><figure class=\"wp-block-uagb-image__figure\"><img decoding=\"async\" srcset=\"https:\/\/www.wonfulity.com\/wp-content\/uploads\/666.jpg ,https:\/\/www.wonfulity.com\/wp-content\/uploads\/666.jpg 780w, https:\/\/www.wonfulity.com\/wp-content\/uploads\/666.jpg 360w\" sizes=\"auto, (max-width: 480px) 150px\" src=\"https:\/\/www.wonfulity.com\/wp-content\/uploads\/666.jpg\" alt=\"Adi\u00e7\u00e3o de arte \u00e0 Escada Triangular\" class=\"uag-image-11837\" width=\"600\" height=\"700\" title=\"666\" loading=\"lazy\" role=\"img\"\/><\/figure><\/div>\n<\/div>\n<\/div><\/div>\n\n\n\n<div class=\"wp-block-uagb-container uagb-block-942c266d alignfull uagb-is-root-container\"><div class=\"uagb-container-inner-blocks-wrap\">\n<div class=\"wp-block-uagb-container uagb-block-cdfbwk39\">\n<div class=\"wp-block-uagb-container uagb-block-taa9jvn9\"><\/div>\n\n\n\n<div class=\"wp-block-uagb-container uagb-block-e6uqhnjy\">\n<div class=\"wp-block-uagb-info-box uagb-block-sm9wy83a uagb-infobox__content-wrap  uagb-infobox-icon-above-title uagb-infobox-image-valign-top\"><div class=\"uagb-ifb-content\"><div class=\"uagb-ifb-title-wrap\"><h4 class=\"uagb-ifb-title\">Item<\/h4><\/div><\/div><\/div>\n<\/div>\n\n\n\n<div class=\"wp-block-uagb-container uagb-block-xdtgxgj6\">\n<div class=\"wp-block-uagb-info-box uagb-block-c04bcb41 uagb-infobox__content-wrap  uagb-infobox-icon-above-title uagb-infobox-image-valign-top\"><div class=\"uagb-ifb-content\"><div class=\"uagb-ifb-title-wrap\"><h4 class=\"uagb-ifb-title\">Desc<\/h4><\/div><\/div><\/div>\n<\/div>\n<\/div>\n\n\n\n<div class=\"wp-block-uagb-container uagb-block-720573f4\">\n<div class=\"wp-block-uagb-container uagb-block-d006e6eb\">\n<div class=\"wp-block-uagb-info-box uagb-block-a92ede72 uagb-infobox__content-wrap  uagb-infobox-icon-above-title uagb-infobox-image-valign-top\"><div class=\"uagb-ifb-content\"><div class=\"uagb-ifb-title-wrap\"><p class=\"uagb-ifb-title-prefix\">01<\/p><\/div><\/div><\/div>\n<\/div>\n\n\n\n<div class=\"wp-block-uagb-container uagb-block-32771033\">\n<div class=\"wp-block-uagb-info-box uagb-block-aaee5390 uagb-infobox__content-wrap  uagb-infobox-icon-above-title uagb-infobox-image-valign-top\"><div class=\"uagb-ifb-content\"><div class=\"uagb-ifb-title-wrap\"><h4 class=\"uagb-ifb-title\"><strong>Madeira dur\u00e1vel e amiga do ambiente<\/strong><\/h4><\/div><\/div><\/div>\n<\/div>\n\n\n\n<div class=\"wp-block-uagb-container uagb-block-d985a046\">\n<div class=\"wp-block-uagb-info-box uagb-block-2b0922dc uagb-infobox__content-wrap  uagb-infobox-icon-above-title uagb-infobox-image-valign-top\"><div class=\"uagb-ifb-content\"><div class=\"uagb-ifb-title-wrap\"><p class=\"uagb-ifb-title\">A madeira utilizada no produto \u00e9 proveniente de florestas sustent\u00e1veis, assegurando um impacto ambiental m\u00ednimo. O acabamento n\u00e3o \u00e9 t\u00f3xico, tornando-o seguro para as crian\u00e7as e para o ambiente. Estamos empenhados na sustentabilidade. Ao integrar a nossa mistura de \u00f3leos e ceras, asseguramos a compatibilidade do conjunto para aventuras no interior e no exterior.<\/p><\/div><\/div><\/div>\n<\/div>\n<\/div>\n\n\n\n<div class=\"wp-block-uagb-container uagb-block-95a6e317\">\n<div class=\"wp-block-uagb-container uagb-block-2e70f36a\">\n<div class=\"wp-block-uagb-info-box uagb-block-8efb1163 uagb-infobox__content-wrap  uagb-infobox-icon-above-title uagb-infobox-image-valign-top\"><div class=\"uagb-ifb-content\"><div class=\"uagb-ifb-title-wrap\"><p class=\"uagb-ifb-title-prefix\">02<\/p><\/div><\/div><\/div>\n<\/div>\n\n\n\n<div class=\"wp-block-uagb-container uagb-block-c25bc4e9\">\n<div class=\"wp-block-uagb-info-box uagb-block-8e5653f6 uagb-infobox__content-wrap  uagb-infobox-icon-above-title uagb-infobox-image-valign-top\"><div class=\"uagb-ifb-content\"><div class=\"uagb-ifb-title-wrap\"><h4 class=\"uagb-ifb-title\"><strong>Processo de montagem f\u00e1cil<\/strong><p class=\"MsoNormal\" style=\"margin-top:6.0000pt;margin-right:0.0000pt;margin-bottom:0.0000pt;margin-left:36.0000pt;text-indent:-18.0000pt;padding:0pt 0pt 0pt 0pt\"><span style=\"font-family:Calibri;font-size:10.5000pt\"><\/span><\/p><\/h4><\/div><\/div><\/div>\n<\/div>\n\n\n\n<div class=\"wp-block-uagb-container uagb-block-e4b73fff\">\n<div class=\"wp-block-uagb-info-box uagb-block-257d2f01 uagb-infobox__content-wrap  uagb-infobox-icon-above-title uagb-infobox-image-valign-top\"><div class=\"uagb-ifb-content\"><div class=\"uagb-ifb-title-wrap\"><p class=\"uagb-ifb-title\">A escada triangular \u00e9 fornecida com um processo de montagem simples e direto, com todas as ferramentas de instala\u00e7\u00e3o necess\u00e1rias e com instru\u00e7\u00f5es claras. Mesmo as pessoas com pouca experi\u00eancia de bricolage podem mont\u00e1-la com facilidade.<\/p><\/div><\/div><\/div>\n<\/div>\n<\/div>\n\n\n\n<div class=\"wp-block-uagb-container uagb-block-00d46b71\">\n<div class=\"wp-block-uagb-container uagb-block-63be2ee0\">\n<div class=\"wp-block-uagb-info-box uagb-block-86f40bc4 uagb-infobox__content-wrap  uagb-infobox-icon-above-title uagb-infobox-image-valign-top\"><div class=\"uagb-ifb-content\"><div class=\"uagb-ifb-title-wrap\"><p class=\"uagb-ifb-title-prefix\">03<\/p><\/div><\/div><\/div>\n<\/div>\n\n\n\n<div class=\"wp-block-uagb-container uagb-block-f9a9ed48\">\n<div class=\"wp-block-uagb-info-box uagb-block-a01a3038 uagb-infobox__content-wrap  uagb-infobox-icon-above-title uagb-infobox-image-valign-top\"><div class=\"uagb-ifb-content\"><div class=\"uagb-ifb-title-wrap\"><h4 class=\"uagb-ifb-title\"><strong>Op\u00e7\u00f5es personaliz\u00e1veis<\/strong><\/h4><\/div><\/div><\/div>\n<\/div>\n\n\n\n<div class=\"wp-block-uagb-container uagb-block-ea615933\">\n<div class=\"wp-block-uagb-info-box uagb-block-6f5b8a81 uagb-infobox__content-wrap  uagb-infobox-icon-above-title uagb-infobox-image-valign-top\"><div class=\"uagb-ifb-content\"><div class=\"uagb-ifb-title-wrap\"><p class=\"uagb-ifb-title\">Dispon\u00edvel em v\u00e1rios acabamentos e tamanhos, esta cama pode ser adaptada para corresponder \u00e0 est\u00e9tica da marca ou \u00e0s necessidades espec\u00edficas de decora\u00e7\u00e3o do quarto, acrescentando versatilidade para os clientes B2B.<\/p><\/div><\/div><\/div>\n<\/div>\n<\/div>\n<\/div><\/div>\n\n\n\n<div class=\"wp-block-uagb-container uagb-block-10733882 alignfull uagb-is-root-container\"><div class=\"uagb-container-inner-blocks-wrap\">\n<div class=\"wp-block-uagb-container uagb-block-a3ecce27\">\n<div class=\"wp-block-uagb-image uagb-block-a9f8ab9c wp-block-uagb-image--layout-default wp-block-uagb-image--effect-static wp-block-uagb-image--align-none\"><figure class=\"wp-block-uagb-image__figure\"><img decoding=\"async\" srcset=\"https:\/\/www.wonfulity.com\/wp-content\/uploads\/Cao-County-Runwan-Crafts-Co-Ltd-1.webp ,https:\/\/www.wonfulity.com\/wp-content\/uploads\/Cao-County-Runwan-Crafts-Co-Ltd-1.webp 780w, https:\/\/www.wonfulity.com\/wp-content\/uploads\/Cao-County-Runwan-Crafts-Co-Ltd-1.webp 360w\" sizes=\"auto, (max-width: 480px) 150px\" src=\"https:\/\/www.wonfulity.com\/wp-content\/uploads\/Cao-County-Runwan-Crafts-Co-Ltd-1.webp\" alt=\"f\u00e1brica de madeira\" class=\"uag-image-11115\" width=\"400\" height=\"300\" title=\"f\u00e1brica de madeira\" loading=\"lazy\" role=\"img\"\/><\/figure><\/div>\n\n\n\n<div class=\"wp-block-uagb-image uagb-block-e21af5fb wp-block-uagb-image--layout-default wp-block-uagb-image--effect-static wp-block-uagb-image--align-none\"><figure class=\"wp-block-uagb-image__figure\"><img decoding=\"async\" srcset=\"https:\/\/www.wonfulity.com\/wp-content\/uploads\/10-3-1024x640.png ,https:\/\/www.wonfulity.com\/wp-content\/uploads\/10-3.png 780w, https:\/\/www.wonfulity.com\/wp-content\/uploads\/10-3.png 360w\" sizes=\"auto, (max-width: 480px) 150px\" src=\"https:\/\/www.wonfulity.com\/wp-content\/uploads\/10-3-1024x640.png\" alt=\"f\u00e1brica de madeira\" class=\"uag-image-10974\" width=\"400\" height=\"300\" title=\"f\u00e1brica de madeira\" loading=\"lazy\" role=\"img\"\/><\/figure><\/div>\n<\/div>\n\n\n\n<div class=\"wp-block-uagb-container uagb-block-1c90d097\">\n<div class=\"wp-block-uagb-image uagb-block-e676099f wp-block-uagb-image--layout-default wp-block-uagb-image--effect-static wp-block-uagb-image--align-none\"><figure class=\"wp-block-uagb-image__figure\"><img decoding=\"async\" srcset=\"https:\/\/www.wonfulity.com\/wp-content\/uploads\/13.png ,https:\/\/www.wonfulity.com\/wp-content\/uploads\/13.png 780w, https:\/\/www.wonfulity.com\/wp-content\/uploads\/13.png 360w\" sizes=\"auto, (max-width: 480px) 150px\" src=\"https:\/\/www.wonfulity.com\/wp-content\/uploads\/13.png\" alt=\"f\u00e1brica de madeira\" class=\"uag-image-10941\" width=\"400\" height=\"300\" title=\"f\u00e1brica de madeira\" loading=\"lazy\" role=\"img\"\/><\/figure><\/div>\n\n\n\n<div class=\"wp-block-uagb-image uagb-block-8f557fa6 wp-block-uagb-image--layout-default wp-block-uagb-image--effect-static wp-block-uagb-image--align-none\"><figure class=\"wp-block-uagb-image__figure\"><img decoding=\"async\" srcset=\"https:\/\/www.wonfulity.com\/wp-content\/uploads\/Cao-County-Runwan-Crafts-Co-Ltd-.webp ,https:\/\/www.wonfulity.com\/wp-content\/uploads\/Cao-County-Runwan-Crafts-Co-Ltd-.webp 780w, https:\/\/www.wonfulity.com\/wp-content\/uploads\/Cao-County-Runwan-Crafts-Co-Ltd-.webp 360w\" sizes=\"auto, (max-width: 480px) 150px\" src=\"https:\/\/www.wonfulity.com\/wp-content\/uploads\/Cao-County-Runwan-Crafts-Co-Ltd-.webp\" alt=\"f\u00e1brica de madeira\" class=\"uag-image-11116\" width=\"400\" height=\"300\" title=\"f\u00e1brica de madeira\" loading=\"lazy\" role=\"img\"\/><\/figure><\/div>\n<\/div>\n\n\n\n<div class=\"wp-block-uagb-container uagb-block-5ed9251a\">\n<div class=\"wp-block-uagb-image uagb-block-ab006938 wp-block-uagb-image--layout-default wp-block-uagb-image--effect-static wp-block-uagb-image--align-none\"><figure class=\"wp-block-uagb-image__figure\"><img decoding=\"async\" srcset=\"https:\/\/www.wonfulity.com\/wp-content\/uploads\/19.png ,https:\/\/www.wonfulity.com\/wp-content\/uploads\/19.png 780w, https:\/\/www.wonfulity.com\/wp-content\/uploads\/19.png 360w\" sizes=\"auto, (max-width: 480px) 150px\" src=\"https:\/\/www.wonfulity.com\/wp-content\/uploads\/19.png\" alt=\"f\u00e1brica de madeira\" class=\"uag-image-10947\" width=\"400\" height=\"300\" title=\"f\u00e1brica de madeira\" loading=\"lazy\" role=\"img\"\/><\/figure><\/div>\n\n\n\n<div class=\"wp-block-uagb-image uagb-block-3382ec21 wp-block-uagb-image--layout-default wp-block-uagb-image--effect-static wp-block-uagb-image--align-none\"><figure class=\"wp-block-uagb-image__figure\"><img decoding=\"async\" srcset=\"https:\/\/www.wonfulity.com\/wp-content\/uploads\/\u672a\u547d\u540d\u7684\u8bbe\u8ba1-21.png ,https:\/\/www.wonfulity.com\/wp-content\/uploads\/\u672a\u547d\u540d\u7684\u8bbe\u8ba1-21.png 780w, https:\/\/www.wonfulity.com\/wp-content\/uploads\/\u672a\u547d\u540d\u7684\u8bbe\u8ba1-21.png 360w\" sizes=\"auto, (max-width: 480px) 150px\" src=\"https:\/\/www.wonfulity.com\/wp-content\/uploads\/\u672a\u547d\u540d\u7684\u8bbe\u8ba1-21.png\" alt=\"f\u00e1brica de madeira\" class=\"uag-image-11118\" width=\"400\" height=\"300\" title=\"f\u00e1brica de madeira\" loading=\"lazy\" role=\"img\"\/><\/figure><\/div>\n<\/div>\n<\/div><\/div>\n\n\n\n<p><\/p>","protected":false},"excerpt":{"rendered":"<p>Esta escada triangular com acess\u00f3rios de arte \u00e9 utilizada principalmente para as actividades art\u00edsticas das crian\u00e7as. Tamb\u00e9m pode ser utilizada como suporte de exposi\u00e7\u00e3o para obras de arte, permitindo que as crian\u00e7as exibam as suas cria\u00e7\u00f5es com orgulho. Estas escadas de madeira s\u00e3o perfeitas para melhorar as capacidades motoras, a coordena\u00e7\u00e3o e o equil\u00edbrio do seu filho. Os designs vers\u00e1teis, incluindo a parede de escalada sueca, o escorrega\/rampa e o conjunto de baloi\u00e7o de 3 pe\u00e7as, oferecem adaptabilidade, crescendo com o seu filho e proporcionando v\u00e1rias configura\u00e7\u00f5es para manter o tempo de brincadeira excitante e desafiante. Ideais para utiliza\u00e7\u00e3o no interior, estas pe\u00e7as de mobili\u00e1rio para crian\u00e7as s\u00e3o um complemento essencial para qualquer sala de jogos de inspira\u00e7\u00e3o Montessori, incentivando o jogo independente e as aventuras imaginativas.<\/p>\n<p><strong><b>Aprendizagem aut\u00f3noma<\/b><\/strong>Promove a aprendizagem aut\u00f3noma, um princ\u00edpio fundamental da educa\u00e7\u00e3o Montessori. As crian\u00e7as podem explorar livremente a sua criatividade sem supervis\u00e3o constante.<strong><b>Desenvolvimento sensorial<\/b><\/strong>: Atrav\u00e9s das actividades art\u00edsticas, as crian\u00e7as podem melhorar o seu desenvolvimento sensorial, as suas capacidades motoras finas e a coordena\u00e7\u00e3o entre m\u00e3os e olhos.<strong><b>Crescimento Cognitivo<\/b><\/strong>: Incentiva o crescimento cognitivo, permitindo que as crian\u00e7as tomem decis\u00f5es sobre os seus projectos art\u00edsticos, tais como escolhas de cores e elementos de design.<\/p>\n<p>Conclus\u00e3o: O Art Addition to the Triangle Ladder n\u00e3o \u00e9 apenas um produto funcional e educativo, mas tamb\u00e9m sustent\u00e1vel e personaliz\u00e1vel. \u00c9 uma escolha ideal para clientes B2B que procuram equipamento art\u00edstico de alta qualidade, inspirado em Montessori, para os seus clientes. Com as suas numerosas vantagens e carater\u00edsticas amigas do ambiente, ser\u00e1 certamente um sucesso no mercado. O complemento art\u00edstico da escada triangular - uma escolha ideal para clientes B2B<\/p>\n<p>Procura produtos correspondentes? Ver os nossos<strong> <a href=\"https:\/\/www.wonfulity.com\/pt\/produto\/\">produtos de mobili\u00e1rio para crian\u00e7as<\/a><\/strong><br \/>Precisa de mais op\u00e7\u00f5es ou de um or\u00e7amento r\u00e1pido? Confira nossa Loja Internacional para as \u00faltimas cole\u00e7\u00f5es\uff1a<\/p>\n<ul>\n<li><strong><a href=\"https:\/\/zhizhenmei.en.alibaba.com\/?spm=a2700.29482153.0.0.71d571d2UuhFW4\" target=\"_blank\" rel=\"noopener sponsored\">Loja Internacional 1<\/a><\/strong><\/li>\n<li><strong><a href=\"https:\/\/caoxianaoyi.en.alibaba.com\/?spm=a2700.29482153.0.0.427c71d26Wtq4L\" target=\"_blank\" rel=\"noopener sponsored\">Loja Internacional 2<\/a><\/strong><\/li>\n<\/ul>","protected":false},"featured_media":11983,"template":"","meta":{"_uag_custom_page_level_css":"","site-sidebar-layout":"default","site-content-layout":"","ast-site-content-layout":"default","site-content-style":"default","site-sidebar-style":"default","ast-global-header-display":"","ast-banner-title-visibility":"","ast-main-header-display":"","ast-hfb-above-header-display":"","ast-hfb-below-header-display":"","ast-hfb-mobile-header-display":"","site-post-title":"","ast-breadcrumbs-content":"","ast-featured-img":"","footer-sml-layout":"","ast-disable-related-posts":"","theme-transparent-header-meta":"","adv-header-id-meta":"","stick-header-meta":"","header-above-stick-meta":"","header-main-stick-meta":"","header-below-stick-meta":"","astra-migrate-meta-layouts":"default","ast-page-background-enabled":"default","ast-page-background-meta":{"desktop":{"background-color":"var(--ast-global-color-4)","background-image":"","background-repeat":"repeat","background-position":"center center","background-size":"auto","background-attachment":"scroll","background-type":"","background-media":"","overlay-type":"","overlay-color":"","overlay-opacity":"","overlay-gradient":""},"tablet":{"background-color":"","background-image":"","background-repeat":"repeat","background-position":"center center","background-size":"auto","background-attachment":"scroll","background-type":"","background-media":"","overlay-type":"","overlay-color":"","overlay-opacity":"","overlay-gradient":""},"mobile":{"background-color":"","background-image":"","background-repeat":"repeat","background-position":"center center","background-size":"auto","background-attachment":"scroll","background-type":"","background-media":"","overlay-type":"","overlay-color":"","overlay-opacity":"","overlay-gradient":""}},"ast-content-background-meta":{"desktop":{"background-color":"var(--ast-global-color-5)","background-image":"","background-repeat":"repeat","background-position":"center center","background-size":"auto","background-attachment":"scroll","background-type":"","background-media":"","overlay-type":"","overlay-color":"","overlay-opacity":"","overlay-gradient":""},"tablet":{"background-color":"var(--ast-global-color-5)","background-image":"","background-repeat":"repeat","background-position":"center center","background-size":"auto","background-attachment":"scroll","background-type":"","background-media":"","overlay-type":"","overlay-color":"","overlay-opacity":"","overlay-gradient":""},"mobile":{"background-color":"var(--ast-global-color-5)","background-image":"","background-repeat":"repeat","background-position":"center center","background-size":"auto","background-attachment":"scroll","background-type":"","background-media":"","overlay-type":"","overlay-color":"","overlay-opacity":"","overlay-gradient":""}}},"product_brand":[],"product_cat":[15,386],"product_tag":[],"class_list":{"0":"post-11830","1":"product","2":"type-product","3":"status-publish","4":"has-post-thumbnail","6":"product_cat-all","7":"product_cat-custom-climbing-frames","8":"desktop-align-left","9":"tablet-align-left","10":"mobile-align-left","11":"ast-product-gallery-layout-horizontal-slider","12":"ast-product-tabs-layout-horizontal","14":"first","15":"instock","16":"shipping-taxable","17":"product-type-simple"},"uagb_featured_image_src":{"full":["https:\/\/www.wonfulity.com\/wp-content\/uploads\/7-24.png",600,700,false],"thumbnail":["https:\/\/www.wonfulity.com\/wp-content\/uploads\/7-24-150x150.png",150,150,true],"medium":["https:\/\/www.wonfulity.com\/wp-content\/uploads\/7-24-257x300.png",257,300,true],"medium_large":["https:\/\/www.wonfulity.com\/wp-content\/uploads\/7-24.png",600,700,false],"large":["https:\/\/www.wonfulity.com\/wp-content\/uploads\/7-24.png",600,700,false],"1536x1536":["https:\/\/www.wonfulity.com\/wp-content\/uploads\/7-24.png",600,700,false],"2048x2048":["https:\/\/www.wonfulity.com\/wp-content\/uploads\/7-24.png",600,700,false],"trp-custom-language-flag":["https:\/\/www.wonfulity.com\/wp-content\/uploads\/7-24-10x12.png",10,12,true],"woocommerce_thumbnail":["https:\/\/www.wonfulity.com\/wp-content\/uploads\/7-24-450x570.png",450,570,true],"woocommerce_single":["https:\/\/www.wonfulity.com\/wp-content\/uploads\/7-24.png",600,700,false],"woocommerce_gallery_thumbnail":["https:\/\/www.wonfulity.com\/wp-content\/uploads\/7-24-100x100.png",100,100,true]},"uagb_author_info":{"display_name":"caijinyue","author_link":"https:\/\/www.wonfulity.com\/pt\/blogs\/author\/"},"uagb_comment_info":0,"uagb_excerpt":"This triangle ladder with art accessories is primarily used for children's art activities. It provides a stable and adjustable surface for drawing, painting, and other creative projects.It can also be used as a display stand for artworks, allowing children to showcase their creations with pride.These wooden ladders are perfect for enhancing your toddler's motor skills,&hellip;","_links":{"self":[{"href":"https:\/\/www.wonfulity.com\/pt\/wp-json\/wp\/v2\/product\/11830","targetHints":{"allow":["GET"]}}],"collection":[{"href":"https:\/\/www.wonfulity.com\/pt\/wp-json\/wp\/v2\/product"}],"about":[{"href":"https:\/\/www.wonfulity.com\/pt\/wp-json\/wp\/v2\/types\/product"}],"wp:featuredmedia":[{"embeddable":true,"href":"https:\/\/www.wonfulity.com\/pt\/wp-json\/wp\/v2\/media\/11983"}],"wp:attachment":[{"href":"https:\/\/www.wonfulity.com\/pt\/wp-json\/wp\/v2\/media?parent=11830"}],"wp:term":[{"taxonomy":"product_brand","embeddable":true,"href":"https:\/\/www.wonfulity.com\/pt\/wp-json\/wp\/v2\/product_brand?post=11830"},{"taxonomy":"product_cat","embeddable":true,"href":"https:\/\/www.wonfulity.com\/pt\/wp-json\/wp\/v2\/product_cat?post=11830"},{"taxonomy":"product_tag","embeddable":true,"href":"https:\/\/www.wonfulity.com\/pt\/wp-json\/wp\/v2\/product_tag?post=11830"}],"curies":[{"name":"wp","href":"https:\/\/api.w.org\/{rel}","templated":true}]}}