{"id":6992,"date":"2024-04-18T11:15:53","date_gmt":"2024-04-18T03:15:53","guid":{"rendered":"https:\/\/wonfulity.com\/?post_type=product&#038;p=6992"},"modified":"2024-12-25T15:52:08","modified_gmt":"2024-12-25T07:52:08","slug":"bamboo-step-stool","status":"publish","type":"product","link":"https:\/\/www.wonfulity.com\/pt\/produto\/banco-corrido-em-bambu\/","title":{"rendered":"Top Kitchen Helper Stool 2 Step Ladder Bamboo Step Stools For Stylish And Reliable Support"},"content":{"rendered":"<div class=\"wp-block-uagb-container uagb-block-d15b9ca3 alignfull uagb-is-root-container\"><div class=\"uagb-container-inner-blocks-wrap\">\n<div class=\"wp-block-uagb-container uagb-block-f7df6427\">\n<div class=\"wp-block-uagb-container uagb-block-9455ef5b\">\n<div class=\"wp-block-uagb-info-box uagb-block-d4df3463 uagb-infobox__content-wrap  uagb-infobox-icon-above-title uagb-infobox-image-valign-top\"><div class=\"uagb-ifb-content\"><div class=\"uagb-ifb-title-wrap\"><h4 class=\"uagb-ifb-title\">Design personaliz\u00e1vel<\/h4><\/div><p class=\"uagb-ifb-desc\">O banco escadote em bambu pode ser personalizado para satisfazer as necessidades espec\u00edficas dos clientes B2B. Desde varia\u00e7\u00f5es de tamanho a acabamentos personalizados, este produto \u00e9 adapt\u00e1vel a diferentes configura\u00e7\u00f5es e est\u00e9ticas. As empresas podem escolher esquemas de cores personalizados para corresponder \u00e0 sua identidade de marca ou a designs de interiores espec\u00edficos. Tamb\u00e9m podem ser adicionadas grava\u00e7\u00f5es personalizadas, quer se trate de uma escola, de uma empresa ou de uma boutique, oferecendo uma sensa\u00e7\u00e3o de propriedade e exclusividade. As op\u00e7\u00f5es de personaliza\u00e7\u00e3o de encomendas em massa tornam este produto atrativo para grandes retalhistas ou empresas que procuram mercadoria de marca.<\/p><\/div><\/div>\n<\/div>\n\n\n\n<div class=\"wp-block-uagb-container uagb-block-7da49d73\">\n<div class=\"wp-block-uagb-info-box uagb-block-845cd917 uagb-infobox__content-wrap  uagb-infobox-icon-above-title uagb-infobox-image-valign-top\"><div class=\"uagb-ifb-content\"><div class=\"uagb-ifb-title-wrap\"><h4 class=\"uagb-ifb-title\">Op\u00e7\u00f5es de altura ajust\u00e1vel<\/h4><\/div><p class=\"uagb-ifb-desc\">Para os clientes B2B que se destinam a fam\u00edlias ou a institui\u00e7\u00f5es de ensino, o banco escadote de bambu possui uma altura ajust\u00e1vel, permitindo a sua adapta\u00e7\u00e3o \u00e0 medida que as crian\u00e7as crescem. Esta carater\u00edstica faz com que seja um investimento a longo prazo para pr\u00e9-escolas, creches ou empresas orientadas para a fam\u00edlia. O banco adapta-se a diferentes necessidades de altura, permitindo que v\u00e1rias crian\u00e7as de v\u00e1rias idades o utilizem em seguran\u00e7a. A sua adaptabilidade acrescenta um valor significativo, uma vez que o produto pode servir as necessidades de crian\u00e7as mais novas e mais velhas, minimizando a necessidade de equipamento adicional.<\/p><\/div><\/div>\n<\/div>\n\n\n\n<div class=\"wp-block-uagb-container uagb-block-a256468b\">\n<div class=\"wp-block-uagb-info-box uagb-block-28834539 uagb-infobox__content-wrap  uagb-infobox-icon-above-title uagb-infobox-image-valign-top\"><div class=\"uagb-ifb-content\"><div class=\"uagb-ifb-title-wrap\"><h4 class=\"uagb-ifb-title\">Constru\u00e7\u00e3o segura e robusta<\/h4><\/div><p class=\"uagb-ifb-desc\">Fabricado em bambu de alta qualidade, este banco proporciona uma plataforma robusta e fi\u00e1vel para utilizadores de todas as idades. A base antiderrapante garante uma estabilidade extra, tornando-o seguro tanto para crian\u00e7as como para adultos. A estrutura s\u00f3lida e refor\u00e7ada pode suportar um peso substancial sem oscilar, dando aos clientes paz de esp\u00edrito relativamente \u00e0 seguran\u00e7a em ambientes residenciais e comerciais. A sua base larga e est\u00e1vel reduz o risco de inclina\u00e7\u00e3o, o que \u00e9 especialmente importante em ambientes onde as crian\u00e7as utilizam frequentemente o banco.<\/p><\/div><\/div>\n<\/div>\n<\/div>\n\n\n\n<div class=\"wp-block-uagb-container uagb-block-07bfc131\">\n<div class=\"wp-block-uagb-image aligncenter uagb-block-b335808d wp-block-uagb-image--layout-default wp-block-uagb-image--effect-static wp-block-uagb-image--align-center alignleft\"><figure class=\"wp-block-uagb-image__figure\"><img decoding=\"async\" srcset=\"https:\/\/www.wonfulity.com\/wp-content\/uploads\/4-25.png ,https:\/\/www.wonfulity.com\/wp-content\/uploads\/4-25.png 780w, https:\/\/www.wonfulity.com\/wp-content\/uploads\/4-25.png 360w\" sizes=\"auto, (max-width: 480px) 150px\" src=\"https:\/\/www.wonfulity.com\/wp-content\/uploads\/4-25.png\" alt=\"\" class=\"uag-image-11895\" width=\"600\" height=\"700\" title=\"4\" loading=\"lazy\" role=\"img\"><\/figure><\/div>\n<\/div>\n<\/div><\/div>\n\n\n\n<div class=\"wp-block-uagb-container uagb-block-942c266d alignfull uagb-is-root-container\"><div class=\"uagb-container-inner-blocks-wrap\">\n<div class=\"wp-block-uagb-container uagb-block-cdfbwk39\">\n<div class=\"wp-block-uagb-container uagb-block-taa9jvn9\"><\/div>\n\n\n\n<div class=\"wp-block-uagb-container uagb-block-e6uqhnjy\">\n<div class=\"wp-block-uagb-info-box uagb-block-sm9wy83a uagb-infobox__content-wrap  uagb-infobox-icon-above-title uagb-infobox-image-valign-top\"><div class=\"uagb-ifb-content\"><div class=\"uagb-ifb-title-wrap\"><h4 class=\"uagb-ifb-title\">Item<\/h4><\/div><\/div><\/div>\n<\/div>\n\n\n\n<div class=\"wp-block-uagb-container uagb-block-xdtgxgj6\">\n<div class=\"wp-block-uagb-info-box uagb-block-c04bcb41 uagb-infobox__content-wrap  uagb-infobox-icon-above-title uagb-infobox-image-valign-top\"><div class=\"uagb-ifb-content\"><div class=\"uagb-ifb-title-wrap\"><h4 class=\"uagb-ifb-title\">Desc<\/h4><\/div><\/div><\/div>\n<\/div>\n<\/div>\n\n\n\n<div class=\"wp-block-uagb-container uagb-block-720573f4\">\n<div class=\"wp-block-uagb-container uagb-block-d006e6eb\">\n<div class=\"wp-block-uagb-info-box uagb-block-a92ede72 uagb-infobox__content-wrap  uagb-infobox-icon-above-title uagb-infobox-image-valign-top\"><div class=\"uagb-ifb-content\"><div class=\"uagb-ifb-title-wrap\"><p class=\"uagb-ifb-title-prefix\">01<\/p><\/div><\/div><\/div>\n<\/div>\n\n\n\n<div class=\"wp-block-uagb-container uagb-block-32771033\">\n<div class=\"wp-block-uagb-info-box uagb-block-aaee5390 uagb-infobox__content-wrap  uagb-infobox-icon-above-title uagb-infobox-image-valign-top\"><div class=\"uagb-ifb-content\"><div class=\"uagb-ifb-title-wrap\"><h4 class=\"uagb-ifb-title\"><strong>Material de bambu amigo do ambiente<\/strong><\/h4><\/div><\/div><\/div>\n<\/div>\n\n\n\n<div class=\"wp-block-uagb-container uagb-block-d985a046\">\n<div class=\"wp-block-uagb-info-box uagb-block-2b0922dc uagb-infobox__content-wrap  uagb-infobox-icon-above-title uagb-infobox-image-valign-top\"><div class=\"uagb-ifb-content\"><div class=\"uagb-ifb-title-wrap\"><p class=\"uagb-ifb-title\">De origem sustent\u00e1vel, natural e renov\u00e1vel, apoiando pr\u00e1ticas empresariais eco-conscientes. Leve e f\u00e1cil de deslocar, tornando-o vers\u00e1til para v\u00e1rios ambientes.<\/p><\/div><\/div><\/div>\n<\/div>\n<\/div>\n\n\n\n<div class=\"wp-block-uagb-container uagb-block-95a6e317\">\n<div class=\"wp-block-uagb-container uagb-block-2e70f36a\">\n<div class=\"wp-block-uagb-info-box uagb-block-8efb1163 uagb-infobox__content-wrap  uagb-infobox-icon-above-title uagb-infobox-image-valign-top\"><div class=\"uagb-ifb-content\"><div class=\"uagb-ifb-title-wrap\"><p class=\"uagb-ifb-title-prefix\">02<\/p><\/div><\/div><\/div>\n<\/div>\n\n\n\n<div class=\"wp-block-uagb-container uagb-block-c25bc4e9\">\n<div class=\"wp-block-uagb-info-box uagb-block-8e5653f6 uagb-infobox__content-wrap  uagb-infobox-icon-above-title uagb-infobox-image-valign-top\"><div class=\"uagb-ifb-content\"><div class=\"uagb-ifb-title-wrap\"><h4 class=\"uagb-ifb-title\"><strong>Op\u00e7\u00f5es personaliz\u00e1veis<\/strong><\/h4><\/div><\/div><\/div>\n<\/div>\n\n\n\n<div class=\"wp-block-uagb-container uagb-block-e4b73fff\">\n<div class=\"wp-block-uagb-info-box uagb-block-257d2f01 uagb-infobox__content-wrap  uagb-infobox-icon-above-title uagb-infobox-image-valign-top\"><div class=\"uagb-ifb-content\"><div class=\"uagb-ifb-title-wrap\"><p class=\"uagb-ifb-title\">Dispon\u00edvel numa gama de acabamentos e cores, com op\u00e7\u00f5es de grava\u00e7\u00e3o personalizada para marcas ou casos especiais de utiliza\u00e7\u00e3o. A base antiderrapante e a constru\u00e7\u00e3o refor\u00e7ada garantem a seguran\u00e7a, especialmente em ambientes de tr\u00e1fego intenso.<\/p><\/div><\/div><\/div>\n<\/div>\n<\/div>\n\n\n\n<div class=\"wp-block-uagb-container uagb-block-00d46b71\">\n<div class=\"wp-block-uagb-container uagb-block-63be2ee0\">\n<div class=\"wp-block-uagb-info-box uagb-block-86f40bc4 uagb-infobox__content-wrap  uagb-infobox-icon-above-title uagb-infobox-image-valign-top\"><div class=\"uagb-ifb-content\"><div class=\"uagb-ifb-title-wrap\"><p class=\"uagb-ifb-title-prefix\">03<\/p><\/div><\/div><\/div>\n<\/div>\n\n\n\n<div class=\"wp-block-uagb-container uagb-block-f9a9ed48\">\n<div class=\"wp-block-uagb-info-box uagb-block-a01a3038 uagb-infobox__content-wrap  uagb-infobox-icon-above-title uagb-infobox-image-valign-top\"><div class=\"uagb-ifb-content\"><div class=\"uagb-ifb-title-wrap\"><h4 class=\"uagb-ifb-title\"><strong>Altura ajust\u00e1vel para crian\u00e7as em crescimento<\/strong><\/h4><\/div><\/div><\/div>\n<\/div>\n\n\n\n<div class=\"wp-block-uagb-container uagb-block-ea615933\">\n<div class=\"wp-block-uagb-info-box uagb-block-6f5b8a81 uagb-infobox__content-wrap  uagb-infobox-icon-above-title uagb-infobox-image-valign-top\"><div class=\"uagb-ifb-content\"><div class=\"uagb-ifb-title-wrap\"><p class=\"uagb-ifb-title\">Ideal para pr\u00e9-escolas, creches ou empresas orientadas para a fam\u00edlia, as alturas ajust\u00e1veis tornam-no adequado para uma s\u00e9rie de grupos et\u00e1rios.<\/p><\/div><\/div><\/div>\n<\/div>\n<\/div>\n<\/div><\/div>\n\n\n\n<div class=\"wp-block-uagb-container uagb-block-10733882 alignfull uagb-is-root-container\"><div class=\"uagb-container-inner-blocks-wrap\">\n<div class=\"wp-block-uagb-container uagb-block-a3ecce27\">\n<div class=\"wp-block-uagb-image uagb-block-a9f8ab9c wp-block-uagb-image--layout-default wp-block-uagb-image--effect-static wp-block-uagb-image--align-none\"><figure class=\"wp-block-uagb-image__figure\"><img decoding=\"async\" srcset=\"https:\/\/www.wonfulity.com\/wp-content\/uploads\/Cao-County-Runwan-Crafts-Co-Ltd-1.webp ,https:\/\/www.wonfulity.com\/wp-content\/uploads\/Cao-County-Runwan-Crafts-Co-Ltd-1.webp 780w, https:\/\/www.wonfulity.com\/wp-content\/uploads\/Cao-County-Runwan-Crafts-Co-Ltd-1.webp 360w\" sizes=\"auto, (max-width: 480px) 150px\" src=\"https:\/\/www.wonfulity.com\/wp-content\/uploads\/Cao-County-Runwan-Crafts-Co-Ltd-1.webp\" alt=\"f\u00e1brica de madeira\" class=\"uag-image-11115\" width=\"400\" height=\"300\" title=\"f\u00e1brica de madeira\" loading=\"lazy\" role=\"img\"\/><\/figure><\/div>\n\n\n\n<div class=\"wp-block-uagb-image uagb-block-e21af5fb wp-block-uagb-image--layout-default wp-block-uagb-image--effect-static wp-block-uagb-image--align-none\"><figure class=\"wp-block-uagb-image__figure\"><img decoding=\"async\" srcset=\"https:\/\/www.wonfulity.com\/wp-content\/uploads\/10-3-1024x640.png ,https:\/\/www.wonfulity.com\/wp-content\/uploads\/10-3.png 780w, https:\/\/www.wonfulity.com\/wp-content\/uploads\/10-3.png 360w\" sizes=\"auto, (max-width: 480px) 150px\" src=\"https:\/\/www.wonfulity.com\/wp-content\/uploads\/10-3-1024x640.png\" alt=\"f\u00e1brica de madeira\" class=\"uag-image-10974\" width=\"400\" height=\"300\" title=\"f\u00e1brica de madeira\" loading=\"lazy\" role=\"img\"\/><\/figure><\/div>\n<\/div>\n\n\n\n<div class=\"wp-block-uagb-container uagb-block-1c90d097\">\n<div class=\"wp-block-uagb-image uagb-block-e676099f wp-block-uagb-image--layout-default wp-block-uagb-image--effect-static wp-block-uagb-image--align-none\"><figure class=\"wp-block-uagb-image__figure\"><img decoding=\"async\" srcset=\"https:\/\/www.wonfulity.com\/wp-content\/uploads\/13.png ,https:\/\/www.wonfulity.com\/wp-content\/uploads\/13.png 780w, https:\/\/www.wonfulity.com\/wp-content\/uploads\/13.png 360w\" sizes=\"auto, (max-width: 480px) 150px\" src=\"https:\/\/www.wonfulity.com\/wp-content\/uploads\/13.png\" alt=\"f\u00e1brica de madeira\" class=\"uag-image-10941\" width=\"400\" height=\"300\" title=\"f\u00e1brica de madeira\" loading=\"lazy\" role=\"img\"\/><\/figure><\/div>\n\n\n\n<div class=\"wp-block-uagb-image uagb-block-8f557fa6 wp-block-uagb-image--layout-default wp-block-uagb-image--effect-static wp-block-uagb-image--align-none\"><figure class=\"wp-block-uagb-image__figure\"><img decoding=\"async\" srcset=\"https:\/\/www.wonfulity.com\/wp-content\/uploads\/Cao-County-Runwan-Crafts-Co-Ltd-.webp ,https:\/\/www.wonfulity.com\/wp-content\/uploads\/Cao-County-Runwan-Crafts-Co-Ltd-.webp 780w, https:\/\/www.wonfulity.com\/wp-content\/uploads\/Cao-County-Runwan-Crafts-Co-Ltd-.webp 360w\" sizes=\"auto, (max-width: 480px) 150px\" src=\"https:\/\/www.wonfulity.com\/wp-content\/uploads\/Cao-County-Runwan-Crafts-Co-Ltd-.webp\" alt=\"f\u00e1brica de madeira\" class=\"uag-image-11116\" width=\"400\" height=\"300\" title=\"f\u00e1brica de madeira\" loading=\"lazy\" role=\"img\"\/><\/figure><\/div>\n<\/div>\n\n\n\n<div class=\"wp-block-uagb-container uagb-block-5ed9251a\">\n<div class=\"wp-block-uagb-image uagb-block-ab006938 wp-block-uagb-image--layout-default wp-block-uagb-image--effect-static wp-block-uagb-image--align-none\"><figure class=\"wp-block-uagb-image__figure\"><img decoding=\"async\" srcset=\"https:\/\/www.wonfulity.com\/wp-content\/uploads\/19.png ,https:\/\/www.wonfulity.com\/wp-content\/uploads\/19.png 780w, https:\/\/www.wonfulity.com\/wp-content\/uploads\/19.png 360w\" sizes=\"auto, (max-width: 480px) 150px\" src=\"https:\/\/www.wonfulity.com\/wp-content\/uploads\/19.png\" alt=\"f\u00e1brica de madeira\" class=\"uag-image-10947\" width=\"400\" height=\"300\" title=\"f\u00e1brica de madeira\" loading=\"lazy\" role=\"img\"\/><\/figure><\/div>\n\n\n\n<div class=\"wp-block-uagb-image uagb-block-3382ec21 wp-block-uagb-image--layout-default wp-block-uagb-image--effect-static wp-block-uagb-image--align-none\"><figure class=\"wp-block-uagb-image__figure\"><img decoding=\"async\" srcset=\"https:\/\/www.wonfulity.com\/wp-content\/uploads\/\u672a\u547d\u540d\u7684\u8bbe\u8ba1-21.png ,https:\/\/www.wonfulity.com\/wp-content\/uploads\/\u672a\u547d\u540d\u7684\u8bbe\u8ba1-21.png 780w, https:\/\/www.wonfulity.com\/wp-content\/uploads\/\u672a\u547d\u540d\u7684\u8bbe\u8ba1-21.png 360w\" sizes=\"auto, (max-width: 480px) 150px\" src=\"https:\/\/www.wonfulity.com\/wp-content\/uploads\/\u672a\u547d\u540d\u7684\u8bbe\u8ba1-21.png\" alt=\"f\u00e1brica de madeira\" class=\"uag-image-11118\" width=\"400\" height=\"300\" title=\"f\u00e1brica de madeira\" loading=\"lazy\" role=\"img\"\/><\/figure><\/div>\n<\/div>\n<\/div><\/div>\n\n\n\n<p><\/p>","protected":false},"excerpt":{"rendered":"<p>O nosso banco escadote em bambu \u00e9 uma solu\u00e7\u00e3o vers\u00e1til e ecol\u00f3gica concebida para melhorar a acessibilidade em casa e no trabalho. Fabricado a partir de bambu de alta qualidade e de origem sustent\u00e1vel, este banco de degraus n\u00e3o s\u00f3 fornece uma plataforma robusta para alcan\u00e7ar prateleiras ou arm\u00e1rios altos, como tamb\u00e9m acrescenta um toque de eleg\u00e2ncia natural a qualquer espa\u00e7o. Ideal para adultos e crian\u00e7as, o seu design leve permite uma f\u00e1cil mobilidade, tornando-o um complemento pr\u00e1tico para cozinhas, casas de banho e oficinas. Com uma superf\u00edcie antiderrapante e cantos arredondados, o nosso banco escadote d\u00e1 prioridade \u00e0 seguran\u00e7a sem comprometer o estilo. O material de bambu n\u00e3o \u00e9 apenas dur\u00e1vel, mas tamb\u00e9m resistente \u00e0 humidade, garantindo que se mant\u00e9m em excelentes condi\u00e7\u00f5es mesmo em ambientes h\u00famidos. O seu tamanho compacto facilita a arruma\u00e7\u00e3o quando n\u00e3o est\u00e1 a ser utilizado, e o acabamento natural complementa uma variedade de designs de interiores, desde o moderno ao r\u00fastico. Concebido com a funcionalidade em mente, este banco de apoio suporta at\u00e9 [70 kg], tornando-o adequado para v\u00e1rias tarefas em casa ou no local de trabalho. Quer esteja a procurar um livro numa prateleira alta, a mudar l\u00e2mpadas ou a realizar projectos de bricolage, o nosso banco de degraus em bambu \u00e9 o melhor companheiro para comodidade e apoio. Escolha um produto que combine seguran\u00e7a, sustentabilidade e estilo - eleve as suas tarefas quotidianas com o nosso banco escadote de bambu! \u00a0<\/p>\n<p>Procura produtos correspondentes? Ver os nossos<strong> <a href=\"https:\/\/www.wonfulity.com\/pt\/produto\/\">produtos de mobili\u00e1rio para crian\u00e7as<\/a><\/strong><br \/>Precisa de mais op\u00e7\u00f5es ou de um or\u00e7amento r\u00e1pido? Confira nossa Loja Internacional para as \u00faltimas cole\u00e7\u00f5es\uff1a<\/p>\n<ul>\n<li><strong><a href=\"https:\/\/zhizhenmei.en.alibaba.com\/?spm=a2700.29482153.0.0.71d571d2UuhFW4\" target=\"_blank\" rel=\"noopener sponsored\">Loja Internacional 1<\/a><\/strong><\/li>\n<li><strong><a href=\"https:\/\/caoxianaoyi.en.alibaba.com\/?spm=a2700.29482153.0.0.427c71d26Wtq4L\" target=\"_blank\" rel=\"noopener sponsored\">Loja Internacional 2<\/a><\/strong><\/li>\n<\/ul>","protected":false},"featured_media":11892,"template":"","meta":{"_uag_custom_page_level_css":"","site-sidebar-layout":"default","site-content-layout":"","ast-site-content-layout":"default","site-content-style":"default","site-sidebar-style":"default","ast-global-header-display":"","ast-banner-title-visibility":"","ast-main-header-display":"","ast-hfb-above-header-display":"","ast-hfb-below-header-display":"","ast-hfb-mobile-header-display":"","site-post-title":"","ast-breadcrumbs-content":"","ast-featured-img":"","footer-sml-layout":"","ast-disable-related-posts":"","theme-transparent-header-meta":"","adv-header-id-meta":"","stick-header-meta":"","header-above-stick-meta":"","header-main-stick-meta":"","header-below-stick-meta":"","astra-migrate-meta-layouts":"default","ast-page-background-enabled":"default","ast-page-background-meta":{"desktop":{"background-color":"var(--ast-global-color-4)","background-image":"","background-repeat":"repeat","background-position":"center center","background-size":"auto","background-attachment":"scroll","background-type":"","background-media":"","overlay-type":"","overlay-color":"","overlay-opacity":"","overlay-gradient":""},"tablet":{"background-color":"","background-image":"","background-repeat":"repeat","background-position":"center center","background-size":"auto","background-attachment":"scroll","background-type":"","background-media":"","overlay-type":"","overlay-color":"","overlay-opacity":"","overlay-gradient":""},"mobile":{"background-color":"","background-image":"","background-repeat":"repeat","background-position":"center center","background-size":"auto","background-attachment":"scroll","background-type":"","background-media":"","overlay-type":"","overlay-color":"","overlay-opacity":"","overlay-gradient":""}},"ast-content-background-meta":{"desktop":{"background-color":"var(--ast-global-color-5)","background-image":"","background-repeat":"repeat","background-position":"center center","background-size":"auto","background-attachment":"scroll","background-type":"","background-media":"","overlay-type":"","overlay-color":"","overlay-opacity":"","overlay-gradient":""},"tablet":{"background-color":"var(--ast-global-color-5)","background-image":"","background-repeat":"repeat","background-position":"center center","background-size":"auto","background-attachment":"scroll","background-type":"","background-media":"","overlay-type":"","overlay-color":"","overlay-opacity":"","overlay-gradient":""},"mobile":{"background-color":"var(--ast-global-color-5)","background-image":"","background-repeat":"repeat","background-position":"center center","background-size":"auto","background-attachment":"scroll","background-type":"","background-media":"","overlay-type":"","overlay-color":"","overlay-opacity":"","overlay-gradient":""}}},"product_brand":[],"product_cat":[384,398],"product_tag":[],"class_list":{"0":"post-6992","1":"product","2":"type-product","3":"status-publish","4":"has-post-thumbnail","6":"product_cat-custom-step-stools","7":"product_cat-wood-step-stool","8":"desktop-align-left","9":"tablet-align-left","10":"mobile-align-left","11":"ast-product-gallery-layout-horizontal-slider","12":"ast-product-tabs-layout-horizontal","14":"first","15":"instock","16":"shipping-taxable","17":"product-type-simple"},"uagb_featured_image_src":{"full":["https:\/\/www.wonfulity.com\/wp-content\/uploads\/1-22.png",600,700,false],"thumbnail":["https:\/\/www.wonfulity.com\/wp-content\/uploads\/1-22-150x150.png",150,150,true],"medium":["https:\/\/www.wonfulity.com\/wp-content\/uploads\/1-22-257x300.png",257,300,true],"medium_large":["https:\/\/www.wonfulity.com\/wp-content\/uploads\/1-22.png",600,700,false],"large":["https:\/\/www.wonfulity.com\/wp-content\/uploads\/1-22.png",600,700,false],"1536x1536":["https:\/\/www.wonfulity.com\/wp-content\/uploads\/1-22.png",600,700,false],"2048x2048":["https:\/\/www.wonfulity.com\/wp-content\/uploads\/1-22.png",600,700,false],"trp-custom-language-flag":["https:\/\/www.wonfulity.com\/wp-content\/uploads\/1-22-10x12.png",10,12,true],"woocommerce_thumbnail":["https:\/\/www.wonfulity.com\/wp-content\/uploads\/1-22-450x570.png",450,570,true],"woocommerce_single":["https:\/\/www.wonfulity.com\/wp-content\/uploads\/1-22.png",600,700,false],"woocommerce_gallery_thumbnail":["https:\/\/www.wonfulity.com\/wp-content\/uploads\/1-22-100x100.png",100,100,true]},"uagb_author_info":{"display_name":"caijinyue","author_link":"https:\/\/www.wonfulity.com\/pt\/blogs\/author\/"},"uagb_comment_info":0,"uagb_excerpt":"Our Bamboo Step Stool is a versatile and eco-friendly solution designed to enhance accessibility in both home and professional settings. Crafted from high-quality, sustainably sourced bamboo, this step stool not only provides a sturdy platform for reaching high shelves or cabinets but also adds a touch of natural elegance to any space. Ideal for both&hellip;","_links":{"self":[{"href":"https:\/\/www.wonfulity.com\/pt\/wp-json\/wp\/v2\/product\/6992","targetHints":{"allow":["GET"]}}],"collection":[{"href":"https:\/\/www.wonfulity.com\/pt\/wp-json\/wp\/v2\/product"}],"about":[{"href":"https:\/\/www.wonfulity.com\/pt\/wp-json\/wp\/v2\/types\/product"}],"wp:featuredmedia":[{"embeddable":true,"href":"https:\/\/www.wonfulity.com\/pt\/wp-json\/wp\/v2\/media\/11892"}],"wp:attachment":[{"href":"https:\/\/www.wonfulity.com\/pt\/wp-json\/wp\/v2\/media?parent=6992"}],"wp:term":[{"taxonomy":"product_brand","embeddable":true,"href":"https:\/\/www.wonfulity.com\/pt\/wp-json\/wp\/v2\/product_brand?post=6992"},{"taxonomy":"product_cat","embeddable":true,"href":"https:\/\/www.wonfulity.com\/pt\/wp-json\/wp\/v2\/product_cat?post=6992"},{"taxonomy":"product_tag","embeddable":true,"href":"https:\/\/www.wonfulity.com\/pt\/wp-json\/wp\/v2\/product_tag?post=6992"}],"curies":[{"name":"wp","href":"https:\/\/api.w.org\/{rel}","templated":true}]}}