{"id":7011,"date":"2024-04-18T11:34:54","date_gmt":"2024-04-18T03:34:54","guid":{"rendered":"https:\/\/wonfulity.com\/?post_type=product&#038;p=7011"},"modified":"2024-12-04T10:46:47","modified_gmt":"2024-12-04T02:46:47","slug":"wooden-climbing-frame-for-kids","status":"publish","type":"product","link":"https:\/\/www.wonfulity.com\/pt\/produto\/parque-infantil\/","title":{"rendered":"Estrutura de escalada de madeira premium para crian\u00e7as - playground interno dur\u00e1vel para crian\u00e7as ativas\uff082-12\uff09"},"content":{"rendered":"<div class=\"wp-block-uagb-container uagb-block-d15b9ca3 alignfull uagb-is-root-container\"><div class=\"uagb-container-inner-blocks-wrap\">\n<div class=\"wp-block-uagb-container uagb-block-f7df6427\">\n<div class=\"wp-block-uagb-container uagb-block-9455ef5b\">\n<div class=\"wp-block-uagb-info-box uagb-block-d4df3463 uagb-infobox__content-wrap  uagb-infobox-icon-above-title uagb-infobox-image-valign-top\"><div class=\"uagb-ifb-content\"><div class=\"uagb-ifb-title-wrap\"><h4 class=\"uagb-ifb-title\">Constru\u00e7\u00e3o duradoura<\/h4><\/div><p class=\"uagb-ifb-desc\">Fabricada em madeira de alta qualidade e resistente \u00e0s intemp\u00e9ries, a nossa estrutura trepante em madeira foi concebida para suportar at\u00e9 os momentos de brincadeira mais activos. A constru\u00e7\u00e3o s\u00f3lida garante uma durabilidade duradoura, proporcionando horas de divers\u00e3o e aventura. Cada pe\u00e7a \u00e9 meticulosamente concebida para garantir estabilidade e seguran\u00e7a, tornando-a uma escolha fi\u00e1vel para os pais. Com instru\u00e7\u00f5es de instala\u00e7\u00e3o f\u00e1ceis de seguir e todo o hardware necess\u00e1rio inclu\u00eddo, a montagem deste parque infantil interior \u00e9 r\u00e1pida e sem complica\u00e7\u00f5es. Prepare o seu parque infantil num instante para uma brincadeira sem fim!<\/p><\/div><\/div>\n<\/div>\n\n\n\n<div class=\"wp-block-uagb-container uagb-block-7da49d73\">\n<div class=\"wp-block-uagb-info-box uagb-block-845cd917 uagb-infobox__content-wrap  uagb-infobox-icon-above-title uagb-infobox-image-valign-top\"><div class=\"uagb-ifb-content\"><div class=\"uagb-ifb-title-wrap\"><h4 class=\"uagb-ifb-title\">Design vers\u00e1til<\/h4><\/div><p class=\"uagb-ifb-desc\">Concebido a pensar na seguran\u00e7a e na divers\u00e3o, o nosso trepa-trepa de madeira apresenta arestas suaves, cantos arredondados e acabamentos n\u00e3o t\u00f3xicos para proteger os mais pequenos enquanto brincam. O parque infantil est\u00e1 equipado com uma variedade de carater\u00edsticas interessantes, como paredes de escalada, escorregas, baloi\u00e7os e casas de brincar, oferecendo uma gama completa de actividades que incentivam as crian\u00e7as a desenvolver as suas capacidades f\u00edsicas e criatividade. Ideal para ser utilizado tanto no interior como no exterior, este vers\u00e1til parque infantil destina-se a crian\u00e7as de todas as idades, promovendo o jogo ativo e a explora\u00e7\u00e3o.<\/p><\/div><\/div>\n<\/div>\n\n\n\n<div class=\"wp-block-uagb-container uagb-block-a256468b\">\n<div class=\"wp-block-uagb-info-box uagb-block-28834539 uagb-infobox__content-wrap  uagb-infobox-icon-above-title uagb-infobox-image-valign-top\"><div class=\"uagb-ifb-content\"><div class=\"uagb-ifb-title-wrap\"><h4 class=\"uagb-ifb-title\">Op\u00e7\u00f5es personaliz\u00e1veis<\/h4><\/div><p class=\"uagb-ifb-desc\">A nossa estrutura de trepar em madeira para crian\u00e7as est\u00e1 dispon\u00edvel em v\u00e1rios tamanhos, op\u00e7\u00f5es de cores e configura\u00e7\u00f5es, o que facilita a procura da solu\u00e7\u00e3o perfeita para o seu espa\u00e7o. Quer esteja a equipar uma sala de jogos espa\u00e7osa, uma \u00e1rea de lazer interior acolhedora ou mesmo um quintal exterior, este parque infantil personaliz\u00e1vel garante um ajuste perfeito. Escolha o design ideal para satisfazer as necessidades do seu filho e a decora\u00e7\u00e3o da sua casa. Ideal para casas, creches, escolas ou espa\u00e7os comerciais, este parque infantil interior pode ser adaptado a diferentes ambientes e prefer\u00eancias.<\/p><\/div><\/div>\n<\/div>\n<\/div>\n\n\n\n<div class=\"wp-block-uagb-container uagb-block-07bfc131\">\n<div class=\"wp-block-uagb-image aligncenter uagb-block-b335808d wp-block-uagb-image--layout-default wp-block-uagb-image--effect-static wp-block-uagb-image--align-center alignleft\"><figure class=\"wp-block-uagb-image__figure\"><img decoding=\"async\" src=\"https:\/\/www.wonfulity.com\/wp-content\/uploads\/\u5fae\u4fe1\u56fe\u7247_20240914161019.jpg\" alt=\"parque infantil\" class=\"uag-image-11069\" width=\"600\" height=\"700\" title=\"parque infantil\" loading=\"lazy\" role=\"img\" \/><\/figure><\/div>\n<\/div>\n<\/div><\/div>\n\n\n\n<div class=\"wp-block-uagb-container uagb-block-942c266d alignfull uagb-is-root-container\"><div class=\"uagb-container-inner-blocks-wrap\">\n<div class=\"wp-block-uagb-container uagb-block-cdfbwk39\">\n<div class=\"wp-block-uagb-container uagb-block-taa9jvn9\"><\/div>\n\n\n\n<div class=\"wp-block-uagb-container uagb-block-e6uqhnjy\">\n<div class=\"wp-block-uagb-info-box uagb-block-sm9wy83a uagb-infobox__content-wrap  uagb-infobox-icon-above-title uagb-infobox-image-valign-top\"><div class=\"uagb-ifb-content\"><div class=\"uagb-ifb-title-wrap\"><h4 class=\"uagb-ifb-title\">Item<\/h4><\/div><\/div><\/div>\n<\/div>\n\n\n\n<div class=\"wp-block-uagb-container uagb-block-xdtgxgj6\">\n<div class=\"wp-block-uagb-info-box uagb-block-c04bcb41 uagb-infobox__content-wrap  uagb-infobox-icon-above-title uagb-infobox-image-valign-top\"><div class=\"uagb-ifb-content\"><div class=\"uagb-ifb-title-wrap\"><h4 class=\"uagb-ifb-title\">Desc<\/h4><\/div><\/div><\/div>\n<\/div>\n<\/div>\n\n\n\n<div class=\"wp-block-uagb-container uagb-block-720573f4\">\n<div class=\"wp-block-uagb-container uagb-block-d006e6eb\">\n<div class=\"wp-block-uagb-info-box uagb-block-a92ede72 uagb-infobox__content-wrap  uagb-infobox-icon-above-title uagb-infobox-image-valign-top\"><div class=\"uagb-ifb-content\"><div class=\"uagb-ifb-title-wrap\"><p class=\"uagb-ifb-title-prefix\">01<\/p><\/div><\/div><\/div>\n<\/div>\n\n\n\n<div class=\"wp-block-uagb-container uagb-block-32771033\">\n<div class=\"wp-block-uagb-info-box uagb-block-aaee5390 uagb-infobox__content-wrap  uagb-infobox-icon-above-title uagb-infobox-image-valign-top\"><div class=\"uagb-ifb-content\"><div class=\"uagb-ifb-title-wrap\"><h4 class=\"uagb-ifb-title\"><strong>Escolas e jardins-de-inf\u00e2ncia<\/strong><\/h4><\/div><\/div><\/div>\n<\/div>\n\n\n\n<div class=\"wp-block-uagb-container uagb-block-d985a046\">\n<div class=\"wp-block-uagb-info-box uagb-block-2b0922dc uagb-infobox__content-wrap  uagb-infobox-icon-above-title uagb-infobox-image-valign-top\"><div class=\"uagb-ifb-content\"><div class=\"uagb-ifb-title-wrap\"><p class=\"uagb-ifb-title\">Esta estrutura de trepar \u00e9 perfeita para ambientes educativos, promovendo o jogo ativo que apoia o desenvolvimento f\u00edsico e social. Incentiva as crian\u00e7as a interagirem com os seus pares num ambiente divertido e seguro.<\/p><\/div><\/div><\/div>\n<\/div>\n<\/div>\n\n\n\n<div class=\"wp-block-uagb-container uagb-block-95a6e317\">\n<div class=\"wp-block-uagb-container uagb-block-2e70f36a\">\n<div class=\"wp-block-uagb-info-box uagb-block-8efb1163 uagb-infobox__content-wrap  uagb-infobox-icon-above-title uagb-infobox-image-valign-top\"><div class=\"uagb-ifb-content\"><div class=\"uagb-ifb-title-wrap\"><p class=\"uagb-ifb-title-prefix\">02<\/p><\/div><\/div><\/div>\n<\/div>\n\n\n\n<div class=\"wp-block-uagb-container uagb-block-c25bc4e9\">\n<div class=\"wp-block-uagb-info-box uagb-block-8e5653f6 uagb-infobox__content-wrap  uagb-infobox-icon-above-title uagb-infobox-image-valign-top\"><div class=\"uagb-ifb-content\"><div class=\"uagb-ifb-title-wrap\"><h4 class=\"uagb-ifb-title\"><strong>Parques e \u00e1reas de lazer<\/strong><\/h4><\/div><\/div><\/div>\n<\/div>\n\n\n\n<div class=\"wp-block-uagb-container uagb-block-e4b73fff\">\n<div class=\"wp-block-uagb-info-box uagb-block-257d2f01 uagb-infobox__content-wrap  uagb-infobox-icon-above-title uagb-infobox-image-valign-top\"><div class=\"uagb-ifb-content\"><div class=\"uagb-ifb-title-wrap\"><p class=\"uagb-ifb-title\">Concebida para espa\u00e7os p\u00fablicos, a nossa Estrutura de Escalada aumenta o envolvimento da comunidade, proporcionando uma \u00e1rea segura e agrad\u00e1vel para as crian\u00e7as brincarem. Funciona como um ponto focal para as fam\u00edlias se reunirem e interagirem.<\/p><\/div><\/div><\/div>\n<\/div>\n<\/div>\n\n\n\n<div class=\"wp-block-uagb-container uagb-block-00d46b71\">\n<div class=\"wp-block-uagb-container uagb-block-63be2ee0\">\n<div class=\"wp-block-uagb-info-box uagb-block-86f40bc4 uagb-infobox__content-wrap  uagb-infobox-icon-above-title uagb-infobox-image-valign-top\"><div class=\"uagb-ifb-content\"><div class=\"uagb-ifb-title-wrap\"><p class=\"uagb-ifb-title-prefix\">03<\/p><\/div><\/div><\/div>\n<\/div>\n\n\n\n<div class=\"wp-block-uagb-container uagb-block-f9a9ed48\">\n<div class=\"wp-block-uagb-info-box uagb-block-a01a3038 uagb-infobox__content-wrap  uagb-infobox-icon-above-title uagb-infobox-image-valign-top\"><div class=\"uagb-ifb-content\"><div class=\"uagb-ifb-title-wrap\"><h4 class=\"uagb-ifb-title\"><strong>Quintais <\/strong><\/h4><\/div><\/div><\/div>\n<\/div>\n\n\n\n<div class=\"wp-block-uagb-container uagb-block-ea615933\">\n<div class=\"wp-block-uagb-info-box uagb-block-6f5b8a81 uagb-infobox__content-wrap  uagb-infobox-icon-above-title uagb-infobox-image-valign-top\"><div class=\"uagb-ifb-content\"><div class=\"uagb-ifb-title-wrap\"><p class=\"uagb-ifb-title\">Transforme qualquer quintal num espa\u00e7o de jogo vibrante. A nossa estrutura de trepar oferece \u00e0s fam\u00edlias uma oportunidade de incentivar a atividade ao ar livre e as brincadeiras imaginativas mesmo em casa.<\/p><\/div><\/div><\/div>\n<\/div>\n<\/div>\n<\/div><\/div>\n\n\n\n<div class=\"wp-block-uagb-container uagb-block-10733882 alignfull uagb-is-root-container\"><div class=\"uagb-container-inner-blocks-wrap\">\n<div class=\"wp-block-uagb-container uagb-block-a3ecce27\">\n<div class=\"wp-block-uagb-image uagb-block-a9f8ab9c wp-block-uagb-image--layout-default wp-block-uagb-image--effect-static wp-block-uagb-image--align-none\"><figure class=\"wp-block-uagb-image__figure\"><img decoding=\"async\" src=\"https:\/\/www.wonfulity.com\/wp-content\/uploads\/\u5fae\u4fe1\u56fe\u7247_20240914161030-1024x827.jpg\" alt=\"parque infantil\" class=\"uag-image-11066\" width=\"400\" height=\"300\" title=\"parque infantil\" loading=\"lazy\" role=\"img\" \/><\/figure><\/div>\n\n\n\n<div class=\"wp-block-uagb-image uagb-block-e21af5fb wp-block-uagb-image--layout-default wp-block-uagb-image--effect-static wp-block-uagb-image--align-none\"><figure class=\"wp-block-uagb-image__figure\"><img decoding=\"async\" src=\"https:\/\/www.wonfulity.com\/wp-content\/uploads\/7.webp\" alt=\"Os melhores brinquedos de escalada Montessori\" class=\"uag-image-11070\" width=\"400\" height=\"300\" title=\"Os melhores brinquedos de escalada Montessori\" loading=\"lazy\" role=\"img\" \/><\/figure><\/div>\n<\/div>\n\n\n\n<div class=\"wp-block-uagb-container uagb-block-1c90d097\">\n<div class=\"wp-block-uagb-image uagb-block-e676099f wp-block-uagb-image--layout-default wp-block-uagb-image--effect-static wp-block-uagb-image--align-none\"><figure class=\"wp-block-uagb-image__figure\"><img decoding=\"async\" src=\"https:\/\/www.wonfulity.com\/wp-content\/uploads\/\u5fae\u4fe1\u56fe\u7247_20240914161019.jpg\" alt=\"parque infantil\" class=\"uag-image-11069\" width=\"400\" height=\"300\" title=\"parque infantil\" loading=\"lazy\" role=\"img\" \/><\/figure><\/div>\n\n\n\n<div class=\"wp-block-uagb-image uagb-block-8f557fa6 wp-block-uagb-image--layout-default wp-block-uagb-image--effect-static wp-block-uagb-image--align-none\"><figure class=\"wp-block-uagb-image__figure\"><img decoding=\"async\" src=\"https:\/\/www.wonfulity.com\/wp-content\/uploads\/8.webp\" alt=\"Os melhores brinquedos de escalada Montessori\" class=\"uag-image-11071\" width=\"400\" height=\"300\" title=\"Os melhores brinquedos de escalada Montessori\" loading=\"lazy\" role=\"img\" \/><\/figure><\/div>\n<\/div>\n\n\n\n<div class=\"wp-block-uagb-container uagb-block-5ed9251a\">\n<div class=\"wp-block-uagb-image uagb-block-ab006938 wp-block-uagb-image--layout-default wp-block-uagb-image--effect-static wp-block-uagb-image--align-none\"><figure class=\"wp-block-uagb-image__figure\"><img decoding=\"async\" src=\"https:\/\/www.wonfulity.com\/wp-content\/uploads\/9.webp\" alt=\"Os melhores brinquedos de escalada Montessori\" class=\"uag-image-11072\" width=\"400\" height=\"300\" title=\"Os melhores brinquedos de escalada Montessori\" loading=\"lazy\" role=\"img\" \/><\/figure><\/div>\n\n\n\n<div class=\"wp-block-uagb-image uagb-block-3382ec21 wp-block-uagb-image--layout-default wp-block-uagb-image--effect-static wp-block-uagb-image--align-none\"><figure class=\"wp-block-uagb-image__figure\"><img decoding=\"async\" src=\"https:\/\/www.wonfulity.com\/wp-content\/uploads\/11.webp\" alt=\"Os melhores brinquedos de escalada Montessori\" class=\"uag-image-11074\" width=\"400\" height=\"300\" title=\"Os melhores brinquedos de escalada Montessori\" loading=\"lazy\" role=\"img\" \/><\/figure><\/div>\n<\/div>\n<\/div><\/div>\n\n\n\n<p><\/p>","protected":false},"excerpt":{"rendered":"<div class=\"flex max-w-full flex-col flex-grow\">\n<div class=\"min-h-8 text-message flex w-full flex-col items-end gap-2 whitespace-normal break-words [.text-message+&amp;]:mt-5\" dir=\"auto\" data-message-author-role=\"assistant\" data-message-id=\"3aeaa004-2c20-4c2e-ad53-3bd0329387d7\" data-message-model-slug=\"gpt-4o\">\n<div class=\"flex w-full flex-col gap-1 empty:hidden first:pt-[3px]\">\n<div class=\"markdown prose w-full break-words dark:prose-invert light\">\n<p>A nossa estrutura trepante em madeira \u00e9 fabricada em madeira de alta qualidade e de origem sustent\u00e1vel, concebida para resistir a anos de brincadeiras activas. Com a sua constru\u00e7\u00e3o robusta e materiais resistentes \u00e0s intemp\u00e9ries, esta estrutura trepante foi concebida para suportar v\u00e1rias condi\u00e7\u00f5es ambientais, tornando-a perfeita para utiliza\u00e7\u00e3o no interior e no exterior. A seguran\u00e7a \u00e9 uma prioridade m\u00e1xima, com arestas suaves, cantos arredondados e acabamentos n\u00e3o t\u00f3xicos que proporcionam paz de esp\u00edrito aos pais e encarregados de educa\u00e7\u00e3o. Ideal para escolas, creches, parques ou ambientes comerciais, garante uma experi\u00eancia segura e agrad\u00e1vel para crian\u00e7as dos 2 aos 12 anos.<\/p>\n<p>Este parque infantil est\u00e1 equipado com uma variedade de elementos, como paredes de escalada, escorregas, baloi\u00e7os e casas de brincar interactivas, oferecendo \u00e0s crian\u00e7as v\u00e1rias formas de praticar atividade f\u00edsica. A gama diversificada de elementos de jogo ajuda a promover o desenvolvimento f\u00edsico, ao mesmo tempo que incentiva as crian\u00e7as a interagir umas com as outras, desenvolvendo o trabalho em equipa e as capacidades de comunica\u00e7\u00e3o. \u00c9 a escolha perfeita para compradores grossistas que procuram satisfazer uma variedade de estilos de jogo, tornando-o ideal para institui\u00e7\u00f5es de ensino, creches e instala\u00e7\u00f5es recreativas.<\/p>\n<p>A nossa estrutura trepante em madeira oferece op\u00e7\u00f5es personaliz\u00e1veis de tamanho, cor e configura\u00e7\u00e3o para se adequar a qualquer espa\u00e7o ou ambiente, quer se trate de uma pequena \u00e1rea de lazer ou de um grande parque exterior. A Estrutura Trepante \u00e9 fornecida com instru\u00e7\u00f5es de instala\u00e7\u00e3o completas e todo o hardware necess\u00e1rio, garantindo uma configura\u00e7\u00e3o sem problemas para uma r\u00e1pida instala\u00e7\u00e3o em locais de venda a retalho ou espa\u00e7os comerciais. Concebida com a versatilidade em mente, pode ser facilmente integrada em diferentes ambientes, tornando-se uma adi\u00e7\u00e3o atractiva \u00e0 sua gama de produtos.<\/p>\n<p>Procura produtos correspondentes? Ver os nossos<strong> <a href=\"https:\/\/www.wonfulity.com\/pt\/produto\/\">produtos de mobili\u00e1rio para crian\u00e7as<\/a><\/strong><br \/>Precisa de mais op\u00e7\u00f5es ou de um or\u00e7amento r\u00e1pido? Confira nossa Loja Internacional para as \u00faltimas cole\u00e7\u00f5es\uff1a<\/p>\n<ul>\n<li><strong><a href=\"https:\/\/zhizhenmei.en.alibaba.com\/?spm=a2700.29482153.0.0.71d571d2UuhFW4\" target=\"_blank\" rel=\"noopener sponsored\">Loja Internacional 1<\/a><\/strong><\/li>\n<li><strong><a href=\"https:\/\/caoxianaoyi.en.alibaba.com\/?spm=a2700.29482153.0.0.427c71d26Wtq4L\" target=\"_blank\" rel=\"noopener sponsored\">Loja Internacional 2<\/a><\/strong><\/li>\n<\/ul>\n<\/div>\n<\/div>\n<\/div>\n<\/div>\n<p>&nbsp;<\/p>","protected":false},"featured_media":11927,"template":"","meta":{"_uag_custom_page_level_css":"","site-sidebar-layout":"default","site-content-layout":"","ast-site-content-layout":"","site-content-style":"default","site-sidebar-style":"default","ast-global-header-display":"","ast-banner-title-visibility":"","ast-main-header-display":"","ast-hfb-above-header-display":"","ast-hfb-below-header-display":"","ast-hfb-mobile-header-display":"","site-post-title":"","ast-breadcrumbs-content":"","ast-featured-img":"","footer-sml-layout":"","theme-transparent-header-meta":"","adv-header-id-meta":"","stick-header-meta":"","header-above-stick-meta":"","header-main-stick-meta":"","header-below-stick-meta":"","astra-migrate-meta-layouts":"default","ast-page-background-enabled":"default","ast-page-background-meta":{"desktop":{"background-color":"var(--ast-global-color-4)","background-image":"","background-repeat":"repeat","background-position":"center center","background-size":"auto","background-attachment":"scroll","background-type":"","background-media":"","overlay-type":"","overlay-color":"","overlay-opacity":"","overlay-gradient":""},"tablet":{"background-color":"","background-image":"","background-repeat":"repeat","background-position":"center center","background-size":"auto","background-attachment":"scroll","background-type":"","background-media":"","overlay-type":"","overlay-color":"","overlay-opacity":"","overlay-gradient":""},"mobile":{"background-color":"","background-image":"","background-repeat":"repeat","background-position":"center center","background-size":"auto","background-attachment":"scroll","background-type":"","background-media":"","overlay-type":"","overlay-color":"","overlay-opacity":"","overlay-gradient":""}},"ast-content-background-meta":{"desktop":{"background-color":"var(--ast-global-color-5)","background-image":"","background-repeat":"repeat","background-position":"center center","background-size":"auto","background-attachment":"scroll","background-type":"","background-media":"","overlay-type":"","overlay-color":"","overlay-opacity":"","overlay-gradient":""},"tablet":{"background-color":"var(--ast-global-color-5)","background-image":"","background-repeat":"repeat","background-position":"center center","background-size":"auto","background-attachment":"scroll","background-type":"","background-media":"","overlay-type":"","overlay-color":"","overlay-opacity":"","overlay-gradient":""},"mobile":{"background-color":"var(--ast-global-color-5)","background-image":"","background-repeat":"repeat","background-position":"center center","background-size":"auto","background-attachment":"scroll","background-type":"","background-media":"","overlay-type":"","overlay-color":"","overlay-opacity":"","overlay-gradient":""}}},"product_brand":[],"product_cat":[15,386,388,228,229,230],"product_tag":[],"class_list":{"0":"post-7011","1":"product","2":"type-product","3":"status-publish","4":"has-post-thumbnail","6":"product_cat-all","7":"product_cat-custom-climbing-frames","8":"product_cat-custom-educational-montessori-toys","9":"product_cat-custom-puzzle-games","10":"product_cat-indoor-games-for-family","11":"product_cat-outdoor-games-for-family","12":"desktop-align-left","13":"tablet-align-left","14":"mobile-align-left","15":"ast-product-gallery-layout-horizontal-slider","16":"ast-product-tabs-layout-horizontal","18":"first","19":"instock","20":"shipping-taxable","21":"product-type-simple"},"uagb_featured_image_src":{"full":["https:\/\/www.wonfulity.com\/wp-content\/uploads\/\u672a\u547d\u540d-\u526f\u672c-2.png",600,700,false],"thumbnail":["https:\/\/www.wonfulity.com\/wp-content\/uploads\/\u672a\u547d\u540d-\u526f\u672c-2-150x150.png",150,150,true],"medium":["https:\/\/www.wonfulity.com\/wp-content\/uploads\/\u672a\u547d\u540d-\u526f\u672c-2-257x300.png",257,300,true],"medium_large":["https:\/\/www.wonfulity.com\/wp-content\/uploads\/\u672a\u547d\u540d-\u526f\u672c-2.png",600,700,false],"large":["https:\/\/www.wonfulity.com\/wp-content\/uploads\/\u672a\u547d\u540d-\u526f\u672c-2.png",600,700,false],"1536x1536":["https:\/\/www.wonfulity.com\/wp-content\/uploads\/\u672a\u547d\u540d-\u526f\u672c-2.png",600,700,false],"2048x2048":["https:\/\/www.wonfulity.com\/wp-content\/uploads\/\u672a\u547d\u540d-\u526f\u672c-2.png",600,700,false],"trp-custom-language-flag":["https:\/\/www.wonfulity.com\/wp-content\/uploads\/\u672a\u547d\u540d-\u526f\u672c-2-10x12.png",10,12,true],"woocommerce_thumbnail":["https:\/\/www.wonfulity.com\/wp-content\/uploads\/\u672a\u547d\u540d-\u526f\u672c-2-450x570.png",450,570,true],"woocommerce_single":["https:\/\/www.wonfulity.com\/wp-content\/uploads\/\u672a\u547d\u540d-\u526f\u672c-2.png",600,700,false],"woocommerce_gallery_thumbnail":["https:\/\/www.wonfulity.com\/wp-content\/uploads\/\u672a\u547d\u540d-\u526f\u672c-2-100x100.png",100,100,true]},"uagb_author_info":{"display_name":"Bob","author_link":"https:\/\/www.wonfulity.com\/pt\/blogs\/author\/"},"uagb_comment_info":0,"uagb_excerpt":"Our Wooden Climbing Frame is crafted from high-quality, sustainably sourced wood, designed to withstand years of active play. With its sturdy construction and weather-resistant materials, this Climbing Frame is built to endure various environmental conditions, making it perfect for both indoor and outdoor use. Safety is a top priority, with smooth edges, rounded corners, and&hellip;","_links":{"self":[{"href":"https:\/\/www.wonfulity.com\/pt\/wp-json\/wp\/v2\/product\/7011","targetHints":{"allow":["GET"]}}],"collection":[{"href":"https:\/\/www.wonfulity.com\/pt\/wp-json\/wp\/v2\/product"}],"about":[{"href":"https:\/\/www.wonfulity.com\/pt\/wp-json\/wp\/v2\/types\/product"}],"wp:featuredmedia":[{"embeddable":true,"href":"https:\/\/www.wonfulity.com\/pt\/wp-json\/wp\/v2\/media\/11927"}],"wp:attachment":[{"href":"https:\/\/www.wonfulity.com\/pt\/wp-json\/wp\/v2\/media?parent=7011"}],"wp:term":[{"taxonomy":"product_brand","embeddable":true,"href":"https:\/\/www.wonfulity.com\/pt\/wp-json\/wp\/v2\/product_brand?post=7011"},{"taxonomy":"product_cat","embeddable":true,"href":"https:\/\/www.wonfulity.com\/pt\/wp-json\/wp\/v2\/product_cat?post=7011"},{"taxonomy":"product_tag","embeddable":true,"href":"https:\/\/www.wonfulity.com\/pt\/wp-json\/wp\/v2\/product_tag?post=7011"}],"curies":[{"name":"wp","href":"https:\/\/api.w.org\/{rel}","templated":true}]}}